{"id":6723,"date":"2025-05-05T02:25:22","date_gmt":"2025-05-05T02:25:22","guid":{"rendered":"https:\/\/vapingnet.de\/?post_type=product&#038;p=6723"},"modified":"2025-06-19T03:45:07","modified_gmt":"2025-06-19T03:45:07","slug":"der-perfekte-sommergeschmack-waspe-15000-puffs-watermelon-ice-high-quality-fuer-wenig-geld","status":"publish","type":"product","link":"https:\/\/vapingnet.de\/sk\/vape\/der-perfekte-sommergeschmack-waspe-15000-puffs-watermelon-ice-high-quality-fuer-wenig-geld\/","title":{"rendered":"Perfektn\u00e1 letn\u00e1 chu\u0165 WASPE 15000 Pufov Watermelon Ice, vysok\u00e1 kvalita za n\u00edzku cenu"},"content":{"rendered":"<h2 data-start=\"0\" data-end=\"67\">WASPE 15000 Puffs: Nov\u00e1 gener\u00e1cia jednorazov\u00fdch e-cigariet<\/h2>\n<p class=\"\" data-start=\"69\" data-end=\"434\">WASPE 15000 Puffs je inovat\u00edvna jednorazov\u00e1 e-cigareta, ktor\u00e1 stanovuje nov\u00e9 \u0161tandardy v svete vapingu v\u010faka svojej p\u00f4sobivej v\u00fdkonnosti a mno\u017estvu funkci\u00ed. S kapacitou 15 000 potiahnut\u00ed a ve\u013ek\u00fdm z\u00e1sobn\u00edkom na tekutinu 22 ml pon\u00faka tento pr\u00edstroj vynikaj\u00faci z\u00e1\u017eitok ako sk\u00fasen\u00fdm vapera, tak za\u010diato\u010dn\u00edkom.<\/p>\n<h4 data-start=\"436\" data-end=\"492\">Vysokokvalitn\u00e9 vlastnosti pre optim\u00e1lny z\u00e1\u017eitok z vapingu<\/h4>\n<p class=\"\" data-start=\"494\" data-end=\"1033\">WASPE 15000 Puffs sa vyzna\u010duje radom technick\u00fdch inov\u00e1ci\u00ed, ktor\u00e9 zvy\u0161uj\u00fa komfort a pou\u017e\u00edvate\u013esk\u00fa pr\u00edvetivos\u0165. S 850 mAh dob\u00edjate\u013enou bat\u00e9riou, ktor\u00e1 sa nab\u00edja modern\u00fdm typ-C konektorom, m\u00f4\u017eu pou\u017e\u00edvatelia by\u0165 ist\u00ed, \u017ee maj\u00fa v\u017edy dostatok energie na dlh\u00e9 vapingov\u00e9 rel\u00e1cie. Mesh-\u017ehavi\u010dkov\u00e1 technol\u00f3gia s odporom 0,8\u03a9 zlep\u0161uje tvorbu pary aj intenzitu chuti, \u010d\u00edm zabezpe\u010duje pr\u00edjemn\u00fd a intenz\u00edvny vapingov\u00fd z\u00e1\u017eitok.<\/p>\n<p class=\"\" data-start=\"1035\" data-end=\"1350\">\u010eal\u0161\u00edm vynikaj\u00facim prvkom je LCD displej, ktor\u00fd v re\u00e1lnom \u010dase zobrazuje d\u00f4le\u017eit\u00e9 inform\u00e1cie o aktu\u00e1lnom stave e-cigarety. Pou\u017e\u00edvatelia tak maj\u00fa v\u017edy preh\u013ead o stave nabitia bat\u00e9rie a zost\u00e1vaj\u00facich potiahnutiach, \u010do cel\u00fd proces pou\u017e\u00edvania e\u0161te viac zjednodu\u0161uje.<\/p>\n<h4 data-start=\"1352\" data-end=\"1393\">Chu\u0165ov\u00fd z\u00e1\u017eitok a v\u0161estrannos\u0165<\/h4>\n<p class=\"\" data-start=\"1395\" data-end=\"1763\">WASPE 15000 Puffs pon\u00faka \u0161irok\u00fd v\u00fdber nikot\u00ednov\u00fdch s\u00edl \u2013 od 0,1% po 5%. T\u00fdm si vapera m\u00f4\u017eu vybra\u0165 ide\u00e1lnu \u00farove\u0148 nikot\u00ednu a prisp\u00f4sobi\u0165 si ju svojim individu\u00e1lnym potreb\u00e1m. Chu\u0165 \u201eWatermelon Ice\u201c poskytuje osvie\u017euj\u00faci a ovocn\u00fd z\u00e1\u017eitok, ktor\u00fd je pre mnoh\u00fdch vapera ve\u013emi pr\u00edjemn\u00fd.<\/p>\n<h4 data-start=\"1765\" data-end=\"1802\">V\u00fdhody a praktick\u00e9 pou\u017eitie<\/h4>\n<p class=\"\" data-start=\"1804\" data-end=\"2205\">Jednou z najv\u00e4\u010d\u0161\u00edch v\u00fdhod WASPE 15000 Puffs je jej praktickos\u0165. Jednorazov\u00e1 e-cigareta nevy\u017eaduje zlo\u017eit\u00fa manipul\u00e1ciu a v\u010faka ve\u013ek\u00e9mu objemu tekutiny 22 ml odpad\u00e1 neust\u00e1le dop\u013a\u0148anie. Kompaktn\u00fd dizajn s hmotnos\u0165ou len 90 g na kus rob\u00ed WASPE 15000 Puffs \u013eahk\u00fdm a pohodln\u00fdm spolo\u010dn\u00edkom na cest\u00e1ch.<\/p>\n<p class=\"\" data-start=\"2207\" data-end=\"2405\">Okrem toho pon\u00faka WASPE 15000 Puffs ve\u013ek\u00fa v\u00fdhodu bezcolnej dod\u00e1vky, \u010do ju rob\u00ed obzvl\u00e1\u0161\u0165 atrakt\u00edvnou pre kupuj\u00facich v krajin\u00e1ch s vysok\u00fdmi da\u0148ami na tabakov\u00e9 v\u00fdrobky a nikot\u00ednov\u00e9 produkty.<\/p>\n<h3 data-start=\"2407\" data-end=\"2416\">\u00davod do WASPE 15000 Puffs: kvalita a inov\u00e1cie spojen\u00e9<\/h3>\n<p class=\"\" data-start=\"2418\" data-end=\"2895\">WASPE 15000 Puffs je vynikaj\u00facou vo\u013ebou pre vapera, ktor\u00ed klad\u00fa d\u00f4raz na dlh\u00e9 pou\u017e\u00edvanie, vysok\u00fa kvalitu a intenz\u00edvny chu\u0165ov\u00fd z\u00e1\u017eitok. V\u010faka kombin\u00e1cii modernej technol\u00f3gie, jednoduch\u00e9ho ovl\u00e1dania a mno\u017estva u\u017eito\u010dn\u00fdch funkci\u00ed m\u00e1 tento produkt potenci\u00e1l sta\u0165 sa jedn\u00fdm z najlep\u0161\u00edch zariaden\u00ed na trhu. Viac inform\u00e1ci\u00ed a n\u00e1kup WASPE 15000 Puffs n\u00e1jdete na webovej str\u00e1nke vapingnet.de.<\/p>","protected":false},"excerpt":{"rendered":"<p>WASPE 15000 Puffs: Eine neue Generation der Einweg-E-Zigaretten Die WASPE 15000 Puffs ist eine innovative Einweg-E-Zigarette, die durch ihre beeindruckende Leistung und die Vielzahl an&#8230;<\/p>","protected":false},"featured_media":6742,"template":"","meta":[],"etheme_brands":[],"product_brand":[98],"product_cat":[53,49,61],"product_tag":[],"class_list":{"0":"post-6723","1":"product","2":"type-product","3":"status-publish","4":"has-post-thumbnail","6":"product_brand-waspe-vape","7":"product_cat-vape-15000-zuege","8":"product_cat-einweg-e-zigarette","9":"product_cat-f","11":"first","12":"instock","13":"shipping-taxable","14":"purchasable","15":"product-type-simple"},"yoast_head":"<!-- This site is optimized with the Yoast SEO plugin v26.5 - https:\/\/yoast.com\/wordpress\/plugins\/seo\/ -->\n<title>Der Perfekte Sommergeschmack WASPE 15000 Puffs Watermelon Ice High Quality F\u00fcr Wenig Geld | Vapingnet.de<\/title>\n<meta name=\"description\" content=\"Entdecke Der Perfekte Sommergeschmack WASPE 15000 Puffs Watermelon Ice High Quality F\u00fcr Wenig Geld bei vapingnet.de, \u25ba Gro\u00dfe Auswahl an Geschmacksrichtungen &amp; super g\u00fcnstig!\" \/>\n<meta name=\"robots\" content=\"index, follow, max-snippet:-1, max-image-preview:large, max-video-preview:-1\" \/>\n<link rel=\"canonical\" href=\"https:\/\/vapingnet.de\/sk\/vape\/der-perfekte-sommergeschmack-waspe-15000-puffs-watermelon-ice-high-quality-fuer-wenig-geld\/\" \/>\n<meta property=\"og:locale\" content=\"sk_SK\" \/>\n<meta property=\"og:type\" content=\"article\" \/>\n<meta property=\"og:title\" content=\"Der Perfekte Sommergeschmack WASPE 15000 Puffs Watermelon Ice High Quality F\u00fcr Wenig Geld | Vapingnet.de\" \/>\n<meta property=\"og:description\" content=\"Entdecke Der Perfekte Sommergeschmack WASPE 15000 Puffs Watermelon Ice High Quality F\u00fcr Wenig Geld bei vapingnet.de, \u25ba Gro\u00dfe Auswahl an Geschmacksrichtungen &amp; super g\u00fcnstig!\" \/>\n<meta property=\"og:url\" content=\"https:\/\/vapingnet.de\/sk\/vape\/der-perfekte-sommergeschmack-waspe-15000-puffs-watermelon-ice-high-quality-fuer-wenig-geld\/\" \/>\n<meta property=\"og:site_name\" content=\"Vapingnet.de\" \/>\n<meta property=\"article:publisher\" content=\"https:\/\/www.facebook.com\/vapingnetde\/\" \/>\n<meta property=\"article:modified_time\" content=\"2025-06-19T03:45:07+00:00\" \/>\n<meta property=\"og:image\" content=\"https:\/\/vapingnet.de\/wp-content\/uploads\/2025\/05\/Watermelon-Ice.webp\" \/>\n\t<meta property=\"og:image:width\" content=\"1000\" \/>\n\t<meta property=\"og:image:height\" content=\"1000\" \/>\n\t<meta property=\"og:image:type\" content=\"image\/webp\" \/>\n<meta name=\"twitter:card\" content=\"summary_large_image\" \/>\n<meta name=\"twitter:label1\" content=\"Est. reading time\" \/>\n\t<meta name=\"twitter:data1\" content=\"3 minutes\" \/>\n<script type=\"application\/ld+json\" class=\"yoast-schema-graph\">{\"@context\":\"https:\/\/schema.org\",\"@graph\":[{\"@type\":\"WebPage\",\"@id\":\"https:\/\/vapingnet.de\/vape\/der-perfekte-sommergeschmack-waspe-15000-puffs-watermelon-ice-high-quality-fuer-wenig-geld\/\",\"url\":\"https:\/\/vapingnet.de\/vape\/der-perfekte-sommergeschmack-waspe-15000-puffs-watermelon-ice-high-quality-fuer-wenig-geld\/\",\"name\":\"Der Perfekte Sommergeschmack WASPE 15000 Puffs Watermelon Ice High Quality F\u00fcr Wenig Geld | Vapingnet.de\",\"isPartOf\":{\"@id\":\"https:\/\/vapingnet.de\/#website\"},\"primaryImageOfPage\":{\"@id\":\"https:\/\/vapingnet.de\/vape\/der-perfekte-sommergeschmack-waspe-15000-puffs-watermelon-ice-high-quality-fuer-wenig-geld\/#primaryimage\"},\"image\":{\"@id\":\"https:\/\/vapingnet.de\/vape\/der-perfekte-sommergeschmack-waspe-15000-puffs-watermelon-ice-high-quality-fuer-wenig-geld\/#primaryimage\"},\"thumbnailUrl\":\"https:\/\/vapingnet.de\/wp-content\/uploads\/2025\/05\/Watermelon-Ice.webp\",\"datePublished\":\"2025-05-05T02:25:22+00:00\",\"dateModified\":\"2025-06-19T03:45:07+00:00\",\"description\":\"Entdecke Der Perfekte Sommergeschmack WASPE 15000 Puffs Watermelon Ice High Quality F\u00fcr Wenig Geld bei vapingnet.de, \u25ba Gro\u00dfe Auswahl an Geschmacksrichtungen & super g\u00fcnstig!\",\"breadcrumb\":{\"@id\":\"https:\/\/vapingnet.de\/vape\/der-perfekte-sommergeschmack-waspe-15000-puffs-watermelon-ice-high-quality-fuer-wenig-geld\/#breadcrumb\"},\"inLanguage\":\"sk-SK\",\"potentialAction\":[{\"@type\":\"ReadAction\",\"target\":[\"https:\/\/vapingnet.de\/vape\/der-perfekte-sommergeschmack-waspe-15000-puffs-watermelon-ice-high-quality-fuer-wenig-geld\/\"]}]},{\"@type\":\"ImageObject\",\"inLanguage\":\"sk-SK\",\"@id\":\"https:\/\/vapingnet.de\/vape\/der-perfekte-sommergeschmack-waspe-15000-puffs-watermelon-ice-high-quality-fuer-wenig-geld\/#primaryimage\",\"url\":\"https:\/\/vapingnet.de\/wp-content\/uploads\/2025\/05\/Watermelon-Ice.webp\",\"contentUrl\":\"https:\/\/vapingnet.de\/wp-content\/uploads\/2025\/05\/Watermelon-Ice.webp\",\"width\":1000,\"height\":1000},{\"@type\":\"BreadcrumbList\",\"@id\":\"https:\/\/vapingnet.de\/vape\/der-perfekte-sommergeschmack-waspe-15000-puffs-watermelon-ice-high-quality-fuer-wenig-geld\/#breadcrumb\",\"itemListElement\":[{\"@type\":\"ListItem\",\"position\":1,\"name\":\"Home\",\"item\":\"https:\/\/vapingnet.de\/\"},{\"@type\":\"ListItem\",\"position\":2,\"name\":\"Shop\",\"item\":\"https:\/\/vapingnet.de\/vape\/\"},{\"@type\":\"ListItem\",\"position\":3,\"name\":\"Der Perfekte Sommergeschmack WASPE 15000 Puffs Watermelon Ice High Quality F\u00fcr Wenig Geld\"}]},{\"@type\":\"WebSite\",\"@id\":\"https:\/\/vapingnet.de\/#website\",\"url\":\"https:\/\/vapingnet.de\/\",\"name\":\"Vapingnet.de\",\"description\":\"\",\"publisher\":{\"@id\":\"https:\/\/vapingnet.de\/#organization\"},\"potentialAction\":[{\"@type\":\"SearchAction\",\"target\":{\"@type\":\"EntryPoint\",\"urlTemplate\":\"https:\/\/vapingnet.de\/?s={search_term_string}\"},\"query-input\":{\"@type\":\"PropertyValueSpecification\",\"valueRequired\":true,\"valueName\":\"search_term_string\"}}],\"inLanguage\":\"sk-SK\"},{\"@type\":\"Organization\",\"@id\":\"https:\/\/vapingnet.de\/#organization\",\"name\":\"Vapingnet.de\",\"url\":\"https:\/\/vapingnet.de\/\",\"logo\":{\"@type\":\"ImageObject\",\"inLanguage\":\"sk-SK\",\"@id\":\"https:\/\/vapingnet.de\/#\/schema\/logo\/image\/\",\"url\":\"https:\/\/vapingnet.de\/wp-content\/uploads\/2025\/03\/cropped-vapingnet.de_.jpg\",\"contentUrl\":\"https:\/\/vapingnet.de\/wp-content\/uploads\/2025\/03\/cropped-vapingnet.de_.jpg\",\"width\":512,\"height\":512,\"caption\":\"Vapingnet.de\"},\"image\":{\"@id\":\"https:\/\/vapingnet.de\/#\/schema\/logo\/image\/\"},\"sameAs\":[\"https:\/\/www.facebook.com\/vapingnetde\/\"]}]}<\/script>\n<!-- \/ Yoast SEO plugin. -->","yoast_head_json":{"title":"Der Perfekte Sommergeschmack WASPE 15000 Puffs Watermelon Ice High Quality F\u00fcr Wenig Geld | Vapingnet.de","description":"Entdecke Der Perfekte Sommergeschmack WASPE 15000 Puffs Watermelon Ice High Quality F\u00fcr Wenig Geld bei vapingnet.de, \u25ba Gro\u00dfe Auswahl an Geschmacksrichtungen & super g\u00fcnstig!","robots":{"index":"index","follow":"follow","max-snippet":"max-snippet:-1","max-image-preview":"max-image-preview:large","max-video-preview":"max-video-preview:-1"},"canonical":"https:\/\/vapingnet.de\/sk\/vape\/der-perfekte-sommergeschmack-waspe-15000-puffs-watermelon-ice-high-quality-fuer-wenig-geld\/","og_locale":"sk_SK","og_type":"article","og_title":"Der Perfekte Sommergeschmack WASPE 15000 Puffs Watermelon Ice High Quality F\u00fcr Wenig Geld | Vapingnet.de","og_description":"Entdecke Der Perfekte Sommergeschmack WASPE 15000 Puffs Watermelon Ice High Quality F\u00fcr Wenig Geld bei vapingnet.de, \u25ba Gro\u00dfe Auswahl an Geschmacksrichtungen & super g\u00fcnstig!","og_url":"https:\/\/vapingnet.de\/sk\/vape\/der-perfekte-sommergeschmack-waspe-15000-puffs-watermelon-ice-high-quality-fuer-wenig-geld\/","og_site_name":"Vapingnet.de","article_publisher":"https:\/\/www.facebook.com\/vapingnetde\/","article_modified_time":"2025-06-19T03:45:07+00:00","og_image":[{"width":1000,"height":1000,"url":"https:\/\/vapingnet.de\/wp-content\/uploads\/2025\/05\/Watermelon-Ice.webp","type":"image\/webp"}],"twitter_card":"summary_large_image","twitter_misc":{"Est. reading time":"3 minutes"},"schema":{"@context":"https:\/\/schema.org","@graph":[{"@type":"WebPage","@id":"https:\/\/vapingnet.de\/vape\/der-perfekte-sommergeschmack-waspe-15000-puffs-watermelon-ice-high-quality-fuer-wenig-geld\/","url":"https:\/\/vapingnet.de\/vape\/der-perfekte-sommergeschmack-waspe-15000-puffs-watermelon-ice-high-quality-fuer-wenig-geld\/","name":"Der Perfekte Sommergeschmack WASPE 15000 Puffs Watermelon Ice High Quality F\u00fcr Wenig Geld | Vapingnet.de","isPartOf":{"@id":"https:\/\/vapingnet.de\/#website"},"primaryImageOfPage":{"@id":"https:\/\/vapingnet.de\/vape\/der-perfekte-sommergeschmack-waspe-15000-puffs-watermelon-ice-high-quality-fuer-wenig-geld\/#primaryimage"},"image":{"@id":"https:\/\/vapingnet.de\/vape\/der-perfekte-sommergeschmack-waspe-15000-puffs-watermelon-ice-high-quality-fuer-wenig-geld\/#primaryimage"},"thumbnailUrl":"https:\/\/vapingnet.de\/wp-content\/uploads\/2025\/05\/Watermelon-Ice.webp","datePublished":"2025-05-05T02:25:22+00:00","dateModified":"2025-06-19T03:45:07+00:00","description":"Entdecke Der Perfekte Sommergeschmack WASPE 15000 Puffs Watermelon Ice High Quality F\u00fcr Wenig Geld bei vapingnet.de, \u25ba Gro\u00dfe Auswahl an Geschmacksrichtungen & super g\u00fcnstig!","breadcrumb":{"@id":"https:\/\/vapingnet.de\/vape\/der-perfekte-sommergeschmack-waspe-15000-puffs-watermelon-ice-high-quality-fuer-wenig-geld\/#breadcrumb"},"inLanguage":"sk-SK","potentialAction":[{"@type":"ReadAction","target":["https:\/\/vapingnet.de\/vape\/der-perfekte-sommergeschmack-waspe-15000-puffs-watermelon-ice-high-quality-fuer-wenig-geld\/"]}]},{"@type":"ImageObject","inLanguage":"sk-SK","@id":"https:\/\/vapingnet.de\/vape\/der-perfekte-sommergeschmack-waspe-15000-puffs-watermelon-ice-high-quality-fuer-wenig-geld\/#primaryimage","url":"https:\/\/vapingnet.de\/wp-content\/uploads\/2025\/05\/Watermelon-Ice.webp","contentUrl":"https:\/\/vapingnet.de\/wp-content\/uploads\/2025\/05\/Watermelon-Ice.webp","width":1000,"height":1000},{"@type":"BreadcrumbList","@id":"https:\/\/vapingnet.de\/vape\/der-perfekte-sommergeschmack-waspe-15000-puffs-watermelon-ice-high-quality-fuer-wenig-geld\/#breadcrumb","itemListElement":[{"@type":"ListItem","position":1,"name":"Home","item":"https:\/\/vapingnet.de\/"},{"@type":"ListItem","position":2,"name":"Shop","item":"https:\/\/vapingnet.de\/vape\/"},{"@type":"ListItem","position":3,"name":"Der Perfekte Sommergeschmack WASPE 15000 Puffs Watermelon Ice High Quality F\u00fcr Wenig Geld"}]},{"@type":"WebSite","@id":"https:\/\/vapingnet.de\/#website","url":"https:\/\/vapingnet.de\/","name":"Vapingnet.de","description":"","publisher":{"@id":"https:\/\/vapingnet.de\/#organization"},"potentialAction":[{"@type":"SearchAction","target":{"@type":"EntryPoint","urlTemplate":"https:\/\/vapingnet.de\/?s={search_term_string}"},"query-input":{"@type":"PropertyValueSpecification","valueRequired":true,"valueName":"search_term_string"}}],"inLanguage":"sk-SK"},{"@type":"Organization","@id":"https:\/\/vapingnet.de\/#organization","name":"Vapingnet.de","url":"https:\/\/vapingnet.de\/","logo":{"@type":"ImageObject","inLanguage":"sk-SK","@id":"https:\/\/vapingnet.de\/#\/schema\/logo\/image\/","url":"https:\/\/vapingnet.de\/wp-content\/uploads\/2025\/03\/cropped-vapingnet.de_.jpg","contentUrl":"https:\/\/vapingnet.de\/wp-content\/uploads\/2025\/03\/cropped-vapingnet.de_.jpg","width":512,"height":512,"caption":"Vapingnet.de"},"image":{"@id":"https:\/\/vapingnet.de\/#\/schema\/logo\/image\/"},"sameAs":["https:\/\/www.facebook.com\/vapingnetde\/"]}]}},"tiered_pricing_type":"fixed","tiered_pricing_fixed_rules":{"10":"8.35","60":"7.52","110":"6.68","200":"5.85"},"tiered_pricing_product_settings":{"layout":"default","base_unit_name":{"singular":null,"plural":null},"default_variation":null},"tiered_pricing_minimum_quantity":null,"tiered_pricing_roles_data":[],"tiered_pricing_percentage_rules":[],"_links":{"self":[{"href":"https:\/\/vapingnet.de\/sk\/wp-json\/wp\/v2\/product\/6723","targetHints":{"allow":["GET"]}}],"collection":[{"href":"https:\/\/vapingnet.de\/sk\/wp-json\/wp\/v2\/product"}],"about":[{"href":"https:\/\/vapingnet.de\/sk\/wp-json\/wp\/v2\/types\/product"}],"version-history":[{"count":3,"href":"https:\/\/vapingnet.de\/sk\/wp-json\/wp\/v2\/product\/6723\/revisions"}],"predecessor-version":[{"id":6746,"href":"https:\/\/vapingnet.de\/sk\/wp-json\/wp\/v2\/product\/6723\/revisions\/6746"}],"wp:featuredmedia":[{"embeddable":true,"href":"https:\/\/vapingnet.de\/sk\/wp-json\/wp\/v2\/media\/6742"}],"wp:attachment":[{"href":"https:\/\/vapingnet.de\/sk\/wp-json\/wp\/v2\/media?parent=6723"}],"wp:term":[{"taxonomy":"brand","embeddable":true,"href":"https:\/\/vapingnet.de\/sk\/wp-json\/wp\/v2\/etheme_brands?post=6723"},{"taxonomy":"product_brand","embeddable":true,"href":"https:\/\/vapingnet.de\/sk\/wp-json\/wp\/v2\/product_brand?post=6723"},{"taxonomy":"product_cat","embeddable":true,"href":"https:\/\/vapingnet.de\/sk\/wp-json\/wp\/v2\/product_cat?post=6723"},{"taxonomy":"product_tag","embeddable":true,"href":"https:\/\/vapingnet.de\/sk\/wp-json\/wp\/v2\/product_tag?post=6723"}],"curies":[{"name":"wp","href":"https:\/\/api.w.org\/{rel}","templated":true}]}}