{"id":6725,"date":"2025-05-05T02:36:01","date_gmt":"2025-05-05T02:36:01","guid":{"rendered":"https:\/\/vapingnet.de\/?post_type=product&#038;p=6725"},"modified":"2026-04-15T08:42:44","modified_gmt":"2026-04-15T08:42:44","slug":"weltweit-gefeiert-waspe-15000-puffs-strawberry-watermelon-zoelle-vermeiden-und-geniessen","status":"publish","type":"product","link":"https:\/\/vapingnet.de\/sk\/vape\/weltweit-gefeiert-waspe-15000-puffs-strawberry-watermelon-zoelle-vermeiden-und-geniessen\/","title":{"rendered":"Celosvetovo oslavovan\u00e1 WASPE 15000 Puffs Strawberry Watermelon, vyh\u00fdbajte sa clu a u\u017e\u00edvajte si"},"content":{"rendered":"<h2 data-start=\"0\" data-end=\"66\" data-immersive-translate-walked=\"394a6c86-11bd-4236-9b60-d810d6713f5c\">WASPE 15000 Puffs: Nov\u00e1 gener\u00e1cia jednorazov\u00fdch e-cigariet<\/h2>\n<p class=\"\" data-start=\"68\" data-end=\"417\" data-immersive-translate-walked=\"394a6c86-11bd-4236-9b60-d810d6713f5c\" data-immersive-translate-paragraph=\"1\">WASPE 15000 Puffs pon\u00faka v\u00fdnimo\u010dn\u00fd z\u00e1\u017eitok z vapovania a predstavuje ide\u00e1lnu vo\u013ebu pre pou\u017e\u00edvate\u013eov, ktor\u00ed h\u013eadaj\u00fa dlh\u00fa v\u00fddr\u017e, intenz\u00edvne chute a modern\u00fa technol\u00f3giu. S p\u00f4sobivou kapacitou na potiahnutie a mno\u017estvom funkci\u00ed nastavuje tento model nov\u00e9 \u0161tandardy vo svete jednorazov\u00fdch e-cigariet.<\/p>\n<h3>Preh\u013ead produktov\u00fdch detailov<\/h3>\n<ul data-start=\"456\" data-end=\"823\" data-immersive-translate-walked=\"394a6c86-11bd-4236-9b60-d810d6713f5c\">\n<li class=\"\" data-start=\"456\" data-end=\"487\" data-immersive-translate-walked=\"394a6c86-11bd-4236-9b60-d810d6713f5c\">\n<p class=\"\" data-start=\"458\" data-end=\"487\" data-immersive-translate-walked=\"394a6c86-11bd-4236-9b60-d810d6713f5c\" data-immersive-translate-paragraph=\"1\">Model: WASPE 15000 Puffs<\/p>\n<\/li>\n<li class=\"\" data-start=\"488\" data-end=\"525\" data-immersive-translate-walked=\"394a6c86-11bd-4236-9b60-d810d6713f5c\">\n<p class=\"\" data-start=\"490\" data-end=\"525\" data-immersive-translate-walked=\"394a6c86-11bd-4236-9b60-d810d6713f5c\" data-immersive-translate-paragraph=\"1\">Mo\u017enosti nikot\u00ednu: 0%, 2%, 3%, 5%<\/p>\n<\/li>\n<li class=\"\" data-start=\"526\" data-end=\"559\" data-immersive-translate-walked=\"394a6c86-11bd-4236-9b60-d810d6713f5c\">\n<p class=\"\" data-start=\"528\" data-end=\"559\" data-immersive-translate-walked=\"394a6c86-11bd-4236-9b60-d810d6713f5c\" data-immersive-translate-paragraph=\"1\">Kapacita puffov: 15 000 \u0165ahov<\/p>\n<\/li>\n<li class=\"\" data-start=\"560\" data-end=\"591\" data-immersive-translate-walked=\"394a6c86-11bd-4236-9b60-d810d6713f5c\">\n<p class=\"\" data-start=\"562\" data-end=\"591\" data-immersive-translate-walked=\"394a6c86-11bd-4236-9b60-d810d6713f5c\" data-immersive-translate-paragraph=\"1\">Rezervo\u00e1r na e-liquid: 22 ml<\/p>\n<\/li>\n<li class=\"\" data-start=\"592\" data-end=\"633\" data-immersive-translate-walked=\"394a6c86-11bd-4236-9b60-d810d6713f5c\">\n<p class=\"\" data-start=\"594\" data-end=\"633\" data-immersive-translate-walked=\"394a6c86-11bd-4236-9b60-d810d6713f5c\" data-immersive-translate-paragraph=\"1\">Bat\u00e9ria: 850 mAh (dob\u00edjate\u013en\u00e1)<\/p>\n<\/li>\n<li class=\"\" data-start=\"634\" data-end=\"660\" data-immersive-translate-walked=\"394a6c86-11bd-4236-9b60-d810d6713f5c\">\n<p class=\"\" data-start=\"636\" data-end=\"660\" data-immersive-translate-walked=\"394a6c86-11bd-4236-9b60-d810d6713f5c\" data-immersive-translate-paragraph=\"1\">Cievka: Mesh cievka 0,8\u03a9<\/p>\n<\/li>\n<li class=\"\" data-start=\"661\" data-end=\"688\" data-immersive-translate-walked=\"394a6c86-11bd-4236-9b60-d810d6713f5c\">\n<p class=\"\" data-start=\"663\" data-end=\"688\" data-immersive-translate-walked=\"394a6c86-11bd-4236-9b60-d810d6713f5c\" data-immersive-translate-paragraph=\"1\">Nab\u00edjac\u00ed port: Type-C<\/p>\n<\/li>\n<li class=\"\" data-start=\"689\" data-end=\"708\" data-immersive-translate-walked=\"394a6c86-11bd-4236-9b60-d810d6713f5c\">\n<p class=\"\" data-start=\"691\" data-end=\"708\" data-immersive-translate-walked=\"394a6c86-11bd-4236-9b60-d810d6713f5c\" data-immersive-translate-paragraph=\"1\">Hmotnos\u0165: 90 g<\/p>\n<\/li>\n<li class=\"\" data-start=\"709\" data-end=\"771\" data-immersive-translate-walked=\"394a6c86-11bd-4236-9b60-d810d6713f5c\">\n<p class=\"\" data-start=\"711\" data-end=\"771\" data-immersive-translate-walked=\"394a6c86-11bd-4236-9b60-d810d6713f5c\" data-immersive-translate-paragraph=\"1\">Pr\u00edchu\u0165: Jahoda Mel\u00f3n<\/p>\n<\/li>\n<\/ul>\n<h4 data-start=\"830\" data-end=\"862\" data-immersive-translate-walked=\"394a6c86-11bd-4236-9b60-d810d6713f5c\">Dlh\u00e1 v\u00fddr\u017e<\/h4>\n<p class=\"\" data-start=\"864\" data-end=\"1252\" data-immersive-translate-walked=\"394a6c86-11bd-4236-9b60-d810d6713f5c\" data-immersive-translate-paragraph=\"1\">S 15 000 potiahnutiami a ve\u013ekorysou z\u00e1sobou e-liquidu 22 ml pon\u00faka WASPE 15000 Puffs vynikaj\u00facu \u017eivotnos\u0165 v porovnan\u00ed s mnoh\u00fdmi in\u00fdmi jednorazov\u00fdmi e-cigaretami. Pou\u017e\u00edvatelia si m\u00f4\u017eu zariadenie u\u017e\u00edva\u0165 dlh\u0161\u00ed \u010das bez starost\u00ed o dop\u013a\u0148anie alebo \u010dast\u00e9 nab\u00edjanie. To z neho rob\u00ed ide\u00e1lnu vo\u013ebu pre v\u00e1\u0161niv\u00fdch vapera, doch\u00e1dzaj\u00facich a cestovate\u013eov.<\/p>\n<h4 data-start=\"1259\" data-end=\"1325\" data-immersive-translate-walked=\"394a6c86-11bd-4236-9b60-d810d6713f5c\">Pokro\u010dil\u00e1 technol\u00f3gia \u0161pir\u00e1lky pre intenz\u00edvnu chu\u0165<\/h4>\n<p class=\"\" data-start=\"1327\" data-end=\"1710\" data-immersive-translate-walked=\"394a6c86-11bd-4236-9b60-d810d6713f5c\" data-immersive-translate-paragraph=\"1\">Mesh \u0161pir\u00e1lka s odporom 0,8\u03a9 zabezpe\u010duje rovnomern\u00e9 odparovanie e-liquidu. T\u00fdm sa zintenz\u00edv\u0148uje chu\u0165 e-liquidov a optimalizuje produkcia pary. Mesh \u0161pir\u00e1lka umo\u017e\u0148uje efekt\u00edvnej\u0161ie rozlo\u017eenie tepla, \u010do vedie k bohat\u0161ej a pln\u0161ej chuti pri ka\u017edom potiahnut\u00ed. Tak si vychutn\u00e1te konzistentn\u00fd vysokokvalitn\u00fd z\u00e1\u017eitok z vapovania.<\/p>\n<h4 data-start=\"1717\" data-end=\"1759\" data-immersive-translate-walked=\"394a6c86-11bd-4236-9b60-d810d6713f5c\">LCD displej pre maxim\u00e1lnu kontrolu<\/h4>\n<p class=\"\" data-start=\"1761\" data-end=\"2110\" data-immersive-translate-walked=\"394a6c86-11bd-4236-9b60-d810d6713f5c\" data-immersive-translate-paragraph=\"1\">Inovat\u00edvny LCD displej na WASPE 15000 Puffs poskytuje vap\u00e9rovi aktu\u00e1lne inform\u00e1cie o stave bat\u00e9rie a po\u010dte potiahnut\u00ed. Tak m\u00f4\u017eete sledova\u0165 \u00farove\u0148 nabitia a v\u017edy presne vedie\u0165, ko\u013eko potiahnut\u00ed zost\u00e1va. T\u00e1to funkcia zvy\u0161uje pou\u017e\u00edvate\u013esk\u00fa pr\u00edvetivos\u0165 a pom\u00e1ha zabezpe\u010di\u0165 e\u0161te pohodlnej\u0161\u00ed z\u00e1\u017eitok z vapovania.<\/p>\n<h4 data-start=\"2117\" data-end=\"2164\" data-immersive-translate-walked=\"394a6c86-11bd-4236-9b60-d810d6713f5c\">V\u0161estrannos\u0165 v nikot\u00edne a chuti<\/h4>\n<p class=\"\" data-start=\"2166\" data-end=\"2586\" data-immersive-translate-walked=\"394a6c86-11bd-4236-9b60-d810d6713f5c\" data-immersive-translate-paragraph=\"1\">WASPE 15000 Puffs je dostupn\u00e1 v \u0161tyroch r\u00f4znych \u00farovniach nikot\u00ednu: 0%, 2%, 3% a 5%. To umo\u017e\u0148uje pou\u017e\u00edvate\u013eom prisp\u00f4sobi\u0165 si obsah nikot\u00ednu pod\u013ea svojich individu\u00e1lnych preferenci\u00ed. Obzvl\u00e1\u0161\u0165 vynik\u00e1 ovocn\u00e1 chu\u0165 \u201eStrawberry Watermelon\u201c, ktor\u00e1 pon\u00faka osvie\u017euj\u00facu kombin\u00e1ciu sladk\u00fdch jah\u00f4d a \u0161\u0165avnatej mel\u00f3nu \u2013 ide\u00e1lna pre vapera, ktor\u00fd preferuje ovocn\u00e9 a \u013eahk\u00e9 ar\u00f3my.<\/p>\n<h4 data-start=\"2593\" data-end=\"2651\" data-immersive-translate-walked=\"394a6c86-11bd-4236-9b60-d810d6713f5c\">Pohodln\u00fd dizajn na jedno pou\u017eitie a jednoduch\u00e9 ovl\u00e1danie<\/h4>\n<p class=\"\" data-start=\"2653\" data-end=\"3039\" data-immersive-translate-walked=\"394a6c86-11bd-4236-9b60-d810d6713f5c\" data-immersive-translate-paragraph=\"1\">Jednoduchos\u0165 jednorazov\u00e9ho dizajnu WASPE 15000 Puffs znamen\u00e1, \u017ee nie je potrebn\u00e1 \u00fadr\u017eba ani dop\u013a\u0148anie. Sta\u010d\u00ed otvori\u0165 balenie a za\u010da\u0165 vapova\u0165 \u2013 bez zbyto\u010dn\u00fdch pr\u00edprav. S hmotnos\u0165ou len 90 g je \u013eahk\u00e1 a ide\u00e1lna na cestovanie. Jej pou\u017e\u00edvate\u013esk\u00e1 pr\u00edvetivos\u0165 a kompaktn\u00fd dizajn z nej robia dokonal\u00e9ho spolo\u010dn\u00edka na ka\u017ed\u00fd de\u0148.<\/p>\n<h4 data-start=\"3046\" data-end=\"3099\" data-immersive-translate-walked=\"394a6c86-11bd-4236-9b60-d810d6713f5c\">Doprava bez cla a glob\u00e1lna dostupnos\u0165<\/h4>\n<p class=\"\" data-start=\"3101\" data-end=\"3347\" data-immersive-translate-walked=\"394a6c86-11bd-4236-9b60-d810d6713f5c\" data-immersive-translate-paragraph=\"1\">Obzvl\u00e1\u0161\u0165 atrakt\u00edvnou v\u00fdhodou je doprava bez cla, ktor\u00e1 umo\u017e\u0148uje medzin\u00e1rodn\u00fdm z\u00e1kazn\u00edkom zak\u00fapi\u0165 si WASPE 15000 Puffs bez dodato\u010dn\u00fdch n\u00e1kladov. To rob\u00ed tento produkt zauj\u00edmav\u00fdm aj pre vapera mimo Slovenska.<\/p>\n<p class=\"\" data-start=\"3354\" data-end=\"3747\" data-immersive-translate-walked=\"394a6c86-11bd-4236-9b60-d810d6713f5c\" data-immersive-translate-paragraph=\"1\">Z\u00e1ver: WASPE 15000 Puffs je v\u00fdkonn\u00e1 a pou\u017e\u00edvate\u013esky pr\u00edvetiv\u00e1 jednorazov\u00e1 e-cigareta, ktor\u00e1 v\u00e1s presved\u010d\u00ed dlhodobou v\u00fddr\u017eou, intenz\u00edvnymi chu\u0165ami a inovat\u00edvnou technol\u00f3giou. Ak h\u013ead\u00e1te spo\u013eahliv\u00fd a pohodln\u00fd z\u00e1\u017eitok z vapovania, tento model je presne pre v\u00e1s. Viac inform\u00e1ci\u00ed a mo\u017enosti objednania n\u00e1jdete na vapingnet.de.<\/p>","protected":false},"excerpt":{"rendered":"<p>WASPE 15000 Puffs: Die neue Generation der Einweg-E-Zigaretten Die WASPE 15000 Puffs bietet eine au\u00dfergew\u00f6hnliche Dampferfahrung und stellt eine perfekte Wahl f\u00fcr Nutzer dar, die&#8230;<\/p>","protected":false},"featured_media":6741,"template":"","meta":[],"etheme_brands":[],"product_brand":[98],"product_cat":[53,49,61],"product_tag":[],"class_list":{"0":"post-6725","1":"product","2":"type-product","3":"status-publish","4":"has-post-thumbnail","6":"product_brand-waspe-vape","7":"product_cat-vape-15000-zuege","8":"product_cat-einweg-e-zigarette","9":"product_cat-f","11":"first","12":"instock","13":"shipping-taxable","14":"purchasable","15":"product-type-variable"},"yoast_head":"<!-- This site is optimized with the Yoast SEO plugin v26.5 - https:\/\/yoast.com\/wordpress\/plugins\/seo\/ -->\n<title>Weltweit Gefeiert WASPE 15000 Puffs Strawberry Watermelon Z\u00f6lle Vermeiden Und Genie\u00dfen | Vapingnet.de<\/title>\n<meta name=\"description\" content=\"Entdecke Weltweit Gefeiert WASPE 15000 Puffs Strawberry Watermelon Z\u00f6lle Vermeiden Und Genie\u00dfen bei vapingnet.de, \u25ba Gro\u00dfe Auswahl an Geschmacksrichtungen &amp; super g\u00fcnstig!\" \/>\n<meta name=\"robots\" content=\"index, follow, max-snippet:-1, max-image-preview:large, max-video-preview:-1\" \/>\n<link rel=\"canonical\" href=\"https:\/\/vapingnet.de\/sk\/vape\/weltweit-gefeiert-waspe-15000-puffs-strawberry-watermelon-zoelle-vermeiden-und-geniessen\/\" \/>\n<meta property=\"og:locale\" content=\"sk_SK\" \/>\n<meta property=\"og:type\" content=\"article\" \/>\n<meta property=\"og:title\" content=\"Weltweit Gefeiert WASPE 15000 Puffs Strawberry Watermelon Z\u00f6lle Vermeiden Und Genie\u00dfen | Vapingnet.de\" \/>\n<meta property=\"og:description\" content=\"Entdecke Weltweit Gefeiert WASPE 15000 Puffs Strawberry Watermelon Z\u00f6lle Vermeiden Und Genie\u00dfen bei vapingnet.de, \u25ba Gro\u00dfe Auswahl an Geschmacksrichtungen &amp; super g\u00fcnstig!\" \/>\n<meta property=\"og:url\" content=\"https:\/\/vapingnet.de\/sk\/vape\/weltweit-gefeiert-waspe-15000-puffs-strawberry-watermelon-zoelle-vermeiden-und-geniessen\/\" \/>\n<meta property=\"og:site_name\" content=\"Vapingnet.de\" \/>\n<meta property=\"article:publisher\" content=\"https:\/\/www.facebook.com\/vapingnetde\/\" \/>\n<meta property=\"article:modified_time\" content=\"2026-04-15T08:42:44+00:00\" \/>\n<meta property=\"og:image\" content=\"https:\/\/vapingnet.de\/wp-content\/uploads\/2025\/05\/Strawberry-Watermelon.webp\" \/>\n\t<meta property=\"og:image:width\" content=\"1000\" \/>\n\t<meta property=\"og:image:height\" content=\"1000\" \/>\n\t<meta property=\"og:image:type\" content=\"image\/webp\" \/>\n<meta name=\"twitter:card\" content=\"summary_large_image\" \/>\n<meta name=\"twitter:label1\" content=\"Est. reading time\" \/>\n\t<meta name=\"twitter:data1\" content=\"3 minutes\" \/>\n<script type=\"application\/ld+json\" class=\"yoast-schema-graph\">{\"@context\":\"https:\/\/schema.org\",\"@graph\":[{\"@type\":\"WebPage\",\"@id\":\"https:\/\/vapingnet.de\/vape\/weltweit-gefeiert-waspe-15000-puffs-strawberry-watermelon-zoelle-vermeiden-und-geniessen\/\",\"url\":\"https:\/\/vapingnet.de\/vape\/weltweit-gefeiert-waspe-15000-puffs-strawberry-watermelon-zoelle-vermeiden-und-geniessen\/\",\"name\":\"Weltweit Gefeiert WASPE 15000 Puffs Strawberry Watermelon Z\u00f6lle Vermeiden Und Genie\u00dfen | Vapingnet.de\",\"isPartOf\":{\"@id\":\"https:\/\/vapingnet.de\/#website\"},\"primaryImageOfPage\":{\"@id\":\"https:\/\/vapingnet.de\/vape\/weltweit-gefeiert-waspe-15000-puffs-strawberry-watermelon-zoelle-vermeiden-und-geniessen\/#primaryimage\"},\"image\":{\"@id\":\"https:\/\/vapingnet.de\/vape\/weltweit-gefeiert-waspe-15000-puffs-strawberry-watermelon-zoelle-vermeiden-und-geniessen\/#primaryimage\"},\"thumbnailUrl\":\"https:\/\/vapingnet.de\/wp-content\/uploads\/2025\/05\/Strawberry-Watermelon.webp\",\"datePublished\":\"2025-05-05T02:36:01+00:00\",\"dateModified\":\"2026-04-15T08:42:44+00:00\",\"description\":\"Entdecke Weltweit Gefeiert WASPE 15000 Puffs Strawberry Watermelon Z\u00f6lle Vermeiden Und Genie\u00dfen bei vapingnet.de, \u25ba Gro\u00dfe Auswahl an Geschmacksrichtungen & super g\u00fcnstig!\",\"breadcrumb\":{\"@id\":\"https:\/\/vapingnet.de\/vape\/weltweit-gefeiert-waspe-15000-puffs-strawberry-watermelon-zoelle-vermeiden-und-geniessen\/#breadcrumb\"},\"inLanguage\":\"sk-SK\",\"potentialAction\":[{\"@type\":\"ReadAction\",\"target\":[\"https:\/\/vapingnet.de\/vape\/weltweit-gefeiert-waspe-15000-puffs-strawberry-watermelon-zoelle-vermeiden-und-geniessen\/\"]}]},{\"@type\":\"ImageObject\",\"inLanguage\":\"sk-SK\",\"@id\":\"https:\/\/vapingnet.de\/vape\/weltweit-gefeiert-waspe-15000-puffs-strawberry-watermelon-zoelle-vermeiden-und-geniessen\/#primaryimage\",\"url\":\"https:\/\/vapingnet.de\/wp-content\/uploads\/2025\/05\/Strawberry-Watermelon.webp\",\"contentUrl\":\"https:\/\/vapingnet.de\/wp-content\/uploads\/2025\/05\/Strawberry-Watermelon.webp\",\"width\":1000,\"height\":1000},{\"@type\":\"BreadcrumbList\",\"@id\":\"https:\/\/vapingnet.de\/vape\/weltweit-gefeiert-waspe-15000-puffs-strawberry-watermelon-zoelle-vermeiden-und-geniessen\/#breadcrumb\",\"itemListElement\":[{\"@type\":\"ListItem\",\"position\":1,\"name\":\"Home\",\"item\":\"https:\/\/vapingnet.de\/\"},{\"@type\":\"ListItem\",\"position\":2,\"name\":\"Shop\",\"item\":\"https:\/\/vapingnet.de\/vape\/\"},{\"@type\":\"ListItem\",\"position\":3,\"name\":\"Weltweit Gefeiert WASPE 15000 Puffs Strawberry Watermelon Z\u00f6lle Vermeiden Und Genie\u00dfen\"}]},{\"@type\":\"WebSite\",\"@id\":\"https:\/\/vapingnet.de\/#website\",\"url\":\"https:\/\/vapingnet.de\/\",\"name\":\"Vapingnet.de\",\"description\":\"\",\"publisher\":{\"@id\":\"https:\/\/vapingnet.de\/#organization\"},\"potentialAction\":[{\"@type\":\"SearchAction\",\"target\":{\"@type\":\"EntryPoint\",\"urlTemplate\":\"https:\/\/vapingnet.de\/?s={search_term_string}\"},\"query-input\":{\"@type\":\"PropertyValueSpecification\",\"valueRequired\":true,\"valueName\":\"search_term_string\"}}],\"inLanguage\":\"sk-SK\"},{\"@type\":\"Organization\",\"@id\":\"https:\/\/vapingnet.de\/#organization\",\"name\":\"Vapingnet.de\",\"url\":\"https:\/\/vapingnet.de\/\",\"logo\":{\"@type\":\"ImageObject\",\"inLanguage\":\"sk-SK\",\"@id\":\"https:\/\/vapingnet.de\/#\/schema\/logo\/image\/\",\"url\":\"https:\/\/vapingnet.de\/wp-content\/uploads\/2025\/03\/cropped-vapingnet.de_.jpg\",\"contentUrl\":\"https:\/\/vapingnet.de\/wp-content\/uploads\/2025\/03\/cropped-vapingnet.de_.jpg\",\"width\":512,\"height\":512,\"caption\":\"Vapingnet.de\"},\"image\":{\"@id\":\"https:\/\/vapingnet.de\/#\/schema\/logo\/image\/\"},\"sameAs\":[\"https:\/\/www.facebook.com\/vapingnetde\/\"]}]}<\/script>\n<!-- \/ Yoast SEO plugin. -->","yoast_head_json":{"title":"Weltweit Gefeiert WASPE 15000 Puffs Strawberry Watermelon Z\u00f6lle Vermeiden Und Genie\u00dfen | Vapingnet.de","description":"Entdecke Weltweit Gefeiert WASPE 15000 Puffs Strawberry Watermelon Z\u00f6lle Vermeiden Und Genie\u00dfen bei vapingnet.de, \u25ba Gro\u00dfe Auswahl an Geschmacksrichtungen & super g\u00fcnstig!","robots":{"index":"index","follow":"follow","max-snippet":"max-snippet:-1","max-image-preview":"max-image-preview:large","max-video-preview":"max-video-preview:-1"},"canonical":"https:\/\/vapingnet.de\/sk\/vape\/weltweit-gefeiert-waspe-15000-puffs-strawberry-watermelon-zoelle-vermeiden-und-geniessen\/","og_locale":"sk_SK","og_type":"article","og_title":"Weltweit Gefeiert WASPE 15000 Puffs Strawberry Watermelon Z\u00f6lle Vermeiden Und Genie\u00dfen | Vapingnet.de","og_description":"Entdecke Weltweit Gefeiert WASPE 15000 Puffs Strawberry Watermelon Z\u00f6lle Vermeiden Und Genie\u00dfen bei vapingnet.de, \u25ba Gro\u00dfe Auswahl an Geschmacksrichtungen & super g\u00fcnstig!","og_url":"https:\/\/vapingnet.de\/sk\/vape\/weltweit-gefeiert-waspe-15000-puffs-strawberry-watermelon-zoelle-vermeiden-und-geniessen\/","og_site_name":"Vapingnet.de","article_publisher":"https:\/\/www.facebook.com\/vapingnetde\/","article_modified_time":"2026-04-15T08:42:44+00:00","og_image":[{"width":1000,"height":1000,"url":"https:\/\/vapingnet.de\/wp-content\/uploads\/2025\/05\/Strawberry-Watermelon.webp","type":"image\/webp"}],"twitter_card":"summary_large_image","twitter_misc":{"Est. reading time":"3 minutes"},"schema":{"@context":"https:\/\/schema.org","@graph":[{"@type":"WebPage","@id":"https:\/\/vapingnet.de\/vape\/weltweit-gefeiert-waspe-15000-puffs-strawberry-watermelon-zoelle-vermeiden-und-geniessen\/","url":"https:\/\/vapingnet.de\/vape\/weltweit-gefeiert-waspe-15000-puffs-strawberry-watermelon-zoelle-vermeiden-und-geniessen\/","name":"Weltweit Gefeiert WASPE 15000 Puffs Strawberry Watermelon Z\u00f6lle Vermeiden Und Genie\u00dfen | Vapingnet.de","isPartOf":{"@id":"https:\/\/vapingnet.de\/#website"},"primaryImageOfPage":{"@id":"https:\/\/vapingnet.de\/vape\/weltweit-gefeiert-waspe-15000-puffs-strawberry-watermelon-zoelle-vermeiden-und-geniessen\/#primaryimage"},"image":{"@id":"https:\/\/vapingnet.de\/vape\/weltweit-gefeiert-waspe-15000-puffs-strawberry-watermelon-zoelle-vermeiden-und-geniessen\/#primaryimage"},"thumbnailUrl":"https:\/\/vapingnet.de\/wp-content\/uploads\/2025\/05\/Strawberry-Watermelon.webp","datePublished":"2025-05-05T02:36:01+00:00","dateModified":"2026-04-15T08:42:44+00:00","description":"Entdecke Weltweit Gefeiert WASPE 15000 Puffs Strawberry Watermelon Z\u00f6lle Vermeiden Und Genie\u00dfen bei vapingnet.de, \u25ba Gro\u00dfe Auswahl an Geschmacksrichtungen & super g\u00fcnstig!","breadcrumb":{"@id":"https:\/\/vapingnet.de\/vape\/weltweit-gefeiert-waspe-15000-puffs-strawberry-watermelon-zoelle-vermeiden-und-geniessen\/#breadcrumb"},"inLanguage":"sk-SK","potentialAction":[{"@type":"ReadAction","target":["https:\/\/vapingnet.de\/vape\/weltweit-gefeiert-waspe-15000-puffs-strawberry-watermelon-zoelle-vermeiden-und-geniessen\/"]}]},{"@type":"ImageObject","inLanguage":"sk-SK","@id":"https:\/\/vapingnet.de\/vape\/weltweit-gefeiert-waspe-15000-puffs-strawberry-watermelon-zoelle-vermeiden-und-geniessen\/#primaryimage","url":"https:\/\/vapingnet.de\/wp-content\/uploads\/2025\/05\/Strawberry-Watermelon.webp","contentUrl":"https:\/\/vapingnet.de\/wp-content\/uploads\/2025\/05\/Strawberry-Watermelon.webp","width":1000,"height":1000},{"@type":"BreadcrumbList","@id":"https:\/\/vapingnet.de\/vape\/weltweit-gefeiert-waspe-15000-puffs-strawberry-watermelon-zoelle-vermeiden-und-geniessen\/#breadcrumb","itemListElement":[{"@type":"ListItem","position":1,"name":"Home","item":"https:\/\/vapingnet.de\/"},{"@type":"ListItem","position":2,"name":"Shop","item":"https:\/\/vapingnet.de\/vape\/"},{"@type":"ListItem","position":3,"name":"Weltweit Gefeiert WASPE 15000 Puffs Strawberry Watermelon Z\u00f6lle Vermeiden Und Genie\u00dfen"}]},{"@type":"WebSite","@id":"https:\/\/vapingnet.de\/#website","url":"https:\/\/vapingnet.de\/","name":"Vapingnet.de","description":"","publisher":{"@id":"https:\/\/vapingnet.de\/#organization"},"potentialAction":[{"@type":"SearchAction","target":{"@type":"EntryPoint","urlTemplate":"https:\/\/vapingnet.de\/?s={search_term_string}"},"query-input":{"@type":"PropertyValueSpecification","valueRequired":true,"valueName":"search_term_string"}}],"inLanguage":"sk-SK"},{"@type":"Organization","@id":"https:\/\/vapingnet.de\/#organization","name":"Vapingnet.de","url":"https:\/\/vapingnet.de\/","logo":{"@type":"ImageObject","inLanguage":"sk-SK","@id":"https:\/\/vapingnet.de\/#\/schema\/logo\/image\/","url":"https:\/\/vapingnet.de\/wp-content\/uploads\/2025\/03\/cropped-vapingnet.de_.jpg","contentUrl":"https:\/\/vapingnet.de\/wp-content\/uploads\/2025\/03\/cropped-vapingnet.de_.jpg","width":512,"height":512,"caption":"Vapingnet.de"},"image":{"@id":"https:\/\/vapingnet.de\/#\/schema\/logo\/image\/"},"sameAs":["https:\/\/www.facebook.com\/vapingnetde\/"]}]}},"tiered_pricing_type":"fixed","tiered_pricing_fixed_rules":[],"tiered_pricing_product_settings":{"layout":"default","base_unit_name":{"singular":null,"plural":null},"default_variation":null},"tiered_pricing_minimum_quantity":null,"tiered_pricing_roles_data":[],"tiered_pricing_percentage_rules":[],"_links":{"self":[{"href":"https:\/\/vapingnet.de\/sk\/wp-json\/wp\/v2\/product\/6725","targetHints":{"allow":["GET"]}}],"collection":[{"href":"https:\/\/vapingnet.de\/sk\/wp-json\/wp\/v2\/product"}],"about":[{"href":"https:\/\/vapingnet.de\/sk\/wp-json\/wp\/v2\/types\/product"}],"version-history":[{"count":1,"href":"https:\/\/vapingnet.de\/sk\/wp-json\/wp\/v2\/product\/6725\/revisions"}],"predecessor-version":[{"id":6747,"href":"https:\/\/vapingnet.de\/sk\/wp-json\/wp\/v2\/product\/6725\/revisions\/6747"}],"wp:featuredmedia":[{"embeddable":true,"href":"https:\/\/vapingnet.de\/sk\/wp-json\/wp\/v2\/media\/6741"}],"wp:attachment":[{"href":"https:\/\/vapingnet.de\/sk\/wp-json\/wp\/v2\/media?parent=6725"}],"wp:term":[{"taxonomy":"brand","embeddable":true,"href":"https:\/\/vapingnet.de\/sk\/wp-json\/wp\/v2\/etheme_brands?post=6725"},{"taxonomy":"product_brand","embeddable":true,"href":"https:\/\/vapingnet.de\/sk\/wp-json\/wp\/v2\/product_brand?post=6725"},{"taxonomy":"product_cat","embeddable":true,"href":"https:\/\/vapingnet.de\/sk\/wp-json\/wp\/v2\/product_cat?post=6725"},{"taxonomy":"product_tag","embeddable":true,"href":"https:\/\/vapingnet.de\/sk\/wp-json\/wp\/v2\/product_tag?post=6725"}],"curies":[{"name":"wp","href":"https:\/\/api.w.org\/{rel}","templated":true}]}}