{"id":6726,"date":"2025-05-05T02:36:03","date_gmt":"2025-05-05T02:36:03","guid":{"rendered":"https:\/\/vapingnet.de\/?post_type=product&#038;p=6726"},"modified":"2025-06-19T03:45:06","modified_gmt":"2025-06-19T03:45:06","slug":"der-geschmack-des-sommers-waspe-15000-puffs-orange-soda-bestellen-sparen","status":"publish","type":"product","link":"https:\/\/vapingnet.de\/sk\/vape\/der-geschmack-des-sommers-waspe-15000-puffs-orange-soda-bestellen-sparen\/","title":{"rendered":"Chu\u0165 leta WASPE 15000 Puffs Oran\u017eov\u00e1 Soda Objedna\u0165 &amp; U\u0161etri\u0165"},"content":{"rendered":"<h2 data-start=\"0\" data-end=\"81\">WASPE 15000 Puffs: Dokonal\u00e1 jednorazov\u00e1 e-cigareta pre n\u00e1ro\u010dn\u00fdch faj\u010diarov vapingu<\/h2>\n<p class=\"\" data-start=\"83\" data-end=\"384\">WASPE 15000 Puffs je jednou z najpokro\u010dilej\u0161\u00edch jednorazov\u00fdch e cigariet na trhu. S p\u00f4sobivou kapacitou puffov a modern\u00fdmi funkciami pon\u00faka nezrovnate\u013en\u00fd z\u00e1\u017eitok z vapingu. Objavte hlavn\u00e9 vlastnosti tejto inovat\u00edvnej e cigarety, ktor\u00e1 revolu\u010dne men\u00ed ka\u017edodenn\u00fd vaping.<\/p>\n<h3 class=\"\" data-start=\"391\" data-end=\"435\">Preh\u013ead o WASPE 15000 Puffs<\/h3>\n<ul data-start=\"437\" data-end=\"833\">\n<li class=\"\" data-start=\"437\" data-end=\"470\">\n<p class=\"\" data-start=\"439\" data-end=\"470\">Model: WASPE 15000 Puffs<\/p>\n<\/li>\n<li class=\"\" data-start=\"471\" data-end=\"514\">\n<p class=\"\" data-start=\"473\" data-end=\"514\">Mo\u017enosti nikot\u00ednu: 0 %, 2 %, 3 %, 5 %<\/p>\n<\/li>\n<li class=\"\" data-start=\"515\" data-end=\"550\">\n<p class=\"\" data-start=\"517\" data-end=\"550\">Kapacita puffov: 15 000 \u0165ahov<\/p>\n<\/li>\n<li class=\"\" data-start=\"551\" data-end=\"584\">\n<p class=\"\" data-start=\"553\" data-end=\"584\">Rezervo\u00e1r na e-liquid: 22 ml<\/p>\n<\/li>\n<li class=\"\" data-start=\"585\" data-end=\"627\">\n<p class=\"\" data-start=\"587\" data-end=\"627\">Bat\u00e9ria: 850 mAh, dob\u00edjate\u013en\u00e1<\/p>\n<\/li>\n<li class=\"\" data-start=\"628\" data-end=\"656\">\n<p class=\"\" data-start=\"630\" data-end=\"656\">Cievka: Mesh cievka 0,8\u03a9<\/p>\n<\/li>\n<li class=\"\" data-start=\"657\" data-end=\"691\">\n<p class=\"\" data-start=\"659\" data-end=\"691\">Nab\u00edjac\u00ed port: Type-C port<\/p>\n<\/li>\n<li class=\"\" data-start=\"692\" data-end=\"713\">\n<p class=\"\" data-start=\"694\" data-end=\"713\">Hmotnos\u0165: 90 g<\/p>\n<\/li>\n<li class=\"\" data-start=\"714\" data-end=\"744\">\n<p class=\"\" data-start=\"716\" data-end=\"744\">Chu\u0165: Oran\u017eov\u00e1 soda<\/p>\n<\/li>\n<li class=\"\" data-start=\"745\" data-end=\"798\">\n<p class=\"\" data-start=\"747\" data-end=\"798\">Webov\u00e1 str\u00e1nka: vapingnet.de<\/p>\n<\/li>\n<li class=\"\" data-start=\"799\" data-end=\"833\">\n<p class=\"\" data-start=\"801\" data-end=\"833\">V\u00fdhoda: Doru\u010denie bez cla<\/p>\n<\/li>\n<\/ul>\n<h4 data-start=\"840\" data-end=\"879\"><img fetchpriority=\"high\" decoding=\"async\" class=\"wp-image-6885 aligncenter\" src=\"https:\/\/vapingnet.de\/wp-content\/uploads\/2025\/05\/2-300x187.jpg\" alt=\"\" width=\"1835\" height=\"1144\" srcset=\"https:\/\/vapingnet.de\/wp-content\/uploads\/2025\/05\/2-300x187.jpg 300w, https:\/\/vapingnet.de\/wp-content\/uploads\/2025\/05\/2-768x480.jpg 768w, https:\/\/vapingnet.de\/wp-content\/uploads\/2025\/05\/2-600x375.jpg 600w, https:\/\/vapingnet.de\/wp-content\/uploads\/2025\/05\/2-1x1.jpg 1w, https:\/\/vapingnet.de\/wp-content\/uploads\/2025\/05\/2-10x6.jpg 10w\" sizes=\"(max-width: 1835px) 100vw, 1835px\" \/><\/h4>\n<h4 data-start=\"840\" data-end=\"879\">Nezrovnate\u013en\u00e1 kapacita puffov<\/h4>\n<p class=\"\" data-start=\"881\" data-end=\"1238\">S 15 000 \u0165ahmi pon\u00faka WASPE 15000 Puffs mimoriadne dlh\u00fa \u017eivotnos\u0165. Ve\u013ek\u00fd rezervo\u00e1r na e-liquid s objemom 22 ml zabezpe\u010duje dlhodob\u00fd p\u00f4\u017eitok bez neust\u00e1leho dop\u013a\u0148ania tekutiny. T\u00e1to kapacita ju rob\u00ed jednou z najdlh\u0161ie vydr\u017eia\u0165 jednorazov\u00fdch e cigariet, ktor\u00e9 s\u00fa moment\u00e1lne dostupn\u00e9, a je ide\u00e1lna pre ve\u013ek\u00fdch vapingu a cestovanie.<\/p>\n<h4 data-start=\"1245\" data-end=\"1305\">Intenz\u00edvne z\u00e1\u017eitky z vapingu v\u010faka technol\u00f3gii Mesh-Cievky<\/h4>\n<p class=\"\" data-start=\"1307\" data-end=\"1737\">WASPE 15000 Puffs vyu\u017e\u00edva najmodernej\u0161iu Mesh-cievku s odporom 0,8\u03a9, ktor\u00e1 zabezpe\u010duje rovnomern\u00e9 a efekt\u00edvne odparovanie e-liquidu. Mesh technol\u00f3gia zabezpe\u010duje intenz\u00edvnej\u0161ie uvo\u013e\u0148ovanie ar\u00f3m a v\u00e4\u010d\u0161iu produkciu pary, tak\u017ee chu\u0165 je s ka\u017ed\u00fdm \u0165ahom pln\u0161ia a uspokojivej\u0161ia. To znamen\u00e1 optimalizovan\u00fd z\u00e1\u017eitok z vapingu, ktor\u00fd presved\u010d\u00ed v oblasti chuti aj kvality pary.<\/p>\n<h4 data-start=\"1744\" data-end=\"1790\">LCD displej pre inform\u00e1cie v re\u00e1lnom \u010dase<\/h4>\n<p class=\"\" data-start=\"1792\" data-end=\"2212\">Vstavan\u00fd LCD displej WASPE 15000 Puffs zabezpe\u010duje, \u017ee budete ma\u0165 v\u017edy preh\u013ead o stave nabitia bat\u00e9rie a zost\u00e1vaj\u00facich \u0165ahoch. T\u00e1to funkcia je obzvl\u00e1\u0161\u0165 praktick\u00e1, preto\u017ee umo\u017e\u0148uje vap\u00e9rovi vedie\u0165, kedy je \u010das nab\u00edja\u0165 zariadenie alebo ko\u013eko \u0165ahov e\u0161te zost\u00e1va. Displej prispieva k bezstresov\u00e9mu a dobre napl\u00e1novan\u00e9mu pou\u017e\u00edvaniu zariadenia.<\/p>\n<h4 data-start=\"2219\" data-end=\"2273\">V\u0161estrann\u00e9 silice nikot\u00ednu pre ka\u017ed\u00fa potrebu<\/h4>\n<p class=\"\" data-start=\"2275\" data-end=\"2627\">WASPE 15000 Puffs je dostupn\u00fd v \u0161tyroch r\u00f4znych sil\u00e1ch nikot\u00ednu: 0 %, 2 %, 3 % a 5 %. To umo\u017e\u0148uje vap\u00e9rovi vybra\u0165 si ide\u00e1lnu silu nikot\u00ednu a vychutna\u0165 si na mieru prisp\u00f4soben\u00fd z\u00e1\u017eitok z vapovania. \u010ci ste za\u010diato\u010dn\u00edk alebo sk\u00fasen\u00fd vap\u00e9r, v\u00fdber sil\u00edc nikot\u00ednu zabezpe\u010duje dokonal\u00e9 prisp\u00f4sobenie va\u0161im potreb\u00e1m.<\/p>\n<h4 data-start=\"2634\" data-end=\"2672\">Ovocn\u00e1 chu\u0165: Pomaran\u010dov\u00e1 soda<\/h4>\n<p class=\"\" data-start=\"2674\" data-end=\"3067\">Pre v\u0161etk\u00fdch, ktor\u00ed maj\u00fa radi osvie\u017euj\u00face a ovocn\u00e9 ar\u00f3my, pon\u00faka WASPE 15000 Puffs chu\u0165 \u201ePomaran\u010dov\u00e1 soda\u201c. T\u00e1to \u0161\u0165avnat\u00e1 a sladk\u00e1 ar\u00f3ma pripom\u00edna osvie\u017euj\u00facu kombin\u00e1ciu pomaran\u010dovej limon\u00e1dy s jemn\u00fdm sodov\u00fdm n\u00e1dychom, ktor\u00fd je ide\u00e1lny na ka\u017ed\u00fa pr\u00edle\u017eitos\u0165. Je to ide\u00e1lna vo\u013eba pre vap\u00e9rovi, ktor\u00ed h\u013eadaj\u00fa sladk\u00fd, ale nie pr\u00edli\u0161 v\u00fdrazn\u00fd z\u00e1\u017eitok z chuti.<\/p>\n<h4 data-start=\"3074\" data-end=\"3122\">Jednoduch\u00e9 ovl\u00e1danie a prenosn\u00fd dizajn<\/h4>\n<p class=\"\" data-start=\"3124\" data-end=\"3440\">WASPE 15000 Puffs je jednorazov\u00e1 e-cigareta, ktor\u00e1 nevy\u017eaduje \u017eiadnu \u00fadr\u017ebu ani dop\u013a\u0148anie. To ju rob\u00ed obzvl\u00e1\u0161\u0165 pou\u017e\u00edvate\u013esky pr\u00edvetivou a praktickou pre ka\u017edodenn\u00e9 pou\u017eitie. S hmotnos\u0165ou iba 90 g je zariadenie \u013eahk\u00e9 a kompaktn\u00e9, tak\u017ee ho mo\u017eno \u013eahko ulo\u017ei\u0165 do ka\u017edej ta\u0161ky.<\/p>\n<p class=\"\" data-start=\"3442\" data-end=\"3682\">\u010eal\u0161ou ve\u013ekou v\u00fdhodou je bezcoln\u00e1 dod\u00e1vka, ktor\u00e1 umo\u017e\u0148uje medzin\u00e1rodn\u00fdm z\u00e1kazn\u00edkom jednoduch\u0161ie zak\u00fapi\u0165 si zariadenie bez dodato\u010dn\u00fdch n\u00e1kladov. To rob\u00ed WASPE 15000 Puffs e\u0161te atrakt\u00edvnej\u0161\u00edm pre vap\u00e9rovi mimo regi\u00f3nu Deutschland.<\/p>\n<h4 data-start=\"3689\" data-end=\"3738\">Za\u017eite vapovanie na novej \u00farovni<\/h4>\n<p class=\"\" data-start=\"3740\" data-end=\"4124\">WASPE 15000 Puffs pon\u00faka nielen v\u00fdnimo\u010dn\u00fd v\u00fdkon, ale aj intenz\u00edvny a dlhotrvaj\u00faci z\u00e1\u017eitok z vapovania. S inovat\u00edvnou technol\u00f3giou, dlh\u00fdm \u010dasom pou\u017e\u00edvania a ovocnou chu\u0165ou je ide\u00e1lnou vo\u013ebou pre vap\u00e9rovi, ktor\u00ed klad\u00fa d\u00f4raz na kvalitu a komfort. Viac inform\u00e1ci\u00ed a mo\u017enos\u0165 objednania n\u00e1jdete na vapingnet.de.<\/p>","protected":false},"excerpt":{"rendered":"<p>WASPE 15000 Puffs: Die perfekte Einweg-E-Zigarette f\u00fcr anspruchsvolle Dampfer Die WASPE 15000 Puffs ist eine der fortschrittlichsten Einweg-E-Zigaretten auf dem Markt. Mit einer beeindruckenden Puff-Kapazit\u00e4t&#8230;<\/p>","protected":false},"featured_media":6737,"template":"","meta":[],"etheme_brands":[],"product_brand":[98],"product_cat":[53,49,61],"product_tag":[],"class_list":{"0":"post-6726","1":"product","2":"type-product","3":"status-publish","4":"has-post-thumbnail","6":"product_brand-waspe-vape","7":"product_cat-vape-15000-zuege","8":"product_cat-einweg-e-zigarette","9":"product_cat-f","11":"first","12":"instock","13":"shipping-taxable","14":"purchasable","15":"product-type-simple"},"yoast_head":"<!-- This site is optimized with the Yoast SEO plugin v26.5 - https:\/\/yoast.com\/wordpress\/plugins\/seo\/ -->\n<title>Der Geschmack Des Sommers WASPE 15000 Puffs Orange Soda Bestellen &amp; Sparen | Vapingnet.de<\/title>\n<meta name=\"description\" content=\"Entdecke Der Geschmack Des Sommers WASPE 15000 Puffs Orange Soda Bestellen &amp; Sparen bei vapingnet.de, \u25ba Gro\u00dfe Auswahl an Geschmacksrichtungen &amp; super g\u00fcnstig!\" \/>\n<meta name=\"robots\" content=\"index, follow, max-snippet:-1, max-image-preview:large, max-video-preview:-1\" \/>\n<link rel=\"canonical\" href=\"https:\/\/vapingnet.de\/sk\/vape\/der-geschmack-des-sommers-waspe-15000-puffs-orange-soda-bestellen-sparen\/\" \/>\n<meta property=\"og:locale\" content=\"sk_SK\" \/>\n<meta property=\"og:type\" content=\"article\" \/>\n<meta property=\"og:title\" content=\"Der Geschmack Des Sommers WASPE 15000 Puffs Orange Soda Bestellen &amp; Sparen | Vapingnet.de\" \/>\n<meta property=\"og:description\" content=\"Entdecke Der Geschmack Des Sommers WASPE 15000 Puffs Orange Soda Bestellen &amp; Sparen bei vapingnet.de, \u25ba Gro\u00dfe Auswahl an Geschmacksrichtungen &amp; super g\u00fcnstig!\" \/>\n<meta property=\"og:url\" content=\"https:\/\/vapingnet.de\/sk\/vape\/der-geschmack-des-sommers-waspe-15000-puffs-orange-soda-bestellen-sparen\/\" \/>\n<meta property=\"og:site_name\" content=\"Vapingnet.de\" \/>\n<meta property=\"article:publisher\" content=\"https:\/\/www.facebook.com\/vapingnetde\/\" \/>\n<meta property=\"article:modified_time\" content=\"2025-06-19T03:45:06+00:00\" \/>\n<meta property=\"og:image\" content=\"https:\/\/vapingnet.de\/wp-content\/uploads\/2025\/05\/Orange-Soda.webp\" \/>\n\t<meta property=\"og:image:width\" content=\"1000\" \/>\n\t<meta property=\"og:image:height\" content=\"1000\" \/>\n\t<meta property=\"og:image:type\" content=\"image\/webp\" \/>\n<meta name=\"twitter:card\" content=\"summary_large_image\" \/>\n<meta name=\"twitter:label1\" content=\"Est. reading time\" \/>\n\t<meta name=\"twitter:data1\" content=\"4 minutes\" \/>\n<script type=\"application\/ld+json\" class=\"yoast-schema-graph\">{\"@context\":\"https:\/\/schema.org\",\"@graph\":[{\"@type\":\"WebPage\",\"@id\":\"https:\/\/vapingnet.de\/vape\/der-geschmack-des-sommers-waspe-15000-puffs-orange-soda-bestellen-sparen\/\",\"url\":\"https:\/\/vapingnet.de\/vape\/der-geschmack-des-sommers-waspe-15000-puffs-orange-soda-bestellen-sparen\/\",\"name\":\"Der Geschmack Des Sommers WASPE 15000 Puffs Orange Soda Bestellen & Sparen | Vapingnet.de\",\"isPartOf\":{\"@id\":\"https:\/\/vapingnet.de\/#website\"},\"primaryImageOfPage\":{\"@id\":\"https:\/\/vapingnet.de\/vape\/der-geschmack-des-sommers-waspe-15000-puffs-orange-soda-bestellen-sparen\/#primaryimage\"},\"image\":{\"@id\":\"https:\/\/vapingnet.de\/vape\/der-geschmack-des-sommers-waspe-15000-puffs-orange-soda-bestellen-sparen\/#primaryimage\"},\"thumbnailUrl\":\"https:\/\/vapingnet.de\/wp-content\/uploads\/2025\/05\/Orange-Soda.webp\",\"datePublished\":\"2025-05-05T02:36:03+00:00\",\"dateModified\":\"2025-06-19T03:45:06+00:00\",\"description\":\"Entdecke Der Geschmack Des Sommers WASPE 15000 Puffs Orange Soda Bestellen & Sparen bei vapingnet.de, \u25ba Gro\u00dfe Auswahl an Geschmacksrichtungen & super g\u00fcnstig!\",\"breadcrumb\":{\"@id\":\"https:\/\/vapingnet.de\/vape\/der-geschmack-des-sommers-waspe-15000-puffs-orange-soda-bestellen-sparen\/#breadcrumb\"},\"inLanguage\":\"sk-SK\",\"potentialAction\":[{\"@type\":\"ReadAction\",\"target\":[\"https:\/\/vapingnet.de\/vape\/der-geschmack-des-sommers-waspe-15000-puffs-orange-soda-bestellen-sparen\/\"]}]},{\"@type\":\"ImageObject\",\"inLanguage\":\"sk-SK\",\"@id\":\"https:\/\/vapingnet.de\/vape\/der-geschmack-des-sommers-waspe-15000-puffs-orange-soda-bestellen-sparen\/#primaryimage\",\"url\":\"https:\/\/vapingnet.de\/wp-content\/uploads\/2025\/05\/Orange-Soda.webp\",\"contentUrl\":\"https:\/\/vapingnet.de\/wp-content\/uploads\/2025\/05\/Orange-Soda.webp\",\"width\":1000,\"height\":1000},{\"@type\":\"BreadcrumbList\",\"@id\":\"https:\/\/vapingnet.de\/vape\/der-geschmack-des-sommers-waspe-15000-puffs-orange-soda-bestellen-sparen\/#breadcrumb\",\"itemListElement\":[{\"@type\":\"ListItem\",\"position\":1,\"name\":\"Home\",\"item\":\"https:\/\/vapingnet.de\/\"},{\"@type\":\"ListItem\",\"position\":2,\"name\":\"Shop\",\"item\":\"https:\/\/vapingnet.de\/vape\/\"},{\"@type\":\"ListItem\",\"position\":3,\"name\":\"Der Geschmack Des Sommers WASPE 15000 Puffs Orange Soda Bestellen &#038; Sparen\"}]},{\"@type\":\"WebSite\",\"@id\":\"https:\/\/vapingnet.de\/#website\",\"url\":\"https:\/\/vapingnet.de\/\",\"name\":\"Vapingnet.de\",\"description\":\"\",\"publisher\":{\"@id\":\"https:\/\/vapingnet.de\/#organization\"},\"potentialAction\":[{\"@type\":\"SearchAction\",\"target\":{\"@type\":\"EntryPoint\",\"urlTemplate\":\"https:\/\/vapingnet.de\/?s={search_term_string}\"},\"query-input\":{\"@type\":\"PropertyValueSpecification\",\"valueRequired\":true,\"valueName\":\"search_term_string\"}}],\"inLanguage\":\"sk-SK\"},{\"@type\":\"Organization\",\"@id\":\"https:\/\/vapingnet.de\/#organization\",\"name\":\"Vapingnet.de\",\"url\":\"https:\/\/vapingnet.de\/\",\"logo\":{\"@type\":\"ImageObject\",\"inLanguage\":\"sk-SK\",\"@id\":\"https:\/\/vapingnet.de\/#\/schema\/logo\/image\/\",\"url\":\"https:\/\/vapingnet.de\/wp-content\/uploads\/2025\/03\/cropped-vapingnet.de_.jpg\",\"contentUrl\":\"https:\/\/vapingnet.de\/wp-content\/uploads\/2025\/03\/cropped-vapingnet.de_.jpg\",\"width\":512,\"height\":512,\"caption\":\"Vapingnet.de\"},\"image\":{\"@id\":\"https:\/\/vapingnet.de\/#\/schema\/logo\/image\/\"},\"sameAs\":[\"https:\/\/www.facebook.com\/vapingnetde\/\"]}]}<\/script>\n<!-- \/ Yoast SEO plugin. -->","yoast_head_json":{"title":"Der Geschmack Des Sommers WASPE 15000 Puffs Orange Soda Bestellen & Sparen | Vapingnet.de","description":"Entdecke Der Geschmack Des Sommers WASPE 15000 Puffs Orange Soda Bestellen & Sparen bei vapingnet.de, \u25ba Gro\u00dfe Auswahl an Geschmacksrichtungen & super g\u00fcnstig!","robots":{"index":"index","follow":"follow","max-snippet":"max-snippet:-1","max-image-preview":"max-image-preview:large","max-video-preview":"max-video-preview:-1"},"canonical":"https:\/\/vapingnet.de\/sk\/vape\/der-geschmack-des-sommers-waspe-15000-puffs-orange-soda-bestellen-sparen\/","og_locale":"sk_SK","og_type":"article","og_title":"Der Geschmack Des Sommers WASPE 15000 Puffs Orange Soda Bestellen & Sparen | Vapingnet.de","og_description":"Entdecke Der Geschmack Des Sommers WASPE 15000 Puffs Orange Soda Bestellen & Sparen bei vapingnet.de, \u25ba Gro\u00dfe Auswahl an Geschmacksrichtungen & super g\u00fcnstig!","og_url":"https:\/\/vapingnet.de\/sk\/vape\/der-geschmack-des-sommers-waspe-15000-puffs-orange-soda-bestellen-sparen\/","og_site_name":"Vapingnet.de","article_publisher":"https:\/\/www.facebook.com\/vapingnetde\/","article_modified_time":"2025-06-19T03:45:06+00:00","og_image":[{"width":1000,"height":1000,"url":"https:\/\/vapingnet.de\/wp-content\/uploads\/2025\/05\/Orange-Soda.webp","type":"image\/webp"}],"twitter_card":"summary_large_image","twitter_misc":{"Est. reading time":"4 minutes"},"schema":{"@context":"https:\/\/schema.org","@graph":[{"@type":"WebPage","@id":"https:\/\/vapingnet.de\/vape\/der-geschmack-des-sommers-waspe-15000-puffs-orange-soda-bestellen-sparen\/","url":"https:\/\/vapingnet.de\/vape\/der-geschmack-des-sommers-waspe-15000-puffs-orange-soda-bestellen-sparen\/","name":"Der Geschmack Des Sommers WASPE 15000 Puffs Orange Soda Bestellen & Sparen | Vapingnet.de","isPartOf":{"@id":"https:\/\/vapingnet.de\/#website"},"primaryImageOfPage":{"@id":"https:\/\/vapingnet.de\/vape\/der-geschmack-des-sommers-waspe-15000-puffs-orange-soda-bestellen-sparen\/#primaryimage"},"image":{"@id":"https:\/\/vapingnet.de\/vape\/der-geschmack-des-sommers-waspe-15000-puffs-orange-soda-bestellen-sparen\/#primaryimage"},"thumbnailUrl":"https:\/\/vapingnet.de\/wp-content\/uploads\/2025\/05\/Orange-Soda.webp","datePublished":"2025-05-05T02:36:03+00:00","dateModified":"2025-06-19T03:45:06+00:00","description":"Entdecke Der Geschmack Des Sommers WASPE 15000 Puffs Orange Soda Bestellen & Sparen bei vapingnet.de, \u25ba Gro\u00dfe Auswahl an Geschmacksrichtungen & super g\u00fcnstig!","breadcrumb":{"@id":"https:\/\/vapingnet.de\/vape\/der-geschmack-des-sommers-waspe-15000-puffs-orange-soda-bestellen-sparen\/#breadcrumb"},"inLanguage":"sk-SK","potentialAction":[{"@type":"ReadAction","target":["https:\/\/vapingnet.de\/vape\/der-geschmack-des-sommers-waspe-15000-puffs-orange-soda-bestellen-sparen\/"]}]},{"@type":"ImageObject","inLanguage":"sk-SK","@id":"https:\/\/vapingnet.de\/vape\/der-geschmack-des-sommers-waspe-15000-puffs-orange-soda-bestellen-sparen\/#primaryimage","url":"https:\/\/vapingnet.de\/wp-content\/uploads\/2025\/05\/Orange-Soda.webp","contentUrl":"https:\/\/vapingnet.de\/wp-content\/uploads\/2025\/05\/Orange-Soda.webp","width":1000,"height":1000},{"@type":"BreadcrumbList","@id":"https:\/\/vapingnet.de\/vape\/der-geschmack-des-sommers-waspe-15000-puffs-orange-soda-bestellen-sparen\/#breadcrumb","itemListElement":[{"@type":"ListItem","position":1,"name":"Home","item":"https:\/\/vapingnet.de\/"},{"@type":"ListItem","position":2,"name":"Shop","item":"https:\/\/vapingnet.de\/vape\/"},{"@type":"ListItem","position":3,"name":"Der Geschmack Des Sommers WASPE 15000 Puffs Orange Soda Bestellen &#038; Sparen"}]},{"@type":"WebSite","@id":"https:\/\/vapingnet.de\/#website","url":"https:\/\/vapingnet.de\/","name":"Vapingnet.de","description":"","publisher":{"@id":"https:\/\/vapingnet.de\/#organization"},"potentialAction":[{"@type":"SearchAction","target":{"@type":"EntryPoint","urlTemplate":"https:\/\/vapingnet.de\/?s={search_term_string}"},"query-input":{"@type":"PropertyValueSpecification","valueRequired":true,"valueName":"search_term_string"}}],"inLanguage":"sk-SK"},{"@type":"Organization","@id":"https:\/\/vapingnet.de\/#organization","name":"Vapingnet.de","url":"https:\/\/vapingnet.de\/","logo":{"@type":"ImageObject","inLanguage":"sk-SK","@id":"https:\/\/vapingnet.de\/#\/schema\/logo\/image\/","url":"https:\/\/vapingnet.de\/wp-content\/uploads\/2025\/03\/cropped-vapingnet.de_.jpg","contentUrl":"https:\/\/vapingnet.de\/wp-content\/uploads\/2025\/03\/cropped-vapingnet.de_.jpg","width":512,"height":512,"caption":"Vapingnet.de"},"image":{"@id":"https:\/\/vapingnet.de\/#\/schema\/logo\/image\/"},"sameAs":["https:\/\/www.facebook.com\/vapingnetde\/"]}]}},"tiered_pricing_type":"fixed","tiered_pricing_fixed_rules":{"10":"8.35","60":"7.52","110":"6.68","200":"5.85"},"tiered_pricing_product_settings":{"layout":"default","base_unit_name":{"singular":null,"plural":null},"default_variation":null},"tiered_pricing_minimum_quantity":null,"tiered_pricing_roles_data":[],"tiered_pricing_percentage_rules":[],"_links":{"self":[{"href":"https:\/\/vapingnet.de\/sk\/wp-json\/wp\/v2\/product\/6726","targetHints":{"allow":["GET"]}}],"collection":[{"href":"https:\/\/vapingnet.de\/sk\/wp-json\/wp\/v2\/product"}],"about":[{"href":"https:\/\/vapingnet.de\/sk\/wp-json\/wp\/v2\/types\/product"}],"version-history":[{"count":2,"href":"https:\/\/vapingnet.de\/sk\/wp-json\/wp\/v2\/product\/6726\/revisions"}],"predecessor-version":[{"id":6887,"href":"https:\/\/vapingnet.de\/sk\/wp-json\/wp\/v2\/product\/6726\/revisions\/6887"}],"wp:featuredmedia":[{"embeddable":true,"href":"https:\/\/vapingnet.de\/sk\/wp-json\/wp\/v2\/media\/6737"}],"wp:attachment":[{"href":"https:\/\/vapingnet.de\/sk\/wp-json\/wp\/v2\/media?parent=6726"}],"wp:term":[{"taxonomy":"brand","embeddable":true,"href":"https:\/\/vapingnet.de\/sk\/wp-json\/wp\/v2\/etheme_brands?post=6726"},{"taxonomy":"product_brand","embeddable":true,"href":"https:\/\/vapingnet.de\/sk\/wp-json\/wp\/v2\/product_brand?post=6726"},{"taxonomy":"product_cat","embeddable":true,"href":"https:\/\/vapingnet.de\/sk\/wp-json\/wp\/v2\/product_cat?post=6726"},{"taxonomy":"product_tag","embeddable":true,"href":"https:\/\/vapingnet.de\/sk\/wp-json\/wp\/v2\/product_tag?post=6726"}],"curies":[{"name":"wp","href":"https:\/\/api.w.org\/{rel}","templated":true}]}}