{"id":6728,"date":"2025-05-05T02:36:07","date_gmt":"2025-05-05T02:36:07","guid":{"rendered":"https:\/\/vapingnet.de\/?post_type=product&#038;p=6728"},"modified":"2026-04-15T08:18:47","modified_gmt":"2026-04-15T08:18:47","slug":"waspe-15000-puffs-strawberry-kiwi-hol-dir-den-bestseller-jetzt-zu-sparpreisen","status":"publish","type":"product","link":"https:\/\/vapingnet.de\/sk\/vape\/waspe-15000-puffs-strawberry-kiwi-hol-dir-den-bestseller-jetzt-zu-sparpreisen\/","title":{"rendered":"WASPE 15000 Pufov Jahoda Kiwi Z\u00edskajte najpred\u00e1vanej\u0161ie teraz za v\u00fdhodn\u00e9 ceny"},"content":{"rendered":"<h2 data-start=\"0\" data-end=\"62\" data-immersive-translate-walked=\"7d506604-c5bf-4417-87dd-12aa5d39430d\">WASPE 15000 Puffs: Revolu\u010dn\u00fd z\u00e1\u017eitok pre vapera<\/h2>\n<p class=\"\" data-start=\"64\" data-end=\"429\" data-immersive-translate-walked=\"7d506604-c5bf-4417-87dd-12aa5d39430d\" data-immersive-translate-paragraph=\"1\">Svet vapovania sa vyvinul a WASPE 15000 Puffs jednorazov\u00e1 e-cigareta nastavuje nov\u00e9 \u0161tandardy pre v\u0161etk\u00fdch vaperoch, ktor\u00ed h\u013eadaj\u00fa dlh\u00fd a intenz\u00edvny z\u00e1\u017eitok z vapovania. S mno\u017estvom p\u00f4sobiv\u00fdch vlastnost\u00ed a inovat\u00edvnych technol\u00f3gi\u00ed pon\u00faka tento model v\u0161etko, \u010do sa o\u010dak\u00e1va od pr\u00e9miovej e-cigarety.<\/p>\n<h4 data-start=\"431\" data-end=\"471\" data-immersive-translate-walked=\"7d506604-c5bf-4417-87dd-12aa5d39430d\">Dlh\u00e1 \u017eivotnos\u0165 a vysok\u00e1 kapacita<\/h4>\n<p class=\"\" data-start=\"473\" data-end=\"889\" data-immersive-translate-walked=\"7d506604-c5bf-4417-87dd-12aa5d39430d\" data-immersive-translate-paragraph=\"1\">V\u00fdrazn\u00fdm znakom WASPE 15000 Puffs je p\u00f4sobiv\u00e1 kapacita na 15 000 \u0165ahov. To znamen\u00e1, \u017ee t\u00e1to jednorazov\u00e1 e-cigareta je vhodn\u00e1 aj na dlh\u00e9 vapovacie rel\u00e1cie a nemus\u00edte neust\u00e1le h\u013eada\u0165 nov\u00fa e-cigaretu. S 22 ml z\u00e1sobn\u00edkom na e-liquid si m\u00f4\u017eete vychutn\u00e1va\u0165 svoje ob\u013e\u00faben\u00e9 pr\u00edchute dlh\u0161\u00ed \u010das bez \u010dast\u00e9ho dop\u013a\u0148ania.<\/p>\n<h4 data-start=\"891\" data-end=\"940\" data-immersive-translate-walked=\"7d506604-c5bf-4417-87dd-12aa5d39430d\">V\u0161estrann\u00e9 mo\u017enosti nikot\u00ednu pre ka\u017ed\u00e9ho vapera<\/h4>\n<p class=\"\" data-start=\"942\" data-end=\"1248\" data-immersive-translate-walked=\"7d506604-c5bf-4417-87dd-12aa5d39430d\" data-immersive-translate-paragraph=\"1\">Pre t\u00fdch, ktor\u00ed preferuj\u00fa r\u00f4zne \u00farovne nikot\u00ednu, pon\u00faka WASPE 15000 Puffs v\u00fdber z 0%, 2%, 3% a 5%. To v\u00e1m umo\u017e\u0148uje vybra\u0165 si silu pod\u013ea vlastn\u00fdch preferenci\u00ed a potrieb \u2013 \u010di u\u017e chcete jemnej\u0161\u00ed z\u00e1\u017eitok alebo silnej\u0161iu d\u00e1vku nikot\u00ednu.<\/p>\n<h4 data-start=\"1250\" data-end=\"1292\" data-immersive-translate-walked=\"7d506604-c5bf-4417-87dd-12aa5d39430d\">LCD displej pre inform\u00e1cie v re\u00e1lnom \u010dase<\/h4>\n<p class=\"\" data-start=\"1294\" data-end=\"1627\" data-immersive-translate-walked=\"7d506604-c5bf-4417-87dd-12aa5d39430d\" data-immersive-translate-paragraph=\"1\">Vn\u00fatorn\u00fd LCD displej je \u010fal\u0161\u00edm praktick\u00fdm prvkom WASPE 15000 Puffs. Zobrazuje d\u00f4le\u017eit\u00e9 inform\u00e1cie v re\u00e1lnom \u010dase, ako je stav nabitia bat\u00e9rie a zost\u00e1vaj\u00face mno\u017estvo liquidu, tak\u017ee v\u017edy presne viete, kde sa nach\u00e1dzate. To zabezpe\u010duje premyslen\u00fd a pou\u017e\u00edvate\u013esky pr\u00edvetiv\u00fd z\u00e1\u017eitok z vapovania.<\/p>\n<h4 data-start=\"1629\" data-end=\"1674\" data-immersive-translate-walked=\"7d506604-c5bf-4417-87dd-12aa5d39430d\">Odoln\u00e1 bat\u00e9ria s r\u00fdchlym nab\u00edjan\u00edm<\/h4>\n<p class=\"\" data-start=\"1676\" data-end=\"2046\" data-immersive-translate-walked=\"7d506604-c5bf-4417-87dd-12aa5d39430d\" data-immersive-translate-paragraph=\"1\">Jednorazov\u00e1 e-cigareta WASPE 15000 Puffs je vybaven\u00e1 850mAh bat\u00e9riou, ktor\u00e1 je navrhnut\u00e1 na dlhodob\u00e9 pou\u017e\u00edvanie. Bat\u00e9ria sa d\u00e1 \u013eahko nabi\u0165 cez praktick\u00fd port Type-C, tak\u017ee sa nikdy nemus\u00edte ob\u00e1va\u0165 n\u00e1hlyho vybitia. R\u00fdchlos\u0165 nab\u00edjania cez port Type-C zabezpe\u010duje, \u017ee va\u0161e zariadenie je r\u00fdchlo op\u00e4\u0165 pripraven\u00e9 na pou\u017eitie.<\/p>\n<h4 data-start=\"2048\" data-end=\"2098\" data-immersive-translate-walked=\"7d506604-c5bf-4417-87dd-12aa5d39430d\">Mesh cievka technol\u00f3gia pre intenz\u00edvnu chu\u0165<\/h4>\n<p class=\"\" data-start=\"2100\" data-end=\"2369\" data-immersive-translate-walked=\"7d506604-c5bf-4417-87dd-12aa5d39430d\" data-immersive-translate-paragraph=\"1\">Pre mimoriadne intenz\u00edvny z\u00e1\u017eitok z chuti je v WASPE 15000 Puffs pou\u017eit\u00e1 technol\u00f3gia Mesh cievky s odporom 0,8\u03a9. T\u00e1to technol\u00f3gia umo\u017e\u0148uje lep\u0161iu tvorbu pary a intenz\u00edvnej\u0161\u00ed v\u00fdstup chuti, \u010do rob\u00ed vapovanie e\u0161te pr\u00edjemnej\u0161\u00edm.<\/p>\n<h4 data-start=\"2371\" data-end=\"2397\" data-immersive-translate-walked=\"7d506604-c5bf-4417-87dd-12aa5d39430d\">\u013dahk\u00e9 a pohodln\u00e9<\/h4>\n<p class=\"\" data-start=\"2399\" data-end=\"2651\" data-immersive-translate-walked=\"7d506604-c5bf-4417-87dd-12aa5d39430d\" data-immersive-translate-paragraph=\"1\">S hmotnos\u0165ou len 90 g na kus je WASPE 15000 Puffs neuverite\u013ene \u013eahk\u00e1 a skladn\u00e1. \u010ci u\u017e ste na cest\u00e1ch alebo relaxujete doma \u2013 kompaktn\u00fd dizajn zabezpe\u010duje, \u017ee si svoj z\u00e1\u017eitok z vapovania m\u00f4\u017eete vychutn\u00e1va\u0165 kedyko\u013evek a kdeko\u013evek.<\/p>\n<h4 data-start=\"2653\" data-end=\"2697\" data-immersive-translate-walked=\"7d506604-c5bf-4417-87dd-12aa5d39430d\">Strawberry Kiwi \u2013 dokonal\u00e1 chu\u0165<\/h4>\n<p class=\"\" data-start=\"2699\" data-end=\"3015\" data-immersive-translate-walked=\"7d506604-c5bf-4417-87dd-12aa5d39430d\" data-immersive-translate-paragraph=\"1\">Jednorazov\u00e1 e-cigareta WASPE 15000 Puffs je dostupn\u00e1 v r\u00f4znych pr\u00edchutiach, ale obzvl\u00e1\u0161\u0165 vynik\u00e1 pr\u00edchu\u0165 \u201cStrawberry Kiwi\u201d. Sladk\u00e1 a svie\u017ea chu\u0165 jah\u00f4d v kombin\u00e1cii s exotickou notou kiwi prin\u00e1\u0161a osvie\u017euj\u00faci a z\u00e1rove\u0148 sladk\u00fd z\u00e1\u017eitok pri ka\u017edom \u0165ahu.<\/p>\n<h3 data-start=\"3017\" data-end=\"3051\" data-immersive-translate-walked=\"7d506604-c5bf-4417-87dd-12aa5d39430d\">V\u00fdhody WASPE 15000 Puffs<\/h3>\n<p class=\"\" data-start=\"3053\" data-end=\"3350\" data-immersive-translate-walked=\"7d506604-c5bf-4417-87dd-12aa5d39430d\" data-immersive-translate-paragraph=\"1\">Okrem vysokej kapacity a praktick\u00fdch funkci\u00ed pon\u00faka WASPE 15000 Puffs e\u0161te jeden ve\u013ek\u00fd benefit: oslobodenie od coln\u00fdch poplatkov. To znamen\u00e1, \u017ee t\u00fato e-cigaretu m\u00f4\u017eete zak\u00fapi\u0165 bez dodato\u010dn\u00fdch coln\u00fdch n\u00e1kladov v Eur\u00f3pe, \u010d\u00edm sa vapovanie st\u00e1va e\u0161te dostupnej\u0161\u00edm.<\/p>\n<p class=\"\" data-start=\"3352\" data-end=\"3766\" data-immersive-translate-walked=\"7d506604-c5bf-4417-87dd-12aa5d39430d\" data-immersive-translate-paragraph=\"1\">WASPE 15000 Puffs nie je len \u010fal\u0161\u00edm jednorazov\u00fdm produktom, ale skuto\u010dnou inov\u00e1ciou vo svete e-cigariet. Sp\u00e1ja komfort, technol\u00f3giu a p\u00f4\u017eitok v jednom zariaden\u00ed, ktor\u00e9 umo\u017e\u0148uje za\u010d\u00ednaj\u00facim aj sk\u00fasen\u00fdm vaperoch za\u017ei\u0165 dokonal\u00fd z\u00e1\u017eitok z vapovania. Nav\u0161t\u00edvte vapingnet.de, aby ste sa dozvedeli viac o tomto p\u00f4sobivom produkte a mohli si ho pohodlne necha\u0165 doru\u010di\u0165 domov.<\/p>","protected":false},"excerpt":{"rendered":"<p>WASPE 15000 Puffs: Revolu\u010dn\u00fd z\u00e1\u017eitok pre vaperaov. Svet vapovania sa vyv\u00edja a WASPE 15000 Puffs jednorazov\u00e1 e-cigareta nastavuje nov\u00e9 \u0161tandardy pre...<\/p>","protected":false},"featured_media":6739,"template":"","meta":[],"etheme_brands":[],"product_brand":[98],"product_cat":[53,49,61],"product_tag":[],"class_list":{"0":"post-6728","1":"product","2":"type-product","3":"status-publish","4":"has-post-thumbnail","6":"product_brand-waspe-vape","7":"product_cat-vape-15000-zuege","8":"product_cat-einweg-e-zigarette","9":"product_cat-f","11":"first","12":"instock","13":"shipping-taxable","14":"purchasable","15":"product-type-variable"},"yoast_head":"<!-- This site is optimized with the Yoast SEO plugin v26.5 - https:\/\/yoast.com\/wordpress\/plugins\/seo\/ -->\n<title>WASPE 15000 Puffs Strawberry Kiwi Hol Dir Den Bestseller Jetzt Zu Sparpreisen | Vapingnet.de<\/title>\n<meta name=\"description\" content=\"Entdecke WASPE 15000 Puffs Strawberry Kiwi Hol Dir Den Bestseller Jetzt Zu Sparpreisen bei vapingnet.de, \u25ba Gro\u00dfe Auswahl an Geschmacksrichtungen &amp; super g\u00fcnstig!\" \/>\n<meta name=\"robots\" content=\"index, follow, max-snippet:-1, max-image-preview:large, max-video-preview:-1\" \/>\n<link rel=\"canonical\" href=\"https:\/\/vapingnet.de\/sk\/vape\/waspe-15000-puffs-strawberry-kiwi-hol-dir-den-bestseller-jetzt-zu-sparpreisen\/\" \/>\n<meta property=\"og:locale\" content=\"sk_SK\" \/>\n<meta property=\"og:type\" content=\"article\" \/>\n<meta property=\"og:title\" content=\"WASPE 15000 Puffs Strawberry Kiwi Hol Dir Den Bestseller Jetzt Zu Sparpreisen | Vapingnet.de\" \/>\n<meta property=\"og:description\" content=\"Entdecke WASPE 15000 Puffs Strawberry Kiwi Hol Dir Den Bestseller Jetzt Zu Sparpreisen bei vapingnet.de, \u25ba Gro\u00dfe Auswahl an Geschmacksrichtungen &amp; super g\u00fcnstig!\" \/>\n<meta property=\"og:url\" content=\"https:\/\/vapingnet.de\/sk\/vape\/waspe-15000-puffs-strawberry-kiwi-hol-dir-den-bestseller-jetzt-zu-sparpreisen\/\" \/>\n<meta property=\"og:site_name\" content=\"Vapingnet.de\" \/>\n<meta property=\"article:publisher\" content=\"https:\/\/www.facebook.com\/vapingnetde\/\" \/>\n<meta property=\"article:modified_time\" content=\"2026-04-15T08:18:47+00:00\" \/>\n<meta property=\"og:image\" content=\"https:\/\/vapingnet.de\/wp-content\/uploads\/2025\/05\/Strawberry-Kiwi.webp\" \/>\n\t<meta property=\"og:image:width\" content=\"1000\" \/>\n\t<meta property=\"og:image:height\" content=\"1000\" \/>\n\t<meta property=\"og:image:type\" content=\"image\/webp\" \/>\n<meta name=\"twitter:card\" content=\"summary_large_image\" \/>\n<meta name=\"twitter:label1\" content=\"Est. reading time\" \/>\n\t<meta name=\"twitter:data1\" content=\"4 minutes\" \/>\n<script type=\"application\/ld+json\" class=\"yoast-schema-graph\">{\"@context\":\"https:\/\/schema.org\",\"@graph\":[{\"@type\":\"WebPage\",\"@id\":\"https:\/\/vapingnet.de\/vape\/waspe-15000-puffs-strawberry-kiwi-hol-dir-den-bestseller-jetzt-zu-sparpreisen\/\",\"url\":\"https:\/\/vapingnet.de\/vape\/waspe-15000-puffs-strawberry-kiwi-hol-dir-den-bestseller-jetzt-zu-sparpreisen\/\",\"name\":\"WASPE 15000 Puffs Strawberry Kiwi Hol Dir Den Bestseller Jetzt Zu Sparpreisen | Vapingnet.de\",\"isPartOf\":{\"@id\":\"https:\/\/vapingnet.de\/#website\"},\"primaryImageOfPage\":{\"@id\":\"https:\/\/vapingnet.de\/vape\/waspe-15000-puffs-strawberry-kiwi-hol-dir-den-bestseller-jetzt-zu-sparpreisen\/#primaryimage\"},\"image\":{\"@id\":\"https:\/\/vapingnet.de\/vape\/waspe-15000-puffs-strawberry-kiwi-hol-dir-den-bestseller-jetzt-zu-sparpreisen\/#primaryimage\"},\"thumbnailUrl\":\"https:\/\/vapingnet.de\/wp-content\/uploads\/2025\/05\/Strawberry-Kiwi.webp\",\"datePublished\":\"2025-05-05T02:36:07+00:00\",\"dateModified\":\"2026-04-15T08:18:47+00:00\",\"description\":\"Entdecke WASPE 15000 Puffs Strawberry Kiwi Hol Dir Den Bestseller Jetzt Zu Sparpreisen bei vapingnet.de, \u25ba Gro\u00dfe Auswahl an Geschmacksrichtungen & super g\u00fcnstig!\",\"breadcrumb\":{\"@id\":\"https:\/\/vapingnet.de\/vape\/waspe-15000-puffs-strawberry-kiwi-hol-dir-den-bestseller-jetzt-zu-sparpreisen\/#breadcrumb\"},\"inLanguage\":\"sk-SK\",\"potentialAction\":[{\"@type\":\"ReadAction\",\"target\":[\"https:\/\/vapingnet.de\/vape\/waspe-15000-puffs-strawberry-kiwi-hol-dir-den-bestseller-jetzt-zu-sparpreisen\/\"]}]},{\"@type\":\"ImageObject\",\"inLanguage\":\"sk-SK\",\"@id\":\"https:\/\/vapingnet.de\/vape\/waspe-15000-puffs-strawberry-kiwi-hol-dir-den-bestseller-jetzt-zu-sparpreisen\/#primaryimage\",\"url\":\"https:\/\/vapingnet.de\/wp-content\/uploads\/2025\/05\/Strawberry-Kiwi.webp\",\"contentUrl\":\"https:\/\/vapingnet.de\/wp-content\/uploads\/2025\/05\/Strawberry-Kiwi.webp\",\"width\":1000,\"height\":1000},{\"@type\":\"BreadcrumbList\",\"@id\":\"https:\/\/vapingnet.de\/vape\/waspe-15000-puffs-strawberry-kiwi-hol-dir-den-bestseller-jetzt-zu-sparpreisen\/#breadcrumb\",\"itemListElement\":[{\"@type\":\"ListItem\",\"position\":1,\"name\":\"Home\",\"item\":\"https:\/\/vapingnet.de\/\"},{\"@type\":\"ListItem\",\"position\":2,\"name\":\"Shop\",\"item\":\"https:\/\/vapingnet.de\/vape\/\"},{\"@type\":\"ListItem\",\"position\":3,\"name\":\"WASPE 15000 Puffs Strawberry Kiwi Hol Dir Den Bestseller Jetzt Zu Sparpreisen\"}]},{\"@type\":\"WebSite\",\"@id\":\"https:\/\/vapingnet.de\/#website\",\"url\":\"https:\/\/vapingnet.de\/\",\"name\":\"Vapingnet.de\",\"description\":\"\",\"publisher\":{\"@id\":\"https:\/\/vapingnet.de\/#organization\"},\"potentialAction\":[{\"@type\":\"SearchAction\",\"target\":{\"@type\":\"EntryPoint\",\"urlTemplate\":\"https:\/\/vapingnet.de\/?s={search_term_string}\"},\"query-input\":{\"@type\":\"PropertyValueSpecification\",\"valueRequired\":true,\"valueName\":\"search_term_string\"}}],\"inLanguage\":\"sk-SK\"},{\"@type\":\"Organization\",\"@id\":\"https:\/\/vapingnet.de\/#organization\",\"name\":\"Vapingnet.de\",\"url\":\"https:\/\/vapingnet.de\/\",\"logo\":{\"@type\":\"ImageObject\",\"inLanguage\":\"sk-SK\",\"@id\":\"https:\/\/vapingnet.de\/#\/schema\/logo\/image\/\",\"url\":\"https:\/\/vapingnet.de\/wp-content\/uploads\/2025\/03\/cropped-vapingnet.de_.jpg\",\"contentUrl\":\"https:\/\/vapingnet.de\/wp-content\/uploads\/2025\/03\/cropped-vapingnet.de_.jpg\",\"width\":512,\"height\":512,\"caption\":\"Vapingnet.de\"},\"image\":{\"@id\":\"https:\/\/vapingnet.de\/#\/schema\/logo\/image\/\"},\"sameAs\":[\"https:\/\/www.facebook.com\/vapingnetde\/\"]}]}<\/script>\n<!-- \/ Yoast SEO plugin. -->","yoast_head_json":{"title":"WASPE 15000 Puffs Strawberry Kiwi Hol Dir Den Bestseller Jetzt Zu Sparpreisen | Vapingnet.de","description":"Entdecke WASPE 15000 Puffs Strawberry Kiwi Hol Dir Den Bestseller Jetzt Zu Sparpreisen bei vapingnet.de, \u25ba Gro\u00dfe Auswahl an Geschmacksrichtungen & super g\u00fcnstig!","robots":{"index":"index","follow":"follow","max-snippet":"max-snippet:-1","max-image-preview":"max-image-preview:large","max-video-preview":"max-video-preview:-1"},"canonical":"https:\/\/vapingnet.de\/sk\/vape\/waspe-15000-puffs-strawberry-kiwi-hol-dir-den-bestseller-jetzt-zu-sparpreisen\/","og_locale":"sk_SK","og_type":"article","og_title":"WASPE 15000 Puffs Strawberry Kiwi Hol Dir Den Bestseller Jetzt Zu Sparpreisen | Vapingnet.de","og_description":"Entdecke WASPE 15000 Puffs Strawberry Kiwi Hol Dir Den Bestseller Jetzt Zu Sparpreisen bei vapingnet.de, \u25ba Gro\u00dfe Auswahl an Geschmacksrichtungen & super g\u00fcnstig!","og_url":"https:\/\/vapingnet.de\/sk\/vape\/waspe-15000-puffs-strawberry-kiwi-hol-dir-den-bestseller-jetzt-zu-sparpreisen\/","og_site_name":"Vapingnet.de","article_publisher":"https:\/\/www.facebook.com\/vapingnetde\/","article_modified_time":"2026-04-15T08:18:47+00:00","og_image":[{"width":1000,"height":1000,"url":"https:\/\/vapingnet.de\/wp-content\/uploads\/2025\/05\/Strawberry-Kiwi.webp","type":"image\/webp"}],"twitter_card":"summary_large_image","twitter_misc":{"Est. reading time":"4 minutes"},"schema":{"@context":"https:\/\/schema.org","@graph":[{"@type":"WebPage","@id":"https:\/\/vapingnet.de\/vape\/waspe-15000-puffs-strawberry-kiwi-hol-dir-den-bestseller-jetzt-zu-sparpreisen\/","url":"https:\/\/vapingnet.de\/vape\/waspe-15000-puffs-strawberry-kiwi-hol-dir-den-bestseller-jetzt-zu-sparpreisen\/","name":"WASPE 15000 Puffs Strawberry Kiwi Hol Dir Den Bestseller Jetzt Zu Sparpreisen | Vapingnet.de","isPartOf":{"@id":"https:\/\/vapingnet.de\/#website"},"primaryImageOfPage":{"@id":"https:\/\/vapingnet.de\/vape\/waspe-15000-puffs-strawberry-kiwi-hol-dir-den-bestseller-jetzt-zu-sparpreisen\/#primaryimage"},"image":{"@id":"https:\/\/vapingnet.de\/vape\/waspe-15000-puffs-strawberry-kiwi-hol-dir-den-bestseller-jetzt-zu-sparpreisen\/#primaryimage"},"thumbnailUrl":"https:\/\/vapingnet.de\/wp-content\/uploads\/2025\/05\/Strawberry-Kiwi.webp","datePublished":"2025-05-05T02:36:07+00:00","dateModified":"2026-04-15T08:18:47+00:00","description":"Entdecke WASPE 15000 Puffs Strawberry Kiwi Hol Dir Den Bestseller Jetzt Zu Sparpreisen bei vapingnet.de, \u25ba Gro\u00dfe Auswahl an Geschmacksrichtungen & super g\u00fcnstig!","breadcrumb":{"@id":"https:\/\/vapingnet.de\/vape\/waspe-15000-puffs-strawberry-kiwi-hol-dir-den-bestseller-jetzt-zu-sparpreisen\/#breadcrumb"},"inLanguage":"sk-SK","potentialAction":[{"@type":"ReadAction","target":["https:\/\/vapingnet.de\/vape\/waspe-15000-puffs-strawberry-kiwi-hol-dir-den-bestseller-jetzt-zu-sparpreisen\/"]}]},{"@type":"ImageObject","inLanguage":"sk-SK","@id":"https:\/\/vapingnet.de\/vape\/waspe-15000-puffs-strawberry-kiwi-hol-dir-den-bestseller-jetzt-zu-sparpreisen\/#primaryimage","url":"https:\/\/vapingnet.de\/wp-content\/uploads\/2025\/05\/Strawberry-Kiwi.webp","contentUrl":"https:\/\/vapingnet.de\/wp-content\/uploads\/2025\/05\/Strawberry-Kiwi.webp","width":1000,"height":1000},{"@type":"BreadcrumbList","@id":"https:\/\/vapingnet.de\/vape\/waspe-15000-puffs-strawberry-kiwi-hol-dir-den-bestseller-jetzt-zu-sparpreisen\/#breadcrumb","itemListElement":[{"@type":"ListItem","position":1,"name":"Home","item":"https:\/\/vapingnet.de\/"},{"@type":"ListItem","position":2,"name":"Shop","item":"https:\/\/vapingnet.de\/vape\/"},{"@type":"ListItem","position":3,"name":"WASPE 15000 Puffs Strawberry Kiwi Hol Dir Den Bestseller Jetzt Zu Sparpreisen"}]},{"@type":"WebSite","@id":"https:\/\/vapingnet.de\/#website","url":"https:\/\/vapingnet.de\/","name":"Vapingnet.de","description":"","publisher":{"@id":"https:\/\/vapingnet.de\/#organization"},"potentialAction":[{"@type":"SearchAction","target":{"@type":"EntryPoint","urlTemplate":"https:\/\/vapingnet.de\/?s={search_term_string}"},"query-input":{"@type":"PropertyValueSpecification","valueRequired":true,"valueName":"search_term_string"}}],"inLanguage":"sk-SK"},{"@type":"Organization","@id":"https:\/\/vapingnet.de\/#organization","name":"Vapingnet.de","url":"https:\/\/vapingnet.de\/","logo":{"@type":"ImageObject","inLanguage":"sk-SK","@id":"https:\/\/vapingnet.de\/#\/schema\/logo\/image\/","url":"https:\/\/vapingnet.de\/wp-content\/uploads\/2025\/03\/cropped-vapingnet.de_.jpg","contentUrl":"https:\/\/vapingnet.de\/wp-content\/uploads\/2025\/03\/cropped-vapingnet.de_.jpg","width":512,"height":512,"caption":"Vapingnet.de"},"image":{"@id":"https:\/\/vapingnet.de\/#\/schema\/logo\/image\/"},"sameAs":["https:\/\/www.facebook.com\/vapingnetde\/"]}]}},"tiered_pricing_type":"fixed","tiered_pricing_fixed_rules":[],"tiered_pricing_product_settings":{"layout":"default","base_unit_name":{"singular":null,"plural":null},"default_variation":null},"tiered_pricing_minimum_quantity":null,"tiered_pricing_roles_data":[],"tiered_pricing_percentage_rules":[],"_links":{"self":[{"href":"https:\/\/vapingnet.de\/sk\/wp-json\/wp\/v2\/product\/6728","targetHints":{"allow":["GET"]}}],"collection":[{"href":"https:\/\/vapingnet.de\/sk\/wp-json\/wp\/v2\/product"}],"about":[{"href":"https:\/\/vapingnet.de\/sk\/wp-json\/wp\/v2\/types\/product"}],"version-history":[{"count":2,"href":"https:\/\/vapingnet.de\/sk\/wp-json\/wp\/v2\/product\/6728\/revisions"}],"predecessor-version":[{"id":6750,"href":"https:\/\/vapingnet.de\/sk\/wp-json\/wp\/v2\/product\/6728\/revisions\/6750"}],"wp:featuredmedia":[{"embeddable":true,"href":"https:\/\/vapingnet.de\/sk\/wp-json\/wp\/v2\/media\/6739"}],"wp:attachment":[{"href":"https:\/\/vapingnet.de\/sk\/wp-json\/wp\/v2\/media?parent=6728"}],"wp:term":[{"taxonomy":"brand","embeddable":true,"href":"https:\/\/vapingnet.de\/sk\/wp-json\/wp\/v2\/etheme_brands?post=6728"},{"taxonomy":"product_brand","embeddable":true,"href":"https:\/\/vapingnet.de\/sk\/wp-json\/wp\/v2\/product_brand?post=6728"},{"taxonomy":"product_cat","embeddable":true,"href":"https:\/\/vapingnet.de\/sk\/wp-json\/wp\/v2\/product_cat?post=6728"},{"taxonomy":"product_tag","embeddable":true,"href":"https:\/\/vapingnet.de\/sk\/wp-json\/wp\/v2\/product_tag?post=6728"}],"curies":[{"name":"wp","href":"https:\/\/api.w.org\/{rel}","templated":true}]}}