{"id":6729,"date":"2025-05-05T02:36:08","date_gmt":"2025-05-05T02:36:08","guid":{"rendered":"https:\/\/vapingnet.de\/?post_type=product&#038;p=6729"},"modified":"2026-04-15T07:44:54","modified_gmt":"2026-04-15T07:44:54","slug":"sichere-dir-dein-exklusives-angebot-waspe-15000-puffs-cherry-lce-jetzt-bestellen","status":"publish","type":"product","link":"https:\/\/vapingnet.de\/sk\/vape\/sichere-dir-dein-exklusives-angebot-waspe-15000-puffs-cherry-lce-jetzt-bestellen\/","title":{"rendered":"Z\u00edskajte svoju exkluz\u00edvnu ponuku WASPE 15000 Puffs Cherry Ice, objednajte hne\u010f teraz"},"content":{"rendered":"<h2 data-start=\"0\" data-end=\"74\" data-immersive-translate-walked=\"0c9587e3-e3f3-4bff-9ca5-b9415f1b705f\">WASPE 15000 Puffs: Revol\u00facia vo svete jednorazov\u00fdch e-cigariet<\/h2>\n<p class=\"\" data-start=\"76\" data-end=\"443\" data-immersive-translate-walked=\"0c9587e3-e3f3-4bff-9ca5-b9415f1b705f\" data-immersive-translate-paragraph=\"1\">WASPE 15000 Puffs pon\u00faka v\u0161etko, \u010do modern\u00ed vaperi o\u010dak\u00e1vaj\u00fa od e-cigarety: mimoriadne vysok\u00fa kapacitu, r\u00f4zne nikot\u00ednov\u00e9 koncentr\u00e1cie, inovat\u00edvny dizajn a pou\u017e\u00edvate\u013esky pr\u00edvetiv\u00e9 ovl\u00e1danie. Pre v\u0161etk\u00fdch, ktor\u00ed h\u013eadaj\u00fa praktick\u00fd, v\u00fdkonn\u00fd a chu\u0165ovo intenz\u00edvny z\u00e1\u017eitok z vapovania, je tento model ide\u00e1lnou vo\u013ebou.<\/p>\n<h3 class=\"\" data-start=\"445\" data-end=\"487\" data-immersive-translate-walked=\"0c9587e3-e3f3-4bff-9ca5-b9415f1b705f\">Hlavn\u00e9 vlastnosti WASPE 15000 Puffs<\/h3>\n<ul data-start=\"489\" data-end=\"1113\" data-immersive-translate-walked=\"0c9587e3-e3f3-4bff-9ca5-b9415f1b705f\">\n<li class=\"\" data-start=\"489\" data-end=\"581\" data-immersive-translate-walked=\"0c9587e3-e3f3-4bff-9ca5-b9415f1b705f\">\n<p class=\"\" data-start=\"491\" data-end=\"581\" data-immersive-translate-walked=\"0c9587e3-e3f3-4bff-9ca5-b9415f1b705f\" data-immersive-translate-paragraph=\"1\">Kapacita puffov: 15 000 \u0165ahov, pre nep\u0159eru\u0161ovan\u00fd p\u00f4\u017eitok po\u010das dlh\u0161ieho obdobia.<\/p>\n<\/li>\n<li class=\"\" data-start=\"582\" data-end=\"665\" data-immersive-translate-walked=\"0c9587e3-e3f3-4bff-9ca5-b9415f1b705f\">\n<p class=\"\" data-start=\"584\" data-end=\"665\" data-immersive-translate-walked=\"0c9587e3-e3f3-4bff-9ca5-b9415f1b705f\" data-immersive-translate-paragraph=\"1\">Kapacita n\u00e1plne: 22 ml pre dlhodob\u00e9 vapovanie bez \u010dast\u00e9ho dop\u013a\u0148ania.<\/p>\n<\/li>\n<li class=\"\" data-start=\"666\" data-end=\"760\" data-immersive-translate-walked=\"0c9587e3-e3f3-4bff-9ca5-b9415f1b705f\">\n<p class=\"\" data-start=\"668\" data-end=\"760\" data-immersive-translate-walked=\"0c9587e3-e3f3-4bff-9ca5-b9415f1b705f\" data-immersive-translate-paragraph=\"1\">LCD displej: Poskytuje aktu\u00e1lne inform\u00e1cie ako stav n\u00e1plne a stav bat\u00e9rie.<\/p>\n<\/li>\n<li class=\"\" data-start=\"761\" data-end=\"845\" data-immersive-translate-walked=\"0c9587e3-e3f3-4bff-9ca5-b9415f1b705f\">\n<p class=\"\" data-start=\"763\" data-end=\"845\" data-immersive-translate-walked=\"0c9587e3-e3f3-4bff-9ca5-b9415f1b705f\" data-immersive-translate-paragraph=\"1\">Nikot\u00ednov\u00e9 koncentr\u00e1cie: 0%, 2%, 3%, 5%, pre individu\u00e1lne prisp\u00f4sobite\u013en\u00fd z\u00e1\u017eitok z vapovania.<\/p>\n<\/li>\n<li class=\"\" data-start=\"846\" data-end=\"915\" data-immersive-translate-walked=\"0c9587e3-e3f3-4bff-9ca5-b9415f1b705f\">\n<p class=\"\" data-start=\"848\" data-end=\"915\" data-immersive-translate-walked=\"0c9587e3-e3f3-4bff-9ca5-b9415f1b705f\" data-immersive-translate-paragraph=\"1\">Mesh-\u017ehavi\u010d: 0,8\u03a9 pre intenz\u00edvnej\u0161\u00ed dym a pln\u0161iu chu\u0165ov\u00e9 z\u00e1\u017eitky.<\/p>\n<\/li>\n<li class=\"\" data-start=\"916\" data-end=\"1035\" data-immersive-translate-walked=\"0c9587e3-e3f3-4bff-9ca5-b9415f1b705f\">\n<p class=\"\" data-start=\"918\" data-end=\"1035\" data-immersive-translate-walked=\"0c9587e3-e3f3-4bff-9ca5-b9415f1b705f\" data-immersive-translate-paragraph=\"1\">Dob\u00edjate\u013en\u00e1 bat\u00e9ria: 850mAh bat\u00e9ria pre dlhodob\u00e9 pou\u017e\u00edvanie a r\u00fdchle nab\u00edjanie cez Type-C port.<\/p>\n<\/li>\n<li class=\"\" data-start=\"1036\" data-end=\"1113\" data-immersive-translate-walked=\"0c9587e3-e3f3-4bff-9ca5-b9415f1b705f\">\n<p class=\"\" data-start=\"1038\" data-end=\"1113\" data-immersive-translate-walked=\"0c9587e3-e3f3-4bff-9ca5-b9415f1b705f\" data-immersive-translate-paragraph=\"1\">Hmotnos\u0165: 90g na zariadenie, \u013eahk\u00e9 a kompaktn\u00e9 pre ka\u017edodenn\u00e9 pou\u017eitie.<\/p>\n<\/li>\n<\/ul>\n<h4 data-start=\"1115\" data-end=\"1170\" data-immersive-translate-walked=\"0c9587e3-e3f3-4bff-9ca5-b9415f1b705f\">Vysok\u00e1 kapacita pre dlhodob\u00fd z\u00e1\u017eitok<\/h4>\n<p class=\"\" data-start=\"1172\" data-end=\"1513\" data-immersive-translate-walked=\"0c9587e3-e3f3-4bff-9ca5-b9415f1b705f\" data-immersive-translate-paragraph=\"1\">S 15 000 \u0165ahmi umo\u017e\u0148uje WASPE 15000 Puffs pozoruhodn\u00fa \u017eivotnos\u0165 v porovnan\u00ed s be\u017en\u00fdmi jednorazov\u00fdmi e-cigaretami. Ve\u013ek\u00e1 kapacita n\u00e1plne 22 ml zabezpe\u010duje, \u017ee sa nebudete musie\u0165 neust\u00e1le zaobera\u0165 dop\u013a\u0148an\u00edm. Pre vapery, ktor\u00ed si \u017eelaj\u00fa dlh\u00fd z\u00e1\u017eitok, je to neocenite\u013en\u00e1 v\u00fdhoda.<\/p>\n<h4 data-start=\"1515\" data-end=\"1548\" data-immersive-translate-walked=\"0c9587e3-e3f3-4bff-9ca5-b9415f1b705f\">Prisp\u00f4sobite\u013en\u00e9 nikot\u00ednov\u00e9 koncentr\u00e1cie<\/h4>\n<p class=\"\" data-start=\"1550\" data-end=\"1802\" data-immersive-translate-walked=\"0c9587e3-e3f3-4bff-9ca5-b9415f1b705f\" data-immersive-translate-paragraph=\"1\">\u010ci u\u017e preferujete jemn\u00e9 vapovanie alebo silnej\u0161\u00ed pr\u00edjem nikot\u00ednu \u2013 WASPE 15000 Puffs pon\u00faka r\u00f4zne nikot\u00ednov\u00e9 koncentr\u00e1cie: 0%, 2%, 3% a 5%. T\u00e1to flexibilita zabezpe\u010duje, \u017ee ka\u017ed\u00fd vap\u00e9r n\u00e1jde pre seba vhodn\u00fd z\u00e1\u017eitok.<\/p>\n<h4 data-start=\"1804\" data-end=\"1847\" data-immersive-translate-walked=\"0c9587e3-e3f3-4bff-9ca5-b9415f1b705f\">LCD displej: Inform\u00e1cie v re\u00e1lnom \u010dase<\/h4>\n<p class=\"\" data-start=\"1849\" data-end=\"2126\" data-immersive-translate-walked=\"0c9587e3-e3f3-4bff-9ca5-b9415f1b705f\" data-immersive-translate-paragraph=\"1\">LCD displej zabezpe\u010duje, \u017ee budete v\u017edy v obraze. Zobrazuje nielen zostatok n\u00e1plne, ale aj stav bat\u00e9rie. Tak m\u00f4\u017eete efekt\u00edvne vyu\u017e\u00edva\u0165 svoju e-cigaretu a v\u017edy vedie\u0165, kedy je \u010das na doplnenie alebo nabitie bat\u00e9rie.<\/p>\n<h4 data-start=\"2128\" data-end=\"2171\" data-immersive-translate-walked=\"0c9587e3-e3f3-4bff-9ca5-b9415f1b705f\">R\u00fdchle nab\u00edjanie cez Type-C port<\/h4>\n<p class=\"\" data-start=\"2173\" data-end=\"2406\" data-immersive-translate-walked=\"0c9587e3-e3f3-4bff-9ca5-b9415f1b705f\" data-immersive-translate-paragraph=\"1\">WASPE 15000 Puffs je vybaven\u00e1 dob\u00edjate\u013enou bat\u00e9riou 850mAh, ktor\u00e1 zabezpe\u010duje dlhodob\u00e9 pou\u017e\u00edvanie. Type-C port umo\u017e\u0148uje r\u00fdchle nab\u00edjanie, tak\u017ee nebudete musie\u0165 \u010daka\u0165 dlho.<\/p>\n<h4 data-start=\"2408\" data-end=\"2452\" data-immersive-translate-walked=\"0c9587e3-e3f3-4bff-9ca5-b9415f1b705f\">Mesh-\u017ehavi\u010d pre intenz\u00edvnej\u0161iu chu\u0165<\/h4>\n<p class=\"\" data-start=\"2454\" data-end=\"2700\" data-immersive-translate-walked=\"0c9587e3-e3f3-4bff-9ca5-b9415f1b705f\" data-immersive-translate-paragraph=\"1\">V\u010faka technol\u00f3gii Mesh-\u017ehavi\u010da 0,8\u03a9 je chu\u0165 pri ka\u017edom \u0165ahu intenz\u00edvnej\u0161ia. T\u00e1to pokro\u010dil\u00e1 technol\u00f3gia \u017ehavi\u010da zabezpe\u010duje rovnomern\u00e9 rozlo\u017eenie dymu, \u010d\u00edm vznik\u00e1 st\u00e1le intenz\u00edvna a jasn\u00e1 chu\u0165.<\/p>\n<h4 data-start=\"2702\" data-end=\"2746\" data-immersive-translate-walked=\"0c9587e3-e3f3-4bff-9ca5-b9415f1b705f\">Ovocn\u00e9 a osvie\u017euj\u00face: \u010cere\u0161\u0148ov\u00fd \u013ead<\/h4>\n<p class=\"\" data-start=\"2748\" data-end=\"2941\" data-immersive-translate-walked=\"0c9587e3-e3f3-4bff-9ca5-b9415f1b705f\" data-immersive-translate-paragraph=\"1\">Priama chu\u0165 \u201eCherry Ice\u201c sp\u00e1ja sladk\u00e9, ovocn\u00e9 ar\u00f3my \u010dere\u0161n\u00ed s chladiv\u00fdm osvie\u017een\u00edm. To zabezpe\u010duje osvie\u017euj\u00faci z\u00e1\u017eitok z vapovania, ktor\u00fd spr\u00edjem\u0148uje a povzbudzuje ka\u017ed\u00fd \u0165ah.<\/p>\n<h4 data-start=\"2943\" data-end=\"2985\" data-immersive-translate-walked=\"0c9587e3-e3f3-4bff-9ca5-b9415f1b705f\">Praktick\u00e1 a bezcoln\u00e1 dod\u00e1vka<\/h4>\n<p class=\"\" data-start=\"2987\" data-end=\"3211\" data-immersive-translate-walked=\"0c9587e3-e3f3-4bff-9ca5-b9415f1b705f\" data-immersive-translate-paragraph=\"1\">S WASPE 15000 Puffs z\u00edskate kvalitn\u00fd produkt, ktor\u00fd si m\u00f4\u017eete objedna\u0165 priamo na vapingnet.de bez \u010fal\u0161\u00edch coln\u00fdch poplatkov. R\u00fdchle doru\u010denie zabezpe\u010duje, \u017ee svoju e-cigaretu dostanete v\u010das.<\/p>\n<h3>Preh\u013ead hlavn\u00fdch v\u00fdhod<\/h3>\n<ul data-start=\"3256\" data-end=\"3733\" data-immersive-translate-walked=\"0c9587e3-e3f3-4bff-9ca5-b9415f1b705f\">\n<li class=\"\" data-start=\"3256\" data-end=\"3345\" data-immersive-translate-walked=\"0c9587e3-e3f3-4bff-9ca5-b9415f1b705f\">\n<p class=\"\" data-start=\"3258\" data-end=\"3345\" data-immersive-translate-walked=\"0c9587e3-e3f3-4bff-9ca5-b9415f1b705f\" data-immersive-translate-paragraph=\"1\">Dlh\u00e1 \u017eivotnos\u0165: 15 000 \u0165ahov a kapacita 22 ml n\u00e1plne pre dlhodob\u00e9 pote\u0161enie.<\/p>\n<\/li>\n<li class=\"\" data-start=\"3346\" data-end=\"3431\" data-immersive-translate-walked=\"0c9587e3-e3f3-4bff-9ca5-b9415f1b705f\">\n<p class=\"\" data-start=\"3348\" data-end=\"3431\" data-immersive-translate-walked=\"0c9587e3-e3f3-4bff-9ca5-b9415f1b705f\" data-immersive-translate-paragraph=\"1\">Inform\u00e1cie v re\u00e1lnom \u010dase: LCD displej zobrazuje stav n\u00e1plne a bat\u00e9rie.<\/p>\n<\/li>\n<li class=\"\" data-start=\"3432\" data-end=\"3519\" data-immersive-translate-walked=\"0c9587e3-e3f3-4bff-9ca5-b9415f1b705f\">\n<p class=\"\" data-start=\"3434\" data-end=\"3519\" data-immersive-translate-walked=\"0c9587e3-e3f3-4bff-9ca5-b9415f1b705f\" data-immersive-translate-paragraph=\"1\">R\u00f4zne \u00farovne nikot\u00ednu: 0%, 2%, 3%, 5% pre individu\u00e1lne prisp\u00f4soben\u00e9 z\u00e1\u017eitky.<\/p>\n<\/li>\n<li class=\"\" data-start=\"3520\" data-end=\"3589\" data-immersive-translate-walked=\"0c9587e3-e3f3-4bff-9ca5-b9415f1b705f\">\n<p class=\"\" data-start=\"3522\" data-end=\"3589\" data-immersive-translate-walked=\"0c9587e3-e3f3-4bff-9ca5-b9415f1b705f\" data-immersive-translate-paragraph=\"1\">Mesh-\u0161pir\u00e1lov\u00e1 technol\u00f3gia: Poskytuje intenz\u00edvnej\u0161\u00ed parn\u00fd oblak a chu\u0165.<\/p>\n<\/li>\n<li class=\"\" data-start=\"3590\" data-end=\"3656\" data-immersive-translate-walked=\"0c9587e3-e3f3-4bff-9ca5-b9415f1b705f\">\n<p class=\"\" data-start=\"3592\" data-end=\"3656\" data-immersive-translate-walked=\"0c9587e3-e3f3-4bff-9ca5-b9415f1b705f\" data-immersive-translate-paragraph=\"1\">R\u00fdchle nab\u00edjanie: Typ-C port pre r\u00fdchle nab\u00edjanie.<\/p>\n<\/li>\n<li class=\"\" data-start=\"3657\" data-end=\"3733\" data-immersive-translate-walked=\"0c9587e3-e3f3-4bff-9ca5-b9415f1b705f\">\n<p class=\"\" data-start=\"3659\" data-end=\"3733\" data-immersive-translate-walked=\"0c9587e3-e3f3-4bff-9ca5-b9415f1b705f\" data-immersive-translate-paragraph=\"1\">Bezcoln\u00e1 dod\u00e1vka: Jednoduch\u00e9 a r\u00fdchle doru\u010denie na vapingnet.de.<\/p>\n<\/li>\n<\/ul>\n<p class=\"\" data-start=\"3735\" data-end=\"3983\" data-immersive-translate-walked=\"0c9587e3-e3f3-4bff-9ca5-b9415f1b705f\" data-immersive-translate-paragraph=\"1\">WASPE 15000 Puffs je ide\u00e1lnou vo\u013ebou pre vapovanie, ak h\u013ead\u00e1te odoln\u00fa, v\u00fdkonn\u00fa a chu\u0165ovo intenz\u00edvnu e-cigaretu. Objednajte teraz na vapingnet.de a za\u017eite vapovanie na novej \u00farovni.<\/p>","protected":false},"excerpt":{"rendered":"<p>WASPE 15000 Puffs: Eine Revolution in der Welt der Einweg-E-Zigaretten Die WASPE 15000 Puffs bietet alles, was moderne Dampfer von einer E-Zigarette erwarten: eine au\u00dfergew\u00f6hnlich&#8230;<\/p>","protected":false},"featured_media":6734,"template":"","meta":[],"etheme_brands":[],"product_brand":[98],"product_cat":[53,49,61],"product_tag":[],"class_list":{"0":"post-6729","1":"product","2":"type-product","3":"status-publish","4":"has-post-thumbnail","6":"product_brand-waspe-vape","7":"product_cat-vape-15000-zuege","8":"product_cat-einweg-e-zigarette","9":"product_cat-f","11":"first","12":"instock","13":"shipping-taxable","14":"purchasable","15":"product-type-variable"},"yoast_head":"<!-- This site is optimized with the Yoast SEO plugin v26.5 - https:\/\/yoast.com\/wordpress\/plugins\/seo\/ -->\n<title>Sichere Dir Dein Exklusives Angebot WASPE 15000 Puffs Cherry lce Jetzt Bestellen | Vapingnet.de<\/title>\n<meta name=\"description\" content=\"Entdecke Sichere Dir Dein Exklusives Angebot WASPE 15000 Puffs Cherry lce Jetzt Bestellen bei vapingnet.de, \u25ba Gro\u00dfe Auswahl an Geschmacksrichtungen &amp; super g\u00fcnstig!\" \/>\n<meta name=\"robots\" content=\"index, follow, max-snippet:-1, max-image-preview:large, max-video-preview:-1\" \/>\n<link rel=\"canonical\" href=\"https:\/\/vapingnet.de\/sk\/vape\/sichere-dir-dein-exklusives-angebot-waspe-15000-puffs-cherry-lce-jetzt-bestellen\/\" \/>\n<meta property=\"og:locale\" content=\"sk_SK\" \/>\n<meta property=\"og:type\" content=\"article\" \/>\n<meta property=\"og:title\" content=\"Sichere Dir Dein Exklusives Angebot WASPE 15000 Puffs Cherry lce Jetzt Bestellen | Vapingnet.de\" \/>\n<meta property=\"og:description\" content=\"Entdecke Sichere Dir Dein Exklusives Angebot WASPE 15000 Puffs Cherry lce Jetzt Bestellen bei vapingnet.de, \u25ba Gro\u00dfe Auswahl an Geschmacksrichtungen &amp; super g\u00fcnstig!\" \/>\n<meta property=\"og:url\" content=\"https:\/\/vapingnet.de\/sk\/vape\/sichere-dir-dein-exklusives-angebot-waspe-15000-puffs-cherry-lce-jetzt-bestellen\/\" \/>\n<meta property=\"og:site_name\" content=\"Vapingnet.de\" \/>\n<meta property=\"article:publisher\" content=\"https:\/\/www.facebook.com\/vapingnetde\/\" \/>\n<meta property=\"article:modified_time\" content=\"2026-04-15T07:44:54+00:00\" \/>\n<meta property=\"og:image\" content=\"https:\/\/vapingnet.de\/wp-content\/uploads\/2025\/05\/Cherry-lce.webp\" \/>\n\t<meta property=\"og:image:width\" content=\"1000\" \/>\n\t<meta property=\"og:image:height\" content=\"1000\" \/>\n\t<meta property=\"og:image:type\" content=\"image\/webp\" \/>\n<meta name=\"twitter:card\" content=\"summary_large_image\" \/>\n<meta name=\"twitter:label1\" content=\"Est. reading time\" \/>\n\t<meta name=\"twitter:data1\" content=\"3 minutes\" \/>\n<script type=\"application\/ld+json\" class=\"yoast-schema-graph\">{\"@context\":\"https:\/\/schema.org\",\"@graph\":[{\"@type\":\"WebPage\",\"@id\":\"https:\/\/vapingnet.de\/vape\/sichere-dir-dein-exklusives-angebot-waspe-15000-puffs-cherry-lce-jetzt-bestellen\/\",\"url\":\"https:\/\/vapingnet.de\/vape\/sichere-dir-dein-exklusives-angebot-waspe-15000-puffs-cherry-lce-jetzt-bestellen\/\",\"name\":\"Sichere Dir Dein Exklusives Angebot WASPE 15000 Puffs Cherry lce Jetzt Bestellen | Vapingnet.de\",\"isPartOf\":{\"@id\":\"https:\/\/vapingnet.de\/#website\"},\"primaryImageOfPage\":{\"@id\":\"https:\/\/vapingnet.de\/vape\/sichere-dir-dein-exklusives-angebot-waspe-15000-puffs-cherry-lce-jetzt-bestellen\/#primaryimage\"},\"image\":{\"@id\":\"https:\/\/vapingnet.de\/vape\/sichere-dir-dein-exklusives-angebot-waspe-15000-puffs-cherry-lce-jetzt-bestellen\/#primaryimage\"},\"thumbnailUrl\":\"https:\/\/vapingnet.de\/wp-content\/uploads\/2025\/05\/Cherry-lce.webp\",\"datePublished\":\"2025-05-05T02:36:08+00:00\",\"dateModified\":\"2026-04-15T07:44:54+00:00\",\"description\":\"Entdecke Sichere Dir Dein Exklusives Angebot WASPE 15000 Puffs Cherry lce Jetzt Bestellen bei vapingnet.de, \u25ba Gro\u00dfe Auswahl an Geschmacksrichtungen & super g\u00fcnstig!\",\"breadcrumb\":{\"@id\":\"https:\/\/vapingnet.de\/vape\/sichere-dir-dein-exklusives-angebot-waspe-15000-puffs-cherry-lce-jetzt-bestellen\/#breadcrumb\"},\"inLanguage\":\"sk-SK\",\"potentialAction\":[{\"@type\":\"ReadAction\",\"target\":[\"https:\/\/vapingnet.de\/vape\/sichere-dir-dein-exklusives-angebot-waspe-15000-puffs-cherry-lce-jetzt-bestellen\/\"]}]},{\"@type\":\"ImageObject\",\"inLanguage\":\"sk-SK\",\"@id\":\"https:\/\/vapingnet.de\/vape\/sichere-dir-dein-exklusives-angebot-waspe-15000-puffs-cherry-lce-jetzt-bestellen\/#primaryimage\",\"url\":\"https:\/\/vapingnet.de\/wp-content\/uploads\/2025\/05\/Cherry-lce.webp\",\"contentUrl\":\"https:\/\/vapingnet.de\/wp-content\/uploads\/2025\/05\/Cherry-lce.webp\",\"width\":1000,\"height\":1000},{\"@type\":\"BreadcrumbList\",\"@id\":\"https:\/\/vapingnet.de\/vape\/sichere-dir-dein-exklusives-angebot-waspe-15000-puffs-cherry-lce-jetzt-bestellen\/#breadcrumb\",\"itemListElement\":[{\"@type\":\"ListItem\",\"position\":1,\"name\":\"Home\",\"item\":\"https:\/\/vapingnet.de\/\"},{\"@type\":\"ListItem\",\"position\":2,\"name\":\"Shop\",\"item\":\"https:\/\/vapingnet.de\/vape\/\"},{\"@type\":\"ListItem\",\"position\":3,\"name\":\"Sichere Dir Dein Exklusives Angebot WASPE 15000 Puffs Cherry lce Jetzt Bestellen\"}]},{\"@type\":\"WebSite\",\"@id\":\"https:\/\/vapingnet.de\/#website\",\"url\":\"https:\/\/vapingnet.de\/\",\"name\":\"Vapingnet.de\",\"description\":\"\",\"publisher\":{\"@id\":\"https:\/\/vapingnet.de\/#organization\"},\"potentialAction\":[{\"@type\":\"SearchAction\",\"target\":{\"@type\":\"EntryPoint\",\"urlTemplate\":\"https:\/\/vapingnet.de\/?s={search_term_string}\"},\"query-input\":{\"@type\":\"PropertyValueSpecification\",\"valueRequired\":true,\"valueName\":\"search_term_string\"}}],\"inLanguage\":\"sk-SK\"},{\"@type\":\"Organization\",\"@id\":\"https:\/\/vapingnet.de\/#organization\",\"name\":\"Vapingnet.de\",\"url\":\"https:\/\/vapingnet.de\/\",\"logo\":{\"@type\":\"ImageObject\",\"inLanguage\":\"sk-SK\",\"@id\":\"https:\/\/vapingnet.de\/#\/schema\/logo\/image\/\",\"url\":\"https:\/\/vapingnet.de\/wp-content\/uploads\/2025\/03\/cropped-vapingnet.de_.jpg\",\"contentUrl\":\"https:\/\/vapingnet.de\/wp-content\/uploads\/2025\/03\/cropped-vapingnet.de_.jpg\",\"width\":512,\"height\":512,\"caption\":\"Vapingnet.de\"},\"image\":{\"@id\":\"https:\/\/vapingnet.de\/#\/schema\/logo\/image\/\"},\"sameAs\":[\"https:\/\/www.facebook.com\/vapingnetde\/\"]}]}<\/script>\n<!-- \/ Yoast SEO plugin. -->","yoast_head_json":{"title":"Sichere Dir Dein Exklusives Angebot WASPE 15000 Puffs Cherry lce Jetzt Bestellen | Vapingnet.de","description":"Entdecke Sichere Dir Dein Exklusives Angebot WASPE 15000 Puffs Cherry lce Jetzt Bestellen bei vapingnet.de, \u25ba Gro\u00dfe Auswahl an Geschmacksrichtungen & super g\u00fcnstig!","robots":{"index":"index","follow":"follow","max-snippet":"max-snippet:-1","max-image-preview":"max-image-preview:large","max-video-preview":"max-video-preview:-1"},"canonical":"https:\/\/vapingnet.de\/sk\/vape\/sichere-dir-dein-exklusives-angebot-waspe-15000-puffs-cherry-lce-jetzt-bestellen\/","og_locale":"sk_SK","og_type":"article","og_title":"Sichere Dir Dein Exklusives Angebot WASPE 15000 Puffs Cherry lce Jetzt Bestellen | Vapingnet.de","og_description":"Entdecke Sichere Dir Dein Exklusives Angebot WASPE 15000 Puffs Cherry lce Jetzt Bestellen bei vapingnet.de, \u25ba Gro\u00dfe Auswahl an Geschmacksrichtungen & super g\u00fcnstig!","og_url":"https:\/\/vapingnet.de\/sk\/vape\/sichere-dir-dein-exklusives-angebot-waspe-15000-puffs-cherry-lce-jetzt-bestellen\/","og_site_name":"Vapingnet.de","article_publisher":"https:\/\/www.facebook.com\/vapingnetde\/","article_modified_time":"2026-04-15T07:44:54+00:00","og_image":[{"width":1000,"height":1000,"url":"https:\/\/vapingnet.de\/wp-content\/uploads\/2025\/05\/Cherry-lce.webp","type":"image\/webp"}],"twitter_card":"summary_large_image","twitter_misc":{"Est. reading time":"3 minutes"},"schema":{"@context":"https:\/\/schema.org","@graph":[{"@type":"WebPage","@id":"https:\/\/vapingnet.de\/vape\/sichere-dir-dein-exklusives-angebot-waspe-15000-puffs-cherry-lce-jetzt-bestellen\/","url":"https:\/\/vapingnet.de\/vape\/sichere-dir-dein-exklusives-angebot-waspe-15000-puffs-cherry-lce-jetzt-bestellen\/","name":"Sichere Dir Dein Exklusives Angebot WASPE 15000 Puffs Cherry lce Jetzt Bestellen | Vapingnet.de","isPartOf":{"@id":"https:\/\/vapingnet.de\/#website"},"primaryImageOfPage":{"@id":"https:\/\/vapingnet.de\/vape\/sichere-dir-dein-exklusives-angebot-waspe-15000-puffs-cherry-lce-jetzt-bestellen\/#primaryimage"},"image":{"@id":"https:\/\/vapingnet.de\/vape\/sichere-dir-dein-exklusives-angebot-waspe-15000-puffs-cherry-lce-jetzt-bestellen\/#primaryimage"},"thumbnailUrl":"https:\/\/vapingnet.de\/wp-content\/uploads\/2025\/05\/Cherry-lce.webp","datePublished":"2025-05-05T02:36:08+00:00","dateModified":"2026-04-15T07:44:54+00:00","description":"Entdecke Sichere Dir Dein Exklusives Angebot WASPE 15000 Puffs Cherry lce Jetzt Bestellen bei vapingnet.de, \u25ba Gro\u00dfe Auswahl an Geschmacksrichtungen & super g\u00fcnstig!","breadcrumb":{"@id":"https:\/\/vapingnet.de\/vape\/sichere-dir-dein-exklusives-angebot-waspe-15000-puffs-cherry-lce-jetzt-bestellen\/#breadcrumb"},"inLanguage":"sk-SK","potentialAction":[{"@type":"ReadAction","target":["https:\/\/vapingnet.de\/vape\/sichere-dir-dein-exklusives-angebot-waspe-15000-puffs-cherry-lce-jetzt-bestellen\/"]}]},{"@type":"ImageObject","inLanguage":"sk-SK","@id":"https:\/\/vapingnet.de\/vape\/sichere-dir-dein-exklusives-angebot-waspe-15000-puffs-cherry-lce-jetzt-bestellen\/#primaryimage","url":"https:\/\/vapingnet.de\/wp-content\/uploads\/2025\/05\/Cherry-lce.webp","contentUrl":"https:\/\/vapingnet.de\/wp-content\/uploads\/2025\/05\/Cherry-lce.webp","width":1000,"height":1000},{"@type":"BreadcrumbList","@id":"https:\/\/vapingnet.de\/vape\/sichere-dir-dein-exklusives-angebot-waspe-15000-puffs-cherry-lce-jetzt-bestellen\/#breadcrumb","itemListElement":[{"@type":"ListItem","position":1,"name":"Home","item":"https:\/\/vapingnet.de\/"},{"@type":"ListItem","position":2,"name":"Shop","item":"https:\/\/vapingnet.de\/vape\/"},{"@type":"ListItem","position":3,"name":"Sichere Dir Dein Exklusives Angebot WASPE 15000 Puffs Cherry lce Jetzt Bestellen"}]},{"@type":"WebSite","@id":"https:\/\/vapingnet.de\/#website","url":"https:\/\/vapingnet.de\/","name":"Vapingnet.de","description":"","publisher":{"@id":"https:\/\/vapingnet.de\/#organization"},"potentialAction":[{"@type":"SearchAction","target":{"@type":"EntryPoint","urlTemplate":"https:\/\/vapingnet.de\/?s={search_term_string}"},"query-input":{"@type":"PropertyValueSpecification","valueRequired":true,"valueName":"search_term_string"}}],"inLanguage":"sk-SK"},{"@type":"Organization","@id":"https:\/\/vapingnet.de\/#organization","name":"Vapingnet.de","url":"https:\/\/vapingnet.de\/","logo":{"@type":"ImageObject","inLanguage":"sk-SK","@id":"https:\/\/vapingnet.de\/#\/schema\/logo\/image\/","url":"https:\/\/vapingnet.de\/wp-content\/uploads\/2025\/03\/cropped-vapingnet.de_.jpg","contentUrl":"https:\/\/vapingnet.de\/wp-content\/uploads\/2025\/03\/cropped-vapingnet.de_.jpg","width":512,"height":512,"caption":"Vapingnet.de"},"image":{"@id":"https:\/\/vapingnet.de\/#\/schema\/logo\/image\/"},"sameAs":["https:\/\/www.facebook.com\/vapingnetde\/"]}]}},"tiered_pricing_type":"fixed","tiered_pricing_fixed_rules":[],"tiered_pricing_product_settings":{"layout":"default","base_unit_name":{"singular":null,"plural":null},"default_variation":null},"tiered_pricing_minimum_quantity":null,"tiered_pricing_roles_data":[],"tiered_pricing_percentage_rules":[],"_links":{"self":[{"href":"https:\/\/vapingnet.de\/sk\/wp-json\/wp\/v2\/product\/6729","targetHints":{"allow":["GET"]}}],"collection":[{"href":"https:\/\/vapingnet.de\/sk\/wp-json\/wp\/v2\/product"}],"about":[{"href":"https:\/\/vapingnet.de\/sk\/wp-json\/wp\/v2\/types\/product"}],"version-history":[{"count":1,"href":"https:\/\/vapingnet.de\/sk\/wp-json\/wp\/v2\/product\/6729\/revisions"}],"predecessor-version":[{"id":6751,"href":"https:\/\/vapingnet.de\/sk\/wp-json\/wp\/v2\/product\/6729\/revisions\/6751"}],"wp:featuredmedia":[{"embeddable":true,"href":"https:\/\/vapingnet.de\/sk\/wp-json\/wp\/v2\/media\/6734"}],"wp:attachment":[{"href":"https:\/\/vapingnet.de\/sk\/wp-json\/wp\/v2\/media?parent=6729"}],"wp:term":[{"taxonomy":"brand","embeddable":true,"href":"https:\/\/vapingnet.de\/sk\/wp-json\/wp\/v2\/etheme_brands?post=6729"},{"taxonomy":"product_brand","embeddable":true,"href":"https:\/\/vapingnet.de\/sk\/wp-json\/wp\/v2\/product_brand?post=6729"},{"taxonomy":"product_cat","embeddable":true,"href":"https:\/\/vapingnet.de\/sk\/wp-json\/wp\/v2\/product_cat?post=6729"},{"taxonomy":"product_tag","embeddable":true,"href":"https:\/\/vapingnet.de\/sk\/wp-json\/wp\/v2\/product_tag?post=6729"}],"curies":[{"name":"wp","href":"https:\/\/api.w.org\/{rel}","templated":true}]}}