{"id":6730,"date":"2025-05-05T02:36:10","date_gmt":"2025-05-05T02:36:10","guid":{"rendered":"https:\/\/vapingnet.de\/?post_type=product&#038;p=6730"},"modified":"2025-06-19T03:45:04","modified_gmt":"2025-06-19T03:45:04","slug":"waspe-15000-puffs-aloe-grape-der-geschmack-der-dich-ueberzeugt-jetzt-ohne-zoelle","status":"publish","type":"product","link":"https:\/\/vapingnet.de\/sk\/vape\/waspe-15000-puffs-aloe-grape-der-geschmack-der-dich-ueberzeugt-jetzt-ohne-zoelle\/","title":{"rendered":"WASPE 15000 Puffs Aloe Grape Chu\u0165, ktor\u00e1 v\u00e1s presved\u010d\u00ed, teraz bez coln\u00fdch poplatkov"},"content":{"rendered":"<h2 data-start=\"0\" data-end=\"48\">WASPE 15000 Puffs Inov\u00e1cia v ka\u017edej obla\u010dnosti<\/h2>\n<p class=\"\" data-start=\"50\" data-end=\"328\">WASPE 15000 Puffs pon\u00faka nov\u00fa dimenziu z\u00e1\u017eitku z vapovania. S p\u00f4sobivou kombin\u00e1ciou dlhotrvaj\u00faceho v\u00fdkonu, pokro\u010dilej technol\u00f3gie a svie\u017eeho chuti je ide\u00e1lnou vo\u013ebou pre vapovanie, ktor\u00ed chc\u00fa viac ne\u017e len jednoduch\u00fd z\u00e1\u017eitok.<\/p>\n<h3>Pre\u010do je WASPE 15000 Puffs in\u00fd<\/h3>\n<p class=\"\" data-start=\"378\" data-end=\"655\">WASPE 15000 Puffs nie je len oby\u010dajn\u00e1 jednorazov\u00e1 e-cigareta. Bola navrhnut\u00e1 pre vapovanie, ktor\u00ed si chc\u00fa vychutna\u0165 dlh\u00e9, rovnomern\u00e9 \u0165ahy. S jej v\u00fdnimo\u010dnou kapacitou a technologick\u00fdmi funkciami sa v\u00fdrazne odli\u0161uje od in\u00fdch zariaden\u00ed.<\/p>\n<h4 class=\"\" data-start=\"657\" data-end=\"680\">Hlavn\u00e9 vlastnosti:<\/h4>\n<ul data-start=\"682\" data-end=\"1504\">\n<li class=\"\" data-start=\"682\" data-end=\"873\">\n<p class=\"\" data-start=\"684\" data-end=\"873\">15 000 \u0165ahov Kapacita puffov: T\u00e1to ohromn\u00e1 po\u010detnos\u0165 puffov zabezpe\u010duje, \u017ee si m\u00f4\u017eete vychutn\u00e1va\u0165 WASPE 15000 Puffs dlh\u0161ie ako v\u00e4\u010d\u0161ina in\u00fdch jednorazov\u00fdch e-cigariet na trhu.<\/p>\n<\/li>\n<li class=\"\" data-start=\"874\" data-end=\"995\">\n<p class=\"\" data-start=\"876\" data-end=\"995\">22 ml Kapacita tekutiny: Ve\u013ekorys\u00e1 n\u00e1dr\u017e zabezpe\u010duje, \u017ee m\u00f4\u017eete vapova\u0165 dlh\u0161ie bez nutnosti dop\u013a\u0148ania.<\/p>\n<\/li>\n<li class=\"\" data-start=\"996\" data-end=\"1152\">\n<p class=\"\" data-start=\"998\" data-end=\"1152\">LCD Displej: LCD displej je praktick\u00e1 funkcia, ktor\u00e1 v\u00e1m v re\u00e1lnom \u010dase ukazuje d\u00f4le\u017eit\u00e9 inform\u00e1cie, ako je stav tekutiny a bat\u00e9rie.<\/p>\n<\/li>\n<li class=\"\" data-start=\"1153\" data-end=\"1324\">\n<p class=\"\" data-start=\"1155\" data-end=\"1324\">850mAh Bat\u00e9ria: V\u00fdkonn\u00e1 dob\u00edjate\u013en\u00e1 bat\u00e9ria zabezpe\u010duje dlh\u0161ie pou\u017e\u00edvanie, zatia\u013e \u010do Type-C port umo\u017e\u0148uje r\u00fdchle a jednoduch\u00e9 nab\u00edjanie.<\/p>\n<\/li>\n<li class=\"\" data-start=\"1325\" data-end=\"1504\">\n<p class=\"\" data-start=\"1327\" data-end=\"1504\">Mesh-Coil Technol\u00f3gia: 0,8\u03a9 Mesh-Coil zabezpe\u010duje intenz\u00edvny dym a vynikaj\u00facu chu\u0165ov\u00fa silu \u2013 ide\u00e1lne pre t\u00fdch, ktor\u00ed chc\u00fa vy\u0165a\u017ei\u0165 maximum z ka\u017ed\u00e9ho \u0165ahu.<\/p>\n<\/li>\n<\/ul>\n<h4 data-start=\"1506\" data-end=\"1544\"><img fetchpriority=\"high\" decoding=\"async\" class=\"wp-image-6885 aligncenter\" src=\"https:\/\/vapingnet.de\/wp-content\/uploads\/2025\/05\/2-300x187.jpg\" alt=\"\" width=\"1887\" height=\"1176\" srcset=\"https:\/\/vapingnet.de\/wp-content\/uploads\/2025\/05\/2-300x187.jpg 300w, https:\/\/vapingnet.de\/wp-content\/uploads\/2025\/05\/2-768x480.jpg 768w, https:\/\/vapingnet.de\/wp-content\/uploads\/2025\/05\/2-600x375.jpg 600w, https:\/\/vapingnet.de\/wp-content\/uploads\/2025\/05\/2-1x1.jpg 1w, https:\/\/vapingnet.de\/wp-content\/uploads\/2025\/05\/2-10x6.jpg 10w\" sizes=\"(max-width: 1887px) 100vw, 1887px\" \/><\/h4>\n<h4 data-start=\"1506\" data-end=\"1544\">Chu\u0165ov\u00fd z\u00e1\u017eitok: Aloe Grape<\/h4>\n<p class=\"\" data-start=\"1546\" data-end=\"1816\">Kombin\u00e1cia \u010derstvej aloe vera a sladk\u00fdch hrozna vytv\u00e1ra ovocn\u00fa, osvie\u017euj\u00facu chu\u0165, ktor\u00e1 je p\u00f4\u017eitkom po\u010das cel\u00e9ho d\u0148a. Jedine\u010dn\u00e1 ar\u00f3ma je jemn\u00e1 aj povzbudzuj\u00faca a prin\u00e1\u0161a pr\u00edjemn\u00fa expl\u00f3ziu chuti pri ka\u017edom \u0165ahu.<\/p>\n<h4 data-start=\"1818\" data-end=\"1858\">Odoln\u00fd a pou\u017e\u00edvate\u013esky pr\u00edvetiv\u00fd<\/h4>\n<p class=\"\" data-start=\"1860\" data-end=\"2150\">V\u010faka ve\u013ekej kapacite tekutiny a dlhej kapacite puffov je WASPE 15000 Puffs ide\u00e1lny pre t\u00fdch, ktor\u00ed nechc\u00fa neust\u00e1le dop\u013a\u0148a\u0165. Bat\u00e9ria tie\u017e vydr\u017e\u00ed dlho, tak\u017ee sa nemus\u00edte ob\u00e1va\u0165 doby nab\u00edjania. Jednoducho si vychutn\u00e1vajte, a\u017e k\u00fdm nezoberiete posledn\u00fd \u0165ah.<\/p>\n<h3>V\u00fdhody WASPE 15000 Puffs<\/h3>\n<ul data-start=\"2192\" data-end=\"2602\">\n<li class=\"\" data-start=\"2192\" data-end=\"2320\">\n<p class=\"\" data-start=\"2194\" data-end=\"2320\">Doru\u010denie bez cla: Pohodlne objedn\u00e1vajte na vapingnet.de a vyu\u017e\u00edvajte r\u00fdchle a bezcoln\u00e9 doru\u010denie.<\/p>\n<\/li>\n<li class=\"\" data-start=\"2321\" data-end=\"2481\">\n<p class=\"\" data-start=\"2323\" data-end=\"2481\">Optim\u00e1lne pou\u017e\u00edvanie: S bat\u00e9riou 850mAh a portom Type-C si m\u00f4\u017eete by\u0165 ist\u00ed, \u017ee va\u0161a e-cigareta vydr\u017e\u00ed aj pri intenz\u00edvnom pou\u017e\u00edvan\u00ed dlh\u0161ie.<\/p>\n<\/li>\n<li class=\"\" data-start=\"2482\" data-end=\"2599\">\n<p class=\"\" data-start=\"2484\" data-end=\"2599\">Vysokokvalitn\u00e1 chu\u0165: S technol\u00f3giou Mesh-Coil bude ka\u017ed\u00fd \u0165ah intenz\u00edvnej\u0161\u00ed a chu\u0165ovo vyzretej\u0161\u00ed.<\/p>\n<\/li>\n<\/ul>\n<h4 data-start=\"2603\" data-end=\"2633\">Ide\u00e1lne pre \u010dast\u00fdch vapova\u010dov<\/h4>\n<p class=\"\" data-start=\"2635\" data-end=\"2960\">WASPE 15000 Puffs je ur\u010den\u00fd pre vapovanie, ktor\u00ed klad\u00fa d\u00f4raz na dlh\u00fa \u017eivotnos\u0165 svojej e-cigarety. V\u010faka dlhej kapacite puffov a pou\u017e\u00edvate\u013esky pr\u00edvetiv\u00e9mu dizajnu je tento model vynikaj\u00faci pre t\u00fdch, ktor\u00ed vapuj\u00fa ka\u017ed\u00fd de\u0148. Je praktick\u00fd, odoln\u00fd a pon\u00faka kon\u0161tantn\u00fd, skvel\u00fd z\u00e1\u017eitok z vapovania.<\/p>\n<p class=\"\" data-start=\"2962\" data-end=\"3094\">Objednajte si svoj WASPE 15000 potiahnut\u00ed e\u0161te dnes na vapingnet.de a za\u017eite vapovanie, ktor\u00e9 prekon\u00e1 v\u0161etky o\u010dak\u00e1vania.<\/p>","protected":false},"excerpt":{"rendered":"<p>WASPE 15000 Puffs Innovation in jeder Wolke Die WASPE 15000 Puffs bietet eine neue Dimension des Dampferlebnisses. Mit einer beeindruckenden Kombination aus langlebiger Leistung, fortschrittlicher&#8230;<\/p>","protected":false},"featured_media":6731,"template":"","meta":[],"etheme_brands":[],"product_brand":[98],"product_cat":[53,49,61],"product_tag":[],"class_list":{"0":"post-6730","1":"product","2":"type-product","3":"status-publish","4":"has-post-thumbnail","6":"product_brand-waspe-vape","7":"product_cat-vape-15000-zuege","8":"product_cat-einweg-e-zigarette","9":"product_cat-f","11":"first","12":"instock","13":"shipping-taxable","14":"purchasable","15":"product-type-simple"},"yoast_head":"<!-- This site is optimized with the Yoast SEO plugin v26.5 - https:\/\/yoast.com\/wordpress\/plugins\/seo\/ -->\n<title>WASPE 15000 Puffs Aloe Grape Der Geschmack Der Dich \u00dcberzeugt Jetzt Ohne Z\u00f6lle | Vapingnet.de<\/title>\n<meta name=\"description\" content=\"Entdecke WASPE 15000 Puffs Aloe Grape Der Geschmack Der Dich \u00dcberzeugt Jetzt Ohne Z\u00f6lle bei vapingnet.de, \u25ba Gro\u00dfe Auswahl an Geschmacksrichtungen &amp; super g\u00fcnstig!\" \/>\n<meta name=\"robots\" content=\"index, follow, max-snippet:-1, max-image-preview:large, max-video-preview:-1\" \/>\n<link rel=\"canonical\" href=\"https:\/\/vapingnet.de\/sk\/vape\/waspe-15000-puffs-aloe-grape-der-geschmack-der-dich-ueberzeugt-jetzt-ohne-zoelle\/\" \/>\n<meta property=\"og:locale\" content=\"sk_SK\" \/>\n<meta property=\"og:type\" content=\"article\" \/>\n<meta property=\"og:title\" content=\"WASPE 15000 Puffs Aloe Grape Der Geschmack Der Dich \u00dcberzeugt Jetzt Ohne Z\u00f6lle | Vapingnet.de\" \/>\n<meta property=\"og:description\" content=\"Entdecke WASPE 15000 Puffs Aloe Grape Der Geschmack Der Dich \u00dcberzeugt Jetzt Ohne Z\u00f6lle bei vapingnet.de, \u25ba Gro\u00dfe Auswahl an Geschmacksrichtungen &amp; super g\u00fcnstig!\" \/>\n<meta property=\"og:url\" content=\"https:\/\/vapingnet.de\/sk\/vape\/waspe-15000-puffs-aloe-grape-der-geschmack-der-dich-ueberzeugt-jetzt-ohne-zoelle\/\" \/>\n<meta property=\"og:site_name\" content=\"Vapingnet.de\" \/>\n<meta property=\"article:publisher\" content=\"https:\/\/www.facebook.com\/vapingnetde\/\" \/>\n<meta property=\"article:modified_time\" content=\"2025-06-19T03:45:04+00:00\" \/>\n<meta property=\"og:image\" content=\"https:\/\/vapingnet.de\/wp-content\/uploads\/2025\/05\/Aloe-Grape.webp\" \/>\n\t<meta property=\"og:image:width\" content=\"1000\" \/>\n\t<meta property=\"og:image:height\" content=\"1000\" \/>\n\t<meta property=\"og:image:type\" content=\"image\/webp\" \/>\n<meta name=\"twitter:card\" content=\"summary_large_image\" \/>\n<meta name=\"twitter:label1\" content=\"Est. reading time\" \/>\n\t<meta name=\"twitter:data1\" content=\"3 minutes\" \/>\n<script type=\"application\/ld+json\" class=\"yoast-schema-graph\">{\"@context\":\"https:\/\/schema.org\",\"@graph\":[{\"@type\":\"WebPage\",\"@id\":\"https:\/\/vapingnet.de\/vape\/waspe-15000-puffs-aloe-grape-der-geschmack-der-dich-ueberzeugt-jetzt-ohne-zoelle\/\",\"url\":\"https:\/\/vapingnet.de\/vape\/waspe-15000-puffs-aloe-grape-der-geschmack-der-dich-ueberzeugt-jetzt-ohne-zoelle\/\",\"name\":\"WASPE 15000 Puffs Aloe Grape Der Geschmack Der Dich \u00dcberzeugt Jetzt Ohne Z\u00f6lle | Vapingnet.de\",\"isPartOf\":{\"@id\":\"https:\/\/vapingnet.de\/#website\"},\"primaryImageOfPage\":{\"@id\":\"https:\/\/vapingnet.de\/vape\/waspe-15000-puffs-aloe-grape-der-geschmack-der-dich-ueberzeugt-jetzt-ohne-zoelle\/#primaryimage\"},\"image\":{\"@id\":\"https:\/\/vapingnet.de\/vape\/waspe-15000-puffs-aloe-grape-der-geschmack-der-dich-ueberzeugt-jetzt-ohne-zoelle\/#primaryimage\"},\"thumbnailUrl\":\"https:\/\/vapingnet.de\/wp-content\/uploads\/2025\/05\/Aloe-Grape.webp\",\"datePublished\":\"2025-05-05T02:36:10+00:00\",\"dateModified\":\"2025-06-19T03:45:04+00:00\",\"description\":\"Entdecke WASPE 15000 Puffs Aloe Grape Der Geschmack Der Dich \u00dcberzeugt Jetzt Ohne Z\u00f6lle bei vapingnet.de, \u25ba Gro\u00dfe Auswahl an Geschmacksrichtungen & super g\u00fcnstig!\",\"breadcrumb\":{\"@id\":\"https:\/\/vapingnet.de\/vape\/waspe-15000-puffs-aloe-grape-der-geschmack-der-dich-ueberzeugt-jetzt-ohne-zoelle\/#breadcrumb\"},\"inLanguage\":\"sk-SK\",\"potentialAction\":[{\"@type\":\"ReadAction\",\"target\":[\"https:\/\/vapingnet.de\/vape\/waspe-15000-puffs-aloe-grape-der-geschmack-der-dich-ueberzeugt-jetzt-ohne-zoelle\/\"]}]},{\"@type\":\"ImageObject\",\"inLanguage\":\"sk-SK\",\"@id\":\"https:\/\/vapingnet.de\/vape\/waspe-15000-puffs-aloe-grape-der-geschmack-der-dich-ueberzeugt-jetzt-ohne-zoelle\/#primaryimage\",\"url\":\"https:\/\/vapingnet.de\/wp-content\/uploads\/2025\/05\/Aloe-Grape.webp\",\"contentUrl\":\"https:\/\/vapingnet.de\/wp-content\/uploads\/2025\/05\/Aloe-Grape.webp\",\"width\":1000,\"height\":1000},{\"@type\":\"BreadcrumbList\",\"@id\":\"https:\/\/vapingnet.de\/vape\/waspe-15000-puffs-aloe-grape-der-geschmack-der-dich-ueberzeugt-jetzt-ohne-zoelle\/#breadcrumb\",\"itemListElement\":[{\"@type\":\"ListItem\",\"position\":1,\"name\":\"Home\",\"item\":\"https:\/\/vapingnet.de\/\"},{\"@type\":\"ListItem\",\"position\":2,\"name\":\"Shop\",\"item\":\"https:\/\/vapingnet.de\/vape\/\"},{\"@type\":\"ListItem\",\"position\":3,\"name\":\"WASPE 15000 Puffs Aloe Grape Der Geschmack Der Dich \u00dcberzeugt Jetzt Ohne Z\u00f6lle\"}]},{\"@type\":\"WebSite\",\"@id\":\"https:\/\/vapingnet.de\/#website\",\"url\":\"https:\/\/vapingnet.de\/\",\"name\":\"Vapingnet.de\",\"description\":\"\",\"publisher\":{\"@id\":\"https:\/\/vapingnet.de\/#organization\"},\"potentialAction\":[{\"@type\":\"SearchAction\",\"target\":{\"@type\":\"EntryPoint\",\"urlTemplate\":\"https:\/\/vapingnet.de\/?s={search_term_string}\"},\"query-input\":{\"@type\":\"PropertyValueSpecification\",\"valueRequired\":true,\"valueName\":\"search_term_string\"}}],\"inLanguage\":\"sk-SK\"},{\"@type\":\"Organization\",\"@id\":\"https:\/\/vapingnet.de\/#organization\",\"name\":\"Vapingnet.de\",\"url\":\"https:\/\/vapingnet.de\/\",\"logo\":{\"@type\":\"ImageObject\",\"inLanguage\":\"sk-SK\",\"@id\":\"https:\/\/vapingnet.de\/#\/schema\/logo\/image\/\",\"url\":\"https:\/\/vapingnet.de\/wp-content\/uploads\/2025\/03\/cropped-vapingnet.de_.jpg\",\"contentUrl\":\"https:\/\/vapingnet.de\/wp-content\/uploads\/2025\/03\/cropped-vapingnet.de_.jpg\",\"width\":512,\"height\":512,\"caption\":\"Vapingnet.de\"},\"image\":{\"@id\":\"https:\/\/vapingnet.de\/#\/schema\/logo\/image\/\"},\"sameAs\":[\"https:\/\/www.facebook.com\/vapingnetde\/\"]}]}<\/script>\n<!-- \/ Yoast SEO plugin. -->","yoast_head_json":{"title":"WASPE 15000 Puffs Aloe Grape Der Geschmack Der Dich \u00dcberzeugt Jetzt Ohne Z\u00f6lle | Vapingnet.de","description":"Entdecke WASPE 15000 Puffs Aloe Grape Der Geschmack Der Dich \u00dcberzeugt Jetzt Ohne Z\u00f6lle bei vapingnet.de, \u25ba Gro\u00dfe Auswahl an Geschmacksrichtungen & super g\u00fcnstig!","robots":{"index":"index","follow":"follow","max-snippet":"max-snippet:-1","max-image-preview":"max-image-preview:large","max-video-preview":"max-video-preview:-1"},"canonical":"https:\/\/vapingnet.de\/sk\/vape\/waspe-15000-puffs-aloe-grape-der-geschmack-der-dich-ueberzeugt-jetzt-ohne-zoelle\/","og_locale":"sk_SK","og_type":"article","og_title":"WASPE 15000 Puffs Aloe Grape Der Geschmack Der Dich \u00dcberzeugt Jetzt Ohne Z\u00f6lle | Vapingnet.de","og_description":"Entdecke WASPE 15000 Puffs Aloe Grape Der Geschmack Der Dich \u00dcberzeugt Jetzt Ohne Z\u00f6lle bei vapingnet.de, \u25ba Gro\u00dfe Auswahl an Geschmacksrichtungen & super g\u00fcnstig!","og_url":"https:\/\/vapingnet.de\/sk\/vape\/waspe-15000-puffs-aloe-grape-der-geschmack-der-dich-ueberzeugt-jetzt-ohne-zoelle\/","og_site_name":"Vapingnet.de","article_publisher":"https:\/\/www.facebook.com\/vapingnetde\/","article_modified_time":"2025-06-19T03:45:04+00:00","og_image":[{"width":1000,"height":1000,"url":"https:\/\/vapingnet.de\/wp-content\/uploads\/2025\/05\/Aloe-Grape.webp","type":"image\/webp"}],"twitter_card":"summary_large_image","twitter_misc":{"Est. reading time":"3 minutes"},"schema":{"@context":"https:\/\/schema.org","@graph":[{"@type":"WebPage","@id":"https:\/\/vapingnet.de\/vape\/waspe-15000-puffs-aloe-grape-der-geschmack-der-dich-ueberzeugt-jetzt-ohne-zoelle\/","url":"https:\/\/vapingnet.de\/vape\/waspe-15000-puffs-aloe-grape-der-geschmack-der-dich-ueberzeugt-jetzt-ohne-zoelle\/","name":"WASPE 15000 Puffs Aloe Grape Der Geschmack Der Dich \u00dcberzeugt Jetzt Ohne Z\u00f6lle | Vapingnet.de","isPartOf":{"@id":"https:\/\/vapingnet.de\/#website"},"primaryImageOfPage":{"@id":"https:\/\/vapingnet.de\/vape\/waspe-15000-puffs-aloe-grape-der-geschmack-der-dich-ueberzeugt-jetzt-ohne-zoelle\/#primaryimage"},"image":{"@id":"https:\/\/vapingnet.de\/vape\/waspe-15000-puffs-aloe-grape-der-geschmack-der-dich-ueberzeugt-jetzt-ohne-zoelle\/#primaryimage"},"thumbnailUrl":"https:\/\/vapingnet.de\/wp-content\/uploads\/2025\/05\/Aloe-Grape.webp","datePublished":"2025-05-05T02:36:10+00:00","dateModified":"2025-06-19T03:45:04+00:00","description":"Entdecke WASPE 15000 Puffs Aloe Grape Der Geschmack Der Dich \u00dcberzeugt Jetzt Ohne Z\u00f6lle bei vapingnet.de, \u25ba Gro\u00dfe Auswahl an Geschmacksrichtungen & super g\u00fcnstig!","breadcrumb":{"@id":"https:\/\/vapingnet.de\/vape\/waspe-15000-puffs-aloe-grape-der-geschmack-der-dich-ueberzeugt-jetzt-ohne-zoelle\/#breadcrumb"},"inLanguage":"sk-SK","potentialAction":[{"@type":"ReadAction","target":["https:\/\/vapingnet.de\/vape\/waspe-15000-puffs-aloe-grape-der-geschmack-der-dich-ueberzeugt-jetzt-ohne-zoelle\/"]}]},{"@type":"ImageObject","inLanguage":"sk-SK","@id":"https:\/\/vapingnet.de\/vape\/waspe-15000-puffs-aloe-grape-der-geschmack-der-dich-ueberzeugt-jetzt-ohne-zoelle\/#primaryimage","url":"https:\/\/vapingnet.de\/wp-content\/uploads\/2025\/05\/Aloe-Grape.webp","contentUrl":"https:\/\/vapingnet.de\/wp-content\/uploads\/2025\/05\/Aloe-Grape.webp","width":1000,"height":1000},{"@type":"BreadcrumbList","@id":"https:\/\/vapingnet.de\/vape\/waspe-15000-puffs-aloe-grape-der-geschmack-der-dich-ueberzeugt-jetzt-ohne-zoelle\/#breadcrumb","itemListElement":[{"@type":"ListItem","position":1,"name":"Home","item":"https:\/\/vapingnet.de\/"},{"@type":"ListItem","position":2,"name":"Shop","item":"https:\/\/vapingnet.de\/vape\/"},{"@type":"ListItem","position":3,"name":"WASPE 15000 Puffs Aloe Grape Der Geschmack Der Dich \u00dcberzeugt Jetzt Ohne Z\u00f6lle"}]},{"@type":"WebSite","@id":"https:\/\/vapingnet.de\/#website","url":"https:\/\/vapingnet.de\/","name":"Vapingnet.de","description":"","publisher":{"@id":"https:\/\/vapingnet.de\/#organization"},"potentialAction":[{"@type":"SearchAction","target":{"@type":"EntryPoint","urlTemplate":"https:\/\/vapingnet.de\/?s={search_term_string}"},"query-input":{"@type":"PropertyValueSpecification","valueRequired":true,"valueName":"search_term_string"}}],"inLanguage":"sk-SK"},{"@type":"Organization","@id":"https:\/\/vapingnet.de\/#organization","name":"Vapingnet.de","url":"https:\/\/vapingnet.de\/","logo":{"@type":"ImageObject","inLanguage":"sk-SK","@id":"https:\/\/vapingnet.de\/#\/schema\/logo\/image\/","url":"https:\/\/vapingnet.de\/wp-content\/uploads\/2025\/03\/cropped-vapingnet.de_.jpg","contentUrl":"https:\/\/vapingnet.de\/wp-content\/uploads\/2025\/03\/cropped-vapingnet.de_.jpg","width":512,"height":512,"caption":"Vapingnet.de"},"image":{"@id":"https:\/\/vapingnet.de\/#\/schema\/logo\/image\/"},"sameAs":["https:\/\/www.facebook.com\/vapingnetde\/"]}]}},"tiered_pricing_type":"fixed","tiered_pricing_fixed_rules":{"10":"8.35","60":"7.52","110":"6.68","200":"5.85"},"tiered_pricing_product_settings":{"layout":"default","base_unit_name":{"singular":null,"plural":null},"default_variation":null},"tiered_pricing_minimum_quantity":null,"tiered_pricing_roles_data":[],"tiered_pricing_percentage_rules":[],"_links":{"self":[{"href":"https:\/\/vapingnet.de\/sk\/wp-json\/wp\/v2\/product\/6730","targetHints":{"allow":["GET"]}}],"collection":[{"href":"https:\/\/vapingnet.de\/sk\/wp-json\/wp\/v2\/product"}],"about":[{"href":"https:\/\/vapingnet.de\/sk\/wp-json\/wp\/v2\/types\/product"}],"version-history":[{"count":2,"href":"https:\/\/vapingnet.de\/sk\/wp-json\/wp\/v2\/product\/6730\/revisions"}],"predecessor-version":[{"id":6886,"href":"https:\/\/vapingnet.de\/sk\/wp-json\/wp\/v2\/product\/6730\/revisions\/6886"}],"wp:featuredmedia":[{"embeddable":true,"href":"https:\/\/vapingnet.de\/sk\/wp-json\/wp\/v2\/media\/6731"}],"wp:attachment":[{"href":"https:\/\/vapingnet.de\/sk\/wp-json\/wp\/v2\/media?parent=6730"}],"wp:term":[{"taxonomy":"brand","embeddable":true,"href":"https:\/\/vapingnet.de\/sk\/wp-json\/wp\/v2\/etheme_brands?post=6730"},{"taxonomy":"product_brand","embeddable":true,"href":"https:\/\/vapingnet.de\/sk\/wp-json\/wp\/v2\/product_brand?post=6730"},{"taxonomy":"product_cat","embeddable":true,"href":"https:\/\/vapingnet.de\/sk\/wp-json\/wp\/v2\/product_cat?post=6730"},{"taxonomy":"product_tag","embeddable":true,"href":"https:\/\/vapingnet.de\/sk\/wp-json\/wp\/v2\/product_tag?post=6730"}],"curies":[{"name":"wp","href":"https:\/\/api.w.org\/{rel}","templated":true}]}}