{"id":6753,"date":"2025-05-05T03:22:12","date_gmt":"2025-05-05T03:22:12","guid":{"rendered":"https:\/\/vapingnet.de\/?post_type=product&#038;p=6753"},"modified":"2026-04-15T07:43:48","modified_gmt":"2026-04-15T07:43:48","slug":"top-angebot-waspe-15000-puffs-mixed-berries-bestellen-und-sofort-geniessen","status":"publish","type":"product","link":"https:\/\/vapingnet.de\/sk\/vape\/top-angebot-waspe-15000-puffs-mixed-berries-bestellen-und-sofort-geniessen\/","title":{"rendered":"Top ponuka WASPE 15000 Puffs Mixovan\u00e9 bobu\u013eov\u00e9 ovocie, objednajte a okam\u017eite si vychutnajte"},"content":{"rendered":"<h2 data-start=\"0\" data-end=\"74\" data-immersive-translate-walked=\"48bfa72a-cc87-435c-8bc4-c1dbef65f075\">Za\u017eite WASPE 15000 potiahnut\u00ed \u2013 dokonal\u00fd parn\u00fd p\u00f4\u017eitok s Mixed Berries<\/h2>\n<p class=\"\" data-start=\"76\" data-end=\"446\" data-immersive-translate-paragraph=\"1\" data-immersive-translate-walked=\"48bfa72a-cc87-435c-8bc4-c1dbef65f075\">WASPE 15000 potiahnut\u00ed predstavuje nov\u00fa \u00e9ru v oblasti jednorazov\u00fdch e-cigariet a presved\u010d\u00ed svoj\u00edm vynikaj\u00facim v\u00fdkonom. S ve\u013ek\u00fdm 22 ml z\u00e1sobn\u00edkom e-liquidu a kapacitou 15 000 potiahnut\u00ed pon\u00faka tento model mimoriadne dlh\u00e9 parn\u00e9 rel\u00e1cie bez preru\u0161enia. Ide\u00e1lne na dlh\u00e9 dni alebo na pou\u017eitie na cest\u00e1ch.<\/p>\n<h4 data-start=\"448\" data-end=\"519\" data-immersive-translate-paragraph=\"1\" data-immersive-translate-walked=\"48bfa72a-cc87-435c-8bc4-c1dbef65f075\">Technologick\u00e9 inov\u00e1cie pre neporovnate\u013en\u00fd z\u00e1\u017eitok z vapovania<\/h4>\n<p class=\"\" data-start=\"521\" data-end=\"879\" data-immersive-translate-paragraph=\"1\" data-immersive-translate-walked=\"48bfa72a-cc87-435c-8bc4-c1dbef65f075\">WASPE 15000 potiahnut\u00ed je vybaven\u00fd inovat\u00edvnou technol\u00f3giou Mesh Coil, ktor\u00e1 pri odpore 0,8\u03a9 zabezpe\u010duje lep\u0161iu produkciu pary a intenz\u00edvnej\u0161ie rozv\u00edjanie chuti. \u010ci ste za\u010diato\u010dn\u00edk alebo sk\u00fasen\u00fd vapova\u010d \u2013 chu\u0165 Mixed Berries v\u00e1s nadchne svojou ovocnos\u0165ou a komplexnos\u0165ou.<\/p>\n<p class=\"\" data-start=\"881\" data-end=\"1191\" data-immersive-translate-paragraph=\"1\" data-immersive-translate-walked=\"48bfa72a-cc87-435c-8bc4-c1dbef65f075\">Integr\u00e1cia LCD displeja rob\u00ed WASPE 15000 mimoriadne pou\u017e\u00edvate\u013esky pr\u00edvetiv\u00fdm. Zobrazuje v\u0161etky d\u00f4le\u017eit\u00e9 inform\u00e1cie, ako je stav bat\u00e9rie a po\u010det potiahnut\u00ed v re\u00e1lnom \u010dase. Tak m\u00e1te v\u017edy preh\u013ead o tom, ko\u013eko potiahnut\u00ed zost\u00e1va a kedy je \u010das zariadenie nabi\u0165.<\/p>\n<h4 data-start=\"1193\" data-end=\"1240\" data-immersive-translate-paragraph=\"1\" data-immersive-translate-walked=\"48bfa72a-cc87-435c-8bc4-c1dbef65f075\">Praktick\u00e9 pou\u017eitie a udr\u017eate\u013en\u00fd v\u00fdkon<\/h4>\n<p class=\"\" data-start=\"1242\" data-end=\"1494\" data-immersive-translate-paragraph=\"1\" data-immersive-translate-walked=\"48bfa72a-cc87-435c-8bc4-c1dbef65f075\">WASPE 15000 potiahnut\u00ed prich\u00e1dza s dob\u00edjate\u013enou bat\u00e9riou 850mAh, ktor\u00fa je mo\u017en\u00e9 \u013eahko a r\u00fdchlo nabi\u0165 cez Type-C port. Tak zost\u00e1va zariadenie v\u017edy pripraven\u00e9 na pou\u017eitie a zabezpe\u010duje kon\u0161tantn\u00fd v\u00fdkon po mnoho hod\u00edn.<\/p>\n<p class=\"\" data-start=\"1496\" data-end=\"1793\" data-immersive-translate-paragraph=\"1\" data-immersive-translate-walked=\"48bfa72a-cc87-435c-8bc4-c1dbef65f075\">V\u010faka svojmu kompaktn\u00e9mu dizajnu a n\u00edzkej hmotnosti len 90g je WASPE 15000 nielen v\u00fdkonn\u00e9, ale aj ve\u013emi prenosn\u00e9 a pohodln\u00e9 na pou\u017e\u00edvanie. Bat\u00e9ria zabezpe\u010duje dlh\u00fa \u017eivotnos\u0165 a st\u00e1le vysok\u00fd v\u00fdkon po\u010das celej doby pou\u017e\u00edvania.<\/p>\n<h4 data-start=\"1795\" data-end=\"1827\" data-immersive-translate-paragraph=\"1\" data-immersive-translate-walked=\"48bfa72a-cc87-435c-8bc4-c1dbef65f075\">Perfektne pre v\u0161etky potreby<\/h4>\n<p class=\"\" data-start=\"1829\" data-end=\"1986\" data-immersive-translate-paragraph=\"1\" data-immersive-translate-walked=\"48bfa72a-cc87-435c-8bc4-c1dbef65f075\">WASPE 15000 potiahnut\u00ed je dostupn\u00fd v \u0161tyroch koncentr\u00e1ci\u00e1ch nikot\u00ednu \u2013 0%, 2%, 3% a 5%, tak\u017ee si ho m\u00f4\u017eete prisp\u00f4sobi\u0165 pod\u013ea svojich osobn\u00fdch potrieb.<\/p>\n<p class=\"\" data-start=\"1988\" data-end=\"2222\" data-immersive-translate-paragraph=\"1\" data-immersive-translate-walked=\"48bfa72a-cc87-435c-8bc4-c1dbef65f075\">Objednajte si WASPE 15000 potiahnut\u00ed cez vapingnet.de a vyu\u017eite bezcoln\u00e9 objedn\u00e1vky. Skvel\u00fd sp\u00f4sob, ako si vychutna\u0165 kvalitn\u00e9 e-cigarety bez starost\u00ed o dodato\u010dn\u00e9 n\u00e1klady.<\/p>\n<h3>Neporovnate\u013en\u00fd p\u00f4\u017eitok s WASPE 15000 potiahnut\u00ed<\/h3>\n<p class=\"\" data-start=\"2235\" data-end=\"2481\" data-immersive-translate-paragraph=\"1\" data-immersive-translate-walked=\"48bfa72a-cc87-435c-8bc4-c1dbef65f075\">\u010ci u\u017e na ka\u017edodenn\u00e9 pou\u017eitie alebo dlh\u0161ie vapovacie rel\u00e1cie, WASPE 15000 potiahnut\u00ed v\u00e1m pon\u00faka mimoriadny z\u00e1\u017eitok z vapovania. Chu\u0165 Mixed Berries zabezpe\u010duje osvie\u017euj\u00faci, ovocn\u00fd p\u00f4\u017eitok, ktor\u00fd nikdy neomrz\u00ed.<\/p>\n<p class=\"\" data-start=\"2483\" data-end=\"2607\" data-immersive-translate-paragraph=\"1\" data-immersive-translate-walked=\"48bfa72a-cc87-435c-8bc4-c1dbef65f075\">Zauj\u00edmaj\u00fa v\u00e1s \u010fal\u0161ie produkty alebo r\u00f4zne pr\u00edchute? Nav\u0161t\u00edvte na\u0161u str\u00e1nku pre viac inform\u00e1ci\u00ed!<\/p>","protected":false},"excerpt":{"rendered":"<p>Za\u017eite WASPE 15000 Puffs \u2013 Dokonal\u00fd z\u00e1\u017eitok z parenia s Mixed Berries. WASPE 15000 Puffs predstavuje nov\u00fa \u00e9ru v oblasti jednorazov\u00fdch e-cigariet...<\/p>","protected":false},"featured_media":6736,"template":"","meta":[],"etheme_brands":[],"product_brand":[98],"product_cat":[53,49,61],"product_tag":[],"class_list":{"0":"post-6753","1":"product","2":"type-product","3":"status-publish","4":"has-post-thumbnail","6":"product_brand-waspe-vape","7":"product_cat-vape-15000-zuege","8":"product_cat-einweg-e-zigarette","9":"product_cat-f","11":"first","12":"instock","13":"shipping-taxable","14":"purchasable","15":"product-type-variable"},"yoast_head":"<!-- This site is optimized with the Yoast SEO plugin v26.5 - https:\/\/yoast.com\/wordpress\/plugins\/seo\/ -->\n<title>Top Angebot WASPE 15000 Puffs Mixed Berries Bestellen Und Sofort Genie\u00dfen | Vapingnet.de<\/title>\n<meta name=\"description\" content=\"Entdecke Top Angebot WASPE 15000 Puffs Mixed Berries Bestellen Und Sofort Genie\u00dfen bei vapingnet.de, \u25ba Gro\u00dfe Auswahl an Geschmacksrichtungen &amp; super g\u00fcnstig!\" \/>\n<meta name=\"robots\" content=\"index, follow, max-snippet:-1, max-image-preview:large, max-video-preview:-1\" \/>\n<link rel=\"canonical\" href=\"https:\/\/vapingnet.de\/sk\/vape\/top-angebot-waspe-15000-puffs-mixed-berries-bestellen-und-sofort-geniessen\/\" \/>\n<meta property=\"og:locale\" content=\"sk_SK\" \/>\n<meta property=\"og:type\" content=\"article\" \/>\n<meta property=\"og:title\" content=\"Top Angebot WASPE 15000 Puffs Mixed Berries Bestellen Und Sofort Genie\u00dfen | Vapingnet.de\" \/>\n<meta property=\"og:description\" content=\"Entdecke Top Angebot WASPE 15000 Puffs Mixed Berries Bestellen Und Sofort Genie\u00dfen bei vapingnet.de, \u25ba Gro\u00dfe Auswahl an Geschmacksrichtungen &amp; super g\u00fcnstig!\" \/>\n<meta property=\"og:url\" content=\"https:\/\/vapingnet.de\/sk\/vape\/top-angebot-waspe-15000-puffs-mixed-berries-bestellen-und-sofort-geniessen\/\" \/>\n<meta property=\"og:site_name\" content=\"Vapingnet.de\" \/>\n<meta property=\"article:publisher\" content=\"https:\/\/www.facebook.com\/vapingnetde\/\" \/>\n<meta property=\"article:modified_time\" content=\"2026-04-15T07:43:48+00:00\" \/>\n<meta property=\"og:image\" content=\"https:\/\/vapingnet.de\/wp-content\/uploads\/2025\/05\/Mixed-Berries.webp\" \/>\n\t<meta property=\"og:image:width\" content=\"1000\" \/>\n\t<meta property=\"og:image:height\" content=\"1000\" \/>\n\t<meta property=\"og:image:type\" content=\"image\/webp\" \/>\n<meta name=\"twitter:card\" content=\"summary_large_image\" \/>\n<meta name=\"twitter:label1\" content=\"Est. reading time\" \/>\n\t<meta name=\"twitter:data1\" content=\"3 minutes\" \/>\n<script type=\"application\/ld+json\" class=\"yoast-schema-graph\">{\"@context\":\"https:\/\/schema.org\",\"@graph\":[{\"@type\":\"WebPage\",\"@id\":\"https:\/\/vapingnet.de\/vape\/top-angebot-waspe-15000-puffs-mixed-berries-bestellen-und-sofort-geniessen\/\",\"url\":\"https:\/\/vapingnet.de\/vape\/top-angebot-waspe-15000-puffs-mixed-berries-bestellen-und-sofort-geniessen\/\",\"name\":\"Top Angebot WASPE 15000 Puffs Mixed Berries Bestellen Und Sofort Genie\u00dfen | Vapingnet.de\",\"isPartOf\":{\"@id\":\"https:\/\/vapingnet.de\/#website\"},\"primaryImageOfPage\":{\"@id\":\"https:\/\/vapingnet.de\/vape\/top-angebot-waspe-15000-puffs-mixed-berries-bestellen-und-sofort-geniessen\/#primaryimage\"},\"image\":{\"@id\":\"https:\/\/vapingnet.de\/vape\/top-angebot-waspe-15000-puffs-mixed-berries-bestellen-und-sofort-geniessen\/#primaryimage\"},\"thumbnailUrl\":\"https:\/\/vapingnet.de\/wp-content\/uploads\/2025\/05\/Mixed-Berries.webp\",\"datePublished\":\"2025-05-05T03:22:12+00:00\",\"dateModified\":\"2026-04-15T07:43:48+00:00\",\"description\":\"Entdecke Top Angebot WASPE 15000 Puffs Mixed Berries Bestellen Und Sofort Genie\u00dfen bei vapingnet.de, \u25ba Gro\u00dfe Auswahl an Geschmacksrichtungen & super g\u00fcnstig!\",\"breadcrumb\":{\"@id\":\"https:\/\/vapingnet.de\/vape\/top-angebot-waspe-15000-puffs-mixed-berries-bestellen-und-sofort-geniessen\/#breadcrumb\"},\"inLanguage\":\"sk-SK\",\"potentialAction\":[{\"@type\":\"ReadAction\",\"target\":[\"https:\/\/vapingnet.de\/vape\/top-angebot-waspe-15000-puffs-mixed-berries-bestellen-und-sofort-geniessen\/\"]}]},{\"@type\":\"ImageObject\",\"inLanguage\":\"sk-SK\",\"@id\":\"https:\/\/vapingnet.de\/vape\/top-angebot-waspe-15000-puffs-mixed-berries-bestellen-und-sofort-geniessen\/#primaryimage\",\"url\":\"https:\/\/vapingnet.de\/wp-content\/uploads\/2025\/05\/Mixed-Berries.webp\",\"contentUrl\":\"https:\/\/vapingnet.de\/wp-content\/uploads\/2025\/05\/Mixed-Berries.webp\",\"width\":1000,\"height\":1000},{\"@type\":\"BreadcrumbList\",\"@id\":\"https:\/\/vapingnet.de\/vape\/top-angebot-waspe-15000-puffs-mixed-berries-bestellen-und-sofort-geniessen\/#breadcrumb\",\"itemListElement\":[{\"@type\":\"ListItem\",\"position\":1,\"name\":\"Home\",\"item\":\"https:\/\/vapingnet.de\/\"},{\"@type\":\"ListItem\",\"position\":2,\"name\":\"Shop\",\"item\":\"https:\/\/vapingnet.de\/vape\/\"},{\"@type\":\"ListItem\",\"position\":3,\"name\":\"Top Angebot WASPE 15000 Puffs Mixed Berries Bestellen Und Sofort Genie\u00dfen\"}]},{\"@type\":\"WebSite\",\"@id\":\"https:\/\/vapingnet.de\/#website\",\"url\":\"https:\/\/vapingnet.de\/\",\"name\":\"Vapingnet.de\",\"description\":\"\",\"publisher\":{\"@id\":\"https:\/\/vapingnet.de\/#organization\"},\"potentialAction\":[{\"@type\":\"SearchAction\",\"target\":{\"@type\":\"EntryPoint\",\"urlTemplate\":\"https:\/\/vapingnet.de\/?s={search_term_string}\"},\"query-input\":{\"@type\":\"PropertyValueSpecification\",\"valueRequired\":true,\"valueName\":\"search_term_string\"}}],\"inLanguage\":\"sk-SK\"},{\"@type\":\"Organization\",\"@id\":\"https:\/\/vapingnet.de\/#organization\",\"name\":\"Vapingnet.de\",\"url\":\"https:\/\/vapingnet.de\/\",\"logo\":{\"@type\":\"ImageObject\",\"inLanguage\":\"sk-SK\",\"@id\":\"https:\/\/vapingnet.de\/#\/schema\/logo\/image\/\",\"url\":\"https:\/\/vapingnet.de\/wp-content\/uploads\/2025\/03\/cropped-vapingnet.de_.jpg\",\"contentUrl\":\"https:\/\/vapingnet.de\/wp-content\/uploads\/2025\/03\/cropped-vapingnet.de_.jpg\",\"width\":512,\"height\":512,\"caption\":\"Vapingnet.de\"},\"image\":{\"@id\":\"https:\/\/vapingnet.de\/#\/schema\/logo\/image\/\"},\"sameAs\":[\"https:\/\/www.facebook.com\/vapingnetde\/\"]}]}<\/script>\n<!-- \/ Yoast SEO plugin. -->","yoast_head_json":{"title":"Top Angebot WASPE 15000 Puffs Mixed Berries Bestellen Und Sofort Genie\u00dfen | Vapingnet.de","description":"Entdecke Top Angebot WASPE 15000 Puffs Mixed Berries Bestellen Und Sofort Genie\u00dfen bei vapingnet.de, \u25ba Gro\u00dfe Auswahl an Geschmacksrichtungen & super g\u00fcnstig!","robots":{"index":"index","follow":"follow","max-snippet":"max-snippet:-1","max-image-preview":"max-image-preview:large","max-video-preview":"max-video-preview:-1"},"canonical":"https:\/\/vapingnet.de\/sk\/vape\/top-angebot-waspe-15000-puffs-mixed-berries-bestellen-und-sofort-geniessen\/","og_locale":"sk_SK","og_type":"article","og_title":"Top Angebot WASPE 15000 Puffs Mixed Berries Bestellen Und Sofort Genie\u00dfen | Vapingnet.de","og_description":"Entdecke Top Angebot WASPE 15000 Puffs Mixed Berries Bestellen Und Sofort Genie\u00dfen bei vapingnet.de, \u25ba Gro\u00dfe Auswahl an Geschmacksrichtungen & super g\u00fcnstig!","og_url":"https:\/\/vapingnet.de\/sk\/vape\/top-angebot-waspe-15000-puffs-mixed-berries-bestellen-und-sofort-geniessen\/","og_site_name":"Vapingnet.de","article_publisher":"https:\/\/www.facebook.com\/vapingnetde\/","article_modified_time":"2026-04-15T07:43:48+00:00","og_image":[{"width":1000,"height":1000,"url":"https:\/\/vapingnet.de\/wp-content\/uploads\/2025\/05\/Mixed-Berries.webp","type":"image\/webp"}],"twitter_card":"summary_large_image","twitter_misc":{"Est. reading time":"3 minutes"},"schema":{"@context":"https:\/\/schema.org","@graph":[{"@type":"WebPage","@id":"https:\/\/vapingnet.de\/vape\/top-angebot-waspe-15000-puffs-mixed-berries-bestellen-und-sofort-geniessen\/","url":"https:\/\/vapingnet.de\/vape\/top-angebot-waspe-15000-puffs-mixed-berries-bestellen-und-sofort-geniessen\/","name":"Top Angebot WASPE 15000 Puffs Mixed Berries Bestellen Und Sofort Genie\u00dfen | Vapingnet.de","isPartOf":{"@id":"https:\/\/vapingnet.de\/#website"},"primaryImageOfPage":{"@id":"https:\/\/vapingnet.de\/vape\/top-angebot-waspe-15000-puffs-mixed-berries-bestellen-und-sofort-geniessen\/#primaryimage"},"image":{"@id":"https:\/\/vapingnet.de\/vape\/top-angebot-waspe-15000-puffs-mixed-berries-bestellen-und-sofort-geniessen\/#primaryimage"},"thumbnailUrl":"https:\/\/vapingnet.de\/wp-content\/uploads\/2025\/05\/Mixed-Berries.webp","datePublished":"2025-05-05T03:22:12+00:00","dateModified":"2026-04-15T07:43:48+00:00","description":"Entdecke Top Angebot WASPE 15000 Puffs Mixed Berries Bestellen Und Sofort Genie\u00dfen bei vapingnet.de, \u25ba Gro\u00dfe Auswahl an Geschmacksrichtungen & super g\u00fcnstig!","breadcrumb":{"@id":"https:\/\/vapingnet.de\/vape\/top-angebot-waspe-15000-puffs-mixed-berries-bestellen-und-sofort-geniessen\/#breadcrumb"},"inLanguage":"sk-SK","potentialAction":[{"@type":"ReadAction","target":["https:\/\/vapingnet.de\/vape\/top-angebot-waspe-15000-puffs-mixed-berries-bestellen-und-sofort-geniessen\/"]}]},{"@type":"ImageObject","inLanguage":"sk-SK","@id":"https:\/\/vapingnet.de\/vape\/top-angebot-waspe-15000-puffs-mixed-berries-bestellen-und-sofort-geniessen\/#primaryimage","url":"https:\/\/vapingnet.de\/wp-content\/uploads\/2025\/05\/Mixed-Berries.webp","contentUrl":"https:\/\/vapingnet.de\/wp-content\/uploads\/2025\/05\/Mixed-Berries.webp","width":1000,"height":1000},{"@type":"BreadcrumbList","@id":"https:\/\/vapingnet.de\/vape\/top-angebot-waspe-15000-puffs-mixed-berries-bestellen-und-sofort-geniessen\/#breadcrumb","itemListElement":[{"@type":"ListItem","position":1,"name":"Home","item":"https:\/\/vapingnet.de\/"},{"@type":"ListItem","position":2,"name":"Shop","item":"https:\/\/vapingnet.de\/vape\/"},{"@type":"ListItem","position":3,"name":"Top Angebot WASPE 15000 Puffs Mixed Berries Bestellen Und Sofort Genie\u00dfen"}]},{"@type":"WebSite","@id":"https:\/\/vapingnet.de\/#website","url":"https:\/\/vapingnet.de\/","name":"Vapingnet.de","description":"","publisher":{"@id":"https:\/\/vapingnet.de\/#organization"},"potentialAction":[{"@type":"SearchAction","target":{"@type":"EntryPoint","urlTemplate":"https:\/\/vapingnet.de\/?s={search_term_string}"},"query-input":{"@type":"PropertyValueSpecification","valueRequired":true,"valueName":"search_term_string"}}],"inLanguage":"sk-SK"},{"@type":"Organization","@id":"https:\/\/vapingnet.de\/#organization","name":"Vapingnet.de","url":"https:\/\/vapingnet.de\/","logo":{"@type":"ImageObject","inLanguage":"sk-SK","@id":"https:\/\/vapingnet.de\/#\/schema\/logo\/image\/","url":"https:\/\/vapingnet.de\/wp-content\/uploads\/2025\/03\/cropped-vapingnet.de_.jpg","contentUrl":"https:\/\/vapingnet.de\/wp-content\/uploads\/2025\/03\/cropped-vapingnet.de_.jpg","width":512,"height":512,"caption":"Vapingnet.de"},"image":{"@id":"https:\/\/vapingnet.de\/#\/schema\/logo\/image\/"},"sameAs":["https:\/\/www.facebook.com\/vapingnetde\/"]}]}},"tiered_pricing_type":"fixed","tiered_pricing_fixed_rules":[],"tiered_pricing_product_settings":{"layout":"default","base_unit_name":{"singular":null,"plural":null},"default_variation":null},"tiered_pricing_minimum_quantity":null,"tiered_pricing_roles_data":[],"tiered_pricing_percentage_rules":[],"_links":{"self":[{"href":"https:\/\/vapingnet.de\/sk\/wp-json\/wp\/v2\/product\/6753","targetHints":{"allow":["GET"]}}],"collection":[{"href":"https:\/\/vapingnet.de\/sk\/wp-json\/wp\/v2\/product"}],"about":[{"href":"https:\/\/vapingnet.de\/sk\/wp-json\/wp\/v2\/types\/product"}],"version-history":[{"count":2,"href":"https:\/\/vapingnet.de\/sk\/wp-json\/wp\/v2\/product\/6753\/revisions"}],"predecessor-version":[{"id":6764,"href":"https:\/\/vapingnet.de\/sk\/wp-json\/wp\/v2\/product\/6753\/revisions\/6764"}],"wp:featuredmedia":[{"embeddable":true,"href":"https:\/\/vapingnet.de\/sk\/wp-json\/wp\/v2\/media\/6736"}],"wp:attachment":[{"href":"https:\/\/vapingnet.de\/sk\/wp-json\/wp\/v2\/media?parent=6753"}],"wp:term":[{"taxonomy":"brand","embeddable":true,"href":"https:\/\/vapingnet.de\/sk\/wp-json\/wp\/v2\/etheme_brands?post=6753"},{"taxonomy":"product_brand","embeddable":true,"href":"https:\/\/vapingnet.de\/sk\/wp-json\/wp\/v2\/product_brand?post=6753"},{"taxonomy":"product_cat","embeddable":true,"href":"https:\/\/vapingnet.de\/sk\/wp-json\/wp\/v2\/product_cat?post=6753"},{"taxonomy":"product_tag","embeddable":true,"href":"https:\/\/vapingnet.de\/sk\/wp-json\/wp\/v2\/product_tag?post=6753"}],"curies":[{"name":"wp","href":"https:\/\/api.w.org\/{rel}","templated":true}]}}