{"id":6755,"date":"2025-05-05T03:25:41","date_gmt":"2025-05-05T03:25:41","guid":{"rendered":"https:\/\/vapingnet.de\/?post_type=product&#038;p=6755"},"modified":"2026-04-15T07:43:13","modified_gmt":"2026-04-15T07:43:13","slug":"geniessen-sie-blueberry-ice-mit-waspe-15000-puffs-der-beste-geschmack-zum-grosshandelspreis","status":"publish","type":"product","link":"https:\/\/vapingnet.de\/sk\/vape\/geniessen-sie-blueberry-ice-mit-waspe-15000-puffs-der-beste-geschmack-zum-grosshandelspreis\/","title":{"rendered":"U\u017eite si Blueberry Ice s WASPE 15000 Puffs Najlep\u0161\u00ed chu\u0165 za ve\u013ekoobchodn\u00fa cenu"},"content":{"rendered":"<h2 data-start=\"0\" data-end=\"87\" data-immersive-translate-walked=\"1abb7cdd-1af5-416c-8309-7f72f9cfffb9\">WASPE 15000 Puffs \u2013 V\u00fdkonn\u00e1 elektronick\u00e1 cigareta pre n\u00e1ro\u010dn\u00fdch faj\u010diarov pary<\/h2>\n<p class=\"\" data-start=\"89\" data-end=\"489\" data-immersive-translate-walked=\"1abb7cdd-1af5-416c-8309-7f72f9cfffb9\" data-immersive-translate-paragraph=\"1\">WASPE 15000 Puffs je najnov\u0161ou inov\u00e1ciou na trhu jednorazov\u00fdch e-cigariet, ktor\u00e1 vynik\u00e1 nielen svojou p\u00f4sobivou kapacitou na potiahnutie, ale aj pokro\u010dilou technol\u00f3giou a pou\u017e\u00edvate\u013eskou jednoduchos\u0165ou. S ve\u013ek\u00fdm z\u00e1sobn\u00edkom na e-liquid a najmodernej\u0161ou technol\u00f3giou Mesh-Coil zabezpe\u010duje, \u017ee ka\u017ed\u00fd \u0165ah poskytuje jedine\u010dn\u00fd z\u00e1\u017eitok z pary.<\/p>\n<h4 data-start=\"491\" data-end=\"546\" data-immersive-translate-walked=\"1abb7cdd-1af5-416c-8309-7f72f9cfffb9\">Jednorazov\u00e1 e-cigareta s v\u00fdnimo\u010dn\u00fdm dosahom<\/h4>\n<p class=\"\" data-start=\"548\" data-end=\"923\" data-immersive-translate-walked=\"1abb7cdd-1af5-416c-8309-7f72f9cfffb9\" data-immersive-translate-paragraph=\"1\">S kapacitou a\u017e 15 000 potiahnut\u00ed je WASPE 15000 Puffs nielen ide\u00e1lna na kr\u00e1tke pote\u0161enie, ale aj na dlh\u00e9 parn\u00e9 rel\u00e1cie. \u010ci u\u017e na denn\u00e9 pou\u017eitie alebo na dlh\u0161ie cesty, t\u00e1to e-cigareta v\u00e1s nesklame. 22 ml ve\u013ek\u00fd tank zabezpe\u010duje, \u017ee po\u010das intenz\u00edvneho pou\u017e\u00edvania nemus\u00edte neust\u00e1le dop\u013a\u0148a\u0165.<\/p>\n<h4 data-start=\"925\" data-end=\"980\" data-immersive-translate-walked=\"1abb7cdd-1af5-416c-8309-7f72f9cfffb9\">Technologick\u00e1 dokonalos\u0165: Mesh-Coil a LCD displej<\/h4>\n<p class=\"\" data-start=\"982\" data-end=\"1352\" data-immersive-translate-walked=\"1abb7cdd-1af5-416c-8309-7f72f9cfffb9\" data-immersive-translate-paragraph=\"1\">Technol\u00f3gia Mesh-Coil s odporom 0,8\u03a9 zabezpe\u010duje intenz\u00edvnu chu\u0165 a hust\u00e9 oblaky pary. M\u00f4\u017eete si vychutna\u0165 ka\u017ed\u00fd \u0165ah bez kompromisov v kvalite pary. Integrovan\u00fd LCD displej v\u00e1m kedyko\u013evek poskytne v\u0161etky d\u00f4le\u017eit\u00e9 inform\u00e1cie, ako je stav bat\u00e9rie a zost\u00e1vaj\u00face potiahnutia, tak\u017ee ste v\u017edy dobre informovan\u00ed.<\/p>\n<h4 data-start=\"1354\" data-end=\"1403\" data-immersive-translate-walked=\"1abb7cdd-1af5-416c-8309-7f72f9cfffb9\">Pohodln\u00e9 ovl\u00e1danie a r\u00fdchle nab\u00edjanie<\/h4>\n<p class=\"\" data-start=\"1405\" data-end=\"1682\" data-immersive-translate-walked=\"1abb7cdd-1af5-416c-8309-7f72f9cfffb9\" data-immersive-translate-paragraph=\"1\">V\u010faka 850mAh bat\u00e9rii, ktor\u00e1 je dob\u00edjate\u013en\u00e1, a praktick\u00e9mu portu Type-C je WASPE 15000 Puffs ide\u00e1lna pre modern\u00fdch faj\u010diarov pary, ktor\u00ed nechc\u00fa \u010daka\u0165 na dlh\u00e9 nab\u00edjanie. Jednoducho nabijte a pokra\u010dujte v paren\u00ed \u2013 nikdy to nebolo tak\u00e9 jednoduch\u00e9.<\/p>\n<h4 data-start=\"1684\" data-end=\"1731\" data-immersive-translate-walked=\"1abb7cdd-1af5-416c-8309-7f72f9cfffb9\">V\u0161estrann\u00e9 nikot\u00ednov\u00e9 varianty pre ka\u017ed\u00e9 potreby<\/h4>\n<p class=\"\" data-start=\"1733\" data-end=\"2019\" data-immersive-translate-walked=\"1abb7cdd-1af5-416c-8309-7f72f9cfffb9\" data-immersive-translate-paragraph=\"1\">WASPE 15000 Puffs je dostupn\u00e1 v \u0161tyroch nikot\u00ednov\u00fdch variantoch: 0%, 2%, 3% a 5%, tak\u017ee si m\u00f4\u017eete vybra\u0165 presne t\u00fa spr\u00e1vnu silu pre va\u0161e potreby. \u010ci u\u017e preferujete jemn\u00e9, beznikot\u00ednov\u00e9 pote\u0161enie alebo intenz\u00edvnej\u0161\u00ed, silnej\u0161\u00ed z\u00e1\u017eitok \u2013 t\u00e1to e-cigareta v\u00e1m pon\u00faka v\u0161etko.<\/p>\n<h4 data-start=\"2021\" data-end=\"2071\" data-immersive-translate-walked=\"1abb7cdd-1af5-416c-8309-7f72f9cfffb9\">Modr\u00e9 z\u00e1zraky: Chu\u0165 Blueberry Ice<\/h4>\n<p class=\"\" data-start=\"2073\" data-end=\"2313\" data-immersive-translate-walked=\"1abb7cdd-1af5-416c-8309-7f72f9cfffb9\" data-immersive-translate-paragraph=\"1\">Chu\u0165 Blueberry Ice je kombin\u00e1ciou sladk\u00fdch, \u0161\u0165avnat\u00fdch \u010du\u010doriedok a chladiv\u00e9ho osvie\u017eenia, ktor\u00e9 rob\u00ed parenie osvie\u017euj\u00facim z\u00e1\u017eitkom. Ide\u00e1lne pre t\u00fdch, ktor\u00ed miluj\u00fa ovocn\u00e9 ar\u00f3my s osvie\u017euj\u00facim n\u00e1dychom.<\/p>\n<h3 data-start=\"2315\" data-end=\"2377\" data-immersive-translate-walked=\"1abb7cdd-1af5-416c-8309-7f72f9cfffb9\">Pre\u010do by mala by\u0165 WASPE 15000 Puffs va\u0161ou \u010fal\u0161ou vo\u013ebou<\/h3>\n<p class=\"\" data-start=\"2379\" data-end=\"2574\" data-immersive-translate-walked=\"1abb7cdd-1af5-416c-8309-7f72f9cfffb9\" data-immersive-translate-paragraph=\"1\">S hmotnos\u0165ou len 90 g je WASPE 15000 Puffs mimoriadne praktick\u00e1 a ide\u00e1lna na cestovanie. Pohodlne sa zmest\u00ed do ka\u017edej ta\u0161ky a je v\u017edy pripraven\u00e1 pon\u00faknu\u0165 v\u00e1m najlep\u0161\u00ed z\u00e1\u017eitok z pary.<\/p>\n<h4 data-start=\"2576\" data-end=\"2634\" data-immersive-translate-walked=\"1abb7cdd-1af5-416c-8309-7f72f9cfffb9\">Bezpe\u010dn\u00e9, r\u00fdchle a bezclov\u00e9 \u2013 priamo od vapingnet.de<\/h4>\n<p class=\"\" data-start=\"2636\" data-end=\"2793\" data-immersive-translate-walked=\"1abb7cdd-1af5-416c-8309-7f72f9cfffb9\" data-immersive-translate-paragraph=\"1\">WASPE 15000 Puffs je dostupn\u00e1 na vapingnet.de, kde profitujete z bezcolnej dopravy a r\u00fdchleho doru\u010denia z eur\u00f3pskeho skladu.<\/p>\n<p class=\"\" data-start=\"2795\" data-end=\"2982\" data-immersive-translate-walked=\"1abb7cdd-1af5-416c-8309-7f72f9cfffb9\" data-immersive-translate-paragraph=\"1\">WASPE 15000 Puffs nie je len oby\u010dajn\u00e1 jednorazov\u00e1 e-cigareta. Je to premyslen\u00e9 rie\u0161enie pre t\u00fdch, ktor\u00ed klad\u00fa d\u00f4raz na dlh\u00fa \u017eivotnos\u0165, chu\u0165 a komfort.<\/p>","protected":false},"excerpt":{"rendered":"<p>WASPE 15000 Puffs \u2013 Die leistungsstarke E-Zigarette f\u00fcr den anspruchsvollen Dampfer Die WASPE 15000 Puffs ist die neueste Innovation auf dem Markt der Einweg E-Zigaretten,&#8230;<\/p>","protected":false},"featured_media":6733,"template":"","meta":[],"etheme_brands":[],"product_brand":[98],"product_cat":[53,49,61],"product_tag":[],"class_list":{"0":"post-6755","1":"product","2":"type-product","3":"status-publish","4":"has-post-thumbnail","6":"product_brand-waspe-vape","7":"product_cat-vape-15000-zuege","8":"product_cat-einweg-e-zigarette","9":"product_cat-f","11":"first","12":"instock","13":"shipping-taxable","14":"purchasable","15":"product-type-variable"},"yoast_head":"<!-- This site is optimized with the Yoast SEO plugin v26.5 - https:\/\/yoast.com\/wordpress\/plugins\/seo\/ -->\n<title>Genie\u00dfen Sie Blueberry Ice Mit WASPE 15000 Puffs Der Beste Geschmack Zum Gro\u00dfhandelspreis | Vapingnet.de<\/title>\n<meta name=\"description\" content=\"Entdecke Genie\u00dfen Sie Blueberry Ice Mit WASPE 15000 Puffs Der Beste Geschmack Zum Gro\u00dfhandelspreis bei vapingnet.de, \u25ba Gro\u00dfe Auswahl an Geschmacksrichtungen &amp; super g\u00fcnstig!\" \/>\n<meta name=\"robots\" content=\"index, follow, max-snippet:-1, max-image-preview:large, max-video-preview:-1\" \/>\n<link rel=\"canonical\" href=\"https:\/\/vapingnet.de\/sk\/vape\/geniessen-sie-blueberry-ice-mit-waspe-15000-puffs-der-beste-geschmack-zum-grosshandelspreis\/\" \/>\n<meta property=\"og:locale\" content=\"sk_SK\" \/>\n<meta property=\"og:type\" content=\"article\" \/>\n<meta property=\"og:title\" content=\"Genie\u00dfen Sie Blueberry Ice Mit WASPE 15000 Puffs Der Beste Geschmack Zum Gro\u00dfhandelspreis | Vapingnet.de\" \/>\n<meta property=\"og:description\" content=\"Entdecke Genie\u00dfen Sie Blueberry Ice Mit WASPE 15000 Puffs Der Beste Geschmack Zum Gro\u00dfhandelspreis bei vapingnet.de, \u25ba Gro\u00dfe Auswahl an Geschmacksrichtungen &amp; super g\u00fcnstig!\" \/>\n<meta property=\"og:url\" content=\"https:\/\/vapingnet.de\/sk\/vape\/geniessen-sie-blueberry-ice-mit-waspe-15000-puffs-der-beste-geschmack-zum-grosshandelspreis\/\" \/>\n<meta property=\"og:site_name\" content=\"Vapingnet.de\" \/>\n<meta property=\"article:publisher\" content=\"https:\/\/www.facebook.com\/vapingnetde\/\" \/>\n<meta property=\"article:modified_time\" content=\"2026-04-15T07:43:13+00:00\" \/>\n<meta property=\"og:image\" content=\"https:\/\/vapingnet.de\/wp-content\/uploads\/2025\/05\/Blueberry-lce.webp\" \/>\n\t<meta property=\"og:image:width\" content=\"1000\" \/>\n\t<meta property=\"og:image:height\" content=\"1000\" \/>\n\t<meta property=\"og:image:type\" content=\"image\/webp\" \/>\n<meta name=\"twitter:card\" content=\"summary_large_image\" \/>\n<meta name=\"twitter:label1\" content=\"Est. reading time\" \/>\n\t<meta name=\"twitter:data1\" content=\"3 minutes\" \/>\n<script type=\"application\/ld+json\" class=\"yoast-schema-graph\">{\"@context\":\"https:\/\/schema.org\",\"@graph\":[{\"@type\":\"WebPage\",\"@id\":\"https:\/\/vapingnet.de\/vape\/geniessen-sie-blueberry-ice-mit-waspe-15000-puffs-der-beste-geschmack-zum-grosshandelspreis\/\",\"url\":\"https:\/\/vapingnet.de\/vape\/geniessen-sie-blueberry-ice-mit-waspe-15000-puffs-der-beste-geschmack-zum-grosshandelspreis\/\",\"name\":\"Genie\u00dfen Sie Blueberry Ice Mit WASPE 15000 Puffs Der Beste Geschmack Zum Gro\u00dfhandelspreis | Vapingnet.de\",\"isPartOf\":{\"@id\":\"https:\/\/vapingnet.de\/#website\"},\"primaryImageOfPage\":{\"@id\":\"https:\/\/vapingnet.de\/vape\/geniessen-sie-blueberry-ice-mit-waspe-15000-puffs-der-beste-geschmack-zum-grosshandelspreis\/#primaryimage\"},\"image\":{\"@id\":\"https:\/\/vapingnet.de\/vape\/geniessen-sie-blueberry-ice-mit-waspe-15000-puffs-der-beste-geschmack-zum-grosshandelspreis\/#primaryimage\"},\"thumbnailUrl\":\"https:\/\/vapingnet.de\/wp-content\/uploads\/2025\/05\/Blueberry-lce.webp\",\"datePublished\":\"2025-05-05T03:25:41+00:00\",\"dateModified\":\"2026-04-15T07:43:13+00:00\",\"description\":\"Entdecke Genie\u00dfen Sie Blueberry Ice Mit WASPE 15000 Puffs Der Beste Geschmack Zum Gro\u00dfhandelspreis bei vapingnet.de, \u25ba Gro\u00dfe Auswahl an Geschmacksrichtungen & super g\u00fcnstig!\",\"breadcrumb\":{\"@id\":\"https:\/\/vapingnet.de\/vape\/geniessen-sie-blueberry-ice-mit-waspe-15000-puffs-der-beste-geschmack-zum-grosshandelspreis\/#breadcrumb\"},\"inLanguage\":\"sk-SK\",\"potentialAction\":[{\"@type\":\"ReadAction\",\"target\":[\"https:\/\/vapingnet.de\/vape\/geniessen-sie-blueberry-ice-mit-waspe-15000-puffs-der-beste-geschmack-zum-grosshandelspreis\/\"]}]},{\"@type\":\"ImageObject\",\"inLanguage\":\"sk-SK\",\"@id\":\"https:\/\/vapingnet.de\/vape\/geniessen-sie-blueberry-ice-mit-waspe-15000-puffs-der-beste-geschmack-zum-grosshandelspreis\/#primaryimage\",\"url\":\"https:\/\/vapingnet.de\/wp-content\/uploads\/2025\/05\/Blueberry-lce.webp\",\"contentUrl\":\"https:\/\/vapingnet.de\/wp-content\/uploads\/2025\/05\/Blueberry-lce.webp\",\"width\":1000,\"height\":1000},{\"@type\":\"BreadcrumbList\",\"@id\":\"https:\/\/vapingnet.de\/vape\/geniessen-sie-blueberry-ice-mit-waspe-15000-puffs-der-beste-geschmack-zum-grosshandelspreis\/#breadcrumb\",\"itemListElement\":[{\"@type\":\"ListItem\",\"position\":1,\"name\":\"Home\",\"item\":\"https:\/\/vapingnet.de\/\"},{\"@type\":\"ListItem\",\"position\":2,\"name\":\"Shop\",\"item\":\"https:\/\/vapingnet.de\/vape\/\"},{\"@type\":\"ListItem\",\"position\":3,\"name\":\"Genie\u00dfen Sie Blueberry Ice Mit WASPE 15000 Puffs Der Beste Geschmack Zum Gro\u00dfhandelspreis\"}]},{\"@type\":\"WebSite\",\"@id\":\"https:\/\/vapingnet.de\/#website\",\"url\":\"https:\/\/vapingnet.de\/\",\"name\":\"Vapingnet.de\",\"description\":\"\",\"publisher\":{\"@id\":\"https:\/\/vapingnet.de\/#organization\"},\"potentialAction\":[{\"@type\":\"SearchAction\",\"target\":{\"@type\":\"EntryPoint\",\"urlTemplate\":\"https:\/\/vapingnet.de\/?s={search_term_string}\"},\"query-input\":{\"@type\":\"PropertyValueSpecification\",\"valueRequired\":true,\"valueName\":\"search_term_string\"}}],\"inLanguage\":\"sk-SK\"},{\"@type\":\"Organization\",\"@id\":\"https:\/\/vapingnet.de\/#organization\",\"name\":\"Vapingnet.de\",\"url\":\"https:\/\/vapingnet.de\/\",\"logo\":{\"@type\":\"ImageObject\",\"inLanguage\":\"sk-SK\",\"@id\":\"https:\/\/vapingnet.de\/#\/schema\/logo\/image\/\",\"url\":\"https:\/\/vapingnet.de\/wp-content\/uploads\/2025\/03\/cropped-vapingnet.de_.jpg\",\"contentUrl\":\"https:\/\/vapingnet.de\/wp-content\/uploads\/2025\/03\/cropped-vapingnet.de_.jpg\",\"width\":512,\"height\":512,\"caption\":\"Vapingnet.de\"},\"image\":{\"@id\":\"https:\/\/vapingnet.de\/#\/schema\/logo\/image\/\"},\"sameAs\":[\"https:\/\/www.facebook.com\/vapingnetde\/\"]}]}<\/script>\n<!-- \/ Yoast SEO plugin. -->","yoast_head_json":{"title":"Genie\u00dfen Sie Blueberry Ice Mit WASPE 15000 Puffs Der Beste Geschmack Zum Gro\u00dfhandelspreis | Vapingnet.de","description":"Entdecke Genie\u00dfen Sie Blueberry Ice Mit WASPE 15000 Puffs Der Beste Geschmack Zum Gro\u00dfhandelspreis bei vapingnet.de, \u25ba Gro\u00dfe Auswahl an Geschmacksrichtungen & super g\u00fcnstig!","robots":{"index":"index","follow":"follow","max-snippet":"max-snippet:-1","max-image-preview":"max-image-preview:large","max-video-preview":"max-video-preview:-1"},"canonical":"https:\/\/vapingnet.de\/sk\/vape\/geniessen-sie-blueberry-ice-mit-waspe-15000-puffs-der-beste-geschmack-zum-grosshandelspreis\/","og_locale":"sk_SK","og_type":"article","og_title":"Genie\u00dfen Sie Blueberry Ice Mit WASPE 15000 Puffs Der Beste Geschmack Zum Gro\u00dfhandelspreis | Vapingnet.de","og_description":"Entdecke Genie\u00dfen Sie Blueberry Ice Mit WASPE 15000 Puffs Der Beste Geschmack Zum Gro\u00dfhandelspreis bei vapingnet.de, \u25ba Gro\u00dfe Auswahl an Geschmacksrichtungen & super g\u00fcnstig!","og_url":"https:\/\/vapingnet.de\/sk\/vape\/geniessen-sie-blueberry-ice-mit-waspe-15000-puffs-der-beste-geschmack-zum-grosshandelspreis\/","og_site_name":"Vapingnet.de","article_publisher":"https:\/\/www.facebook.com\/vapingnetde\/","article_modified_time":"2026-04-15T07:43:13+00:00","og_image":[{"width":1000,"height":1000,"url":"https:\/\/vapingnet.de\/wp-content\/uploads\/2025\/05\/Blueberry-lce.webp","type":"image\/webp"}],"twitter_card":"summary_large_image","twitter_misc":{"Est. reading time":"3 minutes"},"schema":{"@context":"https:\/\/schema.org","@graph":[{"@type":"WebPage","@id":"https:\/\/vapingnet.de\/vape\/geniessen-sie-blueberry-ice-mit-waspe-15000-puffs-der-beste-geschmack-zum-grosshandelspreis\/","url":"https:\/\/vapingnet.de\/vape\/geniessen-sie-blueberry-ice-mit-waspe-15000-puffs-der-beste-geschmack-zum-grosshandelspreis\/","name":"Genie\u00dfen Sie Blueberry Ice Mit WASPE 15000 Puffs Der Beste Geschmack Zum Gro\u00dfhandelspreis | Vapingnet.de","isPartOf":{"@id":"https:\/\/vapingnet.de\/#website"},"primaryImageOfPage":{"@id":"https:\/\/vapingnet.de\/vape\/geniessen-sie-blueberry-ice-mit-waspe-15000-puffs-der-beste-geschmack-zum-grosshandelspreis\/#primaryimage"},"image":{"@id":"https:\/\/vapingnet.de\/vape\/geniessen-sie-blueberry-ice-mit-waspe-15000-puffs-der-beste-geschmack-zum-grosshandelspreis\/#primaryimage"},"thumbnailUrl":"https:\/\/vapingnet.de\/wp-content\/uploads\/2025\/05\/Blueberry-lce.webp","datePublished":"2025-05-05T03:25:41+00:00","dateModified":"2026-04-15T07:43:13+00:00","description":"Entdecke Genie\u00dfen Sie Blueberry Ice Mit WASPE 15000 Puffs Der Beste Geschmack Zum Gro\u00dfhandelspreis bei vapingnet.de, \u25ba Gro\u00dfe Auswahl an Geschmacksrichtungen & super g\u00fcnstig!","breadcrumb":{"@id":"https:\/\/vapingnet.de\/vape\/geniessen-sie-blueberry-ice-mit-waspe-15000-puffs-der-beste-geschmack-zum-grosshandelspreis\/#breadcrumb"},"inLanguage":"sk-SK","potentialAction":[{"@type":"ReadAction","target":["https:\/\/vapingnet.de\/vape\/geniessen-sie-blueberry-ice-mit-waspe-15000-puffs-der-beste-geschmack-zum-grosshandelspreis\/"]}]},{"@type":"ImageObject","inLanguage":"sk-SK","@id":"https:\/\/vapingnet.de\/vape\/geniessen-sie-blueberry-ice-mit-waspe-15000-puffs-der-beste-geschmack-zum-grosshandelspreis\/#primaryimage","url":"https:\/\/vapingnet.de\/wp-content\/uploads\/2025\/05\/Blueberry-lce.webp","contentUrl":"https:\/\/vapingnet.de\/wp-content\/uploads\/2025\/05\/Blueberry-lce.webp","width":1000,"height":1000},{"@type":"BreadcrumbList","@id":"https:\/\/vapingnet.de\/vape\/geniessen-sie-blueberry-ice-mit-waspe-15000-puffs-der-beste-geschmack-zum-grosshandelspreis\/#breadcrumb","itemListElement":[{"@type":"ListItem","position":1,"name":"Home","item":"https:\/\/vapingnet.de\/"},{"@type":"ListItem","position":2,"name":"Shop","item":"https:\/\/vapingnet.de\/vape\/"},{"@type":"ListItem","position":3,"name":"Genie\u00dfen Sie Blueberry Ice Mit WASPE 15000 Puffs Der Beste Geschmack Zum Gro\u00dfhandelspreis"}]},{"@type":"WebSite","@id":"https:\/\/vapingnet.de\/#website","url":"https:\/\/vapingnet.de\/","name":"Vapingnet.de","description":"","publisher":{"@id":"https:\/\/vapingnet.de\/#organization"},"potentialAction":[{"@type":"SearchAction","target":{"@type":"EntryPoint","urlTemplate":"https:\/\/vapingnet.de\/?s={search_term_string}"},"query-input":{"@type":"PropertyValueSpecification","valueRequired":true,"valueName":"search_term_string"}}],"inLanguage":"sk-SK"},{"@type":"Organization","@id":"https:\/\/vapingnet.de\/#organization","name":"Vapingnet.de","url":"https:\/\/vapingnet.de\/","logo":{"@type":"ImageObject","inLanguage":"sk-SK","@id":"https:\/\/vapingnet.de\/#\/schema\/logo\/image\/","url":"https:\/\/vapingnet.de\/wp-content\/uploads\/2025\/03\/cropped-vapingnet.de_.jpg","contentUrl":"https:\/\/vapingnet.de\/wp-content\/uploads\/2025\/03\/cropped-vapingnet.de_.jpg","width":512,"height":512,"caption":"Vapingnet.de"},"image":{"@id":"https:\/\/vapingnet.de\/#\/schema\/logo\/image\/"},"sameAs":["https:\/\/www.facebook.com\/vapingnetde\/"]}]}},"tiered_pricing_type":"fixed","tiered_pricing_fixed_rules":[],"tiered_pricing_product_settings":{"layout":"default","base_unit_name":{"singular":null,"plural":null},"default_variation":null},"tiered_pricing_minimum_quantity":null,"tiered_pricing_roles_data":[],"tiered_pricing_percentage_rules":[],"_links":{"self":[{"href":"https:\/\/vapingnet.de\/sk\/wp-json\/wp\/v2\/product\/6755","targetHints":{"allow":["GET"]}}],"collection":[{"href":"https:\/\/vapingnet.de\/sk\/wp-json\/wp\/v2\/product"}],"about":[{"href":"https:\/\/vapingnet.de\/sk\/wp-json\/wp\/v2\/types\/product"}],"version-history":[{"count":3,"href":"https:\/\/vapingnet.de\/sk\/wp-json\/wp\/v2\/product\/6755\/revisions"}],"predecessor-version":[{"id":6766,"href":"https:\/\/vapingnet.de\/sk\/wp-json\/wp\/v2\/product\/6755\/revisions\/6766"}],"wp:featuredmedia":[{"embeddable":true,"href":"https:\/\/vapingnet.de\/sk\/wp-json\/wp\/v2\/media\/6733"}],"wp:attachment":[{"href":"https:\/\/vapingnet.de\/sk\/wp-json\/wp\/v2\/media?parent=6755"}],"wp:term":[{"taxonomy":"brand","embeddable":true,"href":"https:\/\/vapingnet.de\/sk\/wp-json\/wp\/v2\/etheme_brands?post=6755"},{"taxonomy":"product_brand","embeddable":true,"href":"https:\/\/vapingnet.de\/sk\/wp-json\/wp\/v2\/product_brand?post=6755"},{"taxonomy":"product_cat","embeddable":true,"href":"https:\/\/vapingnet.de\/sk\/wp-json\/wp\/v2\/product_cat?post=6755"},{"taxonomy":"product_tag","embeddable":true,"href":"https:\/\/vapingnet.de\/sk\/wp-json\/wp\/v2\/product_tag?post=6755"}],"curies":[{"name":"wp","href":"https:\/\/api.w.org\/{rel}","templated":true}]}}