{"id":6757,"date":"2025-05-05T03:25:45","date_gmt":"2025-05-05T03:25:45","guid":{"rendered":"https:\/\/vapingnet.de\/?post_type=product&#038;p=6757"},"modified":"2026-04-15T07:36:06","modified_gmt":"2026-04-15T07:36:06","slug":"waspe-15000-puffs-blue-razz-lemon-ihre-wahl-fuer-den-besten-geschmack-weltweit-gefragt","status":"publish","type":"product","link":"https:\/\/vapingnet.de\/sk\/vape\/waspe-15000-puffs-blue-razz-lemon-ihre-wahl-fuer-den-besten-geschmack-weltweit-gefragt\/","title":{"rendered":"WASPE 15000 Pufov Blue Razz Lemon Va\u0161a vo\u013eba pre najlep\u0161\u00ed chu\u0165ov\u00fd z\u00e1\u017eitok, celosvetovo \u017eiadan\u00e9"},"content":{"rendered":"<h2 data-start=\"0\" data-end=\"86\">WASPE 15000 Puffs Jednorazov\u00e1 e-cigareta najvy\u0161\u0161ej kvality pre dlh\u00e9 obdobia parenia<\/h2>\n<p class=\"\" data-start=\"88\" data-end=\"347\">WASPE 15000 Puffs je pr\u00e9miov\u00e1 jednorazov\u00e1 e-cigareta, ktor\u00e1 sa vyzna\u010duje v\u00fdnimo\u010dn\u00fdm v\u00fdkonom a inovat\u00edvnou technol\u00f3giou. S dlh\u00fdm \u010dasom parenia, intenz\u00edvnymi ar\u00f3mami a pou\u017e\u00edvate\u013esky pr\u00edvetiv\u00fdmi funkciami sa odli\u0161uje od in\u00fdch zariaden\u00ed.<\/p>\n<h3>Funkcie a vlastnosti WASPE 15000 Puffs<\/h3>\n<h4 class=\"\" data-start=\"404\" data-end=\"452\">Dlhodob\u00e9 pou\u017e\u00edvanie s 15 000 potiahnutiami<\/h4>\n<p class=\"\" data-start=\"454\" data-end=\"812\">WASPE 15000 Puffs je vybaven\u00e1 p\u00f4sobivou kapacitou na potiahnutia 15 000, \u010do umo\u017e\u0148uje mimoriadne dlh\u00e9 pou\u017e\u00edvanie. S ve\u013ek\u00fdm z\u00e1sobn\u00edkom na e-liquid 22 ml sa nemus\u00edte ob\u00e1va\u0165 \u010dast\u00e9ho dop\u013a\u0148ania. To je obzvl\u00e1\u0161\u0165 praktick\u00e9 pre vapery, ktor\u00ed preferuj\u00fa dlhodob\u00e9 a kontinu\u00e1lne parenie.<\/p>\n<h4 class=\"\" data-start=\"814\" data-end=\"875\">Chu\u0165ovo presved\u010div\u00e1 v\u010faka technol\u00f3gii mesh-coil<\/h4>\n<p class=\"\" data-start=\"877\" data-end=\"1378\">V\u010faka modernej technol\u00f3gii mesh-coil 0,8\u03a9 pon\u00faka WASPE 15000 Puffs vynikaj\u00facu efektivitu odparovania. T\u00e1to technol\u00f3gia zabezpe\u010duje rovnomern\u00e9 odparovanie tekutiny, \u010d\u00edm posil\u0148uje chu\u0165 a zlep\u0161uje produkciu pary. Obzvl\u00e1\u0161\u0165 \u201eBlue Razz Lemon\u201c pr\u00edchu\u0165, osvie\u017euj\u00faca kombin\u00e1cia \u010du\u010doriedok a citr\u00f3nov, je touto technol\u00f3giou dokonale zv\u00fdraznen\u00e1. V\u00fdsledkom je intenz\u00edvny a pln\u00fd chu\u0165ov\u00fd z\u00e1\u017eitok pri ka\u017edom potiahnut\u00ed.<\/p>\n<h4 class=\"\" data-start=\"1380\" data-end=\"1426\">LCD displej pre inform\u00e1cie v re\u00e1lnom \u010dase<\/h4>\n<p class=\"\" data-start=\"1428\" data-end=\"1813\">\u010eal\u0161\u00edm praktick\u00fdm prvkom je LCD displej, ktor\u00fd v\u00e1m v re\u00e1lnom \u010dase ukazuje d\u00f4le\u017eit\u00e9 inform\u00e1cie. M\u00f4\u017eete kedyko\u013evek skontrolova\u0165 stav bat\u00e9rie, zost\u00e1vaj\u00faci objem e-liquid a po\u010det zost\u00e1vaj\u00facich potiahnut\u00ed. T\u00e1to funkcia zabezpe\u010duje, \u017ee v\u017edy presne viete, ko\u013eko energie a e-liquidu zost\u00e1va, \u010do rob\u00ed pou\u017e\u00edvanie zariadenia ve\u013emi pou\u017e\u00edvate\u013esky pr\u00edvetiv\u00fdm.<\/p>\n<h4 class=\"\" data-start=\"1815\" data-end=\"1871\">Dob\u00edjate\u013en\u00e1 bat\u00e9ria a nab\u00edjac\u00ed port Type-C<\/h4>\n<p class=\"\" data-start=\"1873\" data-end=\"2272\">WASPE 15000 Puffs je vybaven\u00e1 dob\u00edjate\u013enou bat\u00e9riou 850mAh, ktor\u00e1 zabezpe\u010duje dlh\u00e9 pou\u017e\u00edvanie. V pr\u00edpade potreby m\u00f4\u017eete zariadenie \u013eahko nabi\u0165 cez port Type-C, ktor\u00fd umo\u017e\u0148uje r\u00fdchle a efekt\u00edvne nab\u00edjanie. T\u00e1to funkcia zabezpe\u010duje, \u017ee svoju jednorazov\u00fa e-cigaretu m\u00f4\u017eete ma\u0165 kedyko\u013evek r\u00fdchlo pripraven\u00fa na pou\u017eitie bez dlh\u00e9ho \u010dakania na nab\u00edjanie.<\/p>\n<h3>Preh\u013ead v\u00fdhod WASPE 15000 Puffs<\/h3>\n<ul data-start=\"2327\" data-end=\"2942\">\n<li class=\"\" data-start=\"2327\" data-end=\"2453\">\n<p class=\"\" data-start=\"2329\" data-end=\"2453\">Dlh\u00e1 kapacita na potiahnutia: s 15 000 potiahnutiami a z\u00e1sobn\u00edkom 22 ml pon\u00faka tento model mimoriadne dlh\u00e9 pou\u017e\u00edvanie.<\/p>\n<\/li>\n<li class=\"\" data-start=\"2454\" data-end=\"2585\">\n<p class=\"\" data-start=\"2456\" data-end=\"2585\">Inovat\u00edvna technol\u00f3gia mesh-coil: zlep\u0161uje chu\u0165 a zvy\u0161uje produkciu pary pre intenz\u00edvnej\u0161\u00ed z\u00e1\u017eitok z parenia.<\/p>\n<\/li>\n<li class=\"\" data-start=\"2586\" data-end=\"2707\">\n<p class=\"\" data-start=\"2588\" data-end=\"2707\">LCD displej: zobrazuje \u00fadaje v re\u00e1lnom \u010dase, ako je stav bat\u00e9rie a zost\u00e1vaj\u00face potiahnutia, pre e\u0161te pohodlnej\u0161ie parenie.<\/p>\n<\/li>\n<li class=\"\" data-start=\"2708\" data-end=\"2817\">\n<p class=\"\" data-start=\"2710\" data-end=\"2817\">Dob\u00edjate\u013en\u00e1 bat\u00e9ria a port Type-C: r\u00fdchle nab\u00edjanie a pripravenos\u0165 na dlhodob\u00e9 pou\u017e\u00edvanie kedyko\u013evek.<\/p>\n<\/li>\n<li class=\"\" data-start=\"2818\" data-end=\"2942\">\n<p class=\"\" data-start=\"2820\" data-end=\"2942\">K dispoz\u00edcii bez cla: objednajte si WASPE 15000 Puffs bez \u010fal\u0161\u00edch poplatkov alebo zlo\u017eit\u00fdch coln\u00fdch formal\u00edt.<\/p>\n<\/li>\n<\/ul>\n<h4 data-start=\"2944\" data-end=\"3004\">Objednajte si WASPE 15000 Puffs na vapingnet.de<\/h4>\n<p class=\"\" data-start=\"3006\" data-end=\"3305\">WASPE 15000 Puffs je ide\u00e1lnou vo\u013ebou pre vapery, ktor\u00ed h\u013eadaj\u00fa odoln\u00fa a pou\u017e\u00edvate\u013esky pr\u00edvetiv\u00fa jednorazov\u00fa e-cigaretu. Objednajte si zariadenie e\u0161te dnes na vapingnet.de a vychutnajte si v\u00fdhody prvotriedneho z\u00e1\u017eitku z parenia, ktor\u00fd v\u00e1s nesklame.<\/p>","protected":false},"excerpt":{"rendered":"<p>WASPE 15000 Puffs Eine Einweg E-Zigarette der Spitzenklasse f\u00fcr lange Dampfzeiten Die WASPE 15000 Puffs ist eine Premium Einweg E-Zigarette, die sich durch au\u00dfergew\u00f6hnliche Leistung&#8230;<\/p>","protected":false},"featured_media":6732,"template":"","meta":[],"etheme_brands":[],"product_brand":[98],"product_cat":[53,49,61],"product_tag":[],"class_list":{"0":"post-6757","1":"product","2":"type-product","3":"status-publish","4":"has-post-thumbnail","6":"product_brand-waspe-vape","7":"product_cat-vape-15000-zuege","8":"product_cat-einweg-e-zigarette","9":"product_cat-f","11":"first","12":"instock","13":"shipping-taxable","14":"purchasable","15":"product-type-variable"},"yoast_head":"<!-- This site is optimized with the Yoast SEO plugin v26.5 - https:\/\/yoast.com\/wordpress\/plugins\/seo\/ -->\n<title>WASPE 15000 Puffs Blue Razz Lemon Ihre Wahl F\u00fcr Den Besten Geschmack Weltweit Gefragt | Vapingnet.de<\/title>\n<meta name=\"description\" content=\"Entdecke WASPE 15000 Puffs Blue Razz Lemon Ihre Wahl F\u00fcr Den Besten Geschmack Weltweit Gefragt bei vapingnet.de, \u25ba Gro\u00dfe Auswahl an Geschmacksrichtungen &amp; super g\u00fcnstig!\" \/>\n<meta name=\"robots\" content=\"index, follow, max-snippet:-1, max-image-preview:large, max-video-preview:-1\" \/>\n<link rel=\"canonical\" href=\"https:\/\/vapingnet.de\/sk\/vape\/waspe-15000-puffs-blue-razz-lemon-ihre-wahl-fuer-den-besten-geschmack-weltweit-gefragt\/\" \/>\n<meta property=\"og:locale\" content=\"sk_SK\" \/>\n<meta property=\"og:type\" content=\"article\" \/>\n<meta property=\"og:title\" content=\"WASPE 15000 Puffs Blue Razz Lemon Ihre Wahl F\u00fcr Den Besten Geschmack Weltweit Gefragt | Vapingnet.de\" \/>\n<meta property=\"og:description\" content=\"Entdecke WASPE 15000 Puffs Blue Razz Lemon Ihre Wahl F\u00fcr Den Besten Geschmack Weltweit Gefragt bei vapingnet.de, \u25ba Gro\u00dfe Auswahl an Geschmacksrichtungen &amp; super g\u00fcnstig!\" \/>\n<meta property=\"og:url\" content=\"https:\/\/vapingnet.de\/sk\/vape\/waspe-15000-puffs-blue-razz-lemon-ihre-wahl-fuer-den-besten-geschmack-weltweit-gefragt\/\" \/>\n<meta property=\"og:site_name\" content=\"Vapingnet.de\" \/>\n<meta property=\"article:publisher\" content=\"https:\/\/www.facebook.com\/vapingnetde\/\" \/>\n<meta property=\"article:modified_time\" content=\"2026-04-15T07:36:06+00:00\" \/>\n<meta property=\"og:image\" content=\"https:\/\/vapingnet.de\/wp-content\/uploads\/2025\/05\/Blue-Razz-Lemon.webp\" \/>\n\t<meta property=\"og:image:width\" content=\"1000\" \/>\n\t<meta property=\"og:image:height\" content=\"1000\" \/>\n\t<meta property=\"og:image:type\" content=\"image\/webp\" \/>\n<meta name=\"twitter:card\" content=\"summary_large_image\" \/>\n<meta name=\"twitter:label1\" content=\"Est. reading time\" \/>\n\t<meta name=\"twitter:data1\" content=\"3 minutes\" \/>\n<script type=\"application\/ld+json\" class=\"yoast-schema-graph\">{\"@context\":\"https:\/\/schema.org\",\"@graph\":[{\"@type\":\"WebPage\",\"@id\":\"https:\/\/vapingnet.de\/vape\/waspe-15000-puffs-blue-razz-lemon-ihre-wahl-fuer-den-besten-geschmack-weltweit-gefragt\/\",\"url\":\"https:\/\/vapingnet.de\/vape\/waspe-15000-puffs-blue-razz-lemon-ihre-wahl-fuer-den-besten-geschmack-weltweit-gefragt\/\",\"name\":\"WASPE 15000 Puffs Blue Razz Lemon Ihre Wahl F\u00fcr Den Besten Geschmack Weltweit Gefragt | Vapingnet.de\",\"isPartOf\":{\"@id\":\"https:\/\/vapingnet.de\/#website\"},\"primaryImageOfPage\":{\"@id\":\"https:\/\/vapingnet.de\/vape\/waspe-15000-puffs-blue-razz-lemon-ihre-wahl-fuer-den-besten-geschmack-weltweit-gefragt\/#primaryimage\"},\"image\":{\"@id\":\"https:\/\/vapingnet.de\/vape\/waspe-15000-puffs-blue-razz-lemon-ihre-wahl-fuer-den-besten-geschmack-weltweit-gefragt\/#primaryimage\"},\"thumbnailUrl\":\"https:\/\/vapingnet.de\/wp-content\/uploads\/2025\/05\/Blue-Razz-Lemon.webp\",\"datePublished\":\"2025-05-05T03:25:45+00:00\",\"dateModified\":\"2026-04-15T07:36:06+00:00\",\"description\":\"Entdecke WASPE 15000 Puffs Blue Razz Lemon Ihre Wahl F\u00fcr Den Besten Geschmack Weltweit Gefragt bei vapingnet.de, \u25ba Gro\u00dfe Auswahl an Geschmacksrichtungen & super g\u00fcnstig!\",\"breadcrumb\":{\"@id\":\"https:\/\/vapingnet.de\/vape\/waspe-15000-puffs-blue-razz-lemon-ihre-wahl-fuer-den-besten-geschmack-weltweit-gefragt\/#breadcrumb\"},\"inLanguage\":\"sk-SK\",\"potentialAction\":[{\"@type\":\"ReadAction\",\"target\":[\"https:\/\/vapingnet.de\/vape\/waspe-15000-puffs-blue-razz-lemon-ihre-wahl-fuer-den-besten-geschmack-weltweit-gefragt\/\"]}]},{\"@type\":\"ImageObject\",\"inLanguage\":\"sk-SK\",\"@id\":\"https:\/\/vapingnet.de\/vape\/waspe-15000-puffs-blue-razz-lemon-ihre-wahl-fuer-den-besten-geschmack-weltweit-gefragt\/#primaryimage\",\"url\":\"https:\/\/vapingnet.de\/wp-content\/uploads\/2025\/05\/Blue-Razz-Lemon.webp\",\"contentUrl\":\"https:\/\/vapingnet.de\/wp-content\/uploads\/2025\/05\/Blue-Razz-Lemon.webp\",\"width\":1000,\"height\":1000},{\"@type\":\"BreadcrumbList\",\"@id\":\"https:\/\/vapingnet.de\/vape\/waspe-15000-puffs-blue-razz-lemon-ihre-wahl-fuer-den-besten-geschmack-weltweit-gefragt\/#breadcrumb\",\"itemListElement\":[{\"@type\":\"ListItem\",\"position\":1,\"name\":\"Home\",\"item\":\"https:\/\/vapingnet.de\/\"},{\"@type\":\"ListItem\",\"position\":2,\"name\":\"Shop\",\"item\":\"https:\/\/vapingnet.de\/vape\/\"},{\"@type\":\"ListItem\",\"position\":3,\"name\":\"WASPE 15000 Puffs Blue Razz Lemon Ihre Wahl F\u00fcr Den Besten Geschmack Weltweit Gefragt\"}]},{\"@type\":\"WebSite\",\"@id\":\"https:\/\/vapingnet.de\/#website\",\"url\":\"https:\/\/vapingnet.de\/\",\"name\":\"Vapingnet.de\",\"description\":\"\",\"publisher\":{\"@id\":\"https:\/\/vapingnet.de\/#organization\"},\"potentialAction\":[{\"@type\":\"SearchAction\",\"target\":{\"@type\":\"EntryPoint\",\"urlTemplate\":\"https:\/\/vapingnet.de\/?s={search_term_string}\"},\"query-input\":{\"@type\":\"PropertyValueSpecification\",\"valueRequired\":true,\"valueName\":\"search_term_string\"}}],\"inLanguage\":\"sk-SK\"},{\"@type\":\"Organization\",\"@id\":\"https:\/\/vapingnet.de\/#organization\",\"name\":\"Vapingnet.de\",\"url\":\"https:\/\/vapingnet.de\/\",\"logo\":{\"@type\":\"ImageObject\",\"inLanguage\":\"sk-SK\",\"@id\":\"https:\/\/vapingnet.de\/#\/schema\/logo\/image\/\",\"url\":\"https:\/\/vapingnet.de\/wp-content\/uploads\/2025\/03\/cropped-vapingnet.de_.jpg\",\"contentUrl\":\"https:\/\/vapingnet.de\/wp-content\/uploads\/2025\/03\/cropped-vapingnet.de_.jpg\",\"width\":512,\"height\":512,\"caption\":\"Vapingnet.de\"},\"image\":{\"@id\":\"https:\/\/vapingnet.de\/#\/schema\/logo\/image\/\"},\"sameAs\":[\"https:\/\/www.facebook.com\/vapingnetde\/\"]}]}<\/script>\n<!-- \/ Yoast SEO plugin. -->","yoast_head_json":{"title":"WASPE 15000 Puffs Blue Razz Lemon Ihre Wahl F\u00fcr Den Besten Geschmack Weltweit Gefragt | Vapingnet.de","description":"Entdecke WASPE 15000 Puffs Blue Razz Lemon Ihre Wahl F\u00fcr Den Besten Geschmack Weltweit Gefragt bei vapingnet.de, \u25ba Gro\u00dfe Auswahl an Geschmacksrichtungen & super g\u00fcnstig!","robots":{"index":"index","follow":"follow","max-snippet":"max-snippet:-1","max-image-preview":"max-image-preview:large","max-video-preview":"max-video-preview:-1"},"canonical":"https:\/\/vapingnet.de\/sk\/vape\/waspe-15000-puffs-blue-razz-lemon-ihre-wahl-fuer-den-besten-geschmack-weltweit-gefragt\/","og_locale":"sk_SK","og_type":"article","og_title":"WASPE 15000 Puffs Blue Razz Lemon Ihre Wahl F\u00fcr Den Besten Geschmack Weltweit Gefragt | Vapingnet.de","og_description":"Entdecke WASPE 15000 Puffs Blue Razz Lemon Ihre Wahl F\u00fcr Den Besten Geschmack Weltweit Gefragt bei vapingnet.de, \u25ba Gro\u00dfe Auswahl an Geschmacksrichtungen & super g\u00fcnstig!","og_url":"https:\/\/vapingnet.de\/sk\/vape\/waspe-15000-puffs-blue-razz-lemon-ihre-wahl-fuer-den-besten-geschmack-weltweit-gefragt\/","og_site_name":"Vapingnet.de","article_publisher":"https:\/\/www.facebook.com\/vapingnetde\/","article_modified_time":"2026-04-15T07:36:06+00:00","og_image":[{"width":1000,"height":1000,"url":"https:\/\/vapingnet.de\/wp-content\/uploads\/2025\/05\/Blue-Razz-Lemon.webp","type":"image\/webp"}],"twitter_card":"summary_large_image","twitter_misc":{"Est. reading time":"3 minutes"},"schema":{"@context":"https:\/\/schema.org","@graph":[{"@type":"WebPage","@id":"https:\/\/vapingnet.de\/vape\/waspe-15000-puffs-blue-razz-lemon-ihre-wahl-fuer-den-besten-geschmack-weltweit-gefragt\/","url":"https:\/\/vapingnet.de\/vape\/waspe-15000-puffs-blue-razz-lemon-ihre-wahl-fuer-den-besten-geschmack-weltweit-gefragt\/","name":"WASPE 15000 Puffs Blue Razz Lemon Ihre Wahl F\u00fcr Den Besten Geschmack Weltweit Gefragt | Vapingnet.de","isPartOf":{"@id":"https:\/\/vapingnet.de\/#website"},"primaryImageOfPage":{"@id":"https:\/\/vapingnet.de\/vape\/waspe-15000-puffs-blue-razz-lemon-ihre-wahl-fuer-den-besten-geschmack-weltweit-gefragt\/#primaryimage"},"image":{"@id":"https:\/\/vapingnet.de\/vape\/waspe-15000-puffs-blue-razz-lemon-ihre-wahl-fuer-den-besten-geschmack-weltweit-gefragt\/#primaryimage"},"thumbnailUrl":"https:\/\/vapingnet.de\/wp-content\/uploads\/2025\/05\/Blue-Razz-Lemon.webp","datePublished":"2025-05-05T03:25:45+00:00","dateModified":"2026-04-15T07:36:06+00:00","description":"Entdecke WASPE 15000 Puffs Blue Razz Lemon Ihre Wahl F\u00fcr Den Besten Geschmack Weltweit Gefragt bei vapingnet.de, \u25ba Gro\u00dfe Auswahl an Geschmacksrichtungen & super g\u00fcnstig!","breadcrumb":{"@id":"https:\/\/vapingnet.de\/vape\/waspe-15000-puffs-blue-razz-lemon-ihre-wahl-fuer-den-besten-geschmack-weltweit-gefragt\/#breadcrumb"},"inLanguage":"sk-SK","potentialAction":[{"@type":"ReadAction","target":["https:\/\/vapingnet.de\/vape\/waspe-15000-puffs-blue-razz-lemon-ihre-wahl-fuer-den-besten-geschmack-weltweit-gefragt\/"]}]},{"@type":"ImageObject","inLanguage":"sk-SK","@id":"https:\/\/vapingnet.de\/vape\/waspe-15000-puffs-blue-razz-lemon-ihre-wahl-fuer-den-besten-geschmack-weltweit-gefragt\/#primaryimage","url":"https:\/\/vapingnet.de\/wp-content\/uploads\/2025\/05\/Blue-Razz-Lemon.webp","contentUrl":"https:\/\/vapingnet.de\/wp-content\/uploads\/2025\/05\/Blue-Razz-Lemon.webp","width":1000,"height":1000},{"@type":"BreadcrumbList","@id":"https:\/\/vapingnet.de\/vape\/waspe-15000-puffs-blue-razz-lemon-ihre-wahl-fuer-den-besten-geschmack-weltweit-gefragt\/#breadcrumb","itemListElement":[{"@type":"ListItem","position":1,"name":"Home","item":"https:\/\/vapingnet.de\/"},{"@type":"ListItem","position":2,"name":"Shop","item":"https:\/\/vapingnet.de\/vape\/"},{"@type":"ListItem","position":3,"name":"WASPE 15000 Puffs Blue Razz Lemon Ihre Wahl F\u00fcr Den Besten Geschmack Weltweit Gefragt"}]},{"@type":"WebSite","@id":"https:\/\/vapingnet.de\/#website","url":"https:\/\/vapingnet.de\/","name":"Vapingnet.de","description":"","publisher":{"@id":"https:\/\/vapingnet.de\/#organization"},"potentialAction":[{"@type":"SearchAction","target":{"@type":"EntryPoint","urlTemplate":"https:\/\/vapingnet.de\/?s={search_term_string}"},"query-input":{"@type":"PropertyValueSpecification","valueRequired":true,"valueName":"search_term_string"}}],"inLanguage":"sk-SK"},{"@type":"Organization","@id":"https:\/\/vapingnet.de\/#organization","name":"Vapingnet.de","url":"https:\/\/vapingnet.de\/","logo":{"@type":"ImageObject","inLanguage":"sk-SK","@id":"https:\/\/vapingnet.de\/#\/schema\/logo\/image\/","url":"https:\/\/vapingnet.de\/wp-content\/uploads\/2025\/03\/cropped-vapingnet.de_.jpg","contentUrl":"https:\/\/vapingnet.de\/wp-content\/uploads\/2025\/03\/cropped-vapingnet.de_.jpg","width":512,"height":512,"caption":"Vapingnet.de"},"image":{"@id":"https:\/\/vapingnet.de\/#\/schema\/logo\/image\/"},"sameAs":["https:\/\/www.facebook.com\/vapingnetde\/"]}]}},"tiered_pricing_type":"fixed","tiered_pricing_fixed_rules":[],"tiered_pricing_product_settings":{"layout":"default","base_unit_name":{"singular":null,"plural":null},"default_variation":null},"tiered_pricing_minimum_quantity":null,"tiered_pricing_roles_data":[],"tiered_pricing_percentage_rules":[],"_links":{"self":[{"href":"https:\/\/vapingnet.de\/sk\/wp-json\/wp\/v2\/product\/6757","targetHints":{"allow":["GET"]}}],"collection":[{"href":"https:\/\/vapingnet.de\/sk\/wp-json\/wp\/v2\/product"}],"about":[{"href":"https:\/\/vapingnet.de\/sk\/wp-json\/wp\/v2\/types\/product"}],"version-history":[{"count":3,"href":"https:\/\/vapingnet.de\/sk\/wp-json\/wp\/v2\/product\/6757\/revisions"}],"predecessor-version":[{"id":6770,"href":"https:\/\/vapingnet.de\/sk\/wp-json\/wp\/v2\/product\/6757\/revisions\/6770"}],"wp:featuredmedia":[{"embeddable":true,"href":"https:\/\/vapingnet.de\/sk\/wp-json\/wp\/v2\/media\/6732"}],"wp:attachment":[{"href":"https:\/\/vapingnet.de\/sk\/wp-json\/wp\/v2\/media?parent=6757"}],"wp:term":[{"taxonomy":"brand","embeddable":true,"href":"https:\/\/vapingnet.de\/sk\/wp-json\/wp\/v2\/etheme_brands?post=6757"},{"taxonomy":"product_brand","embeddable":true,"href":"https:\/\/vapingnet.de\/sk\/wp-json\/wp\/v2\/product_brand?post=6757"},{"taxonomy":"product_cat","embeddable":true,"href":"https:\/\/vapingnet.de\/sk\/wp-json\/wp\/v2\/product_cat?post=6757"},{"taxonomy":"product_tag","embeddable":true,"href":"https:\/\/vapingnet.de\/sk\/wp-json\/wp\/v2\/product_tag?post=6757"}],"curies":[{"name":"wp","href":"https:\/\/api.w.org\/{rel}","templated":true}]}}