{"id":6789,"date":"2025-05-05T06:56:43","date_gmt":"2025-05-05T06:56:43","guid":{"rendered":"https:\/\/vapingnet.de\/?post_type=product&#038;p=6789"},"modified":"2026-04-15T07:31:07","modified_gmt":"2026-04-15T07:31:07","slug":"die-vape-fuer-geniesser-waspe-dual-mesh-mit-bestem-peach-blueberry-fudge-geschmack","status":"publish","type":"product","link":"https:\/\/vapingnet.de\/sk\/vape\/die-vape-fuer-geniesser-waspe-dual-mesh-mit-bestem-peach-blueberry-fudge-geschmack\/","title":{"rendered":"Vape pre gurm\u00e1nov WASPE Dual Mesh s najlep\u0161ou chu\u0165ou Peach Blueberry Fudge"},"content":{"rendered":"<h2 data-start=\"50\" data-end=\"113\" data-immersive-translate-walked=\"9d95233c-936b-4be5-af69-328f1021db54\">Jednor\u00e1zov\u00e1 e-cigareta WASPE 20000 Puffs Inov\u00e1cia v pare<\/h2>\n<p class=\"\" data-start=\"115\" data-end=\"397\" data-immersive-translate-walked=\"9d95233c-936b-4be5-af69-328f1021db54\" data-immersive-translate-paragraph=\"1\">WASPE 20000 Puffs je jednor\u00e1zov\u00e1 e-cigareta, ktor\u00e1 prekon\u00e1va o\u010dak\u00e1vania vapera a presved\u010d\u00ed svoj\u00edm v\u00fdkonom a pou\u017e\u00edvate\u013eskou priate\u013eskos\u0165ou. Je ur\u010den\u00e1 v\u0161etk\u00fdm, ktor\u00ed h\u013eadaj\u00fa praktick\u00fa, dlhotrvaj\u00facu a intenz\u00edvnu z\u00e1\u017eitok z vapovania.<\/p>\n<h3 data-start=\"399\" data-end=\"435\" data-immersive-translate-walked=\"9d95233c-936b-4be5-af69-328f1021db54\">Preh\u013ead technick\u00fdch \u0161pecifik\u00e1ci\u00ed:<\/h3>\n<ul data-start=\"437\" data-end=\"1147\" data-immersive-translate-walked=\"9d95233c-936b-4be5-af69-328f1021db54\">\n<li class=\"\" data-start=\"437\" data-end=\"623\" data-immersive-translate-walked=\"9d95233c-936b-4be5-af69-328f1021db54\">\n<p class=\"\" data-start=\"439\" data-end=\"623\" data-immersive-translate-walked=\"9d95233c-936b-4be5-af69-328f1021db54\" data-immersive-translate-paragraph=\"1\">Bat\u00e9ria a nab\u00edjanie: S v\u00fdkonnou bat\u00e9riou 900 mAh a portom Type-C zabezpe\u010duje WASPE 20000 Puffs r\u00fdchle nab\u00edjanie a dlhodob\u00e9 pou\u017e\u00edvanie.<\/p>\n<\/li>\n<li class=\"\" data-start=\"624\" data-end=\"813\" data-immersive-translate-walked=\"9d95233c-936b-4be5-af69-328f1021db54\">\n<p class=\"\" data-start=\"626\" data-end=\"813\" data-immersive-translate-walked=\"9d95233c-936b-4be5-af69-328f1021db54\" data-immersive-translate-paragraph=\"1\">Dvojit\u00e1 mesh cievka: Technol\u00f3gia Dual Mesh s odporom 0,8 Ohm zaru\u010duje intenz\u00edvnu chu\u0165 a bohat\u00e9 oblaky pary, ktor\u00e9 robia vapovanie p\u00f4\u017eitkom.<\/p>\n<\/li>\n<li class=\"\" data-start=\"814\" data-end=\"981\" data-immersive-translate-walked=\"9d95233c-936b-4be5-af69-328f1021db54\">\n<p class=\"\" data-start=\"816\" data-end=\"981\" data-immersive-translate-walked=\"9d95233c-936b-4be5-af69-328f1021db54\" data-immersive-translate-paragraph=\"1\">Kapacita n\u00e1plne: S 24 ml n\u00e1plne a \u017eivotnos\u0165ou 20 000 potiahnut\u00ed je ide\u00e1lnou vo\u013ebou pre vapery, ktor\u00ed nechc\u00fa dop\u013a\u0148a\u0165 n\u00e1pl\u0148.<\/p>\n<\/li>\n<li class=\"\" data-start=\"982\" data-end=\"1147\" data-immersive-translate-walked=\"9d95233c-936b-4be5-af69-328f1021db54\">\n<p class=\"\" data-start=\"984\" data-end=\"1147\" data-immersive-translate-walked=\"9d95233c-936b-4be5-af69-328f1021db54\" data-immersive-translate-paragraph=\"1\">LCD displej: LCD displej informuje vapera kedyko\u013evek o stave bat\u00e9rie a hladine n\u00e1plne \u2013 pre pohodln\u00e9 pou\u017e\u00edvanie bez prekvapen\u00ed.<\/p>\n<\/li>\n<\/ul>\n<h4 data-start=\"1149\" data-end=\"1199\" data-immersive-translate-walked=\"9d95233c-936b-4be5-af69-328f1021db54\">Jedine\u010dn\u00e1 chu\u0165: Peach Blueberry Fudge<\/h4>\n<p class=\"\" data-start=\"1201\" data-end=\"1527\" data-immersive-translate-walked=\"9d95233c-936b-4be5-af69-328f1021db54\" data-immersive-translate-paragraph=\"1\">WASPE 20000 Puffs nie je len vynikaj\u00faci technicky, ale pon\u00faka aj jedine\u010dn\u00fd chu\u0165ov\u00fd z\u00e1\u017eitok. Chu\u0165 Peach Blueberry Fudge sp\u00e1ja svie\u017eos\u0165 broskyne s sladkos\u0165ou \u010du\u010doriedok a zvodnou pr\u00edchu\u0165ou fudge, ktor\u00e1 rob\u00ed vapovanie nezabudnute\u013en\u00fdm z\u00e1\u017eitkom.<\/p>\n<h3 data-start=\"1529\" data-end=\"1580\" data-immersive-translate-walked=\"9d95233c-936b-4be5-af69-328f1021db54\">Pre\u010do si vybra\u0165 WASPE 20000 Puffs:<\/h3>\n<ul data-start=\"1582\" data-end=\"2192\" data-immersive-translate-walked=\"9d95233c-936b-4be5-af69-328f1021db54\">\n<li class=\"\" data-start=\"1582\" data-end=\"1768\" data-immersive-translate-walked=\"9d95233c-936b-4be5-af69-328f1021db54\">\n<p class=\"\" data-start=\"1584\" data-end=\"1768\" data-immersive-translate-paragraph=\"1\" data-immersive-translate-walked=\"9d95233c-936b-4be5-af69-328f1021db54\">Dlh\u00e1 \u017eivotnos\u0165 a spo\u013eahlivos\u0165: S a\u017e 20 000 potiahnutiami t\u00e1to jednor\u00e1zov\u00e1 e-cigareta pon\u00faka vynikaj\u00facu odolnos\u0165, ktor\u00e1 uspokoj\u00ed aj najn\u00e1ro\u010dnej\u0161\u00edch vapery.<\/p>\n<\/li>\n<li class=\"\" data-start=\"1769\" data-end=\"1931\" data-immersive-translate-walked=\"9d95233c-936b-4be5-af69-328f1021db54\">\n<p class=\"\" data-start=\"1771\" data-end=\"1931\" data-immersive-translate-walked=\"9d95233c-936b-4be5-af69-328f1021db54\" data-immersive-translate-paragraph=\"1\">R\u00fdchle nab\u00edjanie: Port Type-C umo\u017e\u0148uje r\u00fdchle nab\u00edjanie, tak\u017ee nikdy nemus\u00ed\u0161 dlho \u010daka\u0165, k\u00fdm bude tvoja e-cigareta op\u00e4\u0165 pripraven\u00e1 na pou\u017eitie.<\/p>\n<\/li>\n<li class=\"\" data-start=\"1932\" data-end=\"2052\" data-immersive-translate-walked=\"9d95233c-936b-4be5-af69-328f1021db54\">\n<p class=\"\" data-start=\"1934\" data-end=\"2052\" data-immersive-translate-walked=\"9d95233c-936b-4be5-af69-328f1021db54\" data-immersive-translate-paragraph=\"1\">\u017diadne coln\u00e9 poplatky: Pri n\u00e1kupe nad vapingnet.de profitujete z colnej bezcolnosti a r\u00fdchleho doru\u010denia.<\/p>\n<\/li>\n<li class=\"\" data-start=\"2053\" data-end=\"2192\" data-immersive-translate-walked=\"9d95233c-936b-4be5-af69-328f1021db54\">\n<p class=\"\" data-start=\"2055\" data-end=\"2192\" data-immersive-translate-walked=\"9d95233c-936b-4be5-af69-328f1021db54\" data-immersive-translate-paragraph=\"1\">Pohodln\u00e9 pou\u017e\u00edvanie: Bez dop\u013a\u0148ania alebo v\u00fdmeny cievky \u2013 jednoducho si u\u017e\u00edvajte zariadenie a bu\u010fte pripraven\u00ed na \u010fal\u0161\u00ed potiahnutie kedyko\u013evek.<\/p>\n<\/li>\n<\/ul>\n<p class=\"\" data-start=\"2194\" data-end=\"2506\" data-immersive-translate-walked=\"9d95233c-936b-4be5-af69-328f1021db54\" data-immersive-translate-paragraph=\"1\">WASPE 20000 Puffs pon\u00faka vynikaj\u00facu kombin\u00e1ciu v\u00fdkonu, chuti a pou\u017e\u00edvate\u013eskej priate\u013eskosti. Ak h\u013ead\u00e1te spo\u013eahliv\u00fa a dlhotrvaj\u00facu jednor\u00e1zov\u00fa e-cigaretu, ktor\u00e1 v\u00e1s nesklame, tento model je pre v\u00e1s ide\u00e1lnou vo\u013ebou. Nav\u0161t\u00edvte vapingnet.de pre viac detailov.<\/p>","protected":false},"excerpt":{"rendered":"<p>Einweg E Zigarette WASPE 20000 Puffs Innovation im Dampfen Die WASPE 20000 Puffs ist eine Einweg E Zigarette, die die Erwartungen der Dampfer \u00fcbertrifft und&#8230;<\/p>","protected":false},"featured_media":6902,"template":"","meta":[],"etheme_brands":[],"product_brand":[98],"product_cat":[54,49,61],"product_tag":[],"class_list":{"0":"post-6789","1":"product","2":"type-product","3":"status-publish","4":"has-post-thumbnail","6":"product_brand-waspe-vape","7":"product_cat-vape-20000-zuege","8":"product_cat-einweg-e-zigarette","9":"product_cat-f","11":"first","12":"instock","13":"shipping-taxable","14":"purchasable","15":"product-type-variable"},"yoast_head":"<!-- This site is optimized with the Yoast SEO plugin v26.5 - https:\/\/yoast.com\/wordpress\/plugins\/seo\/ -->\n<title>Die Vape F\u00fcr Genie\u00dfer WASPE Dual Mesh Mit Bestem Peach Blueberry Fudge Geschmack | Vapingnet.de<\/title>\n<meta name=\"description\" content=\"Entdecke Die Vape F\u00fcr Genie\u00dfer WASPE Dual Mesh Mit Bestem Peach Blueberry Fudge Geschmack bei vapingnet.de, \u25ba Gro\u00dfe Auswahl an Geschmacksrichtungen &amp; super g\u00fcnstig!\" \/>\n<meta name=\"robots\" content=\"index, follow, max-snippet:-1, max-image-preview:large, max-video-preview:-1\" \/>\n<link rel=\"canonical\" href=\"https:\/\/vapingnet.de\/sk\/vape\/die-vape-fuer-geniesser-waspe-dual-mesh-mit-bestem-peach-blueberry-fudge-geschmack\/\" \/>\n<meta property=\"og:locale\" content=\"sk_SK\" \/>\n<meta property=\"og:type\" content=\"article\" \/>\n<meta property=\"og:title\" content=\"Die Vape F\u00fcr Genie\u00dfer WASPE Dual Mesh Mit Bestem Peach Blueberry Fudge Geschmack | Vapingnet.de\" \/>\n<meta property=\"og:description\" content=\"Entdecke Die Vape F\u00fcr Genie\u00dfer WASPE Dual Mesh Mit Bestem Peach Blueberry Fudge Geschmack bei vapingnet.de, \u25ba Gro\u00dfe Auswahl an Geschmacksrichtungen &amp; super g\u00fcnstig!\" \/>\n<meta property=\"og:url\" content=\"https:\/\/vapingnet.de\/sk\/vape\/die-vape-fuer-geniesser-waspe-dual-mesh-mit-bestem-peach-blueberry-fudge-geschmack\/\" \/>\n<meta property=\"og:site_name\" content=\"Vapingnet.de\" \/>\n<meta property=\"article:publisher\" content=\"https:\/\/www.facebook.com\/vapingnetde\/\" \/>\n<meta property=\"article:modified_time\" content=\"2026-04-15T07:31:07+00:00\" \/>\n<meta property=\"og:image\" content=\"https:\/\/vapingnet.de\/wp-content\/uploads\/2025\/05\/WASPE-VAPE1.webp\" \/>\n\t<meta property=\"og:image:width\" content=\"1000\" \/>\n\t<meta property=\"og:image:height\" content=\"1000\" \/>\n\t<meta property=\"og:image:type\" content=\"image\/webp\" \/>\n<meta name=\"twitter:card\" content=\"summary_large_image\" \/>\n<meta name=\"twitter:label1\" content=\"Est. reading time\" \/>\n\t<meta name=\"twitter:data1\" content=\"2 minutes\" \/>\n<script type=\"application\/ld+json\" class=\"yoast-schema-graph\">{\"@context\":\"https:\/\/schema.org\",\"@graph\":[{\"@type\":\"WebPage\",\"@id\":\"https:\/\/vapingnet.de\/vape\/die-vape-fuer-geniesser-waspe-dual-mesh-mit-bestem-peach-blueberry-fudge-geschmack\/\",\"url\":\"https:\/\/vapingnet.de\/vape\/die-vape-fuer-geniesser-waspe-dual-mesh-mit-bestem-peach-blueberry-fudge-geschmack\/\",\"name\":\"Die Vape F\u00fcr Genie\u00dfer WASPE Dual Mesh Mit Bestem Peach Blueberry Fudge Geschmack | Vapingnet.de\",\"isPartOf\":{\"@id\":\"https:\/\/vapingnet.de\/#website\"},\"primaryImageOfPage\":{\"@id\":\"https:\/\/vapingnet.de\/vape\/die-vape-fuer-geniesser-waspe-dual-mesh-mit-bestem-peach-blueberry-fudge-geschmack\/#primaryimage\"},\"image\":{\"@id\":\"https:\/\/vapingnet.de\/vape\/die-vape-fuer-geniesser-waspe-dual-mesh-mit-bestem-peach-blueberry-fudge-geschmack\/#primaryimage\"},\"thumbnailUrl\":\"https:\/\/vapingnet.de\/wp-content\/uploads\/2025\/05\/WASPE-VAPE1.webp\",\"datePublished\":\"2025-05-05T06:56:43+00:00\",\"dateModified\":\"2026-04-15T07:31:07+00:00\",\"description\":\"Entdecke Die Vape F\u00fcr Genie\u00dfer WASPE Dual Mesh Mit Bestem Peach Blueberry Fudge Geschmack bei vapingnet.de, \u25ba Gro\u00dfe Auswahl an Geschmacksrichtungen & super g\u00fcnstig!\",\"breadcrumb\":{\"@id\":\"https:\/\/vapingnet.de\/vape\/die-vape-fuer-geniesser-waspe-dual-mesh-mit-bestem-peach-blueberry-fudge-geschmack\/#breadcrumb\"},\"inLanguage\":\"sk-SK\",\"potentialAction\":[{\"@type\":\"ReadAction\",\"target\":[\"https:\/\/vapingnet.de\/vape\/die-vape-fuer-geniesser-waspe-dual-mesh-mit-bestem-peach-blueberry-fudge-geschmack\/\"]}]},{\"@type\":\"ImageObject\",\"inLanguage\":\"sk-SK\",\"@id\":\"https:\/\/vapingnet.de\/vape\/die-vape-fuer-geniesser-waspe-dual-mesh-mit-bestem-peach-blueberry-fudge-geschmack\/#primaryimage\",\"url\":\"https:\/\/vapingnet.de\/wp-content\/uploads\/2025\/05\/WASPE-VAPE1.webp\",\"contentUrl\":\"https:\/\/vapingnet.de\/wp-content\/uploads\/2025\/05\/WASPE-VAPE1.webp\",\"width\":1000,\"height\":1000},{\"@type\":\"BreadcrumbList\",\"@id\":\"https:\/\/vapingnet.de\/vape\/die-vape-fuer-geniesser-waspe-dual-mesh-mit-bestem-peach-blueberry-fudge-geschmack\/#breadcrumb\",\"itemListElement\":[{\"@type\":\"ListItem\",\"position\":1,\"name\":\"Home\",\"item\":\"https:\/\/vapingnet.de\/\"},{\"@type\":\"ListItem\",\"position\":2,\"name\":\"Shop\",\"item\":\"https:\/\/vapingnet.de\/vape\/\"},{\"@type\":\"ListItem\",\"position\":3,\"name\":\"Die Vape F\u00fcr Genie\u00dfer WASPE Dual Mesh Mit Bestem Peach Blueberry Fudge Geschmack\"}]},{\"@type\":\"WebSite\",\"@id\":\"https:\/\/vapingnet.de\/#website\",\"url\":\"https:\/\/vapingnet.de\/\",\"name\":\"Vapingnet.de\",\"description\":\"\",\"publisher\":{\"@id\":\"https:\/\/vapingnet.de\/#organization\"},\"potentialAction\":[{\"@type\":\"SearchAction\",\"target\":{\"@type\":\"EntryPoint\",\"urlTemplate\":\"https:\/\/vapingnet.de\/?s={search_term_string}\"},\"query-input\":{\"@type\":\"PropertyValueSpecification\",\"valueRequired\":true,\"valueName\":\"search_term_string\"}}],\"inLanguage\":\"sk-SK\"},{\"@type\":\"Organization\",\"@id\":\"https:\/\/vapingnet.de\/#organization\",\"name\":\"Vapingnet.de\",\"url\":\"https:\/\/vapingnet.de\/\",\"logo\":{\"@type\":\"ImageObject\",\"inLanguage\":\"sk-SK\",\"@id\":\"https:\/\/vapingnet.de\/#\/schema\/logo\/image\/\",\"url\":\"https:\/\/vapingnet.de\/wp-content\/uploads\/2025\/03\/cropped-vapingnet.de_.jpg\",\"contentUrl\":\"https:\/\/vapingnet.de\/wp-content\/uploads\/2025\/03\/cropped-vapingnet.de_.jpg\",\"width\":512,\"height\":512,\"caption\":\"Vapingnet.de\"},\"image\":{\"@id\":\"https:\/\/vapingnet.de\/#\/schema\/logo\/image\/\"},\"sameAs\":[\"https:\/\/www.facebook.com\/vapingnetde\/\"]}]}<\/script>\n<!-- \/ Yoast SEO plugin. -->","yoast_head_json":{"title":"Die Vape F\u00fcr Genie\u00dfer WASPE Dual Mesh Mit Bestem Peach Blueberry Fudge Geschmack | Vapingnet.de","description":"Entdecke Die Vape F\u00fcr Genie\u00dfer WASPE Dual Mesh Mit Bestem Peach Blueberry Fudge Geschmack bei vapingnet.de, \u25ba Gro\u00dfe Auswahl an Geschmacksrichtungen & super g\u00fcnstig!","robots":{"index":"index","follow":"follow","max-snippet":"max-snippet:-1","max-image-preview":"max-image-preview:large","max-video-preview":"max-video-preview:-1"},"canonical":"https:\/\/vapingnet.de\/sk\/vape\/die-vape-fuer-geniesser-waspe-dual-mesh-mit-bestem-peach-blueberry-fudge-geschmack\/","og_locale":"sk_SK","og_type":"article","og_title":"Die Vape F\u00fcr Genie\u00dfer WASPE Dual Mesh Mit Bestem Peach Blueberry Fudge Geschmack | Vapingnet.de","og_description":"Entdecke Die Vape F\u00fcr Genie\u00dfer WASPE Dual Mesh Mit Bestem Peach Blueberry Fudge Geschmack bei vapingnet.de, \u25ba Gro\u00dfe Auswahl an Geschmacksrichtungen & super g\u00fcnstig!","og_url":"https:\/\/vapingnet.de\/sk\/vape\/die-vape-fuer-geniesser-waspe-dual-mesh-mit-bestem-peach-blueberry-fudge-geschmack\/","og_site_name":"Vapingnet.de","article_publisher":"https:\/\/www.facebook.com\/vapingnetde\/","article_modified_time":"2026-04-15T07:31:07+00:00","og_image":[{"width":1000,"height":1000,"url":"https:\/\/vapingnet.de\/wp-content\/uploads\/2025\/05\/WASPE-VAPE1.webp","type":"image\/webp"}],"twitter_card":"summary_large_image","twitter_misc":{"Est. reading time":"2 minutes"},"schema":{"@context":"https:\/\/schema.org","@graph":[{"@type":"WebPage","@id":"https:\/\/vapingnet.de\/vape\/die-vape-fuer-geniesser-waspe-dual-mesh-mit-bestem-peach-blueberry-fudge-geschmack\/","url":"https:\/\/vapingnet.de\/vape\/die-vape-fuer-geniesser-waspe-dual-mesh-mit-bestem-peach-blueberry-fudge-geschmack\/","name":"Die Vape F\u00fcr Genie\u00dfer WASPE Dual Mesh Mit Bestem Peach Blueberry Fudge Geschmack | Vapingnet.de","isPartOf":{"@id":"https:\/\/vapingnet.de\/#website"},"primaryImageOfPage":{"@id":"https:\/\/vapingnet.de\/vape\/die-vape-fuer-geniesser-waspe-dual-mesh-mit-bestem-peach-blueberry-fudge-geschmack\/#primaryimage"},"image":{"@id":"https:\/\/vapingnet.de\/vape\/die-vape-fuer-geniesser-waspe-dual-mesh-mit-bestem-peach-blueberry-fudge-geschmack\/#primaryimage"},"thumbnailUrl":"https:\/\/vapingnet.de\/wp-content\/uploads\/2025\/05\/WASPE-VAPE1.webp","datePublished":"2025-05-05T06:56:43+00:00","dateModified":"2026-04-15T07:31:07+00:00","description":"Entdecke Die Vape F\u00fcr Genie\u00dfer WASPE Dual Mesh Mit Bestem Peach Blueberry Fudge Geschmack bei vapingnet.de, \u25ba Gro\u00dfe Auswahl an Geschmacksrichtungen & super g\u00fcnstig!","breadcrumb":{"@id":"https:\/\/vapingnet.de\/vape\/die-vape-fuer-geniesser-waspe-dual-mesh-mit-bestem-peach-blueberry-fudge-geschmack\/#breadcrumb"},"inLanguage":"sk-SK","potentialAction":[{"@type":"ReadAction","target":["https:\/\/vapingnet.de\/vape\/die-vape-fuer-geniesser-waspe-dual-mesh-mit-bestem-peach-blueberry-fudge-geschmack\/"]}]},{"@type":"ImageObject","inLanguage":"sk-SK","@id":"https:\/\/vapingnet.de\/vape\/die-vape-fuer-geniesser-waspe-dual-mesh-mit-bestem-peach-blueberry-fudge-geschmack\/#primaryimage","url":"https:\/\/vapingnet.de\/wp-content\/uploads\/2025\/05\/WASPE-VAPE1.webp","contentUrl":"https:\/\/vapingnet.de\/wp-content\/uploads\/2025\/05\/WASPE-VAPE1.webp","width":1000,"height":1000},{"@type":"BreadcrumbList","@id":"https:\/\/vapingnet.de\/vape\/die-vape-fuer-geniesser-waspe-dual-mesh-mit-bestem-peach-blueberry-fudge-geschmack\/#breadcrumb","itemListElement":[{"@type":"ListItem","position":1,"name":"Home","item":"https:\/\/vapingnet.de\/"},{"@type":"ListItem","position":2,"name":"Shop","item":"https:\/\/vapingnet.de\/vape\/"},{"@type":"ListItem","position":3,"name":"Die Vape F\u00fcr Genie\u00dfer WASPE Dual Mesh Mit Bestem Peach Blueberry Fudge Geschmack"}]},{"@type":"WebSite","@id":"https:\/\/vapingnet.de\/#website","url":"https:\/\/vapingnet.de\/","name":"Vapingnet.de","description":"","publisher":{"@id":"https:\/\/vapingnet.de\/#organization"},"potentialAction":[{"@type":"SearchAction","target":{"@type":"EntryPoint","urlTemplate":"https:\/\/vapingnet.de\/?s={search_term_string}"},"query-input":{"@type":"PropertyValueSpecification","valueRequired":true,"valueName":"search_term_string"}}],"inLanguage":"sk-SK"},{"@type":"Organization","@id":"https:\/\/vapingnet.de\/#organization","name":"Vapingnet.de","url":"https:\/\/vapingnet.de\/","logo":{"@type":"ImageObject","inLanguage":"sk-SK","@id":"https:\/\/vapingnet.de\/#\/schema\/logo\/image\/","url":"https:\/\/vapingnet.de\/wp-content\/uploads\/2025\/03\/cropped-vapingnet.de_.jpg","contentUrl":"https:\/\/vapingnet.de\/wp-content\/uploads\/2025\/03\/cropped-vapingnet.de_.jpg","width":512,"height":512,"caption":"Vapingnet.de"},"image":{"@id":"https:\/\/vapingnet.de\/#\/schema\/logo\/image\/"},"sameAs":["https:\/\/www.facebook.com\/vapingnetde\/"]}]}},"tiered_pricing_type":"fixed","tiered_pricing_fixed_rules":[],"tiered_pricing_product_settings":{"layout":"default","base_unit_name":{"singular":null,"plural":null},"default_variation":null},"tiered_pricing_minimum_quantity":null,"tiered_pricing_roles_data":[],"tiered_pricing_percentage_rules":[],"_links":{"self":[{"href":"https:\/\/vapingnet.de\/sk\/wp-json\/wp\/v2\/product\/6789","targetHints":{"allow":["GET"]}}],"collection":[{"href":"https:\/\/vapingnet.de\/sk\/wp-json\/wp\/v2\/product"}],"about":[{"href":"https:\/\/vapingnet.de\/sk\/wp-json\/wp\/v2\/types\/product"}],"version-history":[{"count":1,"href":"https:\/\/vapingnet.de\/sk\/wp-json\/wp\/v2\/product\/6789\/revisions"}],"predecessor-version":[{"id":6796,"href":"https:\/\/vapingnet.de\/sk\/wp-json\/wp\/v2\/product\/6789\/revisions\/6796"}],"wp:featuredmedia":[{"embeddable":true,"href":"https:\/\/vapingnet.de\/sk\/wp-json\/wp\/v2\/media\/6902"}],"wp:attachment":[{"href":"https:\/\/vapingnet.de\/sk\/wp-json\/wp\/v2\/media?parent=6789"}],"wp:term":[{"taxonomy":"brand","embeddable":true,"href":"https:\/\/vapingnet.de\/sk\/wp-json\/wp\/v2\/etheme_brands?post=6789"},{"taxonomy":"product_brand","embeddable":true,"href":"https:\/\/vapingnet.de\/sk\/wp-json\/wp\/v2\/product_brand?post=6789"},{"taxonomy":"product_cat","embeddable":true,"href":"https:\/\/vapingnet.de\/sk\/wp-json\/wp\/v2\/product_cat?post=6789"},{"taxonomy":"product_tag","embeddable":true,"href":"https:\/\/vapingnet.de\/sk\/wp-json\/wp\/v2\/product_tag?post=6789"}],"curies":[{"name":"wp","href":"https:\/\/api.w.org\/{rel}","templated":true}]}}