{"id":6791,"date":"2025-05-05T06:56:47","date_gmt":"2025-05-05T06:56:47","guid":{"rendered":"https:\/\/vapingnet.de\/?post_type=product&#038;p=6791"},"modified":"2026-04-15T07:29:58","modified_gmt":"2026-04-15T07:29:58","slug":"bock-auf-fruchtig-frisch-hol-dir-waspe-20000-vape-raspberry-cherry-jetzt","status":"publish","type":"product","link":"https:\/\/vapingnet.de\/sk\/vape\/bock-auf-fruchtig-frisch-hol-dir-waspe-20000-vape-raspberry-cherry-jetzt\/","title":{"rendered":"Chcete ovocn\u00fa a svie\u017eu chu\u0165? Z\u00edskajte WASPE 20000 Vape Raspberry Cherry teraz"},"content":{"rendered":"<h2 data-start=\"78\" data-end=\"164\" data-immersive-translate-walked=\"a795b2c8-2539-446e-9a00-f1e073e4abd1\" data-immersive-translate-paragraph=\"1\">WASPE 20000 Pufov Jednorazov\u00e1 E-Cigareta \u2013 Tvoj dokonal\u00fd spolo\u010dn\u00edk pre ka\u017ed\u00fa situ\u00e1ciu<\/h2>\n<ul data-start=\"189\" data-end=\"415\" data-immersive-translate-walked=\"a795b2c8-2539-446e-9a00-f1e073e4abd1\">\n<li class=\"\" data-start=\"189\" data-end=\"209\" data-immersive-translate-walked=\"a795b2c8-2539-446e-9a00-f1e073e4abd1\">\n<p class=\"\" data-start=\"191\" data-end=\"209\" data-immersive-translate-walked=\"a795b2c8-2539-446e-9a00-f1e073e4abd1\" data-immersive-translate-paragraph=\"1\">Pufy: 20 000<\/p>\n<\/li>\n<li class=\"\" data-start=\"210\" data-end=\"240\" data-immersive-translate-walked=\"a795b2c8-2539-446e-9a00-f1e073e4abd1\">\n<p class=\"\" data-start=\"212\" data-end=\"240\" data-immersive-translate-walked=\"a795b2c8-2539-446e-9a00-f1e073e4abd1\" data-immersive-translate-paragraph=\"1\">Kapacita tekutiny: 24 ml<\/p>\n<\/li>\n<li class=\"\" data-start=\"241\" data-end=\"272\" data-immersive-translate-walked=\"a795b2c8-2539-446e-9a00-f1e073e4abd1\">\n<p class=\"\" data-start=\"243\" data-end=\"272\" data-immersive-translate-walked=\"a795b2c8-2539-446e-9a00-f1e073e4abd1\" data-immersive-translate-paragraph=\"1\">Nikot\u00edn: 0%, 2%, 3%, 5%<\/p>\n<\/li>\n<li class=\"\" data-start=\"273\" data-end=\"316\" data-immersive-translate-walked=\"a795b2c8-2539-446e-9a00-f1e073e4abd1\">\n<p class=\"\" data-start=\"275\" data-end=\"316\" data-immersive-translate-walked=\"a795b2c8-2539-446e-9a00-f1e073e4abd1\" data-immersive-translate-paragraph=\"1\">Cievka: Dvojit\u00e1 sie\u0165, odpor 0,8 Ohm<\/p>\n<\/li>\n<li class=\"\" data-start=\"317\" data-end=\"371\" data-immersive-translate-walked=\"a795b2c8-2539-446e-9a00-f1e073e4abd1\">\n<p class=\"\" data-start=\"319\" data-end=\"371\" data-immersive-translate-walked=\"a795b2c8-2539-446e-9a00-f1e073e4abd1\" data-immersive-translate-paragraph=\"1\">Bat\u00e9ria: 900 mAh, dob\u00edjate\u013en\u00e1 cez Type-C<\/p>\n<\/li>\n<li class=\"\" data-start=\"372\" data-end=\"392\" data-immersive-translate-walked=\"a795b2c8-2539-446e-9a00-f1e073e4abd1\">\n<p class=\"\" data-start=\"374\" data-end=\"392\" data-immersive-translate-walked=\"a795b2c8-2539-446e-9a00-f1e073e4abd1\" data-immersive-translate-paragraph=\"1\">Displej: LCD<\/p>\n<\/li>\n<li class=\"\" data-start=\"393\" data-end=\"415\" data-immersive-translate-walked=\"a795b2c8-2539-446e-9a00-f1e073e4abd1\">\n<p class=\"\" data-start=\"395\" data-end=\"415\" data-immersive-translate-walked=\"a795b2c8-2539-446e-9a00-f1e073e4abd1\" data-immersive-translate-paragraph=\"1\">Hmotnos\u0165: 110 g<\/p>\n<\/li>\n<\/ul>\n<h4 class=\"\" data-start=\"422\" data-end=\"472\" data-immersive-translate-walked=\"a795b2c8-2539-446e-9a00-f1e073e4abd1\" data-immersive-translate-paragraph=\"1\">1. Pre uvo\u013enen\u00e9 popoludnie v parku<\/h4>\n<p class=\"\" data-start=\"474\" data-end=\"1049\" data-immersive-translate-walked=\"a795b2c8-2539-446e-9a00-f1e073e4abd1\" data-immersive-translate-paragraph=\"1\">Predstav si, \u017ee si v parku, u\u017e\u00edva\u0161 si slne\u010dn\u00e9 po\u010dasie a pr\u00e1ve si dal prest\u00e1vku od svojej prech\u00e1dzky. WASPE 20000 Pufov je tvoj dokonal\u00fd spolo\u010dn\u00edk: Zoberie\u0161 si \u0165ah z Raspberry Cherry E-cigarety, ovocn\u00e1 chu\u0165 obklop\u00ed tvoje zmysly a c\u00edti\u0161, ako \u0165a od stresu uvo\u013e\u0148uje. V\u010faka dvojitej sie\u0165ovej cievke a odporu 0,8 Ohm si vychutn\u00e1va\u0161 ka\u017ed\u00fd \u0165ah naplno. Ve\u013ek\u00e1 bat\u00e9ria 900 mAh vydr\u017e\u00ed dos\u0165 dlho na to, aby naplnila tvoje popoludnie chutn\u00fdm paren\u00edm, bez toho, aby si sa musel stara\u0165 o dob\u00edjanie.<\/p>\n<h4 class=\"\" data-start=\"1051\" data-end=\"1091\" data-immersive-translate-walked=\"a795b2c8-2539-446e-9a00-f1e073e4abd1\" data-immersive-translate-paragraph=\"1\">2. Pre obed\u0148aj\u0161iu prest\u00e1vku v pr\u00e1ci<\/h4>\n<p class=\"\" data-start=\"1093\" data-end=\"1657\" data-immersive-translate-walked=\"a795b2c8-2539-446e-9a00-f1e073e4abd1\" data-immersive-translate-paragraph=\"1\">Si v pr\u00e1ci a m\u00e1\u0161 chv\u00ed\u013eu pre seba. Tlak z kl\u00e1vesnice ustupuje a ty si u\u017e\u00edva\u0161 kr\u00e1tku prest\u00e1vku. S WASPE 20000 Pufov m\u00e1\u0161 ide\u00e1lne rie\u0161enie: Je praktick\u00e1, \u013eahko sa pou\u017e\u00edva a nevy\u017eaduje \u017eiadne zlo\u017eit\u00e9 nastavenia. LCD displej ti poskytne potrebn\u00e9 inform\u00e1cie, tak\u017ee v\u017edy vie\u0161, ko\u013eko m\u00e1\u0161 e\u0161te bat\u00e9rie a tekutiny. Jednoducho si vyberie\u0161 svoju preferovan\u00fa mo\u017enos\u0165 nikot\u00ednu, \u010di u\u017e 0%, 2%, 3% alebo 5%, a m\u00f4\u017ee\u0161 sa plne s\u00fastredi\u0165 na chu\u0165 a relaxa\u010dn\u00fd pocit.<\/p>\n<h4 class=\"\" data-start=\"1659\" data-end=\"1705\" data-immersive-translate-walked=\"a795b2c8-2539-446e-9a00-f1e073e4abd1\" data-immersive-translate-paragraph=\"1\">3. Pre uvo\u013enen\u00fd ve\u010der doma<\/h4>\n<p class=\"\" data-start=\"1707\" data-end=\"2106\" data-immersive-translate-walked=\"a795b2c8-2539-446e-9a00-f1e073e4abd1\" data-immersive-translate-paragraph=\"1\">Po dlhom dni, ke\u010f kone\u010dne pr\u00edde\u0161 domov, je \u010das sa uvo\u013eni\u0165. Sadne\u0161 si na pohovku, vezme\u0161 si WASPE 20000 Pufov a u\u017e\u00edva\u0161 si chutn\u00e9 \u0165ahy. 24 ml n\u00e1dr\u017e na tekutinu ti vydr\u017e\u00ed aj pri intenz\u00edvnom pou\u017e\u00edvan\u00ed. Nemus\u00ed\u0161 sa stara\u0165 o dop\u013a\u0148anie alebo \u010dast\u00e9 nab\u00edjanie. Jednoducho si \u0165ahne\u0161 a nech\u00e1\u0161 stresov\u00e9 my\u0161lienky za sebou.<\/p>\n<h3 data-start=\"2113\" data-end=\"2424\" data-immersive-translate-walked=\"a795b2c8-2539-446e-9a00-f1e073e4abd1\" data-immersive-translate-paragraph=\"1\"><img fetchpriority=\"high\" decoding=\"async\" class=\"size-full wp-image-6901 aligncenter\" src=\"https:\/\/vapingnet.de\/wp-content\/uploads\/2025\/05\/WASPE-VAPE2.webp\" alt=\"\" width=\"1000\" height=\"1000\" srcset=\"https:\/\/vapingnet.de\/wp-content\/uploads\/2025\/05\/WASPE-VAPE2.webp 1000w, https:\/\/vapingnet.de\/wp-content\/uploads\/2025\/05\/WASPE-VAPE2-300x300.webp 300w, https:\/\/vapingnet.de\/wp-content\/uploads\/2025\/05\/WASPE-VAPE2-150x150.webp 150w, https:\/\/vapingnet.de\/wp-content\/uploads\/2025\/05\/WASPE-VAPE2-768x768.webp 768w, https:\/\/vapingnet.de\/wp-content\/uploads\/2025\/05\/WASPE-VAPE2-600x600.webp 600w, https:\/\/vapingnet.de\/wp-content\/uploads\/2025\/05\/WASPE-VAPE2-100x100.webp 100w, https:\/\/vapingnet.de\/wp-content\/uploads\/2025\/05\/WASPE-VAPE2-1x1.webp 1w, https:\/\/vapingnet.de\/wp-content\/uploads\/2025\/05\/WASPE-VAPE2-10x10.webp 10w\" sizes=\"(max-width: 1000px) 100vw, 1000px\" \/><\/h3>\n<h3 data-start=\"2113\" data-end=\"2424\" data-immersive-translate-walked=\"a795b2c8-2539-446e-9a00-f1e073e4abd1\" data-immersive-translate-paragraph=\"1\">Tvoj ide\u00e1lny spolo\u010dn\u00edk pre ka\u017ed\u00fa pr\u00edle\u017eitos\u0165<\/h3>\n<p class=\"\" data-start=\"2113\" data-end=\"2424\" data-immersive-translate-walked=\"a795b2c8-2539-446e-9a00-f1e073e4abd1\" data-immersive-translate-paragraph=\"1\">Nez\u00e1le\u017e\u00ed na tom, \u010di si v parku, v pr\u00e1ci alebo doma \u2013 jednorazov\u00e1 e-cigareta WASPE 20000 Pufov je tvoj\u00edm ide\u00e1lnym spolo\u010dn\u00edkom pre ka\u017ed\u00fa pr\u00edle\u017eitos\u0165. S dlhou v\u00fddr\u017eou bat\u00e9rie, ve\u013ekou n\u00e1dr\u017eou na tekutinu a pohodln\u00fdm pripojen\u00edm Type-C zabezpe\u010duje bezstarostn\u00fd z\u00e1\u017eitok z vapovania, kedyko\u013evek ho potrebuje\u0161.<\/p>\n<p class=\"\" data-start=\"2426\" data-end=\"2527\" data-immersive-translate-walked=\"a795b2c8-2539-446e-9a00-f1e073e4abd1\" data-immersive-translate-paragraph=\"1\">Z\u00edskaj svoju WASPE 20000 Pufov na vapingnet.de a za\u017ei nov\u00fa dimenziu vapovania!<\/p>","protected":false},"excerpt":{"rendered":"<p>WASPE 20000 Puffs Einweg E-Zigarette \u2013 Dein perfekter Begleiter f\u00fcr jede Situation Z\u00fcge: 20.000 Liquidkapazit\u00e4t: 24 ml Nikotin: 0%, 2%, 3%, 5% Coil: Dual Mesh,&#8230;<\/p>","protected":false},"featured_media":6784,"template":"","meta":[],"etheme_brands":[],"product_brand":[98],"product_cat":[54,49,61],"product_tag":[],"class_list":{"0":"post-6791","1":"product","2":"type-product","3":"status-publish","4":"has-post-thumbnail","6":"product_brand-waspe-vape","7":"product_cat-vape-20000-zuege","8":"product_cat-einweg-e-zigarette","9":"product_cat-f","11":"first","12":"instock","13":"shipping-taxable","14":"purchasable","15":"product-type-variable"},"yoast_head":"<!-- This site is optimized with the Yoast SEO plugin v26.5 - https:\/\/yoast.com\/wordpress\/plugins\/seo\/ -->\n<title>Bock Auf Fruchtig Frisch Hol Dir WASPE 20000 Vape Raspberry Cherry Jetzt | Vapingnet.de<\/title>\n<meta name=\"description\" content=\"Entdecke Bock Auf Fruchtig Frisch Hol Dir WASPE 20000 Vape Raspberry Cherry Jetzt bei vapingnet.de, \u25ba Gro\u00dfe Auswahl an Geschmacksrichtungen &amp; super g\u00fcnstig!\" \/>\n<meta name=\"robots\" content=\"index, follow, max-snippet:-1, max-image-preview:large, max-video-preview:-1\" \/>\n<link rel=\"canonical\" href=\"https:\/\/vapingnet.de\/sk\/vape\/bock-auf-fruchtig-frisch-hol-dir-waspe-20000-vape-raspberry-cherry-jetzt\/\" \/>\n<meta property=\"og:locale\" content=\"sk_SK\" \/>\n<meta property=\"og:type\" content=\"article\" \/>\n<meta property=\"og:title\" content=\"Bock Auf Fruchtig Frisch Hol Dir WASPE 20000 Vape Raspberry Cherry Jetzt | Vapingnet.de\" \/>\n<meta property=\"og:description\" content=\"Entdecke Bock Auf Fruchtig Frisch Hol Dir WASPE 20000 Vape Raspberry Cherry Jetzt bei vapingnet.de, \u25ba Gro\u00dfe Auswahl an Geschmacksrichtungen &amp; super g\u00fcnstig!\" \/>\n<meta property=\"og:url\" content=\"https:\/\/vapingnet.de\/sk\/vape\/bock-auf-fruchtig-frisch-hol-dir-waspe-20000-vape-raspberry-cherry-jetzt\/\" \/>\n<meta property=\"og:site_name\" content=\"Vapingnet.de\" \/>\n<meta property=\"article:publisher\" content=\"https:\/\/www.facebook.com\/vapingnetde\/\" \/>\n<meta property=\"article:modified_time\" content=\"2026-04-15T07:29:58+00:00\" \/>\n<meta property=\"og:image\" content=\"https:\/\/vapingnet.de\/wp-content\/uploads\/2025\/05\/Raspberry-Cherry.webp\" \/>\n\t<meta property=\"og:image:width\" content=\"1000\" \/>\n\t<meta property=\"og:image:height\" content=\"1000\" \/>\n\t<meta property=\"og:image:type\" content=\"image\/webp\" \/>\n<meta name=\"twitter:card\" content=\"summary_large_image\" \/>\n<meta name=\"twitter:label1\" content=\"Est. reading time\" \/>\n\t<meta name=\"twitter:data1\" content=\"3 minutes\" \/>\n<script type=\"application\/ld+json\" class=\"yoast-schema-graph\">{\"@context\":\"https:\/\/schema.org\",\"@graph\":[{\"@type\":\"WebPage\",\"@id\":\"https:\/\/vapingnet.de\/vape\/bock-auf-fruchtig-frisch-hol-dir-waspe-20000-vape-raspberry-cherry-jetzt\/\",\"url\":\"https:\/\/vapingnet.de\/vape\/bock-auf-fruchtig-frisch-hol-dir-waspe-20000-vape-raspberry-cherry-jetzt\/\",\"name\":\"Bock Auf Fruchtig Frisch Hol Dir WASPE 20000 Vape Raspberry Cherry Jetzt | Vapingnet.de\",\"isPartOf\":{\"@id\":\"https:\/\/vapingnet.de\/#website\"},\"primaryImageOfPage\":{\"@id\":\"https:\/\/vapingnet.de\/vape\/bock-auf-fruchtig-frisch-hol-dir-waspe-20000-vape-raspberry-cherry-jetzt\/#primaryimage\"},\"image\":{\"@id\":\"https:\/\/vapingnet.de\/vape\/bock-auf-fruchtig-frisch-hol-dir-waspe-20000-vape-raspberry-cherry-jetzt\/#primaryimage\"},\"thumbnailUrl\":\"https:\/\/vapingnet.de\/wp-content\/uploads\/2025\/05\/Raspberry-Cherry.webp\",\"datePublished\":\"2025-05-05T06:56:47+00:00\",\"dateModified\":\"2026-04-15T07:29:58+00:00\",\"description\":\"Entdecke Bock Auf Fruchtig Frisch Hol Dir WASPE 20000 Vape Raspberry Cherry Jetzt bei vapingnet.de, \u25ba Gro\u00dfe Auswahl an Geschmacksrichtungen & super g\u00fcnstig!\",\"breadcrumb\":{\"@id\":\"https:\/\/vapingnet.de\/vape\/bock-auf-fruchtig-frisch-hol-dir-waspe-20000-vape-raspberry-cherry-jetzt\/#breadcrumb\"},\"inLanguage\":\"sk-SK\",\"potentialAction\":[{\"@type\":\"ReadAction\",\"target\":[\"https:\/\/vapingnet.de\/vape\/bock-auf-fruchtig-frisch-hol-dir-waspe-20000-vape-raspberry-cherry-jetzt\/\"]}]},{\"@type\":\"ImageObject\",\"inLanguage\":\"sk-SK\",\"@id\":\"https:\/\/vapingnet.de\/vape\/bock-auf-fruchtig-frisch-hol-dir-waspe-20000-vape-raspberry-cherry-jetzt\/#primaryimage\",\"url\":\"https:\/\/vapingnet.de\/wp-content\/uploads\/2025\/05\/Raspberry-Cherry.webp\",\"contentUrl\":\"https:\/\/vapingnet.de\/wp-content\/uploads\/2025\/05\/Raspberry-Cherry.webp\",\"width\":1000,\"height\":1000},{\"@type\":\"BreadcrumbList\",\"@id\":\"https:\/\/vapingnet.de\/vape\/bock-auf-fruchtig-frisch-hol-dir-waspe-20000-vape-raspberry-cherry-jetzt\/#breadcrumb\",\"itemListElement\":[{\"@type\":\"ListItem\",\"position\":1,\"name\":\"Home\",\"item\":\"https:\/\/vapingnet.de\/\"},{\"@type\":\"ListItem\",\"position\":2,\"name\":\"Shop\",\"item\":\"https:\/\/vapingnet.de\/vape\/\"},{\"@type\":\"ListItem\",\"position\":3,\"name\":\"Bock Auf Fruchtig Frisch Hol Dir WASPE 20000 Vape Raspberry Cherry Jetzt\"}]},{\"@type\":\"WebSite\",\"@id\":\"https:\/\/vapingnet.de\/#website\",\"url\":\"https:\/\/vapingnet.de\/\",\"name\":\"Vapingnet.de\",\"description\":\"\",\"publisher\":{\"@id\":\"https:\/\/vapingnet.de\/#organization\"},\"potentialAction\":[{\"@type\":\"SearchAction\",\"target\":{\"@type\":\"EntryPoint\",\"urlTemplate\":\"https:\/\/vapingnet.de\/?s={search_term_string}\"},\"query-input\":{\"@type\":\"PropertyValueSpecification\",\"valueRequired\":true,\"valueName\":\"search_term_string\"}}],\"inLanguage\":\"sk-SK\"},{\"@type\":\"Organization\",\"@id\":\"https:\/\/vapingnet.de\/#organization\",\"name\":\"Vapingnet.de\",\"url\":\"https:\/\/vapingnet.de\/\",\"logo\":{\"@type\":\"ImageObject\",\"inLanguage\":\"sk-SK\",\"@id\":\"https:\/\/vapingnet.de\/#\/schema\/logo\/image\/\",\"url\":\"https:\/\/vapingnet.de\/wp-content\/uploads\/2025\/03\/cropped-vapingnet.de_.jpg\",\"contentUrl\":\"https:\/\/vapingnet.de\/wp-content\/uploads\/2025\/03\/cropped-vapingnet.de_.jpg\",\"width\":512,\"height\":512,\"caption\":\"Vapingnet.de\"},\"image\":{\"@id\":\"https:\/\/vapingnet.de\/#\/schema\/logo\/image\/\"},\"sameAs\":[\"https:\/\/www.facebook.com\/vapingnetde\/\"]}]}<\/script>\n<!-- \/ Yoast SEO plugin. -->","yoast_head_json":{"title":"Bock Auf Fruchtig Frisch Hol Dir WASPE 20000 Vape Raspberry Cherry Jetzt | Vapingnet.de","description":"Entdecke Bock Auf Fruchtig Frisch Hol Dir WASPE 20000 Vape Raspberry Cherry Jetzt bei vapingnet.de, \u25ba Gro\u00dfe Auswahl an Geschmacksrichtungen & super g\u00fcnstig!","robots":{"index":"index","follow":"follow","max-snippet":"max-snippet:-1","max-image-preview":"max-image-preview:large","max-video-preview":"max-video-preview:-1"},"canonical":"https:\/\/vapingnet.de\/sk\/vape\/bock-auf-fruchtig-frisch-hol-dir-waspe-20000-vape-raspberry-cherry-jetzt\/","og_locale":"sk_SK","og_type":"article","og_title":"Bock Auf Fruchtig Frisch Hol Dir WASPE 20000 Vape Raspberry Cherry Jetzt | Vapingnet.de","og_description":"Entdecke Bock Auf Fruchtig Frisch Hol Dir WASPE 20000 Vape Raspberry Cherry Jetzt bei vapingnet.de, \u25ba Gro\u00dfe Auswahl an Geschmacksrichtungen & super g\u00fcnstig!","og_url":"https:\/\/vapingnet.de\/sk\/vape\/bock-auf-fruchtig-frisch-hol-dir-waspe-20000-vape-raspberry-cherry-jetzt\/","og_site_name":"Vapingnet.de","article_publisher":"https:\/\/www.facebook.com\/vapingnetde\/","article_modified_time":"2026-04-15T07:29:58+00:00","og_image":[{"width":1000,"height":1000,"url":"https:\/\/vapingnet.de\/wp-content\/uploads\/2025\/05\/Raspberry-Cherry.webp","type":"image\/webp"}],"twitter_card":"summary_large_image","twitter_misc":{"Est. reading time":"3 minutes"},"schema":{"@context":"https:\/\/schema.org","@graph":[{"@type":"WebPage","@id":"https:\/\/vapingnet.de\/vape\/bock-auf-fruchtig-frisch-hol-dir-waspe-20000-vape-raspberry-cherry-jetzt\/","url":"https:\/\/vapingnet.de\/vape\/bock-auf-fruchtig-frisch-hol-dir-waspe-20000-vape-raspberry-cherry-jetzt\/","name":"Bock Auf Fruchtig Frisch Hol Dir WASPE 20000 Vape Raspberry Cherry Jetzt | Vapingnet.de","isPartOf":{"@id":"https:\/\/vapingnet.de\/#website"},"primaryImageOfPage":{"@id":"https:\/\/vapingnet.de\/vape\/bock-auf-fruchtig-frisch-hol-dir-waspe-20000-vape-raspberry-cherry-jetzt\/#primaryimage"},"image":{"@id":"https:\/\/vapingnet.de\/vape\/bock-auf-fruchtig-frisch-hol-dir-waspe-20000-vape-raspberry-cherry-jetzt\/#primaryimage"},"thumbnailUrl":"https:\/\/vapingnet.de\/wp-content\/uploads\/2025\/05\/Raspberry-Cherry.webp","datePublished":"2025-05-05T06:56:47+00:00","dateModified":"2026-04-15T07:29:58+00:00","description":"Entdecke Bock Auf Fruchtig Frisch Hol Dir WASPE 20000 Vape Raspberry Cherry Jetzt bei vapingnet.de, \u25ba Gro\u00dfe Auswahl an Geschmacksrichtungen & super g\u00fcnstig!","breadcrumb":{"@id":"https:\/\/vapingnet.de\/vape\/bock-auf-fruchtig-frisch-hol-dir-waspe-20000-vape-raspberry-cherry-jetzt\/#breadcrumb"},"inLanguage":"sk-SK","potentialAction":[{"@type":"ReadAction","target":["https:\/\/vapingnet.de\/vape\/bock-auf-fruchtig-frisch-hol-dir-waspe-20000-vape-raspberry-cherry-jetzt\/"]}]},{"@type":"ImageObject","inLanguage":"sk-SK","@id":"https:\/\/vapingnet.de\/vape\/bock-auf-fruchtig-frisch-hol-dir-waspe-20000-vape-raspberry-cherry-jetzt\/#primaryimage","url":"https:\/\/vapingnet.de\/wp-content\/uploads\/2025\/05\/Raspberry-Cherry.webp","contentUrl":"https:\/\/vapingnet.de\/wp-content\/uploads\/2025\/05\/Raspberry-Cherry.webp","width":1000,"height":1000},{"@type":"BreadcrumbList","@id":"https:\/\/vapingnet.de\/vape\/bock-auf-fruchtig-frisch-hol-dir-waspe-20000-vape-raspberry-cherry-jetzt\/#breadcrumb","itemListElement":[{"@type":"ListItem","position":1,"name":"Home","item":"https:\/\/vapingnet.de\/"},{"@type":"ListItem","position":2,"name":"Shop","item":"https:\/\/vapingnet.de\/vape\/"},{"@type":"ListItem","position":3,"name":"Bock Auf Fruchtig Frisch Hol Dir WASPE 20000 Vape Raspberry Cherry Jetzt"}]},{"@type":"WebSite","@id":"https:\/\/vapingnet.de\/#website","url":"https:\/\/vapingnet.de\/","name":"Vapingnet.de","description":"","publisher":{"@id":"https:\/\/vapingnet.de\/#organization"},"potentialAction":[{"@type":"SearchAction","target":{"@type":"EntryPoint","urlTemplate":"https:\/\/vapingnet.de\/?s={search_term_string}"},"query-input":{"@type":"PropertyValueSpecification","valueRequired":true,"valueName":"search_term_string"}}],"inLanguage":"sk-SK"},{"@type":"Organization","@id":"https:\/\/vapingnet.de\/#organization","name":"Vapingnet.de","url":"https:\/\/vapingnet.de\/","logo":{"@type":"ImageObject","inLanguage":"sk-SK","@id":"https:\/\/vapingnet.de\/#\/schema\/logo\/image\/","url":"https:\/\/vapingnet.de\/wp-content\/uploads\/2025\/03\/cropped-vapingnet.de_.jpg","contentUrl":"https:\/\/vapingnet.de\/wp-content\/uploads\/2025\/03\/cropped-vapingnet.de_.jpg","width":512,"height":512,"caption":"Vapingnet.de"},"image":{"@id":"https:\/\/vapingnet.de\/#\/schema\/logo\/image\/"},"sameAs":["https:\/\/www.facebook.com\/vapingnetde\/"]}]}},"tiered_pricing_type":"fixed","tiered_pricing_fixed_rules":[],"tiered_pricing_product_settings":{"layout":"default","base_unit_name":{"singular":null,"plural":null},"default_variation":null},"tiered_pricing_minimum_quantity":null,"tiered_pricing_roles_data":[],"tiered_pricing_percentage_rules":[],"_links":{"self":[{"href":"https:\/\/vapingnet.de\/sk\/wp-json\/wp\/v2\/product\/6791","targetHints":{"allow":["GET"]}}],"collection":[{"href":"https:\/\/vapingnet.de\/sk\/wp-json\/wp\/v2\/product"}],"about":[{"href":"https:\/\/vapingnet.de\/sk\/wp-json\/wp\/v2\/types\/product"}],"version-history":[{"count":2,"href":"https:\/\/vapingnet.de\/sk\/wp-json\/wp\/v2\/product\/6791\/revisions"}],"predecessor-version":[{"id":6906,"href":"https:\/\/vapingnet.de\/sk\/wp-json\/wp\/v2\/product\/6791\/revisions\/6906"}],"wp:featuredmedia":[{"embeddable":true,"href":"https:\/\/vapingnet.de\/sk\/wp-json\/wp\/v2\/media\/6784"}],"wp:attachment":[{"href":"https:\/\/vapingnet.de\/sk\/wp-json\/wp\/v2\/media?parent=6791"}],"wp:term":[{"taxonomy":"brand","embeddable":true,"href":"https:\/\/vapingnet.de\/sk\/wp-json\/wp\/v2\/etheme_brands?post=6791"},{"taxonomy":"product_brand","embeddable":true,"href":"https:\/\/vapingnet.de\/sk\/wp-json\/wp\/v2\/product_brand?post=6791"},{"taxonomy":"product_cat","embeddable":true,"href":"https:\/\/vapingnet.de\/sk\/wp-json\/wp\/v2\/product_cat?post=6791"},{"taxonomy":"product_tag","embeddable":true,"href":"https:\/\/vapingnet.de\/sk\/wp-json\/wp\/v2\/product_tag?post=6791"}],"curies":[{"name":"wp","href":"https:\/\/api.w.org\/{rel}","templated":true}]}}