{"id":6792,"date":"2025-05-05T06:56:48","date_gmt":"2025-05-05T06:56:48","guid":{"rendered":"https:\/\/vapingnet.de\/?post_type=product&#038;p=6792"},"modified":"2026-04-15T06:48:49","modified_gmt":"2026-04-15T06:48:49","slug":"machs-fruchtig-waspe-20000-blueberry-raspberry-lemonade-vape-jetzt-im-sonderangebot","status":"publish","type":"product","link":"https:\/\/vapingnet.de\/sk\/vape\/machs-fruchtig-waspe-20000-blueberry-raspberry-lemonade-vape-jetzt-im-sonderangebot\/","title":{"rendered":"Urobte si ovocn\u00e9 osvie\u017eenie WASPE 20000 Blueberry Raspberry Lemonade Vape v \u0161peci\u00e1lnej ponuke"},"content":{"rendered":"<h2 data-start=\"0\" data-end=\"68\" data-immersive-translate-paragraph=\"1\" data-immersive-translate-walked=\"a7dc8e27-37ab-4fb4-84fd-1faf7bb68102\">WASPE 20000 Pufov Jednorazov\u00e1 E-Cigareta \u2013 Poch\u00fa\u0165ka na ka\u017ed\u00fd de\u0148<\/h2>\n<p class=\"\" data-start=\"70\" data-end=\"347\" data-immersive-translate-walked=\"a7dc8e27-37ab-4fb4-84fd-1faf7bb68102\" data-immersive-translate-paragraph=\"1\">WASPE 20000 Pufov Jednorazov\u00e1 E-Cigareta je ide\u00e1lnou vo\u013ebou pre v\u0161etk\u00fdch, ktor\u00ed h\u013eadaj\u00fa praktick\u00e9 a v\u00fdkonn\u00e9 parn\u00e9 rie\u0161enie. S vysok\u00fdm po\u010dtom pufov a inovat\u00edvnymi funkciami pon\u00faka tento model v\u0161etko, \u010do sa o\u010dak\u00e1va od kvalitnej e-cigarety.<\/p>\n<h4 class=\"\" data-start=\"349\" data-end=\"388\" data-immersive-translate-walked=\"a7dc8e27-37ab-4fb4-84fd-1faf7bb68102\" data-immersive-translate-paragraph=\"1\">Odoln\u00fd dizajn a vysok\u00e1 kapacita<\/h4>\n<p class=\"\" data-start=\"390\" data-end=\"811\" data-immersive-translate-walked=\"a7dc8e27-37ab-4fb4-84fd-1faf7bb68102\" data-immersive-translate-paragraph=\"1\">S kapacitou tekutiny 24 ml a \u017eivotnos\u0165ou a\u017e do 20000 pufov je t\u00e1to e-cigareta navrhnut\u00e1 na dlhodob\u00e9 pou\u017eitie. Dual Mesh Coil s odporom 0,8 Ohm zabezpe\u010duje rovnomern\u00e9 odparovanie a intenz\u00edvnu chu\u0165. Bat\u00e9ria s kapacitou 900 mAh sa d\u00e1 pohodlne nab\u00edja\u0165 cez Type-C port, tak\u017ee nikdy nemus\u00ed\u0161 dlho \u010daka\u0165 na \u010fal\u0161ie pou\u017eitie.<\/p>\n<h4 class=\"\" data-start=\"813\" data-end=\"874\" data-immersive-translate-walked=\"a7dc8e27-37ab-4fb4-84fd-1faf7bb68102\" data-immersive-translate-paragraph=\"1\">V\u0161estrann\u00e9 nikot\u00ednov\u00e9 koncentr\u00e1cie a nezabudnute\u013en\u00e1 chu\u0165<\/h4>\n<p class=\"\" data-start=\"876\" data-end=\"1372\" data-immersive-translate-walked=\"a7dc8e27-37ab-4fb4-84fd-1faf7bb68102\" data-immersive-translate-paragraph=\"1\">WASPE 20000 Pufov ti umo\u017e\u0148uje vybra\u0165 si z r\u00f4znych nikot\u00ednov\u00fdch koncentr\u00e1ci\u00ed \u2013 0%, 2%, 3% a 5%. \u010ci u\u017e chce\u0161 vychutna\u0165 chu\u0165 v jej naj\u010distej\u0161ej forme alebo preferuje\u0161 \u013eah\u0161iu \u010di silnej\u0161iu nikot\u00ednov\u00fa d\u00e1vku, t\u00e1to e-cigareta sa prisp\u00f4sob\u00ed tvojim potreb\u00e1m. Chu\u0165 Blueberry Raspberry Lemonade je obzvl\u00e1\u0161\u0165 osvie\u017euj\u00faca a kombinuje sladk\u00fa \u010du\u010doriedku s \u0161\u0165avnatou malinou a n\u00e1dychom limon\u00e1dy \u2013 ide\u00e1lna na ka\u017ed\u00fd de\u0148.<\/p>\n<h4 class=\"\" data-start=\"1374\" data-end=\"1413\" data-immersive-translate-walked=\"a7dc8e27-37ab-4fb4-84fd-1faf7bb68102\" data-immersive-translate-paragraph=\"1\">LCD displej pre jednoduch\u00e9 ovl\u00e1danie<\/h4>\n<p class=\"\" data-start=\"1415\" data-end=\"1630\" data-immersive-translate-walked=\"a7dc8e27-37ab-4fb4-84fd-1faf7bb68102\" data-immersive-translate-paragraph=\"1\">LCD displej ti poskytuje v\u017edy jasn\u00e9 inform\u00e1cie o aktu\u00e1lnom stave nabitia a zostatku tekutiny. Tak m\u00e1\u0161 v\u017edy preh\u013ead a m\u00f4\u017ee\u0161 si vychutn\u00e1va\u0165 e-cigaretu bez preru\u0161enia.<\/p>\n<h3>V\u00fdhody jednorazovej e-cigarety WASPE 20000 Pufov<\/h3>\n<ul data-start=\"1688\" data-end=\"2133\" data-immersive-translate-walked=\"a7dc8e27-37ab-4fb4-84fd-1faf7bb68102\">\n<li class=\"\" data-start=\"1688\" data-end=\"1769\" data-immersive-translate-walked=\"a7dc8e27-37ab-4fb4-84fd-1faf7bb68102\">\n<p class=\"\" data-start=\"1690\" data-end=\"1769\" data-immersive-translate-walked=\"a7dc8e27-37ab-4fb4-84fd-1faf7bb68102\" data-immersive-translate-paragraph=\"1\">Praktick\u00e9: Cez Type-C port je nab\u00edjanie jednoduch\u00e9 a r\u00fdchle.<\/p>\n<\/li>\n<li class=\"\" data-start=\"1770\" data-end=\"1882\" data-immersive-translate-walked=\"a7dc8e27-37ab-4fb4-84fd-1faf7bb68102\">\n<p class=\"\" data-start=\"1772\" data-end=\"1882\" data-immersive-translate-walked=\"a7dc8e27-37ab-4fb4-84fd-1faf7bb68102\" data-immersive-translate-paragraph=\"1\">V\u00fdkonn\u00e9: S dlhodobou \u017eivotnos\u0165ou a\u017e do 20000 pufov a ve\u013ekorysou kapacitou tekutiny.<\/p>\n<\/li>\n<li class=\"\" data-start=\"1883\" data-end=\"1989\" data-immersive-translate-walked=\"a7dc8e27-37ab-4fb4-84fd-1faf7bb68102\">\n<p class=\"\" data-start=\"1885\" data-end=\"1989\" data-immersive-translate-walked=\"a7dc8e27-37ab-4fb4-84fd-1faf7bb68102\" data-immersive-translate-paragraph=\"1\">V\u0161estrann\u00e9: Vyber si z r\u00f4znych nikot\u00ednov\u00fdch koncentr\u00e1ci\u00ed (0%, 2%, 3%, 5%) pre svoj individu\u00e1lny po\u017eiadavok.<\/p>\n<\/li>\n<li class=\"\" data-start=\"1990\" data-end=\"2133\" data-immersive-translate-walked=\"a7dc8e27-37ab-4fb4-84fd-1faf7bb68102\">\n<p class=\"\" data-start=\"1992\" data-end=\"2133\" data-immersive-translate-walked=\"a7dc8e27-37ab-4fb4-84fd-1faf7bb68102\" data-immersive-translate-paragraph=\"1\">Osvie\u017euj\u00faca chu\u0165: Jedine\u010dn\u00e1 zmes \u010du\u010doriedky, maliny a limon\u00e1dy zabezpe\u010duje nezabudnute\u013en\u00fd z\u00e1\u017eitok z parenia.<\/p>\n<\/li>\n<\/ul>\n<h4>Jednoduch\u00e9 pote\u0161enie bez komplik\u00e1ci\u00ed<\/h4>\n<p class=\"\" data-start=\"2178\" data-end=\"2457\" data-immersive-translate-walked=\"a7dc8e27-37ab-4fb4-84fd-1faf7bb68102\" data-immersive-translate-paragraph=\"1\">WASPE 20000 Pufov Jednorazov\u00e1 E-Cigareta je obzvl\u00e1\u0161\u0165 vhodn\u00e1 pre t\u00fdch, ktor\u00ed h\u013eadaj\u00fa nen\u00e1ro\u010dn\u00fa a z\u00e1rove\u0148 v\u00fdkonn\u00fa e-cigaretu. Nevy\u017eaduje \u017eiadnu zlo\u017eit\u00fa \u00fadr\u017ebu a je okam\u017eite pripraven\u00e1 na pou\u017eitie, \u010do z nej rob\u00ed ide\u00e1lneho spolo\u010dn\u00edka na cesty.<\/p>\n<p class=\"\" data-start=\"2459\" data-end=\"2654\" data-immersive-translate-walked=\"a7dc8e27-37ab-4fb4-84fd-1faf7bb68102\" data-immersive-translate-paragraph=\"1\">S jej odoln\u00fdm dizajnom a praktick\u00fdmi funkciami je WASPE 20000 Pufov nielen v\u00fdkonnou e-cigaretou, ale aj skuto\u010dn\u00fdm p\u00f4\u017eitkom pre v\u0161etk\u00fdch milovn\u00edkov parenia.<\/p>\n<p class=\"\" data-start=\"2656\" data-end=\"2789\" data-immersive-translate-walked=\"a7dc8e27-37ab-4fb4-84fd-1faf7bb68102\" data-immersive-translate-paragraph=\"1\">Z\u00edskaj svoju WASPE 20000 Pufov na vapingnet.de a za\u017ei jedine\u010dn\u00fa chu\u0165 Blueberry Raspberry Lemonade.<\/p>","protected":false},"excerpt":{"rendered":"<p>WASPE 20000 Puffs Einweg E-Zigarette \u2013 Ein Genuss f\u00fcr den Alltag Die WASPE 20000 Puffs Einweg E-Zigarette ist die perfekte Wahl f\u00fcr alle, die nach&#8230;<\/p>","protected":false},"featured_media":6777,"template":"","meta":[],"etheme_brands":[],"product_brand":[98],"product_cat":[54,49,61],"product_tag":[],"class_list":{"0":"post-6792","1":"product","2":"type-product","3":"status-publish","4":"has-post-thumbnail","6":"product_brand-waspe-vape","7":"product_cat-vape-20000-zuege","8":"product_cat-einweg-e-zigarette","9":"product_cat-f","11":"first","12":"instock","13":"shipping-taxable","14":"purchasable","15":"product-type-variable"},"yoast_head":"<!-- This site is optimized with the Yoast SEO plugin v26.5 - https:\/\/yoast.com\/wordpress\/plugins\/seo\/ -->\n<title>Mach\u2019s Fruchtig WASPE 20000 Blueberry Raspberry Lemonade Vape Jetzt Im Sonderangebot | Vapingnet.de<\/title>\n<meta name=\"description\" content=\"Entdecke Mach\u2019s Fruchtig WASPE 20000 Blueberry Raspberry Lemonade Vape Jetzt Im Sonderangebot bei vapingnet.de, \u25ba Gro\u00dfe Auswahl an Geschmacksrichtungen &amp; super g\u00fcnstig!\" \/>\n<meta name=\"robots\" content=\"index, follow, max-snippet:-1, max-image-preview:large, max-video-preview:-1\" \/>\n<link rel=\"canonical\" href=\"https:\/\/vapingnet.de\/sk\/vape\/machs-fruchtig-waspe-20000-blueberry-raspberry-lemonade-vape-jetzt-im-sonderangebot\/\" \/>\n<meta property=\"og:locale\" content=\"sk_SK\" \/>\n<meta property=\"og:type\" content=\"article\" \/>\n<meta property=\"og:title\" content=\"Mach\u2019s Fruchtig WASPE 20000 Blueberry Raspberry Lemonade Vape Jetzt Im Sonderangebot | Vapingnet.de\" \/>\n<meta property=\"og:description\" content=\"Entdecke Mach\u2019s Fruchtig WASPE 20000 Blueberry Raspberry Lemonade Vape Jetzt Im Sonderangebot bei vapingnet.de, \u25ba Gro\u00dfe Auswahl an Geschmacksrichtungen &amp; super g\u00fcnstig!\" \/>\n<meta property=\"og:url\" content=\"https:\/\/vapingnet.de\/sk\/vape\/machs-fruchtig-waspe-20000-blueberry-raspberry-lemonade-vape-jetzt-im-sonderangebot\/\" \/>\n<meta property=\"og:site_name\" content=\"Vapingnet.de\" \/>\n<meta property=\"article:publisher\" content=\"https:\/\/www.facebook.com\/vapingnetde\/\" \/>\n<meta property=\"article:modified_time\" content=\"2026-04-15T06:48:49+00:00\" \/>\n<meta property=\"og:image\" content=\"https:\/\/vapingnet.de\/wp-content\/uploads\/2025\/05\/Blueberry-Raspberry-Lemonade.webp\" \/>\n\t<meta property=\"og:image:width\" content=\"1000\" \/>\n\t<meta property=\"og:image:height\" content=\"1000\" \/>\n\t<meta property=\"og:image:type\" content=\"image\/webp\" \/>\n<meta name=\"twitter:card\" content=\"summary_large_image\" \/>\n<meta name=\"twitter:label1\" content=\"Est. reading time\" \/>\n\t<meta name=\"twitter:data1\" content=\"3 minutes\" \/>\n<script type=\"application\/ld+json\" class=\"yoast-schema-graph\">{\"@context\":\"https:\/\/schema.org\",\"@graph\":[{\"@type\":\"WebPage\",\"@id\":\"https:\/\/vapingnet.de\/vape\/machs-fruchtig-waspe-20000-blueberry-raspberry-lemonade-vape-jetzt-im-sonderangebot\/\",\"url\":\"https:\/\/vapingnet.de\/vape\/machs-fruchtig-waspe-20000-blueberry-raspberry-lemonade-vape-jetzt-im-sonderangebot\/\",\"name\":\"Mach\u2019s Fruchtig WASPE 20000 Blueberry Raspberry Lemonade Vape Jetzt Im Sonderangebot | Vapingnet.de\",\"isPartOf\":{\"@id\":\"https:\/\/vapingnet.de\/#website\"},\"primaryImageOfPage\":{\"@id\":\"https:\/\/vapingnet.de\/vape\/machs-fruchtig-waspe-20000-blueberry-raspberry-lemonade-vape-jetzt-im-sonderangebot\/#primaryimage\"},\"image\":{\"@id\":\"https:\/\/vapingnet.de\/vape\/machs-fruchtig-waspe-20000-blueberry-raspberry-lemonade-vape-jetzt-im-sonderangebot\/#primaryimage\"},\"thumbnailUrl\":\"https:\/\/vapingnet.de\/wp-content\/uploads\/2025\/05\/Blueberry-Raspberry-Lemonade.webp\",\"datePublished\":\"2025-05-05T06:56:48+00:00\",\"dateModified\":\"2026-04-15T06:48:49+00:00\",\"description\":\"Entdecke Mach\u2019s Fruchtig WASPE 20000 Blueberry Raspberry Lemonade Vape Jetzt Im Sonderangebot bei vapingnet.de, \u25ba Gro\u00dfe Auswahl an Geschmacksrichtungen & super g\u00fcnstig!\",\"breadcrumb\":{\"@id\":\"https:\/\/vapingnet.de\/vape\/machs-fruchtig-waspe-20000-blueberry-raspberry-lemonade-vape-jetzt-im-sonderangebot\/#breadcrumb\"},\"inLanguage\":\"sk-SK\",\"potentialAction\":[{\"@type\":\"ReadAction\",\"target\":[\"https:\/\/vapingnet.de\/vape\/machs-fruchtig-waspe-20000-blueberry-raspberry-lemonade-vape-jetzt-im-sonderangebot\/\"]}]},{\"@type\":\"ImageObject\",\"inLanguage\":\"sk-SK\",\"@id\":\"https:\/\/vapingnet.de\/vape\/machs-fruchtig-waspe-20000-blueberry-raspberry-lemonade-vape-jetzt-im-sonderangebot\/#primaryimage\",\"url\":\"https:\/\/vapingnet.de\/wp-content\/uploads\/2025\/05\/Blueberry-Raspberry-Lemonade.webp\",\"contentUrl\":\"https:\/\/vapingnet.de\/wp-content\/uploads\/2025\/05\/Blueberry-Raspberry-Lemonade.webp\",\"width\":1000,\"height\":1000},{\"@type\":\"BreadcrumbList\",\"@id\":\"https:\/\/vapingnet.de\/vape\/machs-fruchtig-waspe-20000-blueberry-raspberry-lemonade-vape-jetzt-im-sonderangebot\/#breadcrumb\",\"itemListElement\":[{\"@type\":\"ListItem\",\"position\":1,\"name\":\"Home\",\"item\":\"https:\/\/vapingnet.de\/\"},{\"@type\":\"ListItem\",\"position\":2,\"name\":\"Shop\",\"item\":\"https:\/\/vapingnet.de\/vape\/\"},{\"@type\":\"ListItem\",\"position\":3,\"name\":\"Mach\u2019s Fruchtig WASPE 20000 Blueberry Raspberry Lemonade Vape Jetzt Im Sonderangebot\"}]},{\"@type\":\"WebSite\",\"@id\":\"https:\/\/vapingnet.de\/#website\",\"url\":\"https:\/\/vapingnet.de\/\",\"name\":\"Vapingnet.de\",\"description\":\"\",\"publisher\":{\"@id\":\"https:\/\/vapingnet.de\/#organization\"},\"potentialAction\":[{\"@type\":\"SearchAction\",\"target\":{\"@type\":\"EntryPoint\",\"urlTemplate\":\"https:\/\/vapingnet.de\/?s={search_term_string}\"},\"query-input\":{\"@type\":\"PropertyValueSpecification\",\"valueRequired\":true,\"valueName\":\"search_term_string\"}}],\"inLanguage\":\"sk-SK\"},{\"@type\":\"Organization\",\"@id\":\"https:\/\/vapingnet.de\/#organization\",\"name\":\"Vapingnet.de\",\"url\":\"https:\/\/vapingnet.de\/\",\"logo\":{\"@type\":\"ImageObject\",\"inLanguage\":\"sk-SK\",\"@id\":\"https:\/\/vapingnet.de\/#\/schema\/logo\/image\/\",\"url\":\"https:\/\/vapingnet.de\/wp-content\/uploads\/2025\/03\/cropped-vapingnet.de_.jpg\",\"contentUrl\":\"https:\/\/vapingnet.de\/wp-content\/uploads\/2025\/03\/cropped-vapingnet.de_.jpg\",\"width\":512,\"height\":512,\"caption\":\"Vapingnet.de\"},\"image\":{\"@id\":\"https:\/\/vapingnet.de\/#\/schema\/logo\/image\/\"},\"sameAs\":[\"https:\/\/www.facebook.com\/vapingnetde\/\"]}]}<\/script>\n<!-- \/ Yoast SEO plugin. -->","yoast_head_json":{"title":"Mach\u2019s Fruchtig WASPE 20000 Blueberry Raspberry Lemonade Vape Jetzt Im Sonderangebot | Vapingnet.de","description":"Entdecke Mach\u2019s Fruchtig WASPE 20000 Blueberry Raspberry Lemonade Vape Jetzt Im Sonderangebot bei vapingnet.de, \u25ba Gro\u00dfe Auswahl an Geschmacksrichtungen & super g\u00fcnstig!","robots":{"index":"index","follow":"follow","max-snippet":"max-snippet:-1","max-image-preview":"max-image-preview:large","max-video-preview":"max-video-preview:-1"},"canonical":"https:\/\/vapingnet.de\/sk\/vape\/machs-fruchtig-waspe-20000-blueberry-raspberry-lemonade-vape-jetzt-im-sonderangebot\/","og_locale":"sk_SK","og_type":"article","og_title":"Mach\u2019s Fruchtig WASPE 20000 Blueberry Raspberry Lemonade Vape Jetzt Im Sonderangebot | Vapingnet.de","og_description":"Entdecke Mach\u2019s Fruchtig WASPE 20000 Blueberry Raspberry Lemonade Vape Jetzt Im Sonderangebot bei vapingnet.de, \u25ba Gro\u00dfe Auswahl an Geschmacksrichtungen & super g\u00fcnstig!","og_url":"https:\/\/vapingnet.de\/sk\/vape\/machs-fruchtig-waspe-20000-blueberry-raspberry-lemonade-vape-jetzt-im-sonderangebot\/","og_site_name":"Vapingnet.de","article_publisher":"https:\/\/www.facebook.com\/vapingnetde\/","article_modified_time":"2026-04-15T06:48:49+00:00","og_image":[{"width":1000,"height":1000,"url":"https:\/\/vapingnet.de\/wp-content\/uploads\/2025\/05\/Blueberry-Raspberry-Lemonade.webp","type":"image\/webp"}],"twitter_card":"summary_large_image","twitter_misc":{"Est. reading time":"3 minutes"},"schema":{"@context":"https:\/\/schema.org","@graph":[{"@type":"WebPage","@id":"https:\/\/vapingnet.de\/vape\/machs-fruchtig-waspe-20000-blueberry-raspberry-lemonade-vape-jetzt-im-sonderangebot\/","url":"https:\/\/vapingnet.de\/vape\/machs-fruchtig-waspe-20000-blueberry-raspberry-lemonade-vape-jetzt-im-sonderangebot\/","name":"Mach\u2019s Fruchtig WASPE 20000 Blueberry Raspberry Lemonade Vape Jetzt Im Sonderangebot | Vapingnet.de","isPartOf":{"@id":"https:\/\/vapingnet.de\/#website"},"primaryImageOfPage":{"@id":"https:\/\/vapingnet.de\/vape\/machs-fruchtig-waspe-20000-blueberry-raspberry-lemonade-vape-jetzt-im-sonderangebot\/#primaryimage"},"image":{"@id":"https:\/\/vapingnet.de\/vape\/machs-fruchtig-waspe-20000-blueberry-raspberry-lemonade-vape-jetzt-im-sonderangebot\/#primaryimage"},"thumbnailUrl":"https:\/\/vapingnet.de\/wp-content\/uploads\/2025\/05\/Blueberry-Raspberry-Lemonade.webp","datePublished":"2025-05-05T06:56:48+00:00","dateModified":"2026-04-15T06:48:49+00:00","description":"Entdecke Mach\u2019s Fruchtig WASPE 20000 Blueberry Raspberry Lemonade Vape Jetzt Im Sonderangebot bei vapingnet.de, \u25ba Gro\u00dfe Auswahl an Geschmacksrichtungen & super g\u00fcnstig!","breadcrumb":{"@id":"https:\/\/vapingnet.de\/vape\/machs-fruchtig-waspe-20000-blueberry-raspberry-lemonade-vape-jetzt-im-sonderangebot\/#breadcrumb"},"inLanguage":"sk-SK","potentialAction":[{"@type":"ReadAction","target":["https:\/\/vapingnet.de\/vape\/machs-fruchtig-waspe-20000-blueberry-raspberry-lemonade-vape-jetzt-im-sonderangebot\/"]}]},{"@type":"ImageObject","inLanguage":"sk-SK","@id":"https:\/\/vapingnet.de\/vape\/machs-fruchtig-waspe-20000-blueberry-raspberry-lemonade-vape-jetzt-im-sonderangebot\/#primaryimage","url":"https:\/\/vapingnet.de\/wp-content\/uploads\/2025\/05\/Blueberry-Raspberry-Lemonade.webp","contentUrl":"https:\/\/vapingnet.de\/wp-content\/uploads\/2025\/05\/Blueberry-Raspberry-Lemonade.webp","width":1000,"height":1000},{"@type":"BreadcrumbList","@id":"https:\/\/vapingnet.de\/vape\/machs-fruchtig-waspe-20000-blueberry-raspberry-lemonade-vape-jetzt-im-sonderangebot\/#breadcrumb","itemListElement":[{"@type":"ListItem","position":1,"name":"Home","item":"https:\/\/vapingnet.de\/"},{"@type":"ListItem","position":2,"name":"Shop","item":"https:\/\/vapingnet.de\/vape\/"},{"@type":"ListItem","position":3,"name":"Mach\u2019s Fruchtig WASPE 20000 Blueberry Raspberry Lemonade Vape Jetzt Im Sonderangebot"}]},{"@type":"WebSite","@id":"https:\/\/vapingnet.de\/#website","url":"https:\/\/vapingnet.de\/","name":"Vapingnet.de","description":"","publisher":{"@id":"https:\/\/vapingnet.de\/#organization"},"potentialAction":[{"@type":"SearchAction","target":{"@type":"EntryPoint","urlTemplate":"https:\/\/vapingnet.de\/?s={search_term_string}"},"query-input":{"@type":"PropertyValueSpecification","valueRequired":true,"valueName":"search_term_string"}}],"inLanguage":"sk-SK"},{"@type":"Organization","@id":"https:\/\/vapingnet.de\/#organization","name":"Vapingnet.de","url":"https:\/\/vapingnet.de\/","logo":{"@type":"ImageObject","inLanguage":"sk-SK","@id":"https:\/\/vapingnet.de\/#\/schema\/logo\/image\/","url":"https:\/\/vapingnet.de\/wp-content\/uploads\/2025\/03\/cropped-vapingnet.de_.jpg","contentUrl":"https:\/\/vapingnet.de\/wp-content\/uploads\/2025\/03\/cropped-vapingnet.de_.jpg","width":512,"height":512,"caption":"Vapingnet.de"},"image":{"@id":"https:\/\/vapingnet.de\/#\/schema\/logo\/image\/"},"sameAs":["https:\/\/www.facebook.com\/vapingnetde\/"]}]}},"tiered_pricing_type":"fixed","tiered_pricing_fixed_rules":[],"tiered_pricing_product_settings":{"layout":"default","base_unit_name":{"singular":null,"plural":null},"default_variation":null},"tiered_pricing_minimum_quantity":null,"tiered_pricing_roles_data":[],"tiered_pricing_percentage_rules":[],"_links":{"self":[{"href":"https:\/\/vapingnet.de\/sk\/wp-json\/wp\/v2\/product\/6792","targetHints":{"allow":["GET"]}}],"collection":[{"href":"https:\/\/vapingnet.de\/sk\/wp-json\/wp\/v2\/product"}],"about":[{"href":"https:\/\/vapingnet.de\/sk\/wp-json\/wp\/v2\/types\/product"}],"version-history":[{"count":1,"href":"https:\/\/vapingnet.de\/sk\/wp-json\/wp\/v2\/product\/6792\/revisions"}],"predecessor-version":[{"id":6799,"href":"https:\/\/vapingnet.de\/sk\/wp-json\/wp\/v2\/product\/6792\/revisions\/6799"}],"wp:featuredmedia":[{"embeddable":true,"href":"https:\/\/vapingnet.de\/sk\/wp-json\/wp\/v2\/media\/6777"}],"wp:attachment":[{"href":"https:\/\/vapingnet.de\/sk\/wp-json\/wp\/v2\/media?parent=6792"}],"wp:term":[{"taxonomy":"brand","embeddable":true,"href":"https:\/\/vapingnet.de\/sk\/wp-json\/wp\/v2\/etheme_brands?post=6792"},{"taxonomy":"product_brand","embeddable":true,"href":"https:\/\/vapingnet.de\/sk\/wp-json\/wp\/v2\/product_brand?post=6792"},{"taxonomy":"product_cat","embeddable":true,"href":"https:\/\/vapingnet.de\/sk\/wp-json\/wp\/v2\/product_cat?post=6792"},{"taxonomy":"product_tag","embeddable":true,"href":"https:\/\/vapingnet.de\/sk\/wp-json\/wp\/v2\/product_tag?post=6792"}],"curies":[{"name":"wp","href":"https:\/\/api.w.org\/{rel}","templated":true}]}}