{"id":6793,"date":"2025-05-05T06:56:50","date_gmt":"2025-05-05T06:56:50","guid":{"rendered":"https:\/\/vapingnet.de\/?post_type=product&#038;p=6793"},"modified":"2026-04-15T06:48:20","modified_gmt":"2026-04-15T06:48:20","slug":"chill-mit-stil-waspe-dual-mesh-vape-fruchtig-mixed-berries-herstellerpreis","status":"publish","type":"product","link":"https:\/\/vapingnet.de\/sk\/vape\/chill-mit-stil-waspe-dual-mesh-vape-fruchtig-mixed-berries-herstellerpreis\/","title":{"rendered":"Chill so \u0161t\u00fdlom WASPE Dual Mesh Vape ovocn\u00e1 zmes bob\u00fa\u013e v\u00fdrobcom"},"content":{"rendered":"<h2 data-start=\"0\" data-end=\"72\" data-immersive-translate-walked=\"bc43149e-0f08-49b6-b0c3-667f2fdad09b\">WASPE 20000 Pufov Jednorazov\u00e1 E-Cigareta Najvy\u0161\u0161\u00ed Komfort a Chu\u0165<\/h2>\n<p class=\"\" data-start=\"74\" data-end=\"371\" data-immersive-translate-walked=\"bc43149e-0f08-49b6-b0c3-667f2fdad09b\" data-immersive-translate-paragraph=\"1\">WASPE 20000 Pufov Jednorazov\u00e1 E-Cigareta sp\u00e1ja inov\u00e1cie, v\u00fdkon a v\u00fdnimo\u010dn\u00fd z\u00e1\u017eitok z vapovania v kompaktnom a pou\u017e\u00edvate\u013esky pr\u00edvetivom zariaden\u00ed. S modern\u00fdmi funkciami a p\u00f4sobivou \u017eivotnos\u0165ou je ide\u00e1lnou vo\u013ebou pre vapovanie nad\u0161encov, ktor\u00ed ocenia kvalitu a p\u00f4\u017eitok.<\/p>\n<p data-start=\"74\" data-end=\"371\" data-immersive-translate-walked=\"bc43149e-0f08-49b6-b0c3-667f2fdad09b\" data-immersive-translate-paragraph=\"1\"><img fetchpriority=\"high\" decoding=\"async\" class=\"size-full wp-image-6901 aligncenter\" src=\"https:\/\/vapingnet.de\/wp-content\/uploads\/2025\/05\/WASPE-VAPE2.webp\" alt=\"\" width=\"1000\" height=\"1000\" srcset=\"https:\/\/vapingnet.de\/wp-content\/uploads\/2025\/05\/WASPE-VAPE2.webp 1000w, https:\/\/vapingnet.de\/wp-content\/uploads\/2025\/05\/WASPE-VAPE2-300x300.webp 300w, https:\/\/vapingnet.de\/wp-content\/uploads\/2025\/05\/WASPE-VAPE2-150x150.webp 150w, https:\/\/vapingnet.de\/wp-content\/uploads\/2025\/05\/WASPE-VAPE2-768x768.webp 768w, https:\/\/vapingnet.de\/wp-content\/uploads\/2025\/05\/WASPE-VAPE2-600x600.webp 600w, https:\/\/vapingnet.de\/wp-content\/uploads\/2025\/05\/WASPE-VAPE2-100x100.webp 100w, https:\/\/vapingnet.de\/wp-content\/uploads\/2025\/05\/WASPE-VAPE2-1x1.webp 1w, https:\/\/vapingnet.de\/wp-content\/uploads\/2025\/05\/WASPE-VAPE2-10x10.webp 10w\" sizes=\"(max-width: 1000px) 100vw, 1000px\" \/><\/p>\n<h3 class=\"\" data-start=\"373\" data-end=\"416\" data-immersive-translate-walked=\"bc43149e-0f08-49b6-b0c3-667f2fdad09b\" data-immersive-translate-paragraph=\"1\">D\u00f4le\u017eit\u00e9 vlastnosti WASPE 20000 Pufov<\/h3>\n<ul data-start=\"418\" data-end=\"1376\" data-immersive-translate-walked=\"bc43149e-0f08-49b6-b0c3-667f2fdad09b\">\n<li class=\"\" data-start=\"418\" data-end=\"650\" data-immersive-translate-walked=\"bc43149e-0f08-49b6-b0c3-667f2fdad09b\">\n<p class=\"\" data-start=\"420\" data-end=\"650\" data-immersive-translate-walked=\"bc43149e-0f08-49b6-b0c3-667f2fdad09b\" data-immersive-translate-paragraph=\"1\">Dvojit\u00e1 Mesh Cievka: T\u00e1to e-cigareta pou\u017e\u00edva dvojit\u00fa Mesh cievku s odporom 0,8\u03a9. T\u00e1 zabezpe\u010duje rovnomern\u00e9 a efekt\u00edvne odparovanie tekutiny, \u010do vedie k intenz\u00edvnej a \u010dist\u00e9 chuti.<\/p>\n<\/li>\n<li class=\"\" data-start=\"654\" data-end=\"851\" data-immersive-translate-walked=\"bc43149e-0f08-49b6-b0c3-667f2fdad09b\">\n<p class=\"\" data-start=\"656\" data-end=\"851\" data-immersive-translate-walked=\"bc43149e-0f08-49b6-b0c3-667f2fdad09b\" data-immersive-translate-paragraph=\"1\">Dlhodob\u00e9 pou\u017e\u00edvanie: S bat\u00e9riou 900 mAh a kapacitou tekutiny 24 ml si m\u00f4\u017eete vychutna\u0165 a\u017e 20 000 \u0165ahov \u2013 dos\u0165 na dlh\u00fa dobu bez preru\u0161enia.<\/p>\n<\/li>\n<li class=\"\" data-start=\"853\" data-end=\"1004\" data-immersive-translate-walked=\"bc43149e-0f08-49b6-b0c3-667f2fdad09b\">\n<p class=\"\" data-start=\"855\" data-end=\"1004\" data-immersive-translate-walked=\"bc43149e-0f08-49b6-b0c3-667f2fdad09b\" data-immersive-translate-paragraph=\"1\">LCD Displej: Integrovan\u00fd LCD displej v\u00e1s informuje o zost\u00e1vaj\u00facej bat\u00e9rii a stave tekutiny, aby ste mali v\u017edy preh\u013ead.<\/p>\n<\/li>\n<li class=\"\" data-start=\"1006\" data-end=\"1183\" data-immersive-translate-walked=\"bc43149e-0f08-49b6-b0c3-667f2fdad09b\">\n<p class=\"\" data-start=\"1008\" data-end=\"1183\" data-immersive-translate-walked=\"bc43149e-0f08-49b6-b0c3-667f2fdad09b\" data-immersive-translate-paragraph=\"1\">V\u0161estrann\u00e9 nikot\u00ednov\u00e9 mo\u017enosti: Jednorazov\u00e1 e-cigareta WASPE 20000 Pufov pon\u00faka r\u00f4zne \u00farovne nikot\u00ednu: 0%, 2%, 3% a 5%, aby vyhovovala v\u0161etk\u00fdm preferenci\u00e1m.<\/p>\n<\/li>\n<li class=\"\" data-start=\"1185\" data-end=\"1376\" data-immersive-translate-walked=\"bc43149e-0f08-49b6-b0c3-667f2fdad09b\">\n<p class=\"\" data-start=\"1187\" data-end=\"1376\" data-immersive-translate-walked=\"bc43149e-0f08-49b6-b0c3-667f2fdad09b\" data-immersive-translate-paragraph=\"1\">Jednoduch\u00e9 ovl\u00e1danie: V\u010faka portu Type-C je nab\u00edjanie r\u00fdchle a jednoduch\u00e9. Jednorazov\u00e1 e-cigareta je ide\u00e1lna pre t\u00fdch, ktor\u00ed h\u013eadaj\u00fa bezprobl\u00e9mov\u00fd z\u00e1\u017eitok.<\/p>\n<\/li>\n<\/ul>\n<h4>Chu\u0165ov\u00fd z\u00e1\u017eitok \u2013 Zmie\u0161an\u00e9 bobule<\/h4>\n<p class=\"\" data-start=\"1418\" data-end=\"1750\" data-immersive-translate-walked=\"bc43149e-0f08-49b6-b0c3-667f2fdad09b\" data-immersive-translate-paragraph=\"1\">Chu\u0165 varianty Zmie\u0161an\u00e9 bobule je dokonalou kombin\u00e1ciou sladk\u00fdch a mierne kysl\u00fdch bob\u00fa\u013e. \u010cerstv\u00e1 a ovocn\u00e1 chu\u0165 v\u00e1s bude pri ka\u017edom \u0165ahu bavi\u0165 a zabezpe\u010d\u00ed intenz\u00edvny z\u00e1\u017eitok z vapovania. T\u00e1to e-cigareta je vhodn\u00e1 najm\u00e4 pre t\u00fdch, ktor\u00ed preferuj\u00fa svie\u017eu, ovocn\u00fa chu\u0165.<\/p>\n<h3>Pre\u010do si vybra\u0165 jednorazov\u00fa e-cigaretu WASPE 20000 Pufov?<\/h3>\n<ul data-start=\"1824\" data-end=\"2353\" data-immersive-translate-walked=\"bc43149e-0f08-49b6-b0c3-667f2fdad09b\">\n<li class=\"\" data-start=\"1824\" data-end=\"1949\" data-immersive-translate-walked=\"bc43149e-0f08-49b6-b0c3-667f2fdad09b\">\n<p class=\"\" data-start=\"1826\" data-end=\"1949\" data-immersive-translate-walked=\"bc43149e-0f08-49b6-b0c3-667f2fdad09b\" data-immersive-translate-paragraph=\"1\">Dlh\u00e1 \u017eivotnos\u0165: 20 000 \u0165ahov \u2013 dos\u0165 na cel\u00fd de\u0148 bez nutnosti neust\u00e1leho v\u00fdmeny e-cigarety.<\/p>\n<\/li>\n<li class=\"\" data-start=\"1953\" data-end=\"2095\" data-immersive-translate-walked=\"bc43149e-0f08-49b6-b0c3-667f2fdad09b\">\n<p class=\"\" data-start=\"1955\" data-end=\"2095\" data-immersive-translate-walked=\"bc43149e-0f08-49b6-b0c3-667f2fdad09b\" data-immersive-translate-paragraph=\"1\">Komfort a jednoduch\u00e9 pou\u017e\u00edvanie: Port Type-C zabezpe\u010duje r\u00fdchle a jednoduch\u00e9 nab\u00edjanie, zatia\u013e \u010do LCD displej poskytuje jasnos\u0165.<\/p>\n<\/li>\n<li class=\"\" data-start=\"2097\" data-end=\"2235\" data-immersive-translate-walked=\"bc43149e-0f08-49b6-b0c3-667f2fdad09b\">\n<p class=\"\" data-start=\"2099\" data-end=\"2235\" data-immersive-translate-walked=\"bc43149e-0f08-49b6-b0c3-667f2fdad09b\" data-immersive-translate-paragraph=\"1\">Rozmanitos\u0165 nikot\u00ednov\u00fdch mo\u017enost\u00ed: Vyberte si \u00farove\u0148 nikot\u00ednu, ktor\u00e1 v\u00e1m najviac vyhovuje, a u\u017e\u00edvajte si vapovanie pod\u013ea svojich preferenci\u00ed.<\/p>\n<\/li>\n<li class=\"\" data-start=\"2237\" data-end=\"2353\" data-immersive-translate-walked=\"bc43149e-0f08-49b6-b0c3-667f2fdad09b\">\n<p class=\"\" data-start=\"2239\" data-end=\"2353\" data-immersive-translate-walked=\"bc43149e-0f08-49b6-b0c3-667f2fdad09b\" data-immersive-translate-paragraph=\"1\">Chu\u0165: Chu\u0165 Zmie\u0161an\u00e9 bobule je ide\u00e1lna pre vapovanie nad\u0161encov, ktor\u00ed maj\u00fa radi ovocn\u00e9 a osvie\u017euj\u00face ar\u00f3my.<\/p>\n<\/li>\n<\/ul>\n<h4 data-start=\"2355\" data-end=\"2396\" data-immersive-translate-walked=\"bc43149e-0f08-49b6-b0c3-667f2fdad09b\" data-immersive-translate-paragraph=\"1\">Z\u00e1ver: Ide\u00e1lne pre vapovanie v\u0161etk\u00fdch \u00farovn\u00ed<\/h4>\n<p class=\"\" data-start=\"2398\" data-end=\"2741\" data-immersive-translate-walked=\"bc43149e-0f08-49b6-b0c3-667f2fdad09b\" data-immersive-translate-paragraph=\"1\">Nez\u00e1le\u017e\u00ed na tom, \u010di ste sk\u00fasen\u00fd vapova\u010d alebo za\u010diato\u010dn\u00edk, WASPE 20000 Pufov Jednorazov\u00e1 e-cigareta v\u00e1m pon\u00faka v\u0161etko, \u010do potrebujete: vynikaj\u00facu chu\u0165, dlh\u00fa \u017eivotnos\u0165 a jednoduch\u00e9 ovl\u00e1danie. Z\u00edskajte svoju WASPE 20000 Pufov Jednorazov\u00fa e-cigaretu na vapingnet.de a za\u017eite vapovanie na novej \u00farovni.<\/p>","protected":false},"excerpt":{"rendered":"<p>WASPE 20000 Puffs Einweg E-Zigarette H\u00f6chster Komfort und Geschmack Die WASPE 20000 Puffs Einweg E-Zigarette vereint Innovation, Leistung und ein au\u00dfergew\u00f6hnliches Dampferlebnis in einem kompakten&#8230;<\/p>","protected":false},"featured_media":6781,"template":"","meta":[],"etheme_brands":[],"product_brand":[98],"product_cat":[54,49,61],"product_tag":[],"class_list":{"0":"post-6793","1":"product","2":"type-product","3":"status-publish","4":"has-post-thumbnail","6":"product_brand-waspe-vape","7":"product_cat-vape-20000-zuege","8":"product_cat-einweg-e-zigarette","9":"product_cat-f","11":"first","12":"instock","13":"shipping-taxable","14":"purchasable","15":"product-type-variable"},"yoast_head":"<!-- This site is optimized with the Yoast SEO plugin v26.5 - https:\/\/yoast.com\/wordpress\/plugins\/seo\/ -->\n<title>Chill Mit Stil WASPE Dual Mesh Vape Fruchtig Mixed Berries Herstellerpreis | Vapingnet.de<\/title>\n<meta name=\"description\" content=\"Entdecke Chill Mit Stil WASPE Dual Mesh Vape Fruchtig Mixed Berries Herstellerpreis bei vapingnet.de, \u25ba Gro\u00dfe Auswahl an Geschmacksrichtungen &amp; super g\u00fcnstig!\" \/>\n<meta name=\"robots\" content=\"index, follow, max-snippet:-1, max-image-preview:large, max-video-preview:-1\" \/>\n<link rel=\"canonical\" href=\"https:\/\/vapingnet.de\/sk\/vape\/chill-mit-stil-waspe-dual-mesh-vape-fruchtig-mixed-berries-herstellerpreis\/\" \/>\n<meta property=\"og:locale\" content=\"sk_SK\" \/>\n<meta property=\"og:type\" content=\"article\" \/>\n<meta property=\"og:title\" content=\"Chill Mit Stil WASPE Dual Mesh Vape Fruchtig Mixed Berries Herstellerpreis | Vapingnet.de\" \/>\n<meta property=\"og:description\" content=\"Entdecke Chill Mit Stil WASPE Dual Mesh Vape Fruchtig Mixed Berries Herstellerpreis bei vapingnet.de, \u25ba Gro\u00dfe Auswahl an Geschmacksrichtungen &amp; super g\u00fcnstig!\" \/>\n<meta property=\"og:url\" content=\"https:\/\/vapingnet.de\/sk\/vape\/chill-mit-stil-waspe-dual-mesh-vape-fruchtig-mixed-berries-herstellerpreis\/\" \/>\n<meta property=\"og:site_name\" content=\"Vapingnet.de\" \/>\n<meta property=\"article:publisher\" content=\"https:\/\/www.facebook.com\/vapingnetde\/\" \/>\n<meta property=\"article:modified_time\" content=\"2026-04-15T06:48:20+00:00\" \/>\n<meta property=\"og:image\" content=\"https:\/\/vapingnet.de\/wp-content\/uploads\/2025\/05\/Mixed-Berries-1.webp\" \/>\n\t<meta property=\"og:image:width\" content=\"1000\" \/>\n\t<meta property=\"og:image:height\" content=\"1000\" \/>\n\t<meta property=\"og:image:type\" content=\"image\/webp\" \/>\n<meta name=\"twitter:card\" content=\"summary_large_image\" \/>\n<meta name=\"twitter:label1\" content=\"Est. reading time\" \/>\n\t<meta name=\"twitter:data1\" content=\"3 minutes\" \/>\n<script type=\"application\/ld+json\" class=\"yoast-schema-graph\">{\"@context\":\"https:\/\/schema.org\",\"@graph\":[{\"@type\":\"WebPage\",\"@id\":\"https:\/\/vapingnet.de\/vape\/chill-mit-stil-waspe-dual-mesh-vape-fruchtig-mixed-berries-herstellerpreis\/\",\"url\":\"https:\/\/vapingnet.de\/vape\/chill-mit-stil-waspe-dual-mesh-vape-fruchtig-mixed-berries-herstellerpreis\/\",\"name\":\"Chill Mit Stil WASPE Dual Mesh Vape Fruchtig Mixed Berries Herstellerpreis | Vapingnet.de\",\"isPartOf\":{\"@id\":\"https:\/\/vapingnet.de\/#website\"},\"primaryImageOfPage\":{\"@id\":\"https:\/\/vapingnet.de\/vape\/chill-mit-stil-waspe-dual-mesh-vape-fruchtig-mixed-berries-herstellerpreis\/#primaryimage\"},\"image\":{\"@id\":\"https:\/\/vapingnet.de\/vape\/chill-mit-stil-waspe-dual-mesh-vape-fruchtig-mixed-berries-herstellerpreis\/#primaryimage\"},\"thumbnailUrl\":\"https:\/\/vapingnet.de\/wp-content\/uploads\/2025\/05\/Mixed-Berries-1.webp\",\"datePublished\":\"2025-05-05T06:56:50+00:00\",\"dateModified\":\"2026-04-15T06:48:20+00:00\",\"description\":\"Entdecke Chill Mit Stil WASPE Dual Mesh Vape Fruchtig Mixed Berries Herstellerpreis bei vapingnet.de, \u25ba Gro\u00dfe Auswahl an Geschmacksrichtungen & super g\u00fcnstig!\",\"breadcrumb\":{\"@id\":\"https:\/\/vapingnet.de\/vape\/chill-mit-stil-waspe-dual-mesh-vape-fruchtig-mixed-berries-herstellerpreis\/#breadcrumb\"},\"inLanguage\":\"sk-SK\",\"potentialAction\":[{\"@type\":\"ReadAction\",\"target\":[\"https:\/\/vapingnet.de\/vape\/chill-mit-stil-waspe-dual-mesh-vape-fruchtig-mixed-berries-herstellerpreis\/\"]}]},{\"@type\":\"ImageObject\",\"inLanguage\":\"sk-SK\",\"@id\":\"https:\/\/vapingnet.de\/vape\/chill-mit-stil-waspe-dual-mesh-vape-fruchtig-mixed-berries-herstellerpreis\/#primaryimage\",\"url\":\"https:\/\/vapingnet.de\/wp-content\/uploads\/2025\/05\/Mixed-Berries-1.webp\",\"contentUrl\":\"https:\/\/vapingnet.de\/wp-content\/uploads\/2025\/05\/Mixed-Berries-1.webp\",\"width\":1000,\"height\":1000},{\"@type\":\"BreadcrumbList\",\"@id\":\"https:\/\/vapingnet.de\/vape\/chill-mit-stil-waspe-dual-mesh-vape-fruchtig-mixed-berries-herstellerpreis\/#breadcrumb\",\"itemListElement\":[{\"@type\":\"ListItem\",\"position\":1,\"name\":\"Home\",\"item\":\"https:\/\/vapingnet.de\/\"},{\"@type\":\"ListItem\",\"position\":2,\"name\":\"Shop\",\"item\":\"https:\/\/vapingnet.de\/vape\/\"},{\"@type\":\"ListItem\",\"position\":3,\"name\":\"Chill Mit Stil WASPE Dual Mesh Vape Fruchtig Mixed Berries Herstellerpreis\"}]},{\"@type\":\"WebSite\",\"@id\":\"https:\/\/vapingnet.de\/#website\",\"url\":\"https:\/\/vapingnet.de\/\",\"name\":\"Vapingnet.de\",\"description\":\"\",\"publisher\":{\"@id\":\"https:\/\/vapingnet.de\/#organization\"},\"potentialAction\":[{\"@type\":\"SearchAction\",\"target\":{\"@type\":\"EntryPoint\",\"urlTemplate\":\"https:\/\/vapingnet.de\/?s={search_term_string}\"},\"query-input\":{\"@type\":\"PropertyValueSpecification\",\"valueRequired\":true,\"valueName\":\"search_term_string\"}}],\"inLanguage\":\"sk-SK\"},{\"@type\":\"Organization\",\"@id\":\"https:\/\/vapingnet.de\/#organization\",\"name\":\"Vapingnet.de\",\"url\":\"https:\/\/vapingnet.de\/\",\"logo\":{\"@type\":\"ImageObject\",\"inLanguage\":\"sk-SK\",\"@id\":\"https:\/\/vapingnet.de\/#\/schema\/logo\/image\/\",\"url\":\"https:\/\/vapingnet.de\/wp-content\/uploads\/2025\/03\/cropped-vapingnet.de_.jpg\",\"contentUrl\":\"https:\/\/vapingnet.de\/wp-content\/uploads\/2025\/03\/cropped-vapingnet.de_.jpg\",\"width\":512,\"height\":512,\"caption\":\"Vapingnet.de\"},\"image\":{\"@id\":\"https:\/\/vapingnet.de\/#\/schema\/logo\/image\/\"},\"sameAs\":[\"https:\/\/www.facebook.com\/vapingnetde\/\"]}]}<\/script>\n<!-- \/ Yoast SEO plugin. -->","yoast_head_json":{"title":"Chill Mit Stil WASPE Dual Mesh Vape Fruchtig Mixed Berries Herstellerpreis | Vapingnet.de","description":"Entdecke Chill Mit Stil WASPE Dual Mesh Vape Fruchtig Mixed Berries Herstellerpreis bei vapingnet.de, \u25ba Gro\u00dfe Auswahl an Geschmacksrichtungen & super g\u00fcnstig!","robots":{"index":"index","follow":"follow","max-snippet":"max-snippet:-1","max-image-preview":"max-image-preview:large","max-video-preview":"max-video-preview:-1"},"canonical":"https:\/\/vapingnet.de\/sk\/vape\/chill-mit-stil-waspe-dual-mesh-vape-fruchtig-mixed-berries-herstellerpreis\/","og_locale":"sk_SK","og_type":"article","og_title":"Chill Mit Stil WASPE Dual Mesh Vape Fruchtig Mixed Berries Herstellerpreis | Vapingnet.de","og_description":"Entdecke Chill Mit Stil WASPE Dual Mesh Vape Fruchtig Mixed Berries Herstellerpreis bei vapingnet.de, \u25ba Gro\u00dfe Auswahl an Geschmacksrichtungen & super g\u00fcnstig!","og_url":"https:\/\/vapingnet.de\/sk\/vape\/chill-mit-stil-waspe-dual-mesh-vape-fruchtig-mixed-berries-herstellerpreis\/","og_site_name":"Vapingnet.de","article_publisher":"https:\/\/www.facebook.com\/vapingnetde\/","article_modified_time":"2026-04-15T06:48:20+00:00","og_image":[{"width":1000,"height":1000,"url":"https:\/\/vapingnet.de\/wp-content\/uploads\/2025\/05\/Mixed-Berries-1.webp","type":"image\/webp"}],"twitter_card":"summary_large_image","twitter_misc":{"Est. reading time":"3 minutes"},"schema":{"@context":"https:\/\/schema.org","@graph":[{"@type":"WebPage","@id":"https:\/\/vapingnet.de\/vape\/chill-mit-stil-waspe-dual-mesh-vape-fruchtig-mixed-berries-herstellerpreis\/","url":"https:\/\/vapingnet.de\/vape\/chill-mit-stil-waspe-dual-mesh-vape-fruchtig-mixed-berries-herstellerpreis\/","name":"Chill Mit Stil WASPE Dual Mesh Vape Fruchtig Mixed Berries Herstellerpreis | Vapingnet.de","isPartOf":{"@id":"https:\/\/vapingnet.de\/#website"},"primaryImageOfPage":{"@id":"https:\/\/vapingnet.de\/vape\/chill-mit-stil-waspe-dual-mesh-vape-fruchtig-mixed-berries-herstellerpreis\/#primaryimage"},"image":{"@id":"https:\/\/vapingnet.de\/vape\/chill-mit-stil-waspe-dual-mesh-vape-fruchtig-mixed-berries-herstellerpreis\/#primaryimage"},"thumbnailUrl":"https:\/\/vapingnet.de\/wp-content\/uploads\/2025\/05\/Mixed-Berries-1.webp","datePublished":"2025-05-05T06:56:50+00:00","dateModified":"2026-04-15T06:48:20+00:00","description":"Entdecke Chill Mit Stil WASPE Dual Mesh Vape Fruchtig Mixed Berries Herstellerpreis bei vapingnet.de, \u25ba Gro\u00dfe Auswahl an Geschmacksrichtungen & super g\u00fcnstig!","breadcrumb":{"@id":"https:\/\/vapingnet.de\/vape\/chill-mit-stil-waspe-dual-mesh-vape-fruchtig-mixed-berries-herstellerpreis\/#breadcrumb"},"inLanguage":"sk-SK","potentialAction":[{"@type":"ReadAction","target":["https:\/\/vapingnet.de\/vape\/chill-mit-stil-waspe-dual-mesh-vape-fruchtig-mixed-berries-herstellerpreis\/"]}]},{"@type":"ImageObject","inLanguage":"sk-SK","@id":"https:\/\/vapingnet.de\/vape\/chill-mit-stil-waspe-dual-mesh-vape-fruchtig-mixed-berries-herstellerpreis\/#primaryimage","url":"https:\/\/vapingnet.de\/wp-content\/uploads\/2025\/05\/Mixed-Berries-1.webp","contentUrl":"https:\/\/vapingnet.de\/wp-content\/uploads\/2025\/05\/Mixed-Berries-1.webp","width":1000,"height":1000},{"@type":"BreadcrumbList","@id":"https:\/\/vapingnet.de\/vape\/chill-mit-stil-waspe-dual-mesh-vape-fruchtig-mixed-berries-herstellerpreis\/#breadcrumb","itemListElement":[{"@type":"ListItem","position":1,"name":"Home","item":"https:\/\/vapingnet.de\/"},{"@type":"ListItem","position":2,"name":"Shop","item":"https:\/\/vapingnet.de\/vape\/"},{"@type":"ListItem","position":3,"name":"Chill Mit Stil WASPE Dual Mesh Vape Fruchtig Mixed Berries Herstellerpreis"}]},{"@type":"WebSite","@id":"https:\/\/vapingnet.de\/#website","url":"https:\/\/vapingnet.de\/","name":"Vapingnet.de","description":"","publisher":{"@id":"https:\/\/vapingnet.de\/#organization"},"potentialAction":[{"@type":"SearchAction","target":{"@type":"EntryPoint","urlTemplate":"https:\/\/vapingnet.de\/?s={search_term_string}"},"query-input":{"@type":"PropertyValueSpecification","valueRequired":true,"valueName":"search_term_string"}}],"inLanguage":"sk-SK"},{"@type":"Organization","@id":"https:\/\/vapingnet.de\/#organization","name":"Vapingnet.de","url":"https:\/\/vapingnet.de\/","logo":{"@type":"ImageObject","inLanguage":"sk-SK","@id":"https:\/\/vapingnet.de\/#\/schema\/logo\/image\/","url":"https:\/\/vapingnet.de\/wp-content\/uploads\/2025\/03\/cropped-vapingnet.de_.jpg","contentUrl":"https:\/\/vapingnet.de\/wp-content\/uploads\/2025\/03\/cropped-vapingnet.de_.jpg","width":512,"height":512,"caption":"Vapingnet.de"},"image":{"@id":"https:\/\/vapingnet.de\/#\/schema\/logo\/image\/"},"sameAs":["https:\/\/www.facebook.com\/vapingnetde\/"]}]}},"tiered_pricing_type":"fixed","tiered_pricing_fixed_rules":[],"tiered_pricing_product_settings":{"layout":"default","base_unit_name":{"singular":null,"plural":null},"default_variation":null},"tiered_pricing_minimum_quantity":null,"tiered_pricing_roles_data":[],"tiered_pricing_percentage_rules":[],"_links":{"self":[{"href":"https:\/\/vapingnet.de\/sk\/wp-json\/wp\/v2\/product\/6793","targetHints":{"allow":["GET"]}}],"collection":[{"href":"https:\/\/vapingnet.de\/sk\/wp-json\/wp\/v2\/product"}],"about":[{"href":"https:\/\/vapingnet.de\/sk\/wp-json\/wp\/v2\/types\/product"}],"version-history":[{"count":2,"href":"https:\/\/vapingnet.de\/sk\/wp-json\/wp\/v2\/product\/6793\/revisions"}],"predecessor-version":[{"id":6905,"href":"https:\/\/vapingnet.de\/sk\/wp-json\/wp\/v2\/product\/6793\/revisions\/6905"}],"wp:featuredmedia":[{"embeddable":true,"href":"https:\/\/vapingnet.de\/sk\/wp-json\/wp\/v2\/media\/6781"}],"wp:attachment":[{"href":"https:\/\/vapingnet.de\/sk\/wp-json\/wp\/v2\/media?parent=6793"}],"wp:term":[{"taxonomy":"brand","embeddable":true,"href":"https:\/\/vapingnet.de\/sk\/wp-json\/wp\/v2\/etheme_brands?post=6793"},{"taxonomy":"product_brand","embeddable":true,"href":"https:\/\/vapingnet.de\/sk\/wp-json\/wp\/v2\/product_brand?post=6793"},{"taxonomy":"product_cat","embeddable":true,"href":"https:\/\/vapingnet.de\/sk\/wp-json\/wp\/v2\/product_cat?post=6793"},{"taxonomy":"product_tag","embeddable":true,"href":"https:\/\/vapingnet.de\/sk\/wp-json\/wp\/v2\/product_tag?post=6793"}],"curies":[{"name":"wp","href":"https:\/\/api.w.org\/{rel}","templated":true}]}}