{"id":6810,"date":"2025-05-06T02:49:11","date_gmt":"2025-05-06T02:49:11","guid":{"rendered":"https:\/\/vapingnet.de\/?post_type=product&#038;p=6810"},"modified":"2026-04-15T06:44:16","modified_gmt":"2026-04-15T06:44:16","slug":"waspe-watermelon-bubblegum-vape-mit-20000-puffs-original-und-hochwertig","status":"publish","type":"product","link":"https:\/\/vapingnet.de\/sk\/vape\/waspe-watermelon-bubblegum-vape-mit-20000-puffs-original-und-hochwertig\/","title":{"rendered":"WASPE Watermelon Bubblegum Vape s 20000 \u0165ahmi Origin\u00e1l a vysok\u00e1 kvalita"},"content":{"rendered":"<h2 data-start=\"0\" data-end=\"85\" data-immersive-translate-walked=\"2c6df0c3-621c-45ed-aaad-7afbde97bbb9\">WASPE 20000 Puffs Dual Mesh Inovat\u00edvne pote\u0161enie s najlep\u0161ou jednorazovou e-cigaretou<\/h2>\n<p class=\"\" data-start=\"87\" data-end=\"325\" data-immersive-translate-walked=\"2c6df0c3-621c-45ed-aaad-7afbde97bbb9\" data-immersive-translate-paragraph=\"1\">WASPE 20000 Puffs Dual Mesh je viac ne\u017e len oby\u010dajn\u00e1 jednorazov\u00e1 e-cigareta. S najmodernej\u0161ou technol\u00f3giou a radom p\u00f4sobiv\u00fdch funkci\u00ed tento produkt zatieni v\u0161etko, \u010do trh doteraz pon\u00fakal.<\/p>\n<h4 data-start=\"327\" data-end=\"392\" data-immersive-translate-walked=\"2c6df0c3-621c-45ed-aaad-7afbde97bbb9\">V\u00fdkonn\u00e1 technol\u00f3gia pre nezabudnute\u013en\u00fd z\u00e1\u017eitok z vapovania<\/h4>\n<p class=\"\" data-start=\"394\" data-end=\"676\" data-immersive-translate-walked=\"2c6df0c3-621c-45ed-aaad-7afbde97bbb9\" data-immersive-translate-paragraph=\"1\">S Dual Mesh cievkou a odporom 0,8\u03a9 pon\u00faka WASPE 20000 Puffs rovnomern\u00e9 a intenz\u00edvne odparovanie e-liquidu. T\u00e1to technol\u00f3gia zabezpe\u010duje pln\u0161iu chu\u0165 a hustej\u0161ie parenie, \u010do ju rob\u00ed atrakt\u00edvnou najm\u00e4 pre n\u00e1ro\u010dn\u00fdch vapova\u010dov.<\/p>\n<p class=\"\" data-start=\"678\" data-end=\"928\" data-immersive-translate-walked=\"2c6df0c3-621c-45ed-aaad-7afbde97bbb9\" data-immersive-translate-paragraph=\"1\">S p\u00f4sobivou kapacitou 20000 pufov je e-cigareta navrhnut\u00e1 na dlhodob\u00e9 pou\u017e\u00edvanie. \u010ci u\u017e na denn\u00e9 pou\u017eitie alebo dlh\u0161ie vapovacie seansy \u2013 WASPE 20000 v\u017edy poskytne kon\u0161tantn\u00fd v\u00fdkon bez straty na intenzite.<\/p>\n<h4 data-start=\"930\" data-end=\"979\" data-immersive-translate-walked=\"2c6df0c3-621c-45ed-aaad-7afbde97bbb9\">Pohodln\u00e1 mo\u017enos\u0165 nab\u00edjania a pou\u017e\u00edvate\u013esk\u00e1 pr\u00edvetivos\u0165<\/h4>\n<p class=\"\" data-start=\"981\" data-end=\"1427\" data-immersive-translate-walked=\"2c6df0c3-621c-45ed-aaad-7afbde97bbb9\" data-immersive-translate-paragraph=\"1\">Praktick\u00fdm detailom WASPE 20000 Puffs je konektor Type-C, ktor\u00fd umo\u017e\u0148uje r\u00fdchle a jednoduch\u00e9 nab\u00edjanie. Bat\u00e9ria 900mAh zabezpe\u010duje, \u017ee zariadenie neztrat\u00ed v\u00fdkon ani pri intenz\u00edvnom pou\u017e\u00edvan\u00ed. LCD displej v\u00e1s v\u017edy informuje o aktu\u00e1lnom stave nab\u00edjania a hladine e-liquidu, tak\u017ee nikdy nezostanete v neistote, kedy je \u010das na nov\u00fa d\u00e1vku alebo doplnenie.<\/p>\n<h4 data-start=\"1429\" data-end=\"1481\" data-immersive-translate-walked=\"2c6df0c3-621c-45ed-aaad-7afbde97bbb9\">V\u0161estrannos\u0165 v chuti a mo\u017enostiach nikot\u00ednu<\/h4>\n<p class=\"\" data-start=\"1483\" data-end=\"1834\" data-immersive-translate-walked=\"2c6df0c3-621c-45ed-aaad-7afbde97bbb9\" data-immersive-translate-paragraph=\"1\">Kapacita 24 ml e-liquidu a dostupnos\u0165 r\u00f4znych nikot\u00ednov\u00fdch s\u00edl (0%, 2%, 3%, 5%) pon\u00fakaj\u00fa \u0161irok\u00fd v\u00fdber pre uspokojenie individu\u00e1lnych potrieb vapova\u010dov. Chu\u0165 \u201eWatermelon Bubblegum\u201c je ovocn\u00e1 rozko\u0161, ktor\u00e1 sp\u00e1ja vodn\u00fd mel\u00f3n a \u017euva\u010dku, a zaru\u010duje osvie\u017euj\u00faci a sladk\u00fd z\u00e1\u017eitok.<\/p>\n<h3 data-start=\"1836\" data-end=\"1901\" data-immersive-translate-walked=\"2c6df0c3-621c-45ed-aaad-7afbde97bbb9\">Pre\u010do si vybra\u0165 WASPE 20000 Puffs?<\/h3>\n<ul data-start=\"1903\" data-end=\"2526\" data-immersive-translate-walked=\"2c6df0c3-621c-45ed-aaad-7afbde97bbb9\">\n<li class=\"\" data-start=\"1903\" data-end=\"2049\" data-immersive-translate-walked=\"2c6df0c3-621c-45ed-aaad-7afbde97bbb9\">\n<p class=\"\" data-start=\"1905\" data-end=\"2049\" data-immersive-translate-walked=\"2c6df0c3-621c-45ed-aaad-7afbde97bbb9\" data-immersive-translate-paragraph=\"1\">Doprava bez dane: Vyu\u017eite bezcoln\u00fa dopravu na vapingnet.de, \u010d\u00edm sa vyhnete dodato\u010dn\u00fdm n\u00e1kladom.<\/p>\n<\/li>\n<li class=\"\" data-start=\"2050\" data-end=\"2246\" data-immersive-translate-walked=\"2c6df0c3-621c-45ed-aaad-7afbde97bbb9\">\n<p class=\"\" data-start=\"2052\" data-end=\"2246\" data-immersive-translate-walked=\"2c6df0c3-621c-45ed-aaad-7afbde97bbb9\" data-immersive-translate-paragraph=\"1\">Dlh\u00e1 \u017eivotnos\u0165 a praktickos\u0165: Kombin\u00e1cia ve\u013ekej kapacity e-liquidu a dlh\u00fdch pufov zabezpe\u010duje v\u00fdnimo\u010dn\u00fd z\u00e1\u017eitok z vapovania bez neust\u00e1leho dop\u013a\u0148ania alebo v\u00fdmeny zariadenia.<\/p>\n<\/li>\n<li class=\"\" data-start=\"2247\" data-end=\"2374\" data-immersive-translate-walked=\"2c6df0c3-621c-45ed-aaad-7afbde97bbb9\">\n<p class=\"\" data-start=\"2249\" data-end=\"2374\" data-immersive-translate-walked=\"2c6df0c3-621c-45ed-aaad-7afbde97bbb9\" data-immersive-translate-paragraph=\"1\">Pohodln\u00e9 pou\u017e\u00edvanie: LCD displej a konektor Type-C robia pou\u017e\u00edvanie mimoriadne jednoduch\u00fdm a pou\u017e\u00edvate\u013esky pr\u00edvetiv\u00fdm.<\/p>\n<\/li>\n<li class=\"\" data-start=\"2375\" data-end=\"2526\" data-immersive-translate-walked=\"2c6df0c3-621c-45ed-aaad-7afbde97bbb9\">\n<p class=\"\" data-start=\"2377\" data-end=\"2526\" data-immersive-translate-walked=\"2c6df0c3-621c-45ed-aaad-7afbde97bbb9\" data-immersive-translate-paragraph=\"1\">V\u00fdnimo\u010dn\u00e9 ar\u00f3my: Vychutnajte si jedine\u010dn\u00fd chu\u0165ov\u00fd z\u00e1\u017eitok z Watermelon Bubblegum, ktor\u00fd dokonale kombinuje svie\u017ee a sladk\u00e9 ar\u00f3my.<\/p>\n<\/li>\n<\/ul>\n<p class=\"\" data-start=\"2528\" data-end=\"2876\" data-immersive-translate-walked=\"2c6df0c3-621c-45ed-aaad-7afbde97bbb9\" data-immersive-translate-paragraph=\"1\">WASPE 20000 Puffs Dual Mesh nie je len jednorazov\u00e1 e-cigareta \u2013 je to ide\u00e1lna vo\u013eba pre t\u00fdch, ktor\u00ed klad\u00fa d\u00f4raz na dlhodob\u00fd v\u00fdkon, pohodln\u00e9 pou\u017e\u00edvanie a osvie\u017euj\u00face ar\u00f3my. Objednajte e\u0161te dnes na vapingnet.de a za\u017eite, ako kvalitn\u00e1 e-cigareta pozdvihne v\u00e1\u0161 z\u00e1\u017eitok z vapovania na nov\u00fa \u00farove\u0148.<\/p>","protected":false},"excerpt":{"rendered":"<p>WASPE 20000 Puffs Dual Mesh Innovativer Genuss mit der besten Einweg E-Zigarette Die WASPE 20000 Puffs Dual Mesh ist mehr als nur eine gew\u00f6hnliche Einweg&#8230;<\/p>","protected":false},"featured_media":6901,"template":"","meta":[],"etheme_brands":[],"product_brand":[98],"product_cat":[54,49,61],"product_tag":[],"class_list":{"0":"post-6810","1":"product","2":"type-product","3":"status-publish","4":"has-post-thumbnail","6":"product_brand-waspe-vape","7":"product_cat-vape-20000-zuege","8":"product_cat-einweg-e-zigarette","9":"product_cat-f","11":"first","12":"instock","13":"shipping-taxable","14":"purchasable","15":"product-type-variable"},"yoast_head":"<!-- This site is optimized with the Yoast SEO plugin v26.5 - https:\/\/yoast.com\/wordpress\/plugins\/seo\/ -->\n<title>WASPE Watermelon Bubblegum Vape Mit 20000 Puffs Original Und Hochwertig | Vapingnet.de<\/title>\n<meta name=\"description\" content=\"Entdecke WASPE Watermelon Bubblegum Vape Mit 20000 Puffs Original Und Hochwertig bei vapingnet.de, \u25ba Gro\u00dfe Auswahl an Geschmacksrichtungen &amp; super g\u00fcnstig!\" \/>\n<meta name=\"robots\" content=\"index, follow, max-snippet:-1, max-image-preview:large, max-video-preview:-1\" \/>\n<link rel=\"canonical\" href=\"https:\/\/vapingnet.de\/sk\/vape\/waspe-watermelon-bubblegum-vape-mit-20000-puffs-original-und-hochwertig\/\" \/>\n<meta property=\"og:locale\" content=\"sk_SK\" \/>\n<meta property=\"og:type\" content=\"article\" \/>\n<meta property=\"og:title\" content=\"WASPE Watermelon Bubblegum Vape Mit 20000 Puffs Original Und Hochwertig | Vapingnet.de\" \/>\n<meta property=\"og:description\" content=\"Entdecke WASPE Watermelon Bubblegum Vape Mit 20000 Puffs Original Und Hochwertig bei vapingnet.de, \u25ba Gro\u00dfe Auswahl an Geschmacksrichtungen &amp; super g\u00fcnstig!\" \/>\n<meta property=\"og:url\" content=\"https:\/\/vapingnet.de\/sk\/vape\/waspe-watermelon-bubblegum-vape-mit-20000-puffs-original-und-hochwertig\/\" \/>\n<meta property=\"og:site_name\" content=\"Vapingnet.de\" \/>\n<meta property=\"article:publisher\" content=\"https:\/\/www.facebook.com\/vapingnetde\/\" \/>\n<meta property=\"article:modified_time\" content=\"2026-04-15T06:44:16+00:00\" \/>\n<meta property=\"og:image\" content=\"https:\/\/vapingnet.de\/wp-content\/uploads\/2025\/05\/WASPE-VAPE2.webp\" \/>\n\t<meta property=\"og:image:width\" content=\"1000\" \/>\n\t<meta property=\"og:image:height\" content=\"1000\" \/>\n\t<meta property=\"og:image:type\" content=\"image\/webp\" \/>\n<meta name=\"twitter:card\" content=\"summary_large_image\" \/>\n<meta name=\"twitter:label1\" content=\"Est. reading time\" \/>\n\t<meta name=\"twitter:data1\" content=\"3 minutes\" \/>\n<script type=\"application\/ld+json\" class=\"yoast-schema-graph\">{\"@context\":\"https:\/\/schema.org\",\"@graph\":[{\"@type\":\"WebPage\",\"@id\":\"https:\/\/vapingnet.de\/vape\/waspe-watermelon-bubblegum-vape-mit-20000-puffs-original-und-hochwertig\/\",\"url\":\"https:\/\/vapingnet.de\/vape\/waspe-watermelon-bubblegum-vape-mit-20000-puffs-original-und-hochwertig\/\",\"name\":\"WASPE Watermelon Bubblegum Vape Mit 20000 Puffs Original Und Hochwertig | Vapingnet.de\",\"isPartOf\":{\"@id\":\"https:\/\/vapingnet.de\/#website\"},\"primaryImageOfPage\":{\"@id\":\"https:\/\/vapingnet.de\/vape\/waspe-watermelon-bubblegum-vape-mit-20000-puffs-original-und-hochwertig\/#primaryimage\"},\"image\":{\"@id\":\"https:\/\/vapingnet.de\/vape\/waspe-watermelon-bubblegum-vape-mit-20000-puffs-original-und-hochwertig\/#primaryimage\"},\"thumbnailUrl\":\"https:\/\/vapingnet.de\/wp-content\/uploads\/2025\/05\/WASPE-VAPE2.webp\",\"datePublished\":\"2025-05-06T02:49:11+00:00\",\"dateModified\":\"2026-04-15T06:44:16+00:00\",\"description\":\"Entdecke WASPE Watermelon Bubblegum Vape Mit 20000 Puffs Original Und Hochwertig bei vapingnet.de, \u25ba Gro\u00dfe Auswahl an Geschmacksrichtungen & super g\u00fcnstig!\",\"breadcrumb\":{\"@id\":\"https:\/\/vapingnet.de\/vape\/waspe-watermelon-bubblegum-vape-mit-20000-puffs-original-und-hochwertig\/#breadcrumb\"},\"inLanguage\":\"sk-SK\",\"potentialAction\":[{\"@type\":\"ReadAction\",\"target\":[\"https:\/\/vapingnet.de\/vape\/waspe-watermelon-bubblegum-vape-mit-20000-puffs-original-und-hochwertig\/\"]}]},{\"@type\":\"ImageObject\",\"inLanguage\":\"sk-SK\",\"@id\":\"https:\/\/vapingnet.de\/vape\/waspe-watermelon-bubblegum-vape-mit-20000-puffs-original-und-hochwertig\/#primaryimage\",\"url\":\"https:\/\/vapingnet.de\/wp-content\/uploads\/2025\/05\/WASPE-VAPE2.webp\",\"contentUrl\":\"https:\/\/vapingnet.de\/wp-content\/uploads\/2025\/05\/WASPE-VAPE2.webp\",\"width\":1000,\"height\":1000},{\"@type\":\"BreadcrumbList\",\"@id\":\"https:\/\/vapingnet.de\/vape\/waspe-watermelon-bubblegum-vape-mit-20000-puffs-original-und-hochwertig\/#breadcrumb\",\"itemListElement\":[{\"@type\":\"ListItem\",\"position\":1,\"name\":\"Home\",\"item\":\"https:\/\/vapingnet.de\/\"},{\"@type\":\"ListItem\",\"position\":2,\"name\":\"Shop\",\"item\":\"https:\/\/vapingnet.de\/vape\/\"},{\"@type\":\"ListItem\",\"position\":3,\"name\":\"WASPE Watermelon Bubblegum Vape Mit 20000 Puffs Original Und Hochwertig\"}]},{\"@type\":\"WebSite\",\"@id\":\"https:\/\/vapingnet.de\/#website\",\"url\":\"https:\/\/vapingnet.de\/\",\"name\":\"Vapingnet.de\",\"description\":\"\",\"publisher\":{\"@id\":\"https:\/\/vapingnet.de\/#organization\"},\"potentialAction\":[{\"@type\":\"SearchAction\",\"target\":{\"@type\":\"EntryPoint\",\"urlTemplate\":\"https:\/\/vapingnet.de\/?s={search_term_string}\"},\"query-input\":{\"@type\":\"PropertyValueSpecification\",\"valueRequired\":true,\"valueName\":\"search_term_string\"}}],\"inLanguage\":\"sk-SK\"},{\"@type\":\"Organization\",\"@id\":\"https:\/\/vapingnet.de\/#organization\",\"name\":\"Vapingnet.de\",\"url\":\"https:\/\/vapingnet.de\/\",\"logo\":{\"@type\":\"ImageObject\",\"inLanguage\":\"sk-SK\",\"@id\":\"https:\/\/vapingnet.de\/#\/schema\/logo\/image\/\",\"url\":\"https:\/\/vapingnet.de\/wp-content\/uploads\/2025\/03\/cropped-vapingnet.de_.jpg\",\"contentUrl\":\"https:\/\/vapingnet.de\/wp-content\/uploads\/2025\/03\/cropped-vapingnet.de_.jpg\",\"width\":512,\"height\":512,\"caption\":\"Vapingnet.de\"},\"image\":{\"@id\":\"https:\/\/vapingnet.de\/#\/schema\/logo\/image\/\"},\"sameAs\":[\"https:\/\/www.facebook.com\/vapingnetde\/\"]}]}<\/script>\n<!-- \/ Yoast SEO plugin. -->","yoast_head_json":{"title":"WASPE Watermelon Bubblegum Vape Mit 20000 Puffs Original Und Hochwertig | Vapingnet.de","description":"Entdecke WASPE Watermelon Bubblegum Vape Mit 20000 Puffs Original Und Hochwertig bei vapingnet.de, \u25ba Gro\u00dfe Auswahl an Geschmacksrichtungen & super g\u00fcnstig!","robots":{"index":"index","follow":"follow","max-snippet":"max-snippet:-1","max-image-preview":"max-image-preview:large","max-video-preview":"max-video-preview:-1"},"canonical":"https:\/\/vapingnet.de\/sk\/vape\/waspe-watermelon-bubblegum-vape-mit-20000-puffs-original-und-hochwertig\/","og_locale":"sk_SK","og_type":"article","og_title":"WASPE Watermelon Bubblegum Vape Mit 20000 Puffs Original Und Hochwertig | Vapingnet.de","og_description":"Entdecke WASPE Watermelon Bubblegum Vape Mit 20000 Puffs Original Und Hochwertig bei vapingnet.de, \u25ba Gro\u00dfe Auswahl an Geschmacksrichtungen & super g\u00fcnstig!","og_url":"https:\/\/vapingnet.de\/sk\/vape\/waspe-watermelon-bubblegum-vape-mit-20000-puffs-original-und-hochwertig\/","og_site_name":"Vapingnet.de","article_publisher":"https:\/\/www.facebook.com\/vapingnetde\/","article_modified_time":"2026-04-15T06:44:16+00:00","og_image":[{"width":1000,"height":1000,"url":"https:\/\/vapingnet.de\/wp-content\/uploads\/2025\/05\/WASPE-VAPE2.webp","type":"image\/webp"}],"twitter_card":"summary_large_image","twitter_misc":{"Est. reading time":"3 minutes"},"schema":{"@context":"https:\/\/schema.org","@graph":[{"@type":"WebPage","@id":"https:\/\/vapingnet.de\/vape\/waspe-watermelon-bubblegum-vape-mit-20000-puffs-original-und-hochwertig\/","url":"https:\/\/vapingnet.de\/vape\/waspe-watermelon-bubblegum-vape-mit-20000-puffs-original-und-hochwertig\/","name":"WASPE Watermelon Bubblegum Vape Mit 20000 Puffs Original Und Hochwertig | Vapingnet.de","isPartOf":{"@id":"https:\/\/vapingnet.de\/#website"},"primaryImageOfPage":{"@id":"https:\/\/vapingnet.de\/vape\/waspe-watermelon-bubblegum-vape-mit-20000-puffs-original-und-hochwertig\/#primaryimage"},"image":{"@id":"https:\/\/vapingnet.de\/vape\/waspe-watermelon-bubblegum-vape-mit-20000-puffs-original-und-hochwertig\/#primaryimage"},"thumbnailUrl":"https:\/\/vapingnet.de\/wp-content\/uploads\/2025\/05\/WASPE-VAPE2.webp","datePublished":"2025-05-06T02:49:11+00:00","dateModified":"2026-04-15T06:44:16+00:00","description":"Entdecke WASPE Watermelon Bubblegum Vape Mit 20000 Puffs Original Und Hochwertig bei vapingnet.de, \u25ba Gro\u00dfe Auswahl an Geschmacksrichtungen & super g\u00fcnstig!","breadcrumb":{"@id":"https:\/\/vapingnet.de\/vape\/waspe-watermelon-bubblegum-vape-mit-20000-puffs-original-und-hochwertig\/#breadcrumb"},"inLanguage":"sk-SK","potentialAction":[{"@type":"ReadAction","target":["https:\/\/vapingnet.de\/vape\/waspe-watermelon-bubblegum-vape-mit-20000-puffs-original-und-hochwertig\/"]}]},{"@type":"ImageObject","inLanguage":"sk-SK","@id":"https:\/\/vapingnet.de\/vape\/waspe-watermelon-bubblegum-vape-mit-20000-puffs-original-und-hochwertig\/#primaryimage","url":"https:\/\/vapingnet.de\/wp-content\/uploads\/2025\/05\/WASPE-VAPE2.webp","contentUrl":"https:\/\/vapingnet.de\/wp-content\/uploads\/2025\/05\/WASPE-VAPE2.webp","width":1000,"height":1000},{"@type":"BreadcrumbList","@id":"https:\/\/vapingnet.de\/vape\/waspe-watermelon-bubblegum-vape-mit-20000-puffs-original-und-hochwertig\/#breadcrumb","itemListElement":[{"@type":"ListItem","position":1,"name":"Home","item":"https:\/\/vapingnet.de\/"},{"@type":"ListItem","position":2,"name":"Shop","item":"https:\/\/vapingnet.de\/vape\/"},{"@type":"ListItem","position":3,"name":"WASPE Watermelon Bubblegum Vape Mit 20000 Puffs Original Und Hochwertig"}]},{"@type":"WebSite","@id":"https:\/\/vapingnet.de\/#website","url":"https:\/\/vapingnet.de\/","name":"Vapingnet.de","description":"","publisher":{"@id":"https:\/\/vapingnet.de\/#organization"},"potentialAction":[{"@type":"SearchAction","target":{"@type":"EntryPoint","urlTemplate":"https:\/\/vapingnet.de\/?s={search_term_string}"},"query-input":{"@type":"PropertyValueSpecification","valueRequired":true,"valueName":"search_term_string"}}],"inLanguage":"sk-SK"},{"@type":"Organization","@id":"https:\/\/vapingnet.de\/#organization","name":"Vapingnet.de","url":"https:\/\/vapingnet.de\/","logo":{"@type":"ImageObject","inLanguage":"sk-SK","@id":"https:\/\/vapingnet.de\/#\/schema\/logo\/image\/","url":"https:\/\/vapingnet.de\/wp-content\/uploads\/2025\/03\/cropped-vapingnet.de_.jpg","contentUrl":"https:\/\/vapingnet.de\/wp-content\/uploads\/2025\/03\/cropped-vapingnet.de_.jpg","width":512,"height":512,"caption":"Vapingnet.de"},"image":{"@id":"https:\/\/vapingnet.de\/#\/schema\/logo\/image\/"},"sameAs":["https:\/\/www.facebook.com\/vapingnetde\/"]}]}},"tiered_pricing_type":"fixed","tiered_pricing_fixed_rules":[],"tiered_pricing_product_settings":{"layout":"default","base_unit_name":{"singular":null,"plural":null},"default_variation":null},"tiered_pricing_minimum_quantity":null,"tiered_pricing_roles_data":[],"tiered_pricing_percentage_rules":[],"_links":{"self":[{"href":"https:\/\/vapingnet.de\/sk\/wp-json\/wp\/v2\/product\/6810","targetHints":{"allow":["GET"]}}],"collection":[{"href":"https:\/\/vapingnet.de\/sk\/wp-json\/wp\/v2\/product"}],"about":[{"href":"https:\/\/vapingnet.de\/sk\/wp-json\/wp\/v2\/types\/product"}],"version-history":[{"count":1,"href":"https:\/\/vapingnet.de\/sk\/wp-json\/wp\/v2\/product\/6810\/revisions"}],"predecessor-version":[{"id":6817,"href":"https:\/\/vapingnet.de\/sk\/wp-json\/wp\/v2\/product\/6810\/revisions\/6817"}],"wp:featuredmedia":[{"embeddable":true,"href":"https:\/\/vapingnet.de\/sk\/wp-json\/wp\/v2\/media\/6901"}],"wp:attachment":[{"href":"https:\/\/vapingnet.de\/sk\/wp-json\/wp\/v2\/media?parent=6810"}],"wp:term":[{"taxonomy":"brand","embeddable":true,"href":"https:\/\/vapingnet.de\/sk\/wp-json\/wp\/v2\/etheme_brands?post=6810"},{"taxonomy":"product_brand","embeddable":true,"href":"https:\/\/vapingnet.de\/sk\/wp-json\/wp\/v2\/product_brand?post=6810"},{"taxonomy":"product_cat","embeddable":true,"href":"https:\/\/vapingnet.de\/sk\/wp-json\/wp\/v2\/product_cat?post=6810"},{"taxonomy":"product_tag","embeddable":true,"href":"https:\/\/vapingnet.de\/sk\/wp-json\/wp\/v2\/product_tag?post=6810"}],"curies":[{"name":"wp","href":"https:\/\/api.w.org\/{rel}","templated":true}]}}