{"id":6811,"date":"2025-05-06T02:51:01","date_gmt":"2025-05-06T02:51:01","guid":{"rendered":"https:\/\/vapingnet.de\/?post_type=product&#038;p=6811"},"modified":"2025-06-19T03:44:58","modified_gmt":"2025-06-19T03:44:58","slug":"vape-deal-des-jahres-strawberry-kiwi-von-waspe-20000-grosshandel-moeglich","status":"publish","type":"product","link":"https:\/\/vapingnet.de\/sk\/vape\/vape-deal-des-jahres-strawberry-kiwi-von-waspe-20000-grosshandel-moeglich\/","title":{"rendered":"Vape Deal roka Strawberry Kiwi od WASPE 20000 Ve\u013ekoobchod mo\u017en\u00fd"},"content":{"rendered":"<h2 data-start=\"61\" data-end=\"145\" data-immersive-translate-walked=\"00e577de-a939-451b-b4a6-526c62bfb0df\" data-immersive-translate-paragraph=\"1\">Objavte p\u00f4\u017eitok s WASPE 20000 Jednorazovou E cigaretou<\/h2>\n<p class=\"\" data-start=\"147\" data-end=\"634\" data-immersive-translate-walked=\"00e577de-a939-451b-b4a6-526c62bfb0df\" data-immersive-translate-paragraph=\"1\">Je to uvo\u013enen\u00e1 sobotn\u00e1 r\u00e1no, ste na cest\u00e1ch a slnko jemne svieti. M\u00e1te v\u0161etko, \u010do potrebujete: svoju ob\u013e\u00faben\u00fa k\u00e1vu, svoju hudbu a samozrejme svoju WASPE 20000 Jednorazov\u00fa E cigaretu v ta\u0161ke. Sadnete si na lavi\u010dku v parku, vezmete prv\u00fd \u0165ah a nech\u00e1te osvie\u017euj\u00facu chu\u0165 jahodovo-kivi obklopi\u0165 va\u0161e zmysly. Ovocn\u00e1 zmes sladkej jahody a \u0161\u0165avnatej kivi v\u00e1m umo\u017en\u00ed vychutna\u0165 si okamih naplno.<\/p>\n<h4 data-start=\"636\" data-end=\"1087\" data-immersive-translate-walked=\"00e577de-a939-451b-b4a6-526c62bfb0df\" data-immersive-translate-paragraph=\"1\">Perfekt\u00e9 rie\u0161enie pre v\u00e1\u0161 ka\u017edodenn\u00fd \u017eivot:<\/h4>\n<p class=\"\" data-start=\"636\" data-end=\"1087\" data-immersive-translate-walked=\"00e577de-a939-451b-b4a6-526c62bfb0df\" data-immersive-translate-paragraph=\"1\">WASPE 20000 nie je ur\u010den\u00e1 len na \u0161peci\u00e1lne chv\u00edle, ale aj na ka\u017edodenn\u00fd p\u00f4\u017eitok. S a\u017e 20 000 \u0165ahmi a kapacitou 24 ml tekutiny je ide\u00e1lnym spolo\u010dn\u00edkom na dlh\u00e9 dni bez dop\u013a\u0148ania. Dual Mesh Coil zabezpe\u010duje rovnomern\u00e9 parenie a intenz\u00edvne chute, zatia\u013e \u010do mo\u017enos\u0165 nab\u00edjania cez USB-C zabezpe\u010duje, \u017ee v\u017edy m\u00e1te dostatok energie na \u010fal\u0161\u00ed \u0165ah.<\/p>\n<h3 data-start=\"1089\" data-end=\"1148\" data-immersive-translate-walked=\"00e577de-a939-451b-b4a6-526c62bfb0df\">Nez\u00e1le\u017e\u00ed na tom, kde ste, WASPE 20000 v\u00e1s sprev\u00e1dza:<\/h3>\n<ul data-start=\"1149\" data-end=\"1639\" data-immersive-translate-walked=\"00e577de-a939-451b-b4a6-526c62bfb0df\">\n<li class=\"\" data-start=\"1149\" data-end=\"1224\" data-immersive-translate-walked=\"00e577de-a939-451b-b4a6-526c62bfb0df\">\n<p class=\"\" data-start=\"1151\" data-end=\"1224\" data-immersive-translate-walked=\"00e577de-a939-451b-b4a6-526c62bfb0df\" data-immersive-translate-paragraph=\"1\">Dlh\u00e1 \u017eivotnos\u0165: A\u017e 20 000 \u0165ahov \u2013 dos\u0165 na nieko\u013eko t\u00fd\u017ed\u0148ov.<\/p>\n<\/li>\n<li class=\"\" data-start=\"1225\" data-end=\"1334\" data-immersive-translate-walked=\"00e577de-a939-451b-b4a6-526c62bfb0df\">\n<p class=\"\" data-start=\"1227\" data-end=\"1334\" data-immersive-translate-walked=\"00e577de-a939-451b-b4a6-526c62bfb0df\" data-immersive-translate-paragraph=\"1\">Ovocn\u00fd p\u00f4\u017eitok: Chu\u0165 jahodovo-kivi je dokonalou zmesou sladkosti a svie\u017eosti.<\/p>\n<\/li>\n<li class=\"\" data-start=\"1335\" data-end=\"1428\" data-immersive-translate-walked=\"00e577de-a939-451b-b4a6-526c62bfb0df\">\n<p class=\"\" data-start=\"1337\" data-end=\"1428\" data-immersive-translate-walked=\"00e577de-a939-451b-b4a6-526c62bfb0df\" data-immersive-translate-paragraph=\"1\">R\u00f4zne mo\u017enosti nikot\u00ednu: Vyberte si medzi 0%, 2%, 3%, 5% nikot\u00ednom pod\u013ea potreby.<\/p>\n<\/li>\n<li class=\"\" data-start=\"1429\" data-end=\"1535\" data-immersive-translate-walked=\"00e577de-a939-451b-b4a6-526c62bfb0df\">\n<p class=\"\" data-start=\"1431\" data-end=\"1535\" data-immersive-translate-walked=\"00e577de-a939-451b-b4a6-526c62bfb0df\" data-immersive-translate-paragraph=\"1\">R\u00fdchle nab\u00edjanie: Pripojenie USB-C rob\u00ed nab\u00edjanie r\u00fdchlej\u0161\u00edm a jednoduch\u0161\u00edm ne\u017e kedyko\u013evek predt\u00fdm.<\/p>\n<\/li>\n<li class=\"\" data-start=\"1536\" data-end=\"1639\" data-immersive-translate-walked=\"00e577de-a939-451b-b4a6-526c62bfb0df\">\n<p class=\"\" data-start=\"1538\" data-end=\"1639\" data-immersive-translate-walked=\"00e577de-a939-451b-b4a6-526c62bfb0df\" data-immersive-translate-paragraph=\"1\">Pohodln\u00e9 pou\u017e\u00edvanie: S hmotnos\u0165ou len 110 g je \u013eahk\u00e1 a pohodln\u00e1 na pren\u00e1\u0161anie kamko\u013evek.<\/p>\n<\/li>\n<\/ul>\n<h4 data-start=\"1641\" data-end=\"1976\" data-immersive-translate-walked=\"00e577de-a939-451b-b4a6-526c62bfb0df\" data-immersive-translate-paragraph=\"1\">V\u00e1\u0161 denn\u00fd p\u00f4\u017eitok \u2013 jednoducho a pohodlne:<\/h4>\n<p class=\"\" data-start=\"1641\" data-end=\"1976\" data-immersive-translate-walked=\"00e577de-a939-451b-b4a6-526c62bfb0df\" data-immersive-translate-paragraph=\"1\">WASPE 20000 Jednorazov\u00e1 E cigareta je ur\u010den\u00e1 pre v\u0161etk\u00fdch, ktor\u00ed h\u013eadaj\u00fa praktick\u00fd, dlh\u00fd a intenz\u00edvny z\u00e1\u017eitok s paren\u00edm. \u010ci u\u017e na prech\u00e1dzke v parku, po\u010das prest\u00e1vky v kancel\u00e1rii alebo na cest\u00e1ch \u2013 v\u017edy v\u00e1m poskytne dokonal\u00fd z\u00e1\u017eitok s paren\u00edm, bez komplik\u00e1ci\u00ed.<\/p>\n<p class=\"\" data-start=\"1978\" data-end=\"2108\" data-immersive-translate-walked=\"00e577de-a939-451b-b4a6-526c62bfb0df\" data-immersive-translate-paragraph=\"1\">Objednajte si teraz na vapingnet.de a vychutnajte si chu\u0165 jahodovo-kivi kdeko\u013evek ste!<\/p>","protected":false},"excerpt":{"rendered":"<p>Objavte p\u00f4\u017eitok s WASPE 20000 Jednorazovou e-\u017euva\u010dkou Je to uvo\u013enen\u00e9 sobotn\u00e9 r\u00e1no, ste na cest\u00e1ch a slnko jemne svieti. M\u00e1te...<\/p>","protected":false},"featured_media":6785,"template":"","meta":[],"etheme_brands":[],"product_brand":[98],"product_cat":[54,49,61],"product_tag":[],"class_list":{"0":"post-6811","1":"product","2":"type-product","3":"status-publish","4":"has-post-thumbnail","6":"product_brand-waspe-vape","7":"product_cat-vape-20000-zuege","8":"product_cat-einweg-e-zigarette","9":"product_cat-f","11":"first","12":"instock","13":"shipping-taxable","14":"purchasable","15":"product-type-simple"},"yoast_head":"<!-- This site is optimized with the Yoast SEO plugin v26.5 - https:\/\/yoast.com\/wordpress\/plugins\/seo\/ -->\n<title>Vape Deal Des Jahres Strawberry Kiwi Von WASPE 20000 Gro\u00dfhandel M\u00f6glich | Vapingnet.de<\/title>\n<meta name=\"description\" content=\"Entdecke Vape Deal Des Jahres Strawberry Kiwi Von WASPE 20000 Gro\u00dfhandel M\u00f6glich bei vapingnet.de, \u25ba Gro\u00dfe Auswahl an Geschmacksrichtungen &amp; super g\u00fcnstig!\" \/>\n<meta name=\"robots\" content=\"index, follow, max-snippet:-1, max-image-preview:large, max-video-preview:-1\" \/>\n<link rel=\"canonical\" href=\"https:\/\/vapingnet.de\/sk\/vape\/vape-deal-des-jahres-strawberry-kiwi-von-waspe-20000-grosshandel-moeglich\/\" \/>\n<meta property=\"og:locale\" content=\"sk_SK\" \/>\n<meta property=\"og:type\" content=\"article\" \/>\n<meta property=\"og:title\" content=\"Vape Deal Des Jahres Strawberry Kiwi Von WASPE 20000 Gro\u00dfhandel M\u00f6glich | Vapingnet.de\" \/>\n<meta property=\"og:description\" content=\"Entdecke Vape Deal Des Jahres Strawberry Kiwi Von WASPE 20000 Gro\u00dfhandel M\u00f6glich bei vapingnet.de, \u25ba Gro\u00dfe Auswahl an Geschmacksrichtungen &amp; super g\u00fcnstig!\" \/>\n<meta property=\"og:url\" content=\"https:\/\/vapingnet.de\/sk\/vape\/vape-deal-des-jahres-strawberry-kiwi-von-waspe-20000-grosshandel-moeglich\/\" \/>\n<meta property=\"og:site_name\" content=\"Vapingnet.de\" \/>\n<meta property=\"article:publisher\" content=\"https:\/\/www.facebook.com\/vapingnetde\/\" \/>\n<meta property=\"article:modified_time\" content=\"2025-06-19T03:44:58+00:00\" \/>\n<meta property=\"og:image\" content=\"https:\/\/vapingnet.de\/wp-content\/uploads\/2025\/05\/Strawberry-Kiwi-1.webp\" \/>\n\t<meta property=\"og:image:width\" content=\"1000\" \/>\n\t<meta property=\"og:image:height\" content=\"1000\" \/>\n\t<meta property=\"og:image:type\" content=\"image\/webp\" \/>\n<meta name=\"twitter:card\" content=\"summary_large_image\" \/>\n<meta name=\"twitter:label1\" content=\"Est. reading time\" \/>\n\t<meta name=\"twitter:data1\" content=\"2 minutes\" \/>\n<script type=\"application\/ld+json\" class=\"yoast-schema-graph\">{\"@context\":\"https:\/\/schema.org\",\"@graph\":[{\"@type\":\"WebPage\",\"@id\":\"https:\/\/vapingnet.de\/vape\/vape-deal-des-jahres-strawberry-kiwi-von-waspe-20000-grosshandel-moeglich\/\",\"url\":\"https:\/\/vapingnet.de\/vape\/vape-deal-des-jahres-strawberry-kiwi-von-waspe-20000-grosshandel-moeglich\/\",\"name\":\"Vape Deal Des Jahres Strawberry Kiwi Von WASPE 20000 Gro\u00dfhandel M\u00f6glich | Vapingnet.de\",\"isPartOf\":{\"@id\":\"https:\/\/vapingnet.de\/#website\"},\"primaryImageOfPage\":{\"@id\":\"https:\/\/vapingnet.de\/vape\/vape-deal-des-jahres-strawberry-kiwi-von-waspe-20000-grosshandel-moeglich\/#primaryimage\"},\"image\":{\"@id\":\"https:\/\/vapingnet.de\/vape\/vape-deal-des-jahres-strawberry-kiwi-von-waspe-20000-grosshandel-moeglich\/#primaryimage\"},\"thumbnailUrl\":\"https:\/\/vapingnet.de\/wp-content\/uploads\/2025\/05\/Strawberry-Kiwi-1.webp\",\"datePublished\":\"2025-05-06T02:51:01+00:00\",\"dateModified\":\"2025-06-19T03:44:58+00:00\",\"description\":\"Entdecke Vape Deal Des Jahres Strawberry Kiwi Von WASPE 20000 Gro\u00dfhandel M\u00f6glich bei vapingnet.de, \u25ba Gro\u00dfe Auswahl an Geschmacksrichtungen & super g\u00fcnstig!\",\"breadcrumb\":{\"@id\":\"https:\/\/vapingnet.de\/vape\/vape-deal-des-jahres-strawberry-kiwi-von-waspe-20000-grosshandel-moeglich\/#breadcrumb\"},\"inLanguage\":\"sk-SK\",\"potentialAction\":[{\"@type\":\"ReadAction\",\"target\":[\"https:\/\/vapingnet.de\/vape\/vape-deal-des-jahres-strawberry-kiwi-von-waspe-20000-grosshandel-moeglich\/\"]}]},{\"@type\":\"ImageObject\",\"inLanguage\":\"sk-SK\",\"@id\":\"https:\/\/vapingnet.de\/vape\/vape-deal-des-jahres-strawberry-kiwi-von-waspe-20000-grosshandel-moeglich\/#primaryimage\",\"url\":\"https:\/\/vapingnet.de\/wp-content\/uploads\/2025\/05\/Strawberry-Kiwi-1.webp\",\"contentUrl\":\"https:\/\/vapingnet.de\/wp-content\/uploads\/2025\/05\/Strawberry-Kiwi-1.webp\",\"width\":1000,\"height\":1000},{\"@type\":\"BreadcrumbList\",\"@id\":\"https:\/\/vapingnet.de\/vape\/vape-deal-des-jahres-strawberry-kiwi-von-waspe-20000-grosshandel-moeglich\/#breadcrumb\",\"itemListElement\":[{\"@type\":\"ListItem\",\"position\":1,\"name\":\"Home\",\"item\":\"https:\/\/vapingnet.de\/\"},{\"@type\":\"ListItem\",\"position\":2,\"name\":\"Shop\",\"item\":\"https:\/\/vapingnet.de\/vape\/\"},{\"@type\":\"ListItem\",\"position\":3,\"name\":\"Vape Deal Des Jahres Strawberry Kiwi Von WASPE 20000 Gro\u00dfhandel M\u00f6glich\"}]},{\"@type\":\"WebSite\",\"@id\":\"https:\/\/vapingnet.de\/#website\",\"url\":\"https:\/\/vapingnet.de\/\",\"name\":\"Vapingnet.de\",\"description\":\"\",\"publisher\":{\"@id\":\"https:\/\/vapingnet.de\/#organization\"},\"potentialAction\":[{\"@type\":\"SearchAction\",\"target\":{\"@type\":\"EntryPoint\",\"urlTemplate\":\"https:\/\/vapingnet.de\/?s={search_term_string}\"},\"query-input\":{\"@type\":\"PropertyValueSpecification\",\"valueRequired\":true,\"valueName\":\"search_term_string\"}}],\"inLanguage\":\"sk-SK\"},{\"@type\":\"Organization\",\"@id\":\"https:\/\/vapingnet.de\/#organization\",\"name\":\"Vapingnet.de\",\"url\":\"https:\/\/vapingnet.de\/\",\"logo\":{\"@type\":\"ImageObject\",\"inLanguage\":\"sk-SK\",\"@id\":\"https:\/\/vapingnet.de\/#\/schema\/logo\/image\/\",\"url\":\"https:\/\/vapingnet.de\/wp-content\/uploads\/2025\/03\/cropped-vapingnet.de_.jpg\",\"contentUrl\":\"https:\/\/vapingnet.de\/wp-content\/uploads\/2025\/03\/cropped-vapingnet.de_.jpg\",\"width\":512,\"height\":512,\"caption\":\"Vapingnet.de\"},\"image\":{\"@id\":\"https:\/\/vapingnet.de\/#\/schema\/logo\/image\/\"},\"sameAs\":[\"https:\/\/www.facebook.com\/vapingnetde\/\"]}]}<\/script>\n<!-- \/ Yoast SEO plugin. -->","yoast_head_json":{"title":"Vape Deal Des Jahres Strawberry Kiwi Von WASPE 20000 Gro\u00dfhandel M\u00f6glich | Vapingnet.de","description":"Entdecke Vape Deal Des Jahres Strawberry Kiwi Von WASPE 20000 Gro\u00dfhandel M\u00f6glich bei vapingnet.de, \u25ba Gro\u00dfe Auswahl an Geschmacksrichtungen & super g\u00fcnstig!","robots":{"index":"index","follow":"follow","max-snippet":"max-snippet:-1","max-image-preview":"max-image-preview:large","max-video-preview":"max-video-preview:-1"},"canonical":"https:\/\/vapingnet.de\/sk\/vape\/vape-deal-des-jahres-strawberry-kiwi-von-waspe-20000-grosshandel-moeglich\/","og_locale":"sk_SK","og_type":"article","og_title":"Vape Deal Des Jahres Strawberry Kiwi Von WASPE 20000 Gro\u00dfhandel M\u00f6glich | Vapingnet.de","og_description":"Entdecke Vape Deal Des Jahres Strawberry Kiwi Von WASPE 20000 Gro\u00dfhandel M\u00f6glich bei vapingnet.de, \u25ba Gro\u00dfe Auswahl an Geschmacksrichtungen & super g\u00fcnstig!","og_url":"https:\/\/vapingnet.de\/sk\/vape\/vape-deal-des-jahres-strawberry-kiwi-von-waspe-20000-grosshandel-moeglich\/","og_site_name":"Vapingnet.de","article_publisher":"https:\/\/www.facebook.com\/vapingnetde\/","article_modified_time":"2025-06-19T03:44:58+00:00","og_image":[{"width":1000,"height":1000,"url":"https:\/\/vapingnet.de\/wp-content\/uploads\/2025\/05\/Strawberry-Kiwi-1.webp","type":"image\/webp"}],"twitter_card":"summary_large_image","twitter_misc":{"Est. reading time":"2 minutes"},"schema":{"@context":"https:\/\/schema.org","@graph":[{"@type":"WebPage","@id":"https:\/\/vapingnet.de\/vape\/vape-deal-des-jahres-strawberry-kiwi-von-waspe-20000-grosshandel-moeglich\/","url":"https:\/\/vapingnet.de\/vape\/vape-deal-des-jahres-strawberry-kiwi-von-waspe-20000-grosshandel-moeglich\/","name":"Vape Deal Des Jahres Strawberry Kiwi Von WASPE 20000 Gro\u00dfhandel M\u00f6glich | Vapingnet.de","isPartOf":{"@id":"https:\/\/vapingnet.de\/#website"},"primaryImageOfPage":{"@id":"https:\/\/vapingnet.de\/vape\/vape-deal-des-jahres-strawberry-kiwi-von-waspe-20000-grosshandel-moeglich\/#primaryimage"},"image":{"@id":"https:\/\/vapingnet.de\/vape\/vape-deal-des-jahres-strawberry-kiwi-von-waspe-20000-grosshandel-moeglich\/#primaryimage"},"thumbnailUrl":"https:\/\/vapingnet.de\/wp-content\/uploads\/2025\/05\/Strawberry-Kiwi-1.webp","datePublished":"2025-05-06T02:51:01+00:00","dateModified":"2025-06-19T03:44:58+00:00","description":"Entdecke Vape Deal Des Jahres Strawberry Kiwi Von WASPE 20000 Gro\u00dfhandel M\u00f6glich bei vapingnet.de, \u25ba Gro\u00dfe Auswahl an Geschmacksrichtungen & super g\u00fcnstig!","breadcrumb":{"@id":"https:\/\/vapingnet.de\/vape\/vape-deal-des-jahres-strawberry-kiwi-von-waspe-20000-grosshandel-moeglich\/#breadcrumb"},"inLanguage":"sk-SK","potentialAction":[{"@type":"ReadAction","target":["https:\/\/vapingnet.de\/vape\/vape-deal-des-jahres-strawberry-kiwi-von-waspe-20000-grosshandel-moeglich\/"]}]},{"@type":"ImageObject","inLanguage":"sk-SK","@id":"https:\/\/vapingnet.de\/vape\/vape-deal-des-jahres-strawberry-kiwi-von-waspe-20000-grosshandel-moeglich\/#primaryimage","url":"https:\/\/vapingnet.de\/wp-content\/uploads\/2025\/05\/Strawberry-Kiwi-1.webp","contentUrl":"https:\/\/vapingnet.de\/wp-content\/uploads\/2025\/05\/Strawberry-Kiwi-1.webp","width":1000,"height":1000},{"@type":"BreadcrumbList","@id":"https:\/\/vapingnet.de\/vape\/vape-deal-des-jahres-strawberry-kiwi-von-waspe-20000-grosshandel-moeglich\/#breadcrumb","itemListElement":[{"@type":"ListItem","position":1,"name":"Home","item":"https:\/\/vapingnet.de\/"},{"@type":"ListItem","position":2,"name":"Shop","item":"https:\/\/vapingnet.de\/vape\/"},{"@type":"ListItem","position":3,"name":"Vape Deal Des Jahres Strawberry Kiwi Von WASPE 20000 Gro\u00dfhandel M\u00f6glich"}]},{"@type":"WebSite","@id":"https:\/\/vapingnet.de\/#website","url":"https:\/\/vapingnet.de\/","name":"Vapingnet.de","description":"","publisher":{"@id":"https:\/\/vapingnet.de\/#organization"},"potentialAction":[{"@type":"SearchAction","target":{"@type":"EntryPoint","urlTemplate":"https:\/\/vapingnet.de\/?s={search_term_string}"},"query-input":{"@type":"PropertyValueSpecification","valueRequired":true,"valueName":"search_term_string"}}],"inLanguage":"sk-SK"},{"@type":"Organization","@id":"https:\/\/vapingnet.de\/#organization","name":"Vapingnet.de","url":"https:\/\/vapingnet.de\/","logo":{"@type":"ImageObject","inLanguage":"sk-SK","@id":"https:\/\/vapingnet.de\/#\/schema\/logo\/image\/","url":"https:\/\/vapingnet.de\/wp-content\/uploads\/2025\/03\/cropped-vapingnet.de_.jpg","contentUrl":"https:\/\/vapingnet.de\/wp-content\/uploads\/2025\/03\/cropped-vapingnet.de_.jpg","width":512,"height":512,"caption":"Vapingnet.de"},"image":{"@id":"https:\/\/vapingnet.de\/#\/schema\/logo\/image\/"},"sameAs":["https:\/\/www.facebook.com\/vapingnetde\/"]}]}},"tiered_pricing_type":"fixed","tiered_pricing_fixed_rules":{"10":"9.11","60":"8.20","110":"7.29","200":"6.38"},"tiered_pricing_product_settings":{"layout":"default","base_unit_name":{"singular":null,"plural":null},"default_variation":null},"tiered_pricing_minimum_quantity":null,"tiered_pricing_roles_data":[],"tiered_pricing_percentage_rules":[],"_links":{"self":[{"href":"https:\/\/vapingnet.de\/sk\/wp-json\/wp\/v2\/product\/6811","targetHints":{"allow":["GET"]}}],"collection":[{"href":"https:\/\/vapingnet.de\/sk\/wp-json\/wp\/v2\/product"}],"about":[{"href":"https:\/\/vapingnet.de\/sk\/wp-json\/wp\/v2\/types\/product"}],"version-history":[{"count":1,"href":"https:\/\/vapingnet.de\/sk\/wp-json\/wp\/v2\/product\/6811\/revisions"}],"predecessor-version":[{"id":6818,"href":"https:\/\/vapingnet.de\/sk\/wp-json\/wp\/v2\/product\/6811\/revisions\/6818"}],"wp:featuredmedia":[{"embeddable":true,"href":"https:\/\/vapingnet.de\/sk\/wp-json\/wp\/v2\/media\/6785"}],"wp:attachment":[{"href":"https:\/\/vapingnet.de\/sk\/wp-json\/wp\/v2\/media?parent=6811"}],"wp:term":[{"taxonomy":"brand","embeddable":true,"href":"https:\/\/vapingnet.de\/sk\/wp-json\/wp\/v2\/etheme_brands?post=6811"},{"taxonomy":"product_brand","embeddable":true,"href":"https:\/\/vapingnet.de\/sk\/wp-json\/wp\/v2\/product_brand?post=6811"},{"taxonomy":"product_cat","embeddable":true,"href":"https:\/\/vapingnet.de\/sk\/wp-json\/wp\/v2\/product_cat?post=6811"},{"taxonomy":"product_tag","embeddable":true,"href":"https:\/\/vapingnet.de\/sk\/wp-json\/wp\/v2\/product_tag?post=6811"}],"curies":[{"name":"wp","href":"https:\/\/api.w.org\/{rel}","templated":true}]}}