{"id":6946,"date":"2025-05-26T03:38:25","date_gmt":"2025-05-26T03:38:25","guid":{"rendered":"https:\/\/vapingnet.de\/?post_type=product&#038;p=6946"},"modified":"2025-06-19T03:39:21","modified_gmt":"2025-06-19T03:39:21","slug":"bang-box-12000-puff-strawberry-mango-ready-fuer-dein-weekend","status":"publish","type":"product","link":"https:\/\/vapingnet.de\/sk\/vape\/bang-box-12000-puff-strawberry-mango-ready-fuer-dein-weekend\/","title":{"rendered":"Bang Box 12000 Pufov Jahoda Mango, pripraven\u00e9 na v\u00e1\u0161 v\u00edkend"},"content":{"rendered":"<h2 data-start=\"41\" data-end=\"129\" data-immersive-translate-walked=\"ebe1d0af-6af8-4dca-b4db-52f8066db9e0\" data-immersive-translate-paragraph=\"1\">Bang Box 12000 Puff \u2013 V\u00fdkonn\u00e1 jednorazov\u00e1 e-cigareta na dlhodob\u00e9 vapovanie<\/h2>\n<p data-start=\"131\" data-end=\"476\" data-immersive-translate-walked=\"ebe1d0af-6af8-4dca-b4db-52f8066db9e0\" data-immersive-translate-paragraph=\"1\">Bang Box 12000 Puff Disposable je inovat\u00edvna a praktick\u00e1 jednorazov\u00e1 e-cigareta, ktor\u00e1 v\u00e1s presved\u010d\u00ed ohromn\u00fdm po\u010dtom potiahnut\u00ed a intenz\u00edvnou chu\u0165ou. Je ide\u00e1lna pre vap\u00e9rov, ktor\u00ed h\u013eadaj\u00fa jednoduch\u00fa, v\u00fdkonn\u00fa a chutn\u00fa vape \u2013 \u00faplne bez nepr\u00edjemn\u00e9ho dop\u013a\u0148ania alebo zlo\u017eit\u00fdch ovl\u00e1dac\u00edch prvkov.<\/p>\n<h3 data-start=\"478\" data-end=\"503\" data-immersive-translate-walked=\"ebe1d0af-6af8-4dca-b4db-52f8066db9e0\">Technick\u00e9 \u00fadaje:<\/h3>\n<ul data-start=\"504\" data-end=\"1099\" data-immersive-translate-walked=\"ebe1d0af-6af8-4dca-b4db-52f8066db9e0\">\n<li data-start=\"504\" data-end=\"592\" data-immersive-translate-walked=\"ebe1d0af-6af8-4dca-b4db-52f8066db9e0\">\n<p data-start=\"506\" data-end=\"592\" data-immersive-translate-walked=\"ebe1d0af-6af8-4dca-b4db-52f8066db9e0\" data-immersive-translate-paragraph=\"1\">Po\u010det potiahnut\u00ed: a\u017e 12 000 \u2013 na dlhodob\u00e9 pote\u0161enie bez \u010dast\u00e9ho dop\u013a\u0148ania<\/p>\n<\/li>\n<li data-start=\"593\" data-end=\"687\" data-immersive-translate-walked=\"ebe1d0af-6af8-4dca-b4db-52f8066db9e0\">\n<p data-start=\"595\" data-end=\"687\" data-immersive-translate-walked=\"ebe1d0af-6af8-4dca-b4db-52f8066db9e0\" data-immersive-translate-paragraph=\"1\">Bat\u00e9ria: v\u00fdkonn\u00e1 650mAh bat\u00e9ria, opakovane nab\u00edjate\u013en\u00e1 cez modern\u00fd USB Type-C konektor<\/p>\n<\/li>\n<li data-start=\"688\" data-end=\"776\" data-immersive-translate-walked=\"ebe1d0af-6af8-4dca-b4db-52f8066db9e0\">\n<p data-start=\"690\" data-end=\"776\" data-immersive-translate-walked=\"ebe1d0af-6af8-4dca-b4db-52f8066db9e0\" data-immersive-translate-paragraph=\"1\">Kapacita e-liquidu: ve\u013ekorys\u00fdch 20 ml pre intenz\u00edvnu a kon\u0161tantn\u00fa produkciu pary<\/p>\n<\/li>\n<li data-start=\"777\" data-end=\"870\" data-immersive-translate-walked=\"ebe1d0af-6af8-4dca-b4db-52f8066db9e0\">\n<p data-start=\"779\" data-end=\"870\" data-immersive-translate-walked=\"ebe1d0af-6af8-4dca-b4db-52f8066db9e0\" data-immersive-translate-paragraph=\"1\">Cievka: Mesh cievka 0,8 Ohm, ktor\u00e1 zabezpe\u010duje optim\u00e1lnu chu\u0165 a hust\u00fa paru<\/p>\n<\/li>\n<li data-start=\"871\" data-end=\"958\" data-immersive-translate-walked=\"ebe1d0af-6af8-4dca-b4db-52f8066db9e0\">\n<p data-start=\"873\" data-end=\"958\" data-immersive-translate-walked=\"ebe1d0af-6af8-4dca-b4db-52f8066db9e0\" data-immersive-translate-paragraph=\"1\">Obsah nikot\u00ednu: volite\u013ene 2 % alebo 5 %, aby vyhovovala r\u00f4znym preferenci\u00e1m<\/p>\n<\/li>\n<li data-start=\"959\" data-end=\"1037\" data-immersive-translate-walked=\"ebe1d0af-6af8-4dca-b4db-52f8066db9e0\">\n<p data-start=\"961\" data-end=\"1037\" data-immersive-translate-walked=\"ebe1d0af-6af8-4dca-b4db-52f8066db9e0\" data-immersive-translate-paragraph=\"1\">Hmotnos\u0165: \u013eahk\u00fdch 85 g \u2013 ide\u00e1lne na nosenie a diskr\u00e9tne vapovanie na cest\u00e1ch<\/p>\n<\/li>\n<li data-start=\"1038\" data-end=\"1099\" data-immersive-translate-walked=\"ebe1d0af-6af8-4dca-b4db-52f8066db9e0\">\n<p data-start=\"1040\" data-end=\"1099\" data-immersive-translate-walked=\"ebe1d0af-6af8-4dca-b4db-52f8066db9e0\" data-immersive-translate-paragraph=\"1\">LED farebn\u00e9 svetl\u00e1 ako vizu\u00e1lny prvok a indik\u00e1tor stavu<\/p>\n<\/li>\n<\/ul>\n<p data-start=\"1101\" data-end=\"1408\" data-immersive-translate-walked=\"ebe1d0af-6af8-4dca-b4db-52f8066db9e0\" data-immersive-translate-paragraph=\"1\"><img fetchpriority=\"high\" decoding=\"async\" class=\"size-full wp-image-6949 aligncenter\" src=\"https:\/\/vapingnet.de\/wp-content\/uploads\/2025\/05\/9563b0a8cb8b6cda1f6280cd978d050-scaled.jpg\" alt=\"\" width=\"2045\" height=\"2560\" srcset=\"https:\/\/vapingnet.de\/wp-content\/uploads\/2025\/05\/9563b0a8cb8b6cda1f6280cd978d050-scaled.jpg 2045w, https:\/\/vapingnet.de\/wp-content\/uploads\/2025\/05\/9563b0a8cb8b6cda1f6280cd978d050-240x300.jpg 240w, https:\/\/vapingnet.de\/wp-content\/uploads\/2025\/05\/9563b0a8cb8b6cda1f6280cd978d050-818x1024.jpg 818w, https:\/\/vapingnet.de\/wp-content\/uploads\/2025\/05\/9563b0a8cb8b6cda1f6280cd978d050-768x961.jpg 768w, https:\/\/vapingnet.de\/wp-content\/uploads\/2025\/05\/9563b0a8cb8b6cda1f6280cd978d050-1227x1536.jpg 1227w, https:\/\/vapingnet.de\/wp-content\/uploads\/2025\/05\/9563b0a8cb8b6cda1f6280cd978d050-1636x2048.jpg 1636w, https:\/\/vapingnet.de\/wp-content\/uploads\/2025\/05\/9563b0a8cb8b6cda1f6280cd978d050-600x751.jpg 600w, https:\/\/vapingnet.de\/wp-content\/uploads\/2025\/05\/9563b0a8cb8b6cda1f6280cd978d050-1x1.jpg 1w, https:\/\/vapingnet.de\/wp-content\/uploads\/2025\/05\/9563b0a8cb8b6cda1f6280cd978d050-8x10.jpg 8w\" sizes=\"(max-width: 2045px) 100vw, 2045px\" \/><\/p>\n<p data-start=\"1101\" data-end=\"1408\" data-immersive-translate-walked=\"ebe1d0af-6af8-4dca-b4db-52f8066db9e0\" data-immersive-translate-paragraph=\"1\">Vlo\u017een\u00e1 Mesh cievka zaru\u010duje rovnomern\u00e9 a aromatick\u00e9 odparovanie, ktor\u00e9 nadchne aj sk\u00fasen\u00fdch vap\u00e9rov. Mo\u017enos\u0165 dobi\u0165 jednorazov\u00fa e-cigaretu cez Type-C v\u00fdrazne predl\u017euje jej \u017eivotnos\u0165 a rob\u00ed ju obzvl\u00e1\u0161\u0165 udr\u017eate\u013enou v porovnan\u00ed s be\u017en\u00fdmi jednorazov\u00fdmi zariadeniami.<\/p>\n<h4 data-start=\"1410\" data-end=\"1730\" data-immersive-translate-walked=\"ebe1d0af-6af8-4dca-b4db-52f8066db9e0\" data-immersive-translate-paragraph=\"1\">Chu\u0165:<\/h4>\n<p data-start=\"1410\" data-end=\"1730\" data-immersive-translate-walked=\"ebe1d0af-6af8-4dca-b4db-52f8066db9e0\" data-immersive-translate-paragraph=\"1\">Ovocn\u00e1 zmes sladkej jahody a \u0161\u0165avnavej manga dod\u00e1va Bang Box 12000 Puff chu\u0165 Strawberry Mango \u2013 dokonal\u00fa kombin\u00e1ciu \u010derstvej sladkosti a letnej \u013eahkosti. T\u00e1to ar\u00f3ma zabezpe\u010duje intenz\u00edvny a osvie\u017euj\u00faci z\u00e1\u017eitok z vapovania, ktor\u00fd zostane dlho v pam\u00e4ti.<\/p>\n<p data-start=\"1732\" data-end=\"2172\" data-immersive-translate-walked=\"ebe1d0af-6af8-4dca-b4db-52f8066db9e0\" data-immersive-translate-paragraph=\"1\">S Bang Box 12000 Puff z\u00edskavaj\u00fa vap\u00e9ri kvalitn\u00fa a pohodln\u00fa jednorazov\u00fa e-cigaretu, ktor\u00e1 presved\u010d\u00ed svojou dlhou \u017eivotnos\u0165ou, intenz\u00edvnou chu\u0165ou a jednoduch\u00fdm ovl\u00e1dan\u00edm. \u010ci u\u017e na ka\u017edodenn\u00e9 pou\u017eitie alebo ako spo\u013eahliv\u00e9ho spolo\u010dn\u00edka na cest\u00e1ch \u2013 t\u00e1to vape pon\u00faka komplexn\u00fd z\u00e1\u017eitok z vapovania a je ide\u00e1lnou vo\u013ebou pre v\u0161etk\u00fdch, ktor\u00ed preferuj\u00fa jednoduch\u00e9 a p\u00f4\u017eitkov\u00e9 vapovanie.<\/p>","protected":false},"excerpt":{"rendered":"<p>Bang Box 12000 Puff \u2013 Leistungsstarke Einweg E Zigarette f\u00fcr langanhaltendes Dampfen Die Bang Box 12000 Puff Disposable ist eine innovative und praktische Einweg E&#8230;<\/p>","protected":false},"featured_media":6947,"template":"","meta":[],"etheme_brands":[],"product_brand":[101],"product_cat":[88],"product_tag":[],"class_list":{"0":"post-6946","1":"product","2":"type-product","3":"status-publish","4":"has-post-thumbnail","6":"product_brand-bang-king-vape","7":"product_cat-12k-vape","9":"first","10":"instock","11":"shipping-taxable","12":"purchasable","13":"product-type-simple"},"yoast_head":"<!-- This site is optimized with the Yoast SEO plugin v26.5 - https:\/\/yoast.com\/wordpress\/plugins\/seo\/ -->\n<title>Bang Box 12000 Puff Strawberry Mango Ready f\u00fcr dein Weekend | Vapingnet.de<\/title>\n<meta name=\"description\" content=\"Entdecke Bang Box 12000 Puff Strawberry Mango Ready f\u00fcr dein Weekend bei vapingnet.de, \u25ba Gro\u00dfe Auswahl an Geschmacksrichtungen &amp; super g\u00fcnstig!\" \/>\n<meta name=\"robots\" content=\"index, follow, max-snippet:-1, max-image-preview:large, max-video-preview:-1\" \/>\n<link rel=\"canonical\" href=\"https:\/\/vapingnet.de\/sk\/vape\/bang-box-12000-puff-strawberry-mango-ready-fuer-dein-weekend\/\" \/>\n<meta property=\"og:locale\" content=\"sk_SK\" \/>\n<meta property=\"og:type\" content=\"article\" \/>\n<meta property=\"og:title\" content=\"Bang Box 12000 Puff Strawberry Mango Ready f\u00fcr dein Weekend | Vapingnet.de\" \/>\n<meta property=\"og:description\" content=\"Entdecke Bang Box 12000 Puff Strawberry Mango Ready f\u00fcr dein Weekend bei vapingnet.de, \u25ba Gro\u00dfe Auswahl an Geschmacksrichtungen &amp; super g\u00fcnstig!\" \/>\n<meta property=\"og:url\" content=\"https:\/\/vapingnet.de\/sk\/vape\/bang-box-12000-puff-strawberry-mango-ready-fuer-dein-weekend\/\" \/>\n<meta property=\"og:site_name\" content=\"Vapingnet.de\" \/>\n<meta property=\"article:publisher\" content=\"https:\/\/www.facebook.com\/vapingnetde\/\" \/>\n<meta property=\"article:modified_time\" content=\"2025-06-19T03:39:21+00:00\" \/>\n<meta property=\"og:image\" content=\"https:\/\/vapingnet.de\/wp-content\/uploads\/2025\/05\/Strawberry-Mango-1.webp\" \/>\n\t<meta property=\"og:image:width\" content=\"1000\" \/>\n\t<meta property=\"og:image:height\" content=\"1000\" \/>\n\t<meta property=\"og:image:type\" content=\"image\/webp\" \/>\n<meta name=\"twitter:card\" content=\"summary_large_image\" \/>\n<meta name=\"twitter:label1\" content=\"Est. reading time\" \/>\n\t<meta name=\"twitter:data1\" content=\"2 minutes\" \/>\n<script type=\"application\/ld+json\" class=\"yoast-schema-graph\">{\"@context\":\"https:\/\/schema.org\",\"@graph\":[{\"@type\":\"WebPage\",\"@id\":\"https:\/\/vapingnet.de\/vape\/bang-box-12000-puff-strawberry-mango-ready-fuer-dein-weekend\/\",\"url\":\"https:\/\/vapingnet.de\/vape\/bang-box-12000-puff-strawberry-mango-ready-fuer-dein-weekend\/\",\"name\":\"Bang Box 12000 Puff Strawberry Mango Ready f\u00fcr dein Weekend | Vapingnet.de\",\"isPartOf\":{\"@id\":\"https:\/\/vapingnet.de\/#website\"},\"primaryImageOfPage\":{\"@id\":\"https:\/\/vapingnet.de\/vape\/bang-box-12000-puff-strawberry-mango-ready-fuer-dein-weekend\/#primaryimage\"},\"image\":{\"@id\":\"https:\/\/vapingnet.de\/vape\/bang-box-12000-puff-strawberry-mango-ready-fuer-dein-weekend\/#primaryimage\"},\"thumbnailUrl\":\"https:\/\/vapingnet.de\/wp-content\/uploads\/2025\/05\/Strawberry-Mango-1.webp\",\"datePublished\":\"2025-05-26T03:38:25+00:00\",\"dateModified\":\"2025-06-19T03:39:21+00:00\",\"description\":\"Entdecke Bang Box 12000 Puff Strawberry Mango Ready f\u00fcr dein Weekend bei vapingnet.de, \u25ba Gro\u00dfe Auswahl an Geschmacksrichtungen & super g\u00fcnstig!\",\"breadcrumb\":{\"@id\":\"https:\/\/vapingnet.de\/vape\/bang-box-12000-puff-strawberry-mango-ready-fuer-dein-weekend\/#breadcrumb\"},\"inLanguage\":\"sk-SK\",\"potentialAction\":[{\"@type\":\"ReadAction\",\"target\":[\"https:\/\/vapingnet.de\/vape\/bang-box-12000-puff-strawberry-mango-ready-fuer-dein-weekend\/\"]}]},{\"@type\":\"ImageObject\",\"inLanguage\":\"sk-SK\",\"@id\":\"https:\/\/vapingnet.de\/vape\/bang-box-12000-puff-strawberry-mango-ready-fuer-dein-weekend\/#primaryimage\",\"url\":\"https:\/\/vapingnet.de\/wp-content\/uploads\/2025\/05\/Strawberry-Mango-1.webp\",\"contentUrl\":\"https:\/\/vapingnet.de\/wp-content\/uploads\/2025\/05\/Strawberry-Mango-1.webp\",\"width\":1000,\"height\":1000},{\"@type\":\"BreadcrumbList\",\"@id\":\"https:\/\/vapingnet.de\/vape\/bang-box-12000-puff-strawberry-mango-ready-fuer-dein-weekend\/#breadcrumb\",\"itemListElement\":[{\"@type\":\"ListItem\",\"position\":1,\"name\":\"Home\",\"item\":\"https:\/\/vapingnet.de\/\"},{\"@type\":\"ListItem\",\"position\":2,\"name\":\"Shop\",\"item\":\"https:\/\/vapingnet.de\/vape\/\"},{\"@type\":\"ListItem\",\"position\":3,\"name\":\"Bang Box 12000 Puff Strawberry Mango Ready f\u00fcr dein Weekend\"}]},{\"@type\":\"WebSite\",\"@id\":\"https:\/\/vapingnet.de\/#website\",\"url\":\"https:\/\/vapingnet.de\/\",\"name\":\"Vapingnet.de\",\"description\":\"\",\"publisher\":{\"@id\":\"https:\/\/vapingnet.de\/#organization\"},\"potentialAction\":[{\"@type\":\"SearchAction\",\"target\":{\"@type\":\"EntryPoint\",\"urlTemplate\":\"https:\/\/vapingnet.de\/?s={search_term_string}\"},\"query-input\":{\"@type\":\"PropertyValueSpecification\",\"valueRequired\":true,\"valueName\":\"search_term_string\"}}],\"inLanguage\":\"sk-SK\"},{\"@type\":\"Organization\",\"@id\":\"https:\/\/vapingnet.de\/#organization\",\"name\":\"Vapingnet.de\",\"url\":\"https:\/\/vapingnet.de\/\",\"logo\":{\"@type\":\"ImageObject\",\"inLanguage\":\"sk-SK\",\"@id\":\"https:\/\/vapingnet.de\/#\/schema\/logo\/image\/\",\"url\":\"https:\/\/vapingnet.de\/wp-content\/uploads\/2025\/03\/cropped-vapingnet.de_.jpg\",\"contentUrl\":\"https:\/\/vapingnet.de\/wp-content\/uploads\/2025\/03\/cropped-vapingnet.de_.jpg\",\"width\":512,\"height\":512,\"caption\":\"Vapingnet.de\"},\"image\":{\"@id\":\"https:\/\/vapingnet.de\/#\/schema\/logo\/image\/\"},\"sameAs\":[\"https:\/\/www.facebook.com\/vapingnetde\/\"]}]}<\/script>\n<!-- \/ Yoast SEO plugin. -->","yoast_head_json":{"title":"Bang Box 12000 Puff Strawberry Mango Ready f\u00fcr dein Weekend | Vapingnet.de","description":"Entdecke Bang Box 12000 Puff Strawberry Mango Ready f\u00fcr dein Weekend bei vapingnet.de, \u25ba Gro\u00dfe Auswahl an Geschmacksrichtungen & super g\u00fcnstig!","robots":{"index":"index","follow":"follow","max-snippet":"max-snippet:-1","max-image-preview":"max-image-preview:large","max-video-preview":"max-video-preview:-1"},"canonical":"https:\/\/vapingnet.de\/sk\/vape\/bang-box-12000-puff-strawberry-mango-ready-fuer-dein-weekend\/","og_locale":"sk_SK","og_type":"article","og_title":"Bang Box 12000 Puff Strawberry Mango Ready f\u00fcr dein Weekend | Vapingnet.de","og_description":"Entdecke Bang Box 12000 Puff Strawberry Mango Ready f\u00fcr dein Weekend bei vapingnet.de, \u25ba Gro\u00dfe Auswahl an Geschmacksrichtungen & super g\u00fcnstig!","og_url":"https:\/\/vapingnet.de\/sk\/vape\/bang-box-12000-puff-strawberry-mango-ready-fuer-dein-weekend\/","og_site_name":"Vapingnet.de","article_publisher":"https:\/\/www.facebook.com\/vapingnetde\/","article_modified_time":"2025-06-19T03:39:21+00:00","og_image":[{"width":1000,"height":1000,"url":"https:\/\/vapingnet.de\/wp-content\/uploads\/2025\/05\/Strawberry-Mango-1.webp","type":"image\/webp"}],"twitter_card":"summary_large_image","twitter_misc":{"Est. reading time":"2 minutes"},"schema":{"@context":"https:\/\/schema.org","@graph":[{"@type":"WebPage","@id":"https:\/\/vapingnet.de\/vape\/bang-box-12000-puff-strawberry-mango-ready-fuer-dein-weekend\/","url":"https:\/\/vapingnet.de\/vape\/bang-box-12000-puff-strawberry-mango-ready-fuer-dein-weekend\/","name":"Bang Box 12000 Puff Strawberry Mango Ready f\u00fcr dein Weekend | Vapingnet.de","isPartOf":{"@id":"https:\/\/vapingnet.de\/#website"},"primaryImageOfPage":{"@id":"https:\/\/vapingnet.de\/vape\/bang-box-12000-puff-strawberry-mango-ready-fuer-dein-weekend\/#primaryimage"},"image":{"@id":"https:\/\/vapingnet.de\/vape\/bang-box-12000-puff-strawberry-mango-ready-fuer-dein-weekend\/#primaryimage"},"thumbnailUrl":"https:\/\/vapingnet.de\/wp-content\/uploads\/2025\/05\/Strawberry-Mango-1.webp","datePublished":"2025-05-26T03:38:25+00:00","dateModified":"2025-06-19T03:39:21+00:00","description":"Entdecke Bang Box 12000 Puff Strawberry Mango Ready f\u00fcr dein Weekend bei vapingnet.de, \u25ba Gro\u00dfe Auswahl an Geschmacksrichtungen & super g\u00fcnstig!","breadcrumb":{"@id":"https:\/\/vapingnet.de\/vape\/bang-box-12000-puff-strawberry-mango-ready-fuer-dein-weekend\/#breadcrumb"},"inLanguage":"sk-SK","potentialAction":[{"@type":"ReadAction","target":["https:\/\/vapingnet.de\/vape\/bang-box-12000-puff-strawberry-mango-ready-fuer-dein-weekend\/"]}]},{"@type":"ImageObject","inLanguage":"sk-SK","@id":"https:\/\/vapingnet.de\/vape\/bang-box-12000-puff-strawberry-mango-ready-fuer-dein-weekend\/#primaryimage","url":"https:\/\/vapingnet.de\/wp-content\/uploads\/2025\/05\/Strawberry-Mango-1.webp","contentUrl":"https:\/\/vapingnet.de\/wp-content\/uploads\/2025\/05\/Strawberry-Mango-1.webp","width":1000,"height":1000},{"@type":"BreadcrumbList","@id":"https:\/\/vapingnet.de\/vape\/bang-box-12000-puff-strawberry-mango-ready-fuer-dein-weekend\/#breadcrumb","itemListElement":[{"@type":"ListItem","position":1,"name":"Home","item":"https:\/\/vapingnet.de\/"},{"@type":"ListItem","position":2,"name":"Shop","item":"https:\/\/vapingnet.de\/vape\/"},{"@type":"ListItem","position":3,"name":"Bang Box 12000 Puff Strawberry Mango Ready f\u00fcr dein Weekend"}]},{"@type":"WebSite","@id":"https:\/\/vapingnet.de\/#website","url":"https:\/\/vapingnet.de\/","name":"Vapingnet.de","description":"","publisher":{"@id":"https:\/\/vapingnet.de\/#organization"},"potentialAction":[{"@type":"SearchAction","target":{"@type":"EntryPoint","urlTemplate":"https:\/\/vapingnet.de\/?s={search_term_string}"},"query-input":{"@type":"PropertyValueSpecification","valueRequired":true,"valueName":"search_term_string"}}],"inLanguage":"sk-SK"},{"@type":"Organization","@id":"https:\/\/vapingnet.de\/#organization","name":"Vapingnet.de","url":"https:\/\/vapingnet.de\/","logo":{"@type":"ImageObject","inLanguage":"sk-SK","@id":"https:\/\/vapingnet.de\/#\/schema\/logo\/image\/","url":"https:\/\/vapingnet.de\/wp-content\/uploads\/2025\/03\/cropped-vapingnet.de_.jpg","contentUrl":"https:\/\/vapingnet.de\/wp-content\/uploads\/2025\/03\/cropped-vapingnet.de_.jpg","width":512,"height":512,"caption":"Vapingnet.de"},"image":{"@id":"https:\/\/vapingnet.de\/#\/schema\/logo\/image\/"},"sameAs":["https:\/\/www.facebook.com\/vapingnetde\/"]}]}},"tiered_pricing_type":"fixed","tiered_pricing_fixed_rules":{"10":"7.31","60":"6.58","110":"5.85","200":"5.12"},"tiered_pricing_product_settings":{"layout":"default","base_unit_name":{"singular":null,"plural":null},"default_variation":null},"tiered_pricing_minimum_quantity":null,"tiered_pricing_roles_data":[],"tiered_pricing_percentage_rules":[],"_links":{"self":[{"href":"https:\/\/vapingnet.de\/sk\/wp-json\/wp\/v2\/product\/6946","targetHints":{"allow":["GET"]}}],"collection":[{"href":"https:\/\/vapingnet.de\/sk\/wp-json\/wp\/v2\/product"}],"about":[{"href":"https:\/\/vapingnet.de\/sk\/wp-json\/wp\/v2\/types\/product"}],"version-history":[{"count":3,"href":"https:\/\/vapingnet.de\/sk\/wp-json\/wp\/v2\/product\/6946\/revisions"}],"predecessor-version":[{"id":6951,"href":"https:\/\/vapingnet.de\/sk\/wp-json\/wp\/v2\/product\/6946\/revisions\/6951"}],"wp:featuredmedia":[{"embeddable":true,"href":"https:\/\/vapingnet.de\/sk\/wp-json\/wp\/v2\/media\/6947"}],"wp:attachment":[{"href":"https:\/\/vapingnet.de\/sk\/wp-json\/wp\/v2\/media?parent=6946"}],"wp:term":[{"taxonomy":"brand","embeddable":true,"href":"https:\/\/vapingnet.de\/sk\/wp-json\/wp\/v2\/etheme_brands?post=6946"},{"taxonomy":"product_brand","embeddable":true,"href":"https:\/\/vapingnet.de\/sk\/wp-json\/wp\/v2\/product_brand?post=6946"},{"taxonomy":"product_cat","embeddable":true,"href":"https:\/\/vapingnet.de\/sk\/wp-json\/wp\/v2\/product_cat?post=6946"},{"taxonomy":"product_tag","embeddable":true,"href":"https:\/\/vapingnet.de\/sk\/wp-json\/wp\/v2\/product_tag?post=6946"}],"curies":[{"name":"wp","href":"https:\/\/api.w.org\/{rel}","templated":true}]}}