{"id":6952,"date":"2025-05-26T03:44:07","date_gmt":"2025-05-26T03:44:07","guid":{"rendered":"https:\/\/vapingnet.de\/?post_type=product&#038;p=6952"},"modified":"2025-06-19T03:39:21","modified_gmt":"2025-06-19T03:39:21","slug":"geniesse-12000-puff-mit-strawberry-juice-vom-bang-box-disposable","status":"publish","type":"product","link":"https:\/\/vapingnet.de\/sk\/vape\/geniesse-12000-puff-mit-strawberry-juice-vom-bang-box-disposable\/","title":{"rendered":"U\u017eite si 12000 Pufov s Jahodovou \u0160\u0165avou z Bang Box Jednorazov\u00e9ho"},"content":{"rendered":"<h2 data-start=\"92\" data-end=\"174\">V\u00e1\u0161e\u0148 pre jahodov\u00fa \u0161\u0165avu v ka\u017edom \u0165ahu \u2013 Bang Box 12000 Puff Vape v centre pozornosti<\/h2>\n<p data-start=\"176\" data-end=\"482\" data-immersive-translate-walked=\"124614d6-6d68-4e16-9487-3b94686f4a79\" data-immersive-translate-paragraph=\"1\">Ak pri vapovan\u00ed kladie\u0161 d\u00f4raz na bohat\u00fa chu\u0165, modern\u00fa technol\u00f3giu a v\u00fdnimo\u010dn\u00fd v\u00fdkon, ur\u010dite by si mal spozna\u0165 Bang Box 12000 Puff. T\u00e1to jednorazov\u00e1 e-cigareta sp\u00e1ja intenz\u00edvnu ar\u00f3mu s elegantn\u00fdm dizajnom \u2013 pre vapovacie z\u00e1\u017eitky, na ktor\u00e9 nezabudne\u0161 tak \u013eahko.<\/p>\n<h3 data-start=\"489\" data-end=\"538\" data-immersive-translate-walked=\"124614d6-6d68-4e16-9487-3b94686f4a79\">\u010co rob\u00ed Bang Box 12000 tak v\u00fdnimo\u010dnou?<\/h3>\n<p data-start=\"540\" data-end=\"970\" data-immersive-translate-walked=\"124614d6-6d68-4e16-9487-3b94686f4a79\" data-immersive-translate-paragraph=\"1\">S p\u00f4sobiv\u00fdmi 12 000 \u0165ahmi pon\u00faka Bang Box mimoriadne dlh\u00fd z\u00e1\u017eitok z pou\u017e\u00edvania \u2013 ide\u00e1lny pre \u010dast\u00fdch vapova\u010dov alebo ako spo\u013eahliv\u00fd spolo\u010dn\u00edk na cest\u00e1ch. Na rozdiel od mnoh\u00fdch klasick\u00fdch jednorazov\u00fdch modelov je vybaven\u00e1 bat\u00e9riou s kapacitou 650mAh, ktor\u00fa je mo\u017en\u00e9 pohodlne dob\u00edja\u0165 cez modern\u00fd port Type-C. Tak\u017ee jednorazov\u00e1 nie je rovnak\u00e1 ako vyhodenie \u2013 plus z h\u013eadiska udr\u017eate\u013enosti a pohodlia.<\/p>\n<p data-start=\"972\" data-end=\"1180\" data-immersive-translate-walked=\"124614d6-6d68-4e16-9487-3b94686f4a79\" data-immersive-translate-paragraph=\"1\">Integrovan\u00fd mesh cievka s odporom 0,8 Ohm zabezpe\u010duje rovnomern\u00e9 rozlo\u017eenie tepla, intenz\u00edvnu chu\u0165 a hust\u00fd, jemn\u00fd dym. Ka\u017ed\u00e9 vdychovanie sa st\u00e1va pln\u00fdm z\u00e1\u017eitkom z ar\u00f3my \u2013 kon\u0161tantne a\u017e po posledn\u00fd \u0165ah.<\/p>\n<h4 data-start=\"1187\" data-end=\"1225\" data-immersive-translate-walked=\"124614d6-6d68-4e16-9487-3b94686f4a79\">Chu\u0165: Strawberry Juice<\/h4>\n<p data-start=\"1227\" data-end=\"1486\" data-immersive-translate-walked=\"124614d6-6d68-4e16-9487-3b94686f4a79\" data-immersive-translate-paragraph=\"1\">Skuto\u010dn\u00fdm vrcholom je odroda Strawberry Juice \u2013 \u0161\u0165avnat\u00e1, sladk\u00e1 a pritom n\u00e1dherne osvie\u017euj\u00faca. T\u00e1to chu\u0165 pripom\u00edna \u010derstvo vylisovan\u00fa jahodov\u00fa \u0161\u0165avu, s jemnou ovocnou notou a \u013eahkou sladkos\u0165ou, ktor\u00e1 nie je ani pr\u00edli\u0161 umel\u00e1, ani \u0165a\u017ek\u00e1.<\/p>\n<p data-start=\"1488\" data-end=\"1673\" data-immersive-translate-walked=\"124614d6-6d68-4e16-9487-3b94686f4a79\" data-immersive-translate-paragraph=\"1\">Pri v\u00fddychu zost\u00e1va na jazyku pr\u00edjemn\u00e1 dochu\u0165, ktor\u00e1 v\u00e1s l\u00e1ka na \u010fal\u0161\u00ed \u0165ah. Pre milovn\u00edkov ovocn\u00fdch vapov je Strawberry Juice skuto\u010dnou must-try z\u00e1le\u017eitos\u0165ou.<\/p>\n<h4 data-start=\"1680\" data-end=\"1721\" data-immersive-translate-walked=\"124614d6-6d68-4e16-9487-3b94686f4a79\">\u010eal\u0161ie vrcholy na preh\u013ead<\/h4>\n<ul data-start=\"1723\" data-end=\"2118\" data-immersive-translate-walked=\"124614d6-6d68-4e16-9487-3b94686f4a79\">\n<li data-start=\"1723\" data-end=\"1804\" data-immersive-translate-walked=\"124614d6-6d68-4e16-9487-3b94686f4a79\">\n<p data-start=\"1725\" data-end=\"1804\" data-immersive-translate-walked=\"124614d6-6d68-4e16-9487-3b94686f4a79\" data-immersive-translate-paragraph=\"1\">20ml e-liquid: \u0160tedr\u00e1 kapacita pre dlh\u00e9 a kon\u0161tantn\u00e9 ar\u00f3ma z\u00e1\u017eitky<\/p>\n<\/li>\n<li data-start=\"1805\" data-end=\"1886\" data-immersive-translate-walked=\"124614d6-6d68-4e16-9487-3b94686f4a79\">\n<p data-start=\"1807\" data-end=\"1886\" data-immersive-translate-walked=\"124614d6-6d68-4e16-9487-3b94686f4a79\" data-immersive-translate-paragraph=\"1\">Obsah nikot\u00ednu: K dispoz\u00edcii s 2 % alebo 5 %, pod\u013ea individu\u00e1lnych preferenci\u00ed<\/p>\n<\/li>\n<li data-start=\"1887\" data-end=\"1951\" data-immersive-translate-walked=\"124614d6-6d68-4e16-9487-3b94686f4a79\">\n<p data-start=\"1889\" data-end=\"1951\" data-immersive-translate-walked=\"124614d6-6d68-4e16-9487-3b94686f4a79\" data-immersive-translate-paragraph=\"1\">Hmotnos\u0165: 85g \u2013 \u013eahk\u00e1 a kompaktn\u00e1, ide\u00e1lna na cestovanie<\/p>\n<\/li>\n<li data-start=\"1952\" data-end=\"2038\" data-immersive-translate-walked=\"124614d6-6d68-4e16-9487-3b94686f4a79\">\n<p data-start=\"1954\" data-end=\"2038\" data-immersive-translate-walked=\"124614d6-6d68-4e16-9487-3b94686f4a79\" data-immersive-translate-paragraph=\"1\">LED farebn\u00e9 svetlo: Vytv\u00e1ra vizu\u00e1lne akcenty a \u0161t\u00fdlovo ukazuje prev\u00e1dzkov\u00fd stav<\/p>\n<\/li>\n<li data-start=\"2039\" data-end=\"2118\" data-immersive-translate-walked=\"124614d6-6d68-4e16-9487-3b94686f4a79\">\n<p data-start=\"2041\" data-end=\"2118\" data-immersive-translate-walked=\"124614d6-6d68-4e16-9487-3b94686f4a79\" data-immersive-translate-paragraph=\"1\">Pripraven\u00e9 na pou\u017eitie: \u017diadne dop\u013a\u0148anie, \u017eiadne nastavovanie \u2013 vybal\u00ed\u0161 a ide\u0161<\/p>\n<\/li>\n<\/ul>\n<h4 data-start=\"2125\" data-end=\"2137\" data-immersive-translate-walked=\"124614d6-6d68-4e16-9487-3b94686f4a79\">Viac ne\u017e len jednorazov\u00e1 vaporiz\u00e9r \u2013 Test v ka\u017edodennom \u017eivote Bang Box<\/h4>\n<p data-start=\"2139\" data-end=\"2387\" data-immersive-translate-walked=\"124614d6-6d68-4e16-9487-3b94686f4a79\" data-immersive-translate-paragraph=\"1\">Bang Box 12000 Puff je ide\u00e1lnym mixom \u0161t\u00fdlu, funkcie a chuti. Sp\u00e1ja modern\u00fa technol\u00f3giu s jednoduch\u00fdm ovl\u00e1dan\u00edm a poskytuje mimoriadne intenz\u00edvny vapovacie z\u00e1\u017eitky \u2013 ide\u00e1lne pre t\u00fdch, ktor\u00ed od svojej vapovacej sk\u00fasenosti o\u010dak\u00e1vaj\u00fa viac.<\/p>\n<p data-start=\"2389\" data-end=\"2580\" data-immersive-translate-walked=\"124614d6-6d68-4e16-9487-3b94686f4a79\" data-immersive-translate-paragraph=\"1\">\u010ci u\u017e na cest\u00e1ch alebo doma, ako denn\u00e1 vapovacia alebo ovocn\u00e1 zmena, kto miluje Strawberry Juice a kladie d\u00f4raz na spo\u013eahliv\u00fa kvalitu, bude nad\u0161en\u00fd z Bang Box.<\/p>","protected":false},"excerpt":{"rendered":"<p>Pote\u0161enie z jahodov\u00e9ho d\u017e\u00fasu pri ka\u017edom potiahnut\u00ed \u2013 Zameranie na Bang Box 12000 Puff Vape Ak pri vapovan\u00ed h\u013ead\u00e1te bohat\u00fa chu\u0165, modern\u00fa technol\u00f3giu a...<\/p>","protected":false},"featured_media":6959,"template":"","meta":[],"etheme_brands":[],"product_brand":[101],"product_cat":[88],"product_tag":[],"class_list":{"0":"post-6952","1":"product","2":"type-product","3":"status-publish","4":"has-post-thumbnail","6":"product_brand-bang-king-vape","7":"product_cat-12k-vape","9":"first","10":"instock","11":"shipping-taxable","12":"purchasable","13":"product-type-simple"},"yoast_head":"<!-- This site is optimized with the Yoast SEO plugin v26.5 - https:\/\/yoast.com\/wordpress\/plugins\/seo\/ -->\n<title>Genie\u00dfe 12000 Puff mit Strawberry Juice vom Bang Box Disposable | Vapingnet.de<\/title>\n<meta name=\"description\" content=\"Entdecke Genie\u00dfe 12000 Puff mit Strawberry Juice vom Bang Box Disposable bei vapingnet.de, \u25ba Gro\u00dfe Auswahl an Geschmacksrichtungen &amp; super g\u00fcnstig!\" \/>\n<meta name=\"robots\" content=\"index, follow, max-snippet:-1, max-image-preview:large, max-video-preview:-1\" \/>\n<link rel=\"canonical\" href=\"https:\/\/vapingnet.de\/sk\/vape\/geniesse-12000-puff-mit-strawberry-juice-vom-bang-box-disposable\/\" \/>\n<meta property=\"og:locale\" content=\"sk_SK\" \/>\n<meta property=\"og:type\" content=\"article\" \/>\n<meta property=\"og:title\" content=\"Genie\u00dfe 12000 Puff mit Strawberry Juice vom Bang Box Disposable | Vapingnet.de\" \/>\n<meta property=\"og:description\" content=\"Entdecke Genie\u00dfe 12000 Puff mit Strawberry Juice vom Bang Box Disposable bei vapingnet.de, \u25ba Gro\u00dfe Auswahl an Geschmacksrichtungen &amp; super g\u00fcnstig!\" \/>\n<meta property=\"og:url\" content=\"https:\/\/vapingnet.de\/sk\/vape\/geniesse-12000-puff-mit-strawberry-juice-vom-bang-box-disposable\/\" \/>\n<meta property=\"og:site_name\" content=\"Vapingnet.de\" \/>\n<meta property=\"article:publisher\" content=\"https:\/\/www.facebook.com\/vapingnetde\/\" \/>\n<meta property=\"article:modified_time\" content=\"2025-06-19T03:39:21+00:00\" \/>\n<meta property=\"og:image\" content=\"https:\/\/vapingnet.de\/wp-content\/uploads\/2025\/05\/Strawberry-Juice.webp\" \/>\n\t<meta property=\"og:image:width\" content=\"1000\" \/>\n\t<meta property=\"og:image:height\" content=\"1000\" \/>\n\t<meta property=\"og:image:type\" content=\"image\/webp\" \/>\n<meta name=\"twitter:card\" content=\"summary_large_image\" \/>\n<meta name=\"twitter:label1\" content=\"Est. reading time\" \/>\n\t<meta name=\"twitter:data1\" content=\"3 minutes\" \/>\n<script type=\"application\/ld+json\" class=\"yoast-schema-graph\">{\"@context\":\"https:\/\/schema.org\",\"@graph\":[{\"@type\":\"WebPage\",\"@id\":\"https:\/\/vapingnet.de\/vape\/geniesse-12000-puff-mit-strawberry-juice-vom-bang-box-disposable\/\",\"url\":\"https:\/\/vapingnet.de\/vape\/geniesse-12000-puff-mit-strawberry-juice-vom-bang-box-disposable\/\",\"name\":\"Genie\u00dfe 12000 Puff mit Strawberry Juice vom Bang Box Disposable | Vapingnet.de\",\"isPartOf\":{\"@id\":\"https:\/\/vapingnet.de\/#website\"},\"primaryImageOfPage\":{\"@id\":\"https:\/\/vapingnet.de\/vape\/geniesse-12000-puff-mit-strawberry-juice-vom-bang-box-disposable\/#primaryimage\"},\"image\":{\"@id\":\"https:\/\/vapingnet.de\/vape\/geniesse-12000-puff-mit-strawberry-juice-vom-bang-box-disposable\/#primaryimage\"},\"thumbnailUrl\":\"https:\/\/vapingnet.de\/wp-content\/uploads\/2025\/05\/Strawberry-Juice.webp\",\"datePublished\":\"2025-05-26T03:44:07+00:00\",\"dateModified\":\"2025-06-19T03:39:21+00:00\",\"description\":\"Entdecke Genie\u00dfe 12000 Puff mit Strawberry Juice vom Bang Box Disposable bei vapingnet.de, \u25ba Gro\u00dfe Auswahl an Geschmacksrichtungen & super g\u00fcnstig!\",\"breadcrumb\":{\"@id\":\"https:\/\/vapingnet.de\/vape\/geniesse-12000-puff-mit-strawberry-juice-vom-bang-box-disposable\/#breadcrumb\"},\"inLanguage\":\"sk-SK\",\"potentialAction\":[{\"@type\":\"ReadAction\",\"target\":[\"https:\/\/vapingnet.de\/vape\/geniesse-12000-puff-mit-strawberry-juice-vom-bang-box-disposable\/\"]}]},{\"@type\":\"ImageObject\",\"inLanguage\":\"sk-SK\",\"@id\":\"https:\/\/vapingnet.de\/vape\/geniesse-12000-puff-mit-strawberry-juice-vom-bang-box-disposable\/#primaryimage\",\"url\":\"https:\/\/vapingnet.de\/wp-content\/uploads\/2025\/05\/Strawberry-Juice.webp\",\"contentUrl\":\"https:\/\/vapingnet.de\/wp-content\/uploads\/2025\/05\/Strawberry-Juice.webp\",\"width\":1000,\"height\":1000},{\"@type\":\"BreadcrumbList\",\"@id\":\"https:\/\/vapingnet.de\/vape\/geniesse-12000-puff-mit-strawberry-juice-vom-bang-box-disposable\/#breadcrumb\",\"itemListElement\":[{\"@type\":\"ListItem\",\"position\":1,\"name\":\"Home\",\"item\":\"https:\/\/vapingnet.de\/\"},{\"@type\":\"ListItem\",\"position\":2,\"name\":\"Shop\",\"item\":\"https:\/\/vapingnet.de\/vape\/\"},{\"@type\":\"ListItem\",\"position\":3,\"name\":\"Genie\u00dfe 12000 Puff mit Strawberry Juice vom Bang Box Disposable\"}]},{\"@type\":\"WebSite\",\"@id\":\"https:\/\/vapingnet.de\/#website\",\"url\":\"https:\/\/vapingnet.de\/\",\"name\":\"Vapingnet.de\",\"description\":\"\",\"publisher\":{\"@id\":\"https:\/\/vapingnet.de\/#organization\"},\"potentialAction\":[{\"@type\":\"SearchAction\",\"target\":{\"@type\":\"EntryPoint\",\"urlTemplate\":\"https:\/\/vapingnet.de\/?s={search_term_string}\"},\"query-input\":{\"@type\":\"PropertyValueSpecification\",\"valueRequired\":true,\"valueName\":\"search_term_string\"}}],\"inLanguage\":\"sk-SK\"},{\"@type\":\"Organization\",\"@id\":\"https:\/\/vapingnet.de\/#organization\",\"name\":\"Vapingnet.de\",\"url\":\"https:\/\/vapingnet.de\/\",\"logo\":{\"@type\":\"ImageObject\",\"inLanguage\":\"sk-SK\",\"@id\":\"https:\/\/vapingnet.de\/#\/schema\/logo\/image\/\",\"url\":\"https:\/\/vapingnet.de\/wp-content\/uploads\/2025\/03\/cropped-vapingnet.de_.jpg\",\"contentUrl\":\"https:\/\/vapingnet.de\/wp-content\/uploads\/2025\/03\/cropped-vapingnet.de_.jpg\",\"width\":512,\"height\":512,\"caption\":\"Vapingnet.de\"},\"image\":{\"@id\":\"https:\/\/vapingnet.de\/#\/schema\/logo\/image\/\"},\"sameAs\":[\"https:\/\/www.facebook.com\/vapingnetde\/\"]}]}<\/script>\n<!-- \/ Yoast SEO plugin. -->","yoast_head_json":{"title":"Genie\u00dfe 12000 Puff mit Strawberry Juice vom Bang Box Disposable | Vapingnet.de","description":"Entdecke Genie\u00dfe 12000 Puff mit Strawberry Juice vom Bang Box Disposable bei vapingnet.de, \u25ba Gro\u00dfe Auswahl an Geschmacksrichtungen & super g\u00fcnstig!","robots":{"index":"index","follow":"follow","max-snippet":"max-snippet:-1","max-image-preview":"max-image-preview:large","max-video-preview":"max-video-preview:-1"},"canonical":"https:\/\/vapingnet.de\/sk\/vape\/geniesse-12000-puff-mit-strawberry-juice-vom-bang-box-disposable\/","og_locale":"sk_SK","og_type":"article","og_title":"Genie\u00dfe 12000 Puff mit Strawberry Juice vom Bang Box Disposable | Vapingnet.de","og_description":"Entdecke Genie\u00dfe 12000 Puff mit Strawberry Juice vom Bang Box Disposable bei vapingnet.de, \u25ba Gro\u00dfe Auswahl an Geschmacksrichtungen & super g\u00fcnstig!","og_url":"https:\/\/vapingnet.de\/sk\/vape\/geniesse-12000-puff-mit-strawberry-juice-vom-bang-box-disposable\/","og_site_name":"Vapingnet.de","article_publisher":"https:\/\/www.facebook.com\/vapingnetde\/","article_modified_time":"2025-06-19T03:39:21+00:00","og_image":[{"width":1000,"height":1000,"url":"https:\/\/vapingnet.de\/wp-content\/uploads\/2025\/05\/Strawberry-Juice.webp","type":"image\/webp"}],"twitter_card":"summary_large_image","twitter_misc":{"Est. reading time":"3 minutes"},"schema":{"@context":"https:\/\/schema.org","@graph":[{"@type":"WebPage","@id":"https:\/\/vapingnet.de\/vape\/geniesse-12000-puff-mit-strawberry-juice-vom-bang-box-disposable\/","url":"https:\/\/vapingnet.de\/vape\/geniesse-12000-puff-mit-strawberry-juice-vom-bang-box-disposable\/","name":"Genie\u00dfe 12000 Puff mit Strawberry Juice vom Bang Box Disposable | Vapingnet.de","isPartOf":{"@id":"https:\/\/vapingnet.de\/#website"},"primaryImageOfPage":{"@id":"https:\/\/vapingnet.de\/vape\/geniesse-12000-puff-mit-strawberry-juice-vom-bang-box-disposable\/#primaryimage"},"image":{"@id":"https:\/\/vapingnet.de\/vape\/geniesse-12000-puff-mit-strawberry-juice-vom-bang-box-disposable\/#primaryimage"},"thumbnailUrl":"https:\/\/vapingnet.de\/wp-content\/uploads\/2025\/05\/Strawberry-Juice.webp","datePublished":"2025-05-26T03:44:07+00:00","dateModified":"2025-06-19T03:39:21+00:00","description":"Entdecke Genie\u00dfe 12000 Puff mit Strawberry Juice vom Bang Box Disposable bei vapingnet.de, \u25ba Gro\u00dfe Auswahl an Geschmacksrichtungen & super g\u00fcnstig!","breadcrumb":{"@id":"https:\/\/vapingnet.de\/vape\/geniesse-12000-puff-mit-strawberry-juice-vom-bang-box-disposable\/#breadcrumb"},"inLanguage":"sk-SK","potentialAction":[{"@type":"ReadAction","target":["https:\/\/vapingnet.de\/vape\/geniesse-12000-puff-mit-strawberry-juice-vom-bang-box-disposable\/"]}]},{"@type":"ImageObject","inLanguage":"sk-SK","@id":"https:\/\/vapingnet.de\/vape\/geniesse-12000-puff-mit-strawberry-juice-vom-bang-box-disposable\/#primaryimage","url":"https:\/\/vapingnet.de\/wp-content\/uploads\/2025\/05\/Strawberry-Juice.webp","contentUrl":"https:\/\/vapingnet.de\/wp-content\/uploads\/2025\/05\/Strawberry-Juice.webp","width":1000,"height":1000},{"@type":"BreadcrumbList","@id":"https:\/\/vapingnet.de\/vape\/geniesse-12000-puff-mit-strawberry-juice-vom-bang-box-disposable\/#breadcrumb","itemListElement":[{"@type":"ListItem","position":1,"name":"Home","item":"https:\/\/vapingnet.de\/"},{"@type":"ListItem","position":2,"name":"Shop","item":"https:\/\/vapingnet.de\/vape\/"},{"@type":"ListItem","position":3,"name":"Genie\u00dfe 12000 Puff mit Strawberry Juice vom Bang Box Disposable"}]},{"@type":"WebSite","@id":"https:\/\/vapingnet.de\/#website","url":"https:\/\/vapingnet.de\/","name":"Vapingnet.de","description":"","publisher":{"@id":"https:\/\/vapingnet.de\/#organization"},"potentialAction":[{"@type":"SearchAction","target":{"@type":"EntryPoint","urlTemplate":"https:\/\/vapingnet.de\/?s={search_term_string}"},"query-input":{"@type":"PropertyValueSpecification","valueRequired":true,"valueName":"search_term_string"}}],"inLanguage":"sk-SK"},{"@type":"Organization","@id":"https:\/\/vapingnet.de\/#organization","name":"Vapingnet.de","url":"https:\/\/vapingnet.de\/","logo":{"@type":"ImageObject","inLanguage":"sk-SK","@id":"https:\/\/vapingnet.de\/#\/schema\/logo\/image\/","url":"https:\/\/vapingnet.de\/wp-content\/uploads\/2025\/03\/cropped-vapingnet.de_.jpg","contentUrl":"https:\/\/vapingnet.de\/wp-content\/uploads\/2025\/03\/cropped-vapingnet.de_.jpg","width":512,"height":512,"caption":"Vapingnet.de"},"image":{"@id":"https:\/\/vapingnet.de\/#\/schema\/logo\/image\/"},"sameAs":["https:\/\/www.facebook.com\/vapingnetde\/"]}]}},"tiered_pricing_type":"fixed","tiered_pricing_fixed_rules":{"10":"7.31","60":"6.58","110":"5.85","200":"5.12"},"tiered_pricing_product_settings":{"layout":"default","base_unit_name":{"singular":null,"plural":null},"default_variation":null},"tiered_pricing_minimum_quantity":null,"tiered_pricing_roles_data":[],"tiered_pricing_percentage_rules":[],"_links":{"self":[{"href":"https:\/\/vapingnet.de\/sk\/wp-json\/wp\/v2\/product\/6952","targetHints":{"allow":["GET"]}}],"collection":[{"href":"https:\/\/vapingnet.de\/sk\/wp-json\/wp\/v2\/product"}],"about":[{"href":"https:\/\/vapingnet.de\/sk\/wp-json\/wp\/v2\/types\/product"}],"version-history":[{"count":1,"href":"https:\/\/vapingnet.de\/sk\/wp-json\/wp\/v2\/product\/6952\/revisions"}],"predecessor-version":[{"id":6960,"href":"https:\/\/vapingnet.de\/sk\/wp-json\/wp\/v2\/product\/6952\/revisions\/6960"}],"wp:featuredmedia":[{"embeddable":true,"href":"https:\/\/vapingnet.de\/sk\/wp-json\/wp\/v2\/media\/6959"}],"wp:attachment":[{"href":"https:\/\/vapingnet.de\/sk\/wp-json\/wp\/v2\/media?parent=6952"}],"wp:term":[{"taxonomy":"brand","embeddable":true,"href":"https:\/\/vapingnet.de\/sk\/wp-json\/wp\/v2\/etheme_brands?post=6952"},{"taxonomy":"product_brand","embeddable":true,"href":"https:\/\/vapingnet.de\/sk\/wp-json\/wp\/v2\/product_brand?post=6952"},{"taxonomy":"product_cat","embeddable":true,"href":"https:\/\/vapingnet.de\/sk\/wp-json\/wp\/v2\/product_cat?post=6952"},{"taxonomy":"product_tag","embeddable":true,"href":"https:\/\/vapingnet.de\/sk\/wp-json\/wp\/v2\/product_tag?post=6952"}],"curies":[{"name":"wp","href":"https:\/\/api.w.org\/{rel}","templated":true}]}}