{"id":6953,"date":"2025-05-26T03:44:10","date_gmt":"2025-05-26T03:44:10","guid":{"rendered":"https:\/\/vapingnet.de\/?post_type=product&#038;p=6953"},"modified":"2025-06-19T03:39:21","modified_gmt":"2025-06-19T03:39:21","slug":"watermelon-bubble-gum-trifft-auf-bang-box-12000-puff-disposable-genuss","status":"publish","type":"product","link":"https:\/\/vapingnet.de\/sk\/vape\/watermelon-bubble-gum-trifft-auf-bang-box-12000-puff-disposable-genuss\/","title":{"rendered":"Watermelon Bubble Gum sa stret\u00e1va s Bang Box 12000 Pufov Jednorazov\u00fd p\u00f4\u017eitok"},"content":{"rendered":"<h2 data-start=\"85\" data-end=\"161\">Pre\u010do je Bang Box 12000 dokonalou jednorazovou e-cigarettou pre teba?<\/h2>\n<p data-start=\"206\" data-end=\"595\">Bang Box 12000 je vysokokvalitn\u00e1 <a href=\"https:\/\/vapingnet.de\/sk\/k\/einweg-e-zigarette\/\" target=\"_blank\" rel=\"noopener\"><strong>jednorazov\u00e1 e-cigareta<\/strong><\/a>, ktor\u00e1 bola navrhnut\u00e1 pre n\u00e1ro\u010dn\u00fdch vapera. Kombinuje \u0161t\u00fdlov\u00fd dizajn s najmodernej\u0161ou technol\u00f3giou a presved\u010d\u00ed a\u017e do 12 000 \u0165ahov \u2013 viac ne\u017e dos\u0165 na nieko\u013ekodenn\u00fd p\u00f4\u017eitok z parenia. Jej dob\u00edjate\u013en\u00fd syst\u00e9m ju odli\u0161uje od klasick\u00fdch jednorazov\u00fdch modelov a rob\u00ed z nej udr\u017eate\u013en\u00fa vo\u013ebu v oblasti vapingu.<\/p>\n<h4 data-start=\"602\" data-end=\"640\">\u010co ju technicky rob\u00ed v\u00fdnimo\u010dnou?<\/h4>\n<p data-start=\"642\" data-end=\"806\">Bang Box je ove\u013ea viac ne\u017e jednoduch\u00e1 jednorazov\u00e1 vaporiz\u00e9rka. Presved\u010d\u00ed technick\u00fdmi funkciami, ktor\u00e9 zvy\u010dajne n\u00e1jdete len pri profesion\u00e1lnych zariadeniach:<\/p>\n<ul data-start=\"808\" data-end=\"1320\">\n<li data-start=\"808\" data-end=\"887\">\n<p data-start=\"810\" data-end=\"887\">Type-C nab\u00edjac\u00ed port \u2013 umo\u017e\u0148uje r\u00fdchle a efekt\u00edvne dobitie<\/p>\n<\/li>\n<li data-start=\"888\" data-end=\"967\">\n<p data-start=\"890\" data-end=\"967\">650mAh bat\u00e9ria \u2013 zabezpe\u010duje kon\u0161tantn\u00fd v\u00fdkon pary aj pri dlhom pou\u017e\u00edvan\u00ed<\/p>\n<\/li>\n<li data-start=\"968\" data-end=\"1062\">\n<p data-start=\"970\" data-end=\"1062\">Ve\u013ek\u00e1 kapacita e-liquidu 20ml \u2013 pre intenz\u00edvny a dlhotrvaj\u00faci z\u00e1\u017eitok z chuti<\/p>\n<\/li>\n<li data-start=\"1063\" data-end=\"1160\">\n<p data-start=\"1065\" data-end=\"1160\">0,8 Ohm Mesh cievka \u2013 zaru\u010duje jemn\u00fa, rovnomern\u00fa paru s dokonal\u00fdm rozvinut\u00edm ar\u00f3m<\/p>\n<\/li>\n<li data-start=\"1161\" data-end=\"1242\">\n<p data-start=\"1163\" data-end=\"1242\">LED farebn\u00e9 svetlo pri \u0165ahu \u2013 modern\u00fd prvok pre \u0161t\u00fdlov\u00e9 parenie<\/p>\n<\/li>\n<li data-start=\"1243\" data-end=\"1320\">\n<p data-start=\"1245\" data-end=\"1320\">\u013dahk\u00e1 v\u00e1ha 85g \u2013 ide\u00e1lna na cestovanie, v ta\u0161ke takmer nepostrehnute\u013en\u00e1<\/p>\n<\/li>\n<\/ul>\n<h4 data-start=\"1327\" data-end=\"1372\"><img fetchpriority=\"high\" decoding=\"async\" class=\"size-full wp-image-6949 aligncenter\" src=\"https:\/\/vapingnet.de\/wp-content\/uploads\/2025\/05\/9563b0a8cb8b6cda1f6280cd978d050-scaled.jpg\" alt=\"\" width=\"2045\" height=\"2560\" srcset=\"https:\/\/vapingnet.de\/wp-content\/uploads\/2025\/05\/9563b0a8cb8b6cda1f6280cd978d050-scaled.jpg 2045w, https:\/\/vapingnet.de\/wp-content\/uploads\/2025\/05\/9563b0a8cb8b6cda1f6280cd978d050-240x300.jpg 240w, https:\/\/vapingnet.de\/wp-content\/uploads\/2025\/05\/9563b0a8cb8b6cda1f6280cd978d050-818x1024.jpg 818w, https:\/\/vapingnet.de\/wp-content\/uploads\/2025\/05\/9563b0a8cb8b6cda1f6280cd978d050-768x961.jpg 768w, https:\/\/vapingnet.de\/wp-content\/uploads\/2025\/05\/9563b0a8cb8b6cda1f6280cd978d050-1227x1536.jpg 1227w, https:\/\/vapingnet.de\/wp-content\/uploads\/2025\/05\/9563b0a8cb8b6cda1f6280cd978d050-1636x2048.jpg 1636w, https:\/\/vapingnet.de\/wp-content\/uploads\/2025\/05\/9563b0a8cb8b6cda1f6280cd978d050-600x751.jpg 600w, https:\/\/vapingnet.de\/wp-content\/uploads\/2025\/05\/9563b0a8cb8b6cda1f6280cd978d050-1x1.jpg 1w, https:\/\/vapingnet.de\/wp-content\/uploads\/2025\/05\/9563b0a8cb8b6cda1f6280cd978d050-8x10.jpg 8w\" sizes=\"(max-width: 2045px) 100vw, 2045px\" \/><\/h4>\n<h4 data-start=\"1327\" data-end=\"1372\">Ak\u00e9 nikot\u00ednov\u00e9 koncentr\u00e1cie s\u00fa k dispoz\u00edcii?<\/h4>\n<p data-start=\"1374\" data-end=\"1444\">Bang Box 12000 pon\u00faka flexibilitu pod\u013ea osobn\u00fdch preferenci\u00ed:<\/p>\n<ul data-start=\"1446\" data-end=\"1589\">\n<li data-start=\"1446\" data-end=\"1509\">\n<p data-start=\"1448\" data-end=\"1509\">2 % nikot\u00edn \u2013 pre jemn\u00fd, pr\u00edjemn\u00fd z\u00e1\u017eitok z parenia<\/p>\n<\/li>\n<li data-start=\"1510\" data-end=\"1589\">\n<p data-start=\"1512\" data-end=\"1589\">5 % nikot\u00edn \u2013 pre sk\u00fasen\u00fdch pou\u017e\u00edvate\u013eov, ktor\u00ed po\u017eaduj\u00fa intenz\u00edvnej\u0161\u00ed \u00fa\u010dinok<\/p>\n<\/li>\n<\/ul>\n<p data-start=\"1591\" data-end=\"1693\">Tieto mo\u017enosti robia Bang Box zauj\u00edmavou pre za\u010diato\u010dn\u00edkov aj dlhoro\u010dn\u00fdch vapera.<\/p>\n<h4 data-start=\"1700\" data-end=\"1749\">Ako chut\u00ed pr\u00edchu\u0165 Watermelon Bubble Gum?<\/h4>\n<p data-start=\"1751\" data-end=\"2129\">Watermelon Bubble Gum je hrav\u00e1, ale dokonale vyv\u00e1\u017een\u00e1 kombin\u00e1cia chut\u00ed. \u010cerstv\u00e1, \u0161\u0165avnat\u00e1 chu\u0165 mel\u00f3nu sa stret\u00e1va s sladkou, mierne kr\u00e9movou pozn\u00e1mkou klasick\u00e9ho \u017euva\u010dky. V\u00fdsledkom je aromaticky intenz\u00edvny z\u00e1\u017eitok, ktor\u00fd p\u00f4sob\u00ed nostalgicky aj modern\u00e9. Ka\u017ed\u00fd \u0165ah je ako kr\u00e1tka dovolenka v lete.<\/p>\n<h3>Pre koho je vhodn\u00e1 Bang Box 12000?<\/h3>\n<p data-start=\"2181\" data-end=\"2278\">Bang Box je vhodn\u00e1 pre v\u0161etk\u00fdch, ktor\u00ed h\u013eadaj\u00fa jednoduch\u00e9, ale kvalitn\u00e9 vape rie\u0161enie:<\/p>\n<ul data-start=\"2280\" data-end=\"2558\">\n<li data-start=\"2280\" data-end=\"2371\">\n<p data-start=\"2282\" data-end=\"2371\">Za\u010diato\u010dn\u00edci profituj\u00fa z jednoduch\u00e9ho ovl\u00e1dania bez zlo\u017eit\u00fdch nastaven\u00ed<\/p>\n<\/li>\n<li data-start=\"2372\" data-end=\"2478\">\n<p data-start=\"2374\" data-end=\"2478\">Sk\u00fasen\u00ed vaperi ocenia vysok\u00fd v\u00fdkon, ve\u013ek\u00e9 objemov\u00e9 mno\u017estvo tekutiny a op\u00e4tovn\u00fa nab\u00edjate\u013enos\u0165<\/p>\n<\/li>\n<li data-start=\"2479\" data-end=\"2558\">\n<p data-start=\"2481\" data-end=\"2558\">Po\u017eitk\u00e1ri si pr\u00eddu na svoje v\u010faka prepracovanej kombin\u00e1cii ar\u00f3m<\/p>\n<\/li>\n<\/ul>\n<p data-start=\"2560\" data-end=\"2654\">\u010ci u\u017e na cest\u00e1ch, doma alebo na p\u00e1rty \u2013 Bang Box je v\u017edy pripraven\u00e1 na pou\u017eitie a spo\u013eahliv\u00e1.<\/p>\n<h4>Stoj\u00ed Bang Box 12000 za to?<\/h4>\n<p data-start=\"2704\" data-end=\"3036\">Bang Box 12000 s pr\u00edchu\u0165ou Watermelon Bubble Gum je viac ne\u017e len jednorazov\u00e1 e-cigareta. Spojuje ka\u017edodenn\u00fa pou\u017eite\u013enos\u0165, chu\u0165ov\u00fa rafinovanos\u0165 a modern\u00fa technol\u00f3giu v kompaktnom form\u00e1te. Ak h\u013ead\u00e1te vape, ktor\u00fd vydr\u017e\u00ed dlho, m\u00e1 siln\u00fa chu\u0165 a je jednoduch\u00fd na ovl\u00e1danie, tu n\u00e1jdete ide\u00e1lne rie\u0161enie.<\/p>\n<p data-start=\"3038\" data-end=\"3121\">Nezbytnos\u0165 pre v\u0161etk\u00fdch, ktor\u00ed chc\u00fa nielen vychutn\u00e1va\u0165 si vapovanie, ale ho aj za\u017ei\u0165.<\/p>","protected":false},"excerpt":{"rendered":"<p>Warum ist die Bang Box 12000 die perfekte Einweg E Zigarette f\u00fcr dich? Die Bang Box 12000 ist eine hochwertige Einweg E Zigarette, die f\u00fcr&#8230;<\/p>","protected":false},"featured_media":6957,"template":"","meta":[],"etheme_brands":[],"product_brand":[101],"product_cat":[88],"product_tag":[],"class_list":{"0":"post-6953","1":"product","2":"type-product","3":"status-publish","4":"has-post-thumbnail","6":"product_brand-bang-king-vape","7":"product_cat-12k-vape","9":"first","10":"instock","11":"shipping-taxable","12":"purchasable","13":"product-type-simple"},"yoast_head":"<!-- This site is optimized with the Yoast SEO plugin v26.5 - https:\/\/yoast.com\/wordpress\/plugins\/seo\/ -->\n<title>Watermelon Bubble Gum trifft auf Bang Box 12000 Puff Disposable Genuss | Vapingnet.de<\/title>\n<meta name=\"description\" content=\"Entdecke Watermelon Bubble Gum trifft auf Bang Box 12000 Puff Disposable Genuss bei vapingnet.de, \u25ba Gro\u00dfe Auswahl an Geschmacksrichtungen &amp; super g\u00fcnstig!\" \/>\n<meta name=\"robots\" content=\"index, follow, max-snippet:-1, max-image-preview:large, max-video-preview:-1\" \/>\n<link rel=\"canonical\" href=\"https:\/\/vapingnet.de\/sk\/vape\/watermelon-bubble-gum-trifft-auf-bang-box-12000-puff-disposable-genuss\/\" \/>\n<meta property=\"og:locale\" content=\"sk_SK\" \/>\n<meta property=\"og:type\" content=\"article\" \/>\n<meta property=\"og:title\" content=\"Watermelon Bubble Gum trifft auf Bang Box 12000 Puff Disposable Genuss | Vapingnet.de\" \/>\n<meta property=\"og:description\" content=\"Entdecke Watermelon Bubble Gum trifft auf Bang Box 12000 Puff Disposable Genuss bei vapingnet.de, \u25ba Gro\u00dfe Auswahl an Geschmacksrichtungen &amp; super g\u00fcnstig!\" \/>\n<meta property=\"og:url\" content=\"https:\/\/vapingnet.de\/sk\/vape\/watermelon-bubble-gum-trifft-auf-bang-box-12000-puff-disposable-genuss\/\" \/>\n<meta property=\"og:site_name\" content=\"Vapingnet.de\" \/>\n<meta property=\"article:publisher\" content=\"https:\/\/www.facebook.com\/vapingnetde\/\" \/>\n<meta property=\"article:modified_time\" content=\"2025-06-19T03:39:21+00:00\" \/>\n<meta property=\"og:image\" content=\"https:\/\/vapingnet.de\/wp-content\/uploads\/2025\/05\/Watermelon-Bubble-Gum.webp\" \/>\n\t<meta property=\"og:image:width\" content=\"1000\" \/>\n\t<meta property=\"og:image:height\" content=\"1000\" \/>\n\t<meta property=\"og:image:type\" content=\"image\/webp\" \/>\n<meta name=\"twitter:card\" content=\"summary_large_image\" \/>\n<meta name=\"twitter:label1\" content=\"Est. reading time\" \/>\n\t<meta name=\"twitter:data1\" content=\"3 minutes\" \/>\n<script type=\"application\/ld+json\" class=\"yoast-schema-graph\">{\"@context\":\"https:\/\/schema.org\",\"@graph\":[{\"@type\":\"WebPage\",\"@id\":\"https:\/\/vapingnet.de\/vape\/watermelon-bubble-gum-trifft-auf-bang-box-12000-puff-disposable-genuss\/\",\"url\":\"https:\/\/vapingnet.de\/vape\/watermelon-bubble-gum-trifft-auf-bang-box-12000-puff-disposable-genuss\/\",\"name\":\"Watermelon Bubble Gum trifft auf Bang Box 12000 Puff Disposable Genuss | Vapingnet.de\",\"isPartOf\":{\"@id\":\"https:\/\/vapingnet.de\/#website\"},\"primaryImageOfPage\":{\"@id\":\"https:\/\/vapingnet.de\/vape\/watermelon-bubble-gum-trifft-auf-bang-box-12000-puff-disposable-genuss\/#primaryimage\"},\"image\":{\"@id\":\"https:\/\/vapingnet.de\/vape\/watermelon-bubble-gum-trifft-auf-bang-box-12000-puff-disposable-genuss\/#primaryimage\"},\"thumbnailUrl\":\"https:\/\/vapingnet.de\/wp-content\/uploads\/2025\/05\/Watermelon-Bubble-Gum.webp\",\"datePublished\":\"2025-05-26T03:44:10+00:00\",\"dateModified\":\"2025-06-19T03:39:21+00:00\",\"description\":\"Entdecke Watermelon Bubble Gum trifft auf Bang Box 12000 Puff Disposable Genuss bei vapingnet.de, \u25ba Gro\u00dfe Auswahl an Geschmacksrichtungen & super g\u00fcnstig!\",\"breadcrumb\":{\"@id\":\"https:\/\/vapingnet.de\/vape\/watermelon-bubble-gum-trifft-auf-bang-box-12000-puff-disposable-genuss\/#breadcrumb\"},\"inLanguage\":\"sk-SK\",\"potentialAction\":[{\"@type\":\"ReadAction\",\"target\":[\"https:\/\/vapingnet.de\/vape\/watermelon-bubble-gum-trifft-auf-bang-box-12000-puff-disposable-genuss\/\"]}]},{\"@type\":\"ImageObject\",\"inLanguage\":\"sk-SK\",\"@id\":\"https:\/\/vapingnet.de\/vape\/watermelon-bubble-gum-trifft-auf-bang-box-12000-puff-disposable-genuss\/#primaryimage\",\"url\":\"https:\/\/vapingnet.de\/wp-content\/uploads\/2025\/05\/Watermelon-Bubble-Gum.webp\",\"contentUrl\":\"https:\/\/vapingnet.de\/wp-content\/uploads\/2025\/05\/Watermelon-Bubble-Gum.webp\",\"width\":1000,\"height\":1000},{\"@type\":\"BreadcrumbList\",\"@id\":\"https:\/\/vapingnet.de\/vape\/watermelon-bubble-gum-trifft-auf-bang-box-12000-puff-disposable-genuss\/#breadcrumb\",\"itemListElement\":[{\"@type\":\"ListItem\",\"position\":1,\"name\":\"Home\",\"item\":\"https:\/\/vapingnet.de\/\"},{\"@type\":\"ListItem\",\"position\":2,\"name\":\"Shop\",\"item\":\"https:\/\/vapingnet.de\/vape\/\"},{\"@type\":\"ListItem\",\"position\":3,\"name\":\"Watermelon Bubble Gum trifft auf Bang Box 12000 Puff Disposable Genuss\"}]},{\"@type\":\"WebSite\",\"@id\":\"https:\/\/vapingnet.de\/#website\",\"url\":\"https:\/\/vapingnet.de\/\",\"name\":\"Vapingnet.de\",\"description\":\"\",\"publisher\":{\"@id\":\"https:\/\/vapingnet.de\/#organization\"},\"potentialAction\":[{\"@type\":\"SearchAction\",\"target\":{\"@type\":\"EntryPoint\",\"urlTemplate\":\"https:\/\/vapingnet.de\/?s={search_term_string}\"},\"query-input\":{\"@type\":\"PropertyValueSpecification\",\"valueRequired\":true,\"valueName\":\"search_term_string\"}}],\"inLanguage\":\"sk-SK\"},{\"@type\":\"Organization\",\"@id\":\"https:\/\/vapingnet.de\/#organization\",\"name\":\"Vapingnet.de\",\"url\":\"https:\/\/vapingnet.de\/\",\"logo\":{\"@type\":\"ImageObject\",\"inLanguage\":\"sk-SK\",\"@id\":\"https:\/\/vapingnet.de\/#\/schema\/logo\/image\/\",\"url\":\"https:\/\/vapingnet.de\/wp-content\/uploads\/2025\/03\/cropped-vapingnet.de_.jpg\",\"contentUrl\":\"https:\/\/vapingnet.de\/wp-content\/uploads\/2025\/03\/cropped-vapingnet.de_.jpg\",\"width\":512,\"height\":512,\"caption\":\"Vapingnet.de\"},\"image\":{\"@id\":\"https:\/\/vapingnet.de\/#\/schema\/logo\/image\/\"},\"sameAs\":[\"https:\/\/www.facebook.com\/vapingnetde\/\"]}]}<\/script>\n<!-- \/ Yoast SEO plugin. -->","yoast_head_json":{"title":"Watermelon Bubble Gum trifft auf Bang Box 12000 Puff Disposable Genuss | Vapingnet.de","description":"Entdecke Watermelon Bubble Gum trifft auf Bang Box 12000 Puff Disposable Genuss bei vapingnet.de, \u25ba Gro\u00dfe Auswahl an Geschmacksrichtungen & super g\u00fcnstig!","robots":{"index":"index","follow":"follow","max-snippet":"max-snippet:-1","max-image-preview":"max-image-preview:large","max-video-preview":"max-video-preview:-1"},"canonical":"https:\/\/vapingnet.de\/sk\/vape\/watermelon-bubble-gum-trifft-auf-bang-box-12000-puff-disposable-genuss\/","og_locale":"sk_SK","og_type":"article","og_title":"Watermelon Bubble Gum trifft auf Bang Box 12000 Puff Disposable Genuss | Vapingnet.de","og_description":"Entdecke Watermelon Bubble Gum trifft auf Bang Box 12000 Puff Disposable Genuss bei vapingnet.de, \u25ba Gro\u00dfe Auswahl an Geschmacksrichtungen & super g\u00fcnstig!","og_url":"https:\/\/vapingnet.de\/sk\/vape\/watermelon-bubble-gum-trifft-auf-bang-box-12000-puff-disposable-genuss\/","og_site_name":"Vapingnet.de","article_publisher":"https:\/\/www.facebook.com\/vapingnetde\/","article_modified_time":"2025-06-19T03:39:21+00:00","og_image":[{"width":1000,"height":1000,"url":"https:\/\/vapingnet.de\/wp-content\/uploads\/2025\/05\/Watermelon-Bubble-Gum.webp","type":"image\/webp"}],"twitter_card":"summary_large_image","twitter_misc":{"Est. reading time":"3 minutes"},"schema":{"@context":"https:\/\/schema.org","@graph":[{"@type":"WebPage","@id":"https:\/\/vapingnet.de\/vape\/watermelon-bubble-gum-trifft-auf-bang-box-12000-puff-disposable-genuss\/","url":"https:\/\/vapingnet.de\/vape\/watermelon-bubble-gum-trifft-auf-bang-box-12000-puff-disposable-genuss\/","name":"Watermelon Bubble Gum trifft auf Bang Box 12000 Puff Disposable Genuss | Vapingnet.de","isPartOf":{"@id":"https:\/\/vapingnet.de\/#website"},"primaryImageOfPage":{"@id":"https:\/\/vapingnet.de\/vape\/watermelon-bubble-gum-trifft-auf-bang-box-12000-puff-disposable-genuss\/#primaryimage"},"image":{"@id":"https:\/\/vapingnet.de\/vape\/watermelon-bubble-gum-trifft-auf-bang-box-12000-puff-disposable-genuss\/#primaryimage"},"thumbnailUrl":"https:\/\/vapingnet.de\/wp-content\/uploads\/2025\/05\/Watermelon-Bubble-Gum.webp","datePublished":"2025-05-26T03:44:10+00:00","dateModified":"2025-06-19T03:39:21+00:00","description":"Entdecke Watermelon Bubble Gum trifft auf Bang Box 12000 Puff Disposable Genuss bei vapingnet.de, \u25ba Gro\u00dfe Auswahl an Geschmacksrichtungen & super g\u00fcnstig!","breadcrumb":{"@id":"https:\/\/vapingnet.de\/vape\/watermelon-bubble-gum-trifft-auf-bang-box-12000-puff-disposable-genuss\/#breadcrumb"},"inLanguage":"sk-SK","potentialAction":[{"@type":"ReadAction","target":["https:\/\/vapingnet.de\/vape\/watermelon-bubble-gum-trifft-auf-bang-box-12000-puff-disposable-genuss\/"]}]},{"@type":"ImageObject","inLanguage":"sk-SK","@id":"https:\/\/vapingnet.de\/vape\/watermelon-bubble-gum-trifft-auf-bang-box-12000-puff-disposable-genuss\/#primaryimage","url":"https:\/\/vapingnet.de\/wp-content\/uploads\/2025\/05\/Watermelon-Bubble-Gum.webp","contentUrl":"https:\/\/vapingnet.de\/wp-content\/uploads\/2025\/05\/Watermelon-Bubble-Gum.webp","width":1000,"height":1000},{"@type":"BreadcrumbList","@id":"https:\/\/vapingnet.de\/vape\/watermelon-bubble-gum-trifft-auf-bang-box-12000-puff-disposable-genuss\/#breadcrumb","itemListElement":[{"@type":"ListItem","position":1,"name":"Home","item":"https:\/\/vapingnet.de\/"},{"@type":"ListItem","position":2,"name":"Shop","item":"https:\/\/vapingnet.de\/vape\/"},{"@type":"ListItem","position":3,"name":"Watermelon Bubble Gum trifft auf Bang Box 12000 Puff Disposable Genuss"}]},{"@type":"WebSite","@id":"https:\/\/vapingnet.de\/#website","url":"https:\/\/vapingnet.de\/","name":"Vapingnet.de","description":"","publisher":{"@id":"https:\/\/vapingnet.de\/#organization"},"potentialAction":[{"@type":"SearchAction","target":{"@type":"EntryPoint","urlTemplate":"https:\/\/vapingnet.de\/?s={search_term_string}"},"query-input":{"@type":"PropertyValueSpecification","valueRequired":true,"valueName":"search_term_string"}}],"inLanguage":"sk-SK"},{"@type":"Organization","@id":"https:\/\/vapingnet.de\/#organization","name":"Vapingnet.de","url":"https:\/\/vapingnet.de\/","logo":{"@type":"ImageObject","inLanguage":"sk-SK","@id":"https:\/\/vapingnet.de\/#\/schema\/logo\/image\/","url":"https:\/\/vapingnet.de\/wp-content\/uploads\/2025\/03\/cropped-vapingnet.de_.jpg","contentUrl":"https:\/\/vapingnet.de\/wp-content\/uploads\/2025\/03\/cropped-vapingnet.de_.jpg","width":512,"height":512,"caption":"Vapingnet.de"},"image":{"@id":"https:\/\/vapingnet.de\/#\/schema\/logo\/image\/"},"sameAs":["https:\/\/www.facebook.com\/vapingnetde\/"]}]}},"tiered_pricing_type":"fixed","tiered_pricing_fixed_rules":{"10":"7.31","60":"6.58","110":"5.85","200":"5.12"},"tiered_pricing_product_settings":{"layout":"default","base_unit_name":{"singular":null,"plural":null},"default_variation":null},"tiered_pricing_minimum_quantity":null,"tiered_pricing_roles_data":[],"tiered_pricing_percentage_rules":[],"_links":{"self":[{"href":"https:\/\/vapingnet.de\/sk\/wp-json\/wp\/v2\/product\/6953","targetHints":{"allow":["GET"]}}],"collection":[{"href":"https:\/\/vapingnet.de\/sk\/wp-json\/wp\/v2\/product"}],"about":[{"href":"https:\/\/vapingnet.de\/sk\/wp-json\/wp\/v2\/types\/product"}],"version-history":[{"count":2,"href":"https:\/\/vapingnet.de\/sk\/wp-json\/wp\/v2\/product\/6953\/revisions"}],"predecessor-version":[{"id":6961,"href":"https:\/\/vapingnet.de\/sk\/wp-json\/wp\/v2\/product\/6953\/revisions\/6961"}],"wp:featuredmedia":[{"embeddable":true,"href":"https:\/\/vapingnet.de\/sk\/wp-json\/wp\/v2\/media\/6957"}],"wp:attachment":[{"href":"https:\/\/vapingnet.de\/sk\/wp-json\/wp\/v2\/media?parent=6953"}],"wp:term":[{"taxonomy":"brand","embeddable":true,"href":"https:\/\/vapingnet.de\/sk\/wp-json\/wp\/v2\/etheme_brands?post=6953"},{"taxonomy":"product_brand","embeddable":true,"href":"https:\/\/vapingnet.de\/sk\/wp-json\/wp\/v2\/product_brand?post=6953"},{"taxonomy":"product_cat","embeddable":true,"href":"https:\/\/vapingnet.de\/sk\/wp-json\/wp\/v2\/product_cat?post=6953"},{"taxonomy":"product_tag","embeddable":true,"href":"https:\/\/vapingnet.de\/sk\/wp-json\/wp\/v2\/product_tag?post=6953"}],"curies":[{"name":"wp","href":"https:\/\/api.w.org\/{rel}","templated":true}]}}