{"id":6965,"date":"2025-05-26T06:42:31","date_gmt":"2025-05-26T06:42:31","guid":{"rendered":"https:\/\/vapingnet.de\/?post_type=product&#038;p=6965"},"modified":"2025-06-19T03:39:20","modified_gmt":"2025-06-19T03:39:20","slug":"so-schmeckt-freiheit-bang-box-12000-mit-sour-apple-raspberry","status":"publish","type":"product","link":"https:\/\/vapingnet.de\/sk\/vape\/so-schmeckt-freiheit-bang-box-12000-mit-sour-apple-raspberry\/","title":{"rendered":"Tak chut\u00ed sloboda Bang Box 12000 so Sour Apple Raspberry"},"content":{"rendered":"<h2 data-start=\"176\" data-end=\"248\" data-immersive-translate-walked=\"9ea83d9e-ce13-489c-9bf1-5cfb80e6869c\" data-immersive-translate-paragraph=\"1\">Jednorazov\u00e9 nie je rovnak\u00e9 ako jednorazov\u00e9 \u2013 \u010do rob\u00ed Bang Box 12000 inak<\/h2>\n<p data-start=\"250\" data-end=\"529\" data-immersive-translate-walked=\"9ea83d9e-ce13-489c-9bf1-5cfb80e6869c\" data-immersive-translate-paragraph=\"1\">Na rast\u00facom trhu jednorazov\u00fdch e-cigariet je \u0165a\u017ek\u00e9 rozpozna\u0165 skuto\u010dn\u00fa kvalitu. Mnoh\u00e9 modely na prv\u00fd poh\u013ead zaujm\u00fa atrakt\u00edvnym dizajnom alebo ve\u013ek\u00fdm objemom puffu, ale zlyh\u00e1vaj\u00fa v kvalite pary, konzistencii chuti alebo technickej spo\u013eahlivosti.<\/p>\n<p data-start=\"531\" data-end=\"821\" data-immersive-translate-walked=\"9ea83d9e-ce13-489c-9bf1-5cfb80e6869c\" data-immersive-translate-paragraph=\"1\">Bang Box 12000 Puff Disposable Vape prin\u00e1\u0161a \u010derstv\u00fd vietor do sc\u00e9ny \u2013 s premyslen\u00fdm konceptom, kde je ka\u017ed\u00fd detail prisp\u00f4soben\u00fd na optim\u00e1lny z\u00e1\u017eitok z vapovania. Kombinuje vysokov\u00fdkonn\u00fa technol\u00f3giu, modern\u00fd dizajn a zlo\u017eenie chuti, ktor\u00e9 nem\u00e1 konkurenciu.<\/p>\n<h4 data-start=\"828\" data-end=\"866\" data-immersive-translate-walked=\"9ea83d9e-ce13-489c-9bf1-5cfb80e6869c\" data-immersive-translate-paragraph=\"1\">Preh\u013ead technick\u00fdch \u0161pecifik\u00e1ci\u00ed<\/h4>\n<ul data-start=\"868\" data-end=\"1484\" data-immersive-translate-walked=\"9ea83d9e-ce13-489c-9bf1-5cfb80e6869c\">\n<li data-start=\"868\" data-end=\"959\" data-immersive-translate-walked=\"9ea83d9e-ce13-489c-9bf1-5cfb80e6869c\">\n<p data-start=\"870\" data-end=\"959\" data-immersive-translate-walked=\"9ea83d9e-ce13-489c-9bf1-5cfb80e6869c\" data-immersive-translate-paragraph=\"1\">Pripojenie na nab\u00edjanie: Type-C \u2013 modern\u00e9 r\u00fdchle nab\u00edjanie, jednoduch\u00e9 a v\u0161ade pou\u017eite\u013en\u00e9<\/p>\n<\/li>\n<li data-start=\"960\" data-end=\"1046\" data-immersive-translate-walked=\"9ea83d9e-ce13-489c-9bf1-5cfb80e6869c\">\n<p data-start=\"962\" data-end=\"1046\" data-immersive-translate-walked=\"9ea83d9e-ce13-489c-9bf1-5cfb80e6869c\" data-immersive-translate-paragraph=\"1\">Kapacita bat\u00e9rie: 650mAh \u2013 v\u00fdkonn\u00e1 a spo\u013eahliv\u00e1 a\u017e do posledn\u00e9ho potiahnutia<\/p>\n<\/li>\n<li data-start=\"1047\" data-end=\"1128\" data-immersive-translate-walked=\"9ea83d9e-ce13-489c-9bf1-5cfb80e6869c\">\n<p data-start=\"1049\" data-end=\"1128\" data-immersive-translate-walked=\"9ea83d9e-ce13-489c-9bf1-5cfb80e6869c\" data-immersive-translate-paragraph=\"1\">Objem e-liquidu: 20ml \u2013 extra ve\u013ek\u00e9 mno\u017estvo na a\u017e 12 000 potiahnut\u00ed<\/p>\n<\/li>\n<li data-start=\"1129\" data-end=\"1237\" data-immersive-translate-walked=\"9ea83d9e-ce13-489c-9bf1-5cfb80e6869c\">\n<p data-start=\"1131\" data-end=\"1237\" data-immersive-translate-walked=\"9ea83d9e-ce13-489c-9bf1-5cfb80e6869c\" data-immersive-translate-paragraph=\"1\">Cievka: 0,8 Ohm Mesh technol\u00f3gia \u2013 zabezpe\u010duje hust\u00fa, rovnomern\u00fa paru a intenz\u00edvnu chu\u0165<\/p>\n<\/li>\n<li data-start=\"1238\" data-end=\"1333\" data-immersive-translate-walked=\"9ea83d9e-ce13-489c-9bf1-5cfb80e6869c\">\n<p data-start=\"1240\" data-end=\"1333\" data-immersive-translate-walked=\"9ea83d9e-ce13-489c-9bf1-5cfb80e6869c\" data-immersive-translate-paragraph=\"1\">Obsah nikot\u00ednu: volite\u013ene 2\u202f% alebo 5\u202f% \u2013 dokonale prisp\u00f4soben\u00e9 individu\u00e1lnym potreb\u00e1m<\/p>\n<\/li>\n<li data-start=\"1334\" data-end=\"1410\" data-immersive-translate-walked=\"9ea83d9e-ce13-489c-9bf1-5cfb80e6869c\">\n<p data-start=\"1336\" data-end=\"1410\" data-immersive-translate-walked=\"9ea83d9e-ce13-489c-9bf1-5cfb80e6869c\" data-immersive-translate-paragraph=\"1\">LED farebn\u00e9 svetlo: vizu\u00e1lny prvok pri ka\u017edom potiahnut\u00ed \u2013 decentn\u00e9 a modern\u00e9<\/p>\n<\/li>\n<li data-start=\"1411\" data-end=\"1484\" data-immersive-translate-walked=\"9ea83d9e-ce13-489c-9bf1-5cfb80e6869c\">\n<p data-start=\"1413\" data-end=\"1484\" data-immersive-translate-walked=\"9ea83d9e-ce13-489c-9bf1-5cfb80e6869c\" data-immersive-translate-paragraph=\"1\">Hmotnos\u0165: iba 85g \u2013 kompaktn\u00e9, \u013eahk\u00e9 a pr\u00edjemn\u00e9 na dr\u017eanie<\/p>\n<\/li>\n<\/ul>\n<h4 data-start=\"1491\" data-end=\"1563\" data-immersive-translate-walked=\"9ea83d9e-ce13-489c-9bf1-5cfb80e6869c\" data-immersive-translate-paragraph=\"1\">\u010cist\u00e1 chu\u0165: Sour Apple Raspberry \u2013 ovocn\u00e1, svie\u017ea, prekvapiv\u00e1<\/h4>\n<p data-start=\"1565\" data-end=\"1841\" data-immersive-translate-walked=\"9ea83d9e-ce13-489c-9bf1-5cfb80e6869c\" data-immersive-translate-paragraph=\"1\">S Sour Apple Raspberry sa Bang Box 12000 jasne odli\u0161uje od konkurencie chu\u0165ou. Kysl\u00e1 nota zelen\u00e9ho jablka sa stret\u00e1va s jemnou sladkos\u0165ou zrel\u00fdch mal\u00edn \u2013 prekvapivo harmonick\u00e1 zmes, ktor\u00e1 presved\u010d\u00ed pri inhal\u00e1cii aj v dozvuku.<\/p>\n<p data-start=\"1843\" data-end=\"2071\" data-immersive-translate-walked=\"9ea83d9e-ce13-489c-9bf1-5cfb80e6869c\" data-immersive-translate-paragraph=\"1\">Aromatick\u00e9 zlo\u017eky nie s\u00fa pr\u00edli\u0161 sladk\u00e9 ani umel\u00e9 \u2013 pon\u00fakaj\u00fa vyv\u00e1\u017een\u00fa rovnov\u00e1hu a pri dlh\u0161om pou\u017e\u00edvan\u00ed zost\u00e1vaj\u00fa pr\u00edjemne intenz\u00edvne. Ide\u00e1lne pre t\u00fdch, ktor\u00ed chc\u00fa vapova\u0165 bez kompromisov v chuti.<\/p>\n<h3>Pre koho je vhodn\u00e1 Bang Box 12000?<\/h3>\n<p data-start=\"2130\" data-end=\"2289\" data-immersive-translate-walked=\"9ea83d9e-ce13-489c-9bf1-5cfb80e6869c\" data-immersive-translate-paragraph=\"1\">Bang Box 12000 je viac ne\u017e len vaporiz\u00e9r \u2013 je skuto\u010dn\u00fdm vyhl\u00e1sen\u00edm pre v\u0161etk\u00fdch, ktor\u00ed klad\u00fa d\u00f4raz na kvalitu, dizajn a v\u00fdnimo\u010dn\u00fa chu\u0165.<\/p>\n<p data-start=\"2291\" data-end=\"2318\" data-immersive-translate-walked=\"9ea83d9e-ce13-489c-9bf1-5cfb80e6869c\">Obzvl\u00e1\u0161\u0165 vhodn\u00e9 pre:<\/p>\n<ul data-start=\"2320\" data-end=\"2569\" data-immersive-translate-walked=\"9ea83d9e-ce13-489c-9bf1-5cfb80e6869c\">\n<li data-start=\"2320\" data-end=\"2380\" data-immersive-translate-walked=\"9ea83d9e-ce13-489c-9bf1-5cfb80e6869c\">\n<p data-start=\"2322\" data-end=\"2380\" data-immersive-translate-walked=\"9ea83d9e-ce13-489c-9bf1-5cfb80e6869c\" data-immersive-translate-paragraph=\"1\">Denn\u00fdch vapova\u010dov, ktor\u00ed h\u013eadaj\u00fa trv\u00e1cne jednorazov\u00e9 rie\u0161enie<\/p>\n<\/li>\n<li data-start=\"2381\" data-end=\"2439\" data-immersive-translate-walked=\"9ea83d9e-ce13-489c-9bf1-5cfb80e6869c\">\n<p data-start=\"2383\" data-end=\"2439\" data-immersive-translate-walked=\"9ea83d9e-ce13-489c-9bf1-5cfb80e6869c\" data-immersive-translate-paragraph=\"1\">Milovn\u00edkov ovocia, ktor\u00ed chc\u00fa sk\u00fa\u0161a\u0165 nov\u00e9 kombin\u00e1cie<\/p>\n<\/li>\n<li data-start=\"2440\" data-end=\"2495\" data-immersive-translate-walked=\"9ea83d9e-ce13-489c-9bf1-5cfb80e6869c\">\n<p data-start=\"2442\" data-end=\"2495\" data-immersive-translate-walked=\"9ea83d9e-ce13-489c-9bf1-5cfb80e6869c\" data-immersive-translate-paragraph=\"1\">\u0160t\u00fdlov\u00fdch pou\u017e\u00edvate\u013eov, ktor\u00ed dbaj\u00fa na modern\u00fd dizajn<\/p>\n<\/li>\n<li data-start=\"2496\" data-end=\"2569\" data-immersive-translate-walked=\"9ea83d9e-ce13-489c-9bf1-5cfb80e6869c\">\n<p data-start=\"2498\" data-end=\"2569\" data-immersive-translate-walked=\"9ea83d9e-ce13-489c-9bf1-5cfb80e6869c\" data-immersive-translate-paragraph=\"1\">Za\u010diato\u010dn\u00edkov, ktor\u00ed chc\u00fa jednoducho a bezpe\u010dne za\u017ei\u0165 vapovanie<\/p>\n<\/li>\n<\/ul>\n<p data-start=\"2571\" data-end=\"2721\" data-immersive-translate-walked=\"9ea83d9e-ce13-489c-9bf1-5cfb80e6869c\" data-immersive-translate-paragraph=\"1\">Na cest\u00e1ch, v pr\u00e1ci alebo len tak medzi t\u00fdm: S Bang Box 12000 Sour Apple Raspberry je ka\u017ed\u00e1 pr\u00edle\u017eitos\u0165 pozv\u00e1nkou na vychutnanie si.<\/p>","protected":false},"excerpt":{"rendered":"<p>Jednorazov\u00e9 nie je rovnak\u00e9 ako jednorazov\u00e9 \u2013 \u010do rob\u00ed Bang Box 12000 odli\u0161n\u00fdm. Na rast\u00facom trhu jednorazov\u00fdch e-cigariet je \u0165a\u017ek\u00e9 n\u00e1js\u0165 skuto\u010dn\u00fa kvalitu...<\/p>","protected":false},"featured_media":6968,"template":"","meta":[],"etheme_brands":[],"product_brand":[101],"product_cat":[88],"product_tag":[],"class_list":{"0":"post-6965","1":"product","2":"type-product","3":"status-publish","4":"has-post-thumbnail","6":"product_brand-bang-king-vape","7":"product_cat-12k-vape","9":"first","10":"instock","11":"shipping-taxable","12":"purchasable","13":"product-type-simple"},"yoast_head":"<!-- This site is optimized with the Yoast SEO plugin v26.5 - https:\/\/yoast.com\/wordpress\/plugins\/seo\/ -->\n<title>So schmeckt Freiheit Bang Box 12000 mit Sour Apple Raspberry | Vapingnet.de<\/title>\n<meta name=\"description\" content=\"Entdecke So schmeckt Freiheit Bang Box 12000 mit Sour Apple Raspberry bei vapingnet.de, \u25ba Gro\u00dfe Auswahl an Geschmacksrichtungen &amp; super g\u00fcnstig!\" \/>\n<meta name=\"robots\" content=\"index, follow, max-snippet:-1, max-image-preview:large, max-video-preview:-1\" \/>\n<link rel=\"canonical\" href=\"https:\/\/vapingnet.de\/sk\/vape\/so-schmeckt-freiheit-bang-box-12000-mit-sour-apple-raspberry\/\" \/>\n<meta property=\"og:locale\" content=\"sk_SK\" \/>\n<meta property=\"og:type\" content=\"article\" \/>\n<meta property=\"og:title\" content=\"So schmeckt Freiheit Bang Box 12000 mit Sour Apple Raspberry | Vapingnet.de\" \/>\n<meta property=\"og:description\" content=\"Entdecke So schmeckt Freiheit Bang Box 12000 mit Sour Apple Raspberry bei vapingnet.de, \u25ba Gro\u00dfe Auswahl an Geschmacksrichtungen &amp; super g\u00fcnstig!\" \/>\n<meta property=\"og:url\" content=\"https:\/\/vapingnet.de\/sk\/vape\/so-schmeckt-freiheit-bang-box-12000-mit-sour-apple-raspberry\/\" \/>\n<meta property=\"og:site_name\" content=\"Vapingnet.de\" \/>\n<meta property=\"article:publisher\" content=\"https:\/\/www.facebook.com\/vapingnetde\/\" \/>\n<meta property=\"article:modified_time\" content=\"2025-06-19T03:39:20+00:00\" \/>\n<meta property=\"og:image\" content=\"https:\/\/vapingnet.de\/wp-content\/uploads\/2025\/05\/Sour-Apple-Raspberry.webp\" \/>\n\t<meta property=\"og:image:width\" content=\"1000\" \/>\n\t<meta property=\"og:image:height\" content=\"1000\" \/>\n\t<meta property=\"og:image:type\" content=\"image\/webp\" \/>\n<meta name=\"twitter:card\" content=\"summary_large_image\" \/>\n<meta name=\"twitter:label1\" content=\"Est. reading time\" \/>\n\t<meta name=\"twitter:data1\" content=\"3 minutes\" \/>\n<script type=\"application\/ld+json\" class=\"yoast-schema-graph\">{\"@context\":\"https:\/\/schema.org\",\"@graph\":[{\"@type\":\"WebPage\",\"@id\":\"https:\/\/vapingnet.de\/vape\/so-schmeckt-freiheit-bang-box-12000-mit-sour-apple-raspberry\/\",\"url\":\"https:\/\/vapingnet.de\/vape\/so-schmeckt-freiheit-bang-box-12000-mit-sour-apple-raspberry\/\",\"name\":\"So schmeckt Freiheit Bang Box 12000 mit Sour Apple Raspberry | Vapingnet.de\",\"isPartOf\":{\"@id\":\"https:\/\/vapingnet.de\/#website\"},\"primaryImageOfPage\":{\"@id\":\"https:\/\/vapingnet.de\/vape\/so-schmeckt-freiheit-bang-box-12000-mit-sour-apple-raspberry\/#primaryimage\"},\"image\":{\"@id\":\"https:\/\/vapingnet.de\/vape\/so-schmeckt-freiheit-bang-box-12000-mit-sour-apple-raspberry\/#primaryimage\"},\"thumbnailUrl\":\"https:\/\/vapingnet.de\/wp-content\/uploads\/2025\/05\/Sour-Apple-Raspberry.webp\",\"datePublished\":\"2025-05-26T06:42:31+00:00\",\"dateModified\":\"2025-06-19T03:39:20+00:00\",\"description\":\"Entdecke So schmeckt Freiheit Bang Box 12000 mit Sour Apple Raspberry bei vapingnet.de, \u25ba Gro\u00dfe Auswahl an Geschmacksrichtungen & super g\u00fcnstig!\",\"breadcrumb\":{\"@id\":\"https:\/\/vapingnet.de\/vape\/so-schmeckt-freiheit-bang-box-12000-mit-sour-apple-raspberry\/#breadcrumb\"},\"inLanguage\":\"sk-SK\",\"potentialAction\":[{\"@type\":\"ReadAction\",\"target\":[\"https:\/\/vapingnet.de\/vape\/so-schmeckt-freiheit-bang-box-12000-mit-sour-apple-raspberry\/\"]}]},{\"@type\":\"ImageObject\",\"inLanguage\":\"sk-SK\",\"@id\":\"https:\/\/vapingnet.de\/vape\/so-schmeckt-freiheit-bang-box-12000-mit-sour-apple-raspberry\/#primaryimage\",\"url\":\"https:\/\/vapingnet.de\/wp-content\/uploads\/2025\/05\/Sour-Apple-Raspberry.webp\",\"contentUrl\":\"https:\/\/vapingnet.de\/wp-content\/uploads\/2025\/05\/Sour-Apple-Raspberry.webp\",\"width\":1000,\"height\":1000},{\"@type\":\"BreadcrumbList\",\"@id\":\"https:\/\/vapingnet.de\/vape\/so-schmeckt-freiheit-bang-box-12000-mit-sour-apple-raspberry\/#breadcrumb\",\"itemListElement\":[{\"@type\":\"ListItem\",\"position\":1,\"name\":\"Home\",\"item\":\"https:\/\/vapingnet.de\/\"},{\"@type\":\"ListItem\",\"position\":2,\"name\":\"Shop\",\"item\":\"https:\/\/vapingnet.de\/vape\/\"},{\"@type\":\"ListItem\",\"position\":3,\"name\":\"So schmeckt Freiheit Bang Box 12000 mit Sour Apple Raspberry\"}]},{\"@type\":\"WebSite\",\"@id\":\"https:\/\/vapingnet.de\/#website\",\"url\":\"https:\/\/vapingnet.de\/\",\"name\":\"Vapingnet.de\",\"description\":\"\",\"publisher\":{\"@id\":\"https:\/\/vapingnet.de\/#organization\"},\"potentialAction\":[{\"@type\":\"SearchAction\",\"target\":{\"@type\":\"EntryPoint\",\"urlTemplate\":\"https:\/\/vapingnet.de\/?s={search_term_string}\"},\"query-input\":{\"@type\":\"PropertyValueSpecification\",\"valueRequired\":true,\"valueName\":\"search_term_string\"}}],\"inLanguage\":\"sk-SK\"},{\"@type\":\"Organization\",\"@id\":\"https:\/\/vapingnet.de\/#organization\",\"name\":\"Vapingnet.de\",\"url\":\"https:\/\/vapingnet.de\/\",\"logo\":{\"@type\":\"ImageObject\",\"inLanguage\":\"sk-SK\",\"@id\":\"https:\/\/vapingnet.de\/#\/schema\/logo\/image\/\",\"url\":\"https:\/\/vapingnet.de\/wp-content\/uploads\/2025\/03\/cropped-vapingnet.de_.jpg\",\"contentUrl\":\"https:\/\/vapingnet.de\/wp-content\/uploads\/2025\/03\/cropped-vapingnet.de_.jpg\",\"width\":512,\"height\":512,\"caption\":\"Vapingnet.de\"},\"image\":{\"@id\":\"https:\/\/vapingnet.de\/#\/schema\/logo\/image\/\"},\"sameAs\":[\"https:\/\/www.facebook.com\/vapingnetde\/\"]}]}<\/script>\n<!-- \/ Yoast SEO plugin. -->","yoast_head_json":{"title":"So schmeckt Freiheit Bang Box 12000 mit Sour Apple Raspberry | Vapingnet.de","description":"Entdecke So schmeckt Freiheit Bang Box 12000 mit Sour Apple Raspberry bei vapingnet.de, \u25ba Gro\u00dfe Auswahl an Geschmacksrichtungen & super g\u00fcnstig!","robots":{"index":"index","follow":"follow","max-snippet":"max-snippet:-1","max-image-preview":"max-image-preview:large","max-video-preview":"max-video-preview:-1"},"canonical":"https:\/\/vapingnet.de\/sk\/vape\/so-schmeckt-freiheit-bang-box-12000-mit-sour-apple-raspberry\/","og_locale":"sk_SK","og_type":"article","og_title":"So schmeckt Freiheit Bang Box 12000 mit Sour Apple Raspberry | Vapingnet.de","og_description":"Entdecke So schmeckt Freiheit Bang Box 12000 mit Sour Apple Raspberry bei vapingnet.de, \u25ba Gro\u00dfe Auswahl an Geschmacksrichtungen & super g\u00fcnstig!","og_url":"https:\/\/vapingnet.de\/sk\/vape\/so-schmeckt-freiheit-bang-box-12000-mit-sour-apple-raspberry\/","og_site_name":"Vapingnet.de","article_publisher":"https:\/\/www.facebook.com\/vapingnetde\/","article_modified_time":"2025-06-19T03:39:20+00:00","og_image":[{"width":1000,"height":1000,"url":"https:\/\/vapingnet.de\/wp-content\/uploads\/2025\/05\/Sour-Apple-Raspberry.webp","type":"image\/webp"}],"twitter_card":"summary_large_image","twitter_misc":{"Est. reading time":"3 minutes"},"schema":{"@context":"https:\/\/schema.org","@graph":[{"@type":"WebPage","@id":"https:\/\/vapingnet.de\/vape\/so-schmeckt-freiheit-bang-box-12000-mit-sour-apple-raspberry\/","url":"https:\/\/vapingnet.de\/vape\/so-schmeckt-freiheit-bang-box-12000-mit-sour-apple-raspberry\/","name":"So schmeckt Freiheit Bang Box 12000 mit Sour Apple Raspberry | Vapingnet.de","isPartOf":{"@id":"https:\/\/vapingnet.de\/#website"},"primaryImageOfPage":{"@id":"https:\/\/vapingnet.de\/vape\/so-schmeckt-freiheit-bang-box-12000-mit-sour-apple-raspberry\/#primaryimage"},"image":{"@id":"https:\/\/vapingnet.de\/vape\/so-schmeckt-freiheit-bang-box-12000-mit-sour-apple-raspberry\/#primaryimage"},"thumbnailUrl":"https:\/\/vapingnet.de\/wp-content\/uploads\/2025\/05\/Sour-Apple-Raspberry.webp","datePublished":"2025-05-26T06:42:31+00:00","dateModified":"2025-06-19T03:39:20+00:00","description":"Entdecke So schmeckt Freiheit Bang Box 12000 mit Sour Apple Raspberry bei vapingnet.de, \u25ba Gro\u00dfe Auswahl an Geschmacksrichtungen & super g\u00fcnstig!","breadcrumb":{"@id":"https:\/\/vapingnet.de\/vape\/so-schmeckt-freiheit-bang-box-12000-mit-sour-apple-raspberry\/#breadcrumb"},"inLanguage":"sk-SK","potentialAction":[{"@type":"ReadAction","target":["https:\/\/vapingnet.de\/vape\/so-schmeckt-freiheit-bang-box-12000-mit-sour-apple-raspberry\/"]}]},{"@type":"ImageObject","inLanguage":"sk-SK","@id":"https:\/\/vapingnet.de\/vape\/so-schmeckt-freiheit-bang-box-12000-mit-sour-apple-raspberry\/#primaryimage","url":"https:\/\/vapingnet.de\/wp-content\/uploads\/2025\/05\/Sour-Apple-Raspberry.webp","contentUrl":"https:\/\/vapingnet.de\/wp-content\/uploads\/2025\/05\/Sour-Apple-Raspberry.webp","width":1000,"height":1000},{"@type":"BreadcrumbList","@id":"https:\/\/vapingnet.de\/vape\/so-schmeckt-freiheit-bang-box-12000-mit-sour-apple-raspberry\/#breadcrumb","itemListElement":[{"@type":"ListItem","position":1,"name":"Home","item":"https:\/\/vapingnet.de\/"},{"@type":"ListItem","position":2,"name":"Shop","item":"https:\/\/vapingnet.de\/vape\/"},{"@type":"ListItem","position":3,"name":"So schmeckt Freiheit Bang Box 12000 mit Sour Apple Raspberry"}]},{"@type":"WebSite","@id":"https:\/\/vapingnet.de\/#website","url":"https:\/\/vapingnet.de\/","name":"Vapingnet.de","description":"","publisher":{"@id":"https:\/\/vapingnet.de\/#organization"},"potentialAction":[{"@type":"SearchAction","target":{"@type":"EntryPoint","urlTemplate":"https:\/\/vapingnet.de\/?s={search_term_string}"},"query-input":{"@type":"PropertyValueSpecification","valueRequired":true,"valueName":"search_term_string"}}],"inLanguage":"sk-SK"},{"@type":"Organization","@id":"https:\/\/vapingnet.de\/#organization","name":"Vapingnet.de","url":"https:\/\/vapingnet.de\/","logo":{"@type":"ImageObject","inLanguage":"sk-SK","@id":"https:\/\/vapingnet.de\/#\/schema\/logo\/image\/","url":"https:\/\/vapingnet.de\/wp-content\/uploads\/2025\/03\/cropped-vapingnet.de_.jpg","contentUrl":"https:\/\/vapingnet.de\/wp-content\/uploads\/2025\/03\/cropped-vapingnet.de_.jpg","width":512,"height":512,"caption":"Vapingnet.de"},"image":{"@id":"https:\/\/vapingnet.de\/#\/schema\/logo\/image\/"},"sameAs":["https:\/\/www.facebook.com\/vapingnetde\/"]}]}},"tiered_pricing_type":"fixed","tiered_pricing_fixed_rules":{"10":"7.31","60":"6.58","110":"5.85","200":"5.12"},"tiered_pricing_product_settings":{"layout":"default","base_unit_name":{"singular":null,"plural":null},"default_variation":null},"tiered_pricing_minimum_quantity":null,"tiered_pricing_roles_data":[],"tiered_pricing_percentage_rules":[],"_links":{"self":[{"href":"https:\/\/vapingnet.de\/sk\/wp-json\/wp\/v2\/product\/6965","targetHints":{"allow":["GET"]}}],"collection":[{"href":"https:\/\/vapingnet.de\/sk\/wp-json\/wp\/v2\/product"}],"about":[{"href":"https:\/\/vapingnet.de\/sk\/wp-json\/wp\/v2\/types\/product"}],"version-history":[{"count":1,"href":"https:\/\/vapingnet.de\/sk\/wp-json\/wp\/v2\/product\/6965\/revisions"}],"predecessor-version":[{"id":6974,"href":"https:\/\/vapingnet.de\/sk\/wp-json\/wp\/v2\/product\/6965\/revisions\/6974"}],"wp:featuredmedia":[{"embeddable":true,"href":"https:\/\/vapingnet.de\/sk\/wp-json\/wp\/v2\/media\/6968"}],"wp:attachment":[{"href":"https:\/\/vapingnet.de\/sk\/wp-json\/wp\/v2\/media?parent=6965"}],"wp:term":[{"taxonomy":"brand","embeddable":true,"href":"https:\/\/vapingnet.de\/sk\/wp-json\/wp\/v2\/etheme_brands?post=6965"},{"taxonomy":"product_brand","embeddable":true,"href":"https:\/\/vapingnet.de\/sk\/wp-json\/wp\/v2\/product_brand?post=6965"},{"taxonomy":"product_cat","embeddable":true,"href":"https:\/\/vapingnet.de\/sk\/wp-json\/wp\/v2\/product_cat?post=6965"},{"taxonomy":"product_tag","embeddable":true,"href":"https:\/\/vapingnet.de\/sk\/wp-json\/wp\/v2\/product_tag?post=6965"}],"curies":[{"name":"wp","href":"https:\/\/api.w.org\/{rel}","templated":true}]}}