{"id":6966,"date":"2025-05-26T06:42:36","date_gmt":"2025-05-26T06:42:36","guid":{"rendered":"https:\/\/vapingnet.de\/?post_type=product&#038;p=6966"},"modified":"2025-06-19T03:39:19","modified_gmt":"2025-06-19T03:39:19","slug":"hochwertig-dampfen-bang-box-12000-strawberry-kiwi-jetzt-testen","status":"publish","type":"product","link":"https:\/\/vapingnet.de\/sk\/vape\/hochwertig-dampfen-bang-box-12000-strawberry-kiwi-jetzt-testen\/","title":{"rendered":"Vysoko kvalitn\u00e9 vapovanie Bang Box 12000 Jahoda Kiwi, vysk\u00fa\u0161ajte teraz"},"content":{"rendered":"<h2 data-start=\"0\" data-end=\"74\" data-immersive-translate-walked=\"8bc5dd58-1009-4a45-8c02-82898c43c831\">Bang Box 12000 Puff Jednorazov\u00e1 \u2013 Ovocn\u00e1 chu\u0165 s Strawberry Kiwi<\/h2>\n<p data-start=\"76\" data-end=\"475\" data-immersive-translate-walked=\"8bc5dd58-1009-4a45-8c02-82898c43c831\" data-immersive-translate-paragraph=\"1\">Bang Box 12000 Puff Jednorazov\u00e1 sa predstavuje ako dokonal\u00e1 jednorazov\u00e1 e-cigareta pre v\u0161etk\u00fdch, ktor\u00ed h\u013eadaj\u00fa jednoduch\u00fd a z\u00e1rove\u0148 kvalitn\u00fd z\u00e1\u017eitok z vapovania. Vybaven\u00e1 v\u00fdkonnou bat\u00e9riou 650mAh, ktor\u00e1 je pohodlne dob\u00edjate\u013en\u00e1 cez modern\u00fd konektor Type-C, pon\u00faka tento model pozoruhodn\u00fa dlh\u00fa \u017eivotnos\u0165 \u2013 ide\u00e1lnu na ka\u017edodenn\u00e9 pou\u017e\u00edvanie bez preru\u0161enia.<\/p>\n<p data-start=\"477\" data-end=\"969\" data-immersive-translate-walked=\"8bc5dd58-1009-4a45-8c02-82898c43c831\" data-immersive-translate-paragraph=\"1\">S ve\u013ek\u00fdm objemom e-liquidu 20ml zaru\u010duje Bang Box a\u017e 12 000 intenz\u00edvnych \u0165ahov, ktor\u00e9 s\u00fa vytvoren\u00e9 inovat\u00edvnym 0,8 Ohm Mesh Coil. Tento coil zabezpe\u010duje optim\u00e1lne odparovanie a rovnomern\u00e9 rozlo\u017eenie tepla, \u010d\u00edm plne vynikne \u010derstv\u00e1 ar\u00f3ma Strawberry Kiwi. Kombin\u00e1cia sladkej jahody a \u0161\u0165avnatej kiwi pon\u00faka osvie\u017euj\u00faci chu\u0165ov\u00fd z\u00e1\u017eitok, ktor\u00fd nadchne ako za\u010diato\u010dn\u00edkov, tak sk\u00fasen\u00fdch vapera.<\/p>\n<p data-start=\"971\" data-end=\"1266\" data-immersive-translate-walked=\"8bc5dd58-1009-4a45-8c02-82898c43c831\" data-immersive-translate-paragraph=\"1\">\u013dahk\u00e1 kon\u0161trukcia s hmotnos\u0165ou len 85 gramov rob\u00ed Bang Box obzvl\u00e1\u0161\u0165 praktickou a ide\u00e1lnou spolo\u010dn\u00ed\u010dkou na cest\u00e1ch. \u0160t\u00fdlov\u00e9 LED farebn\u00e9 osvetlenie je nielen vizu\u00e1lnym prvkom, ale aj praktickou funkciou, ktor\u00e1 signalizuje stav nabitia a aktivitu e-cigarety.<\/p>\n<p data-start=\"1268\" data-end=\"1531\" data-immersive-translate-walked=\"8bc5dd58-1009-4a45-8c02-82898c43c831\" data-immersive-translate-paragraph=\"1\">Obzvl\u00e1\u0161\u0165 treba vyzdvihn\u00fa\u0165 mo\u017enos\u0165 v\u00fdberu medzi 2 % a 5 % nikot\u00ednu, tak\u017ee vapery m\u00f4\u017eu jednoducho zvoli\u0165 svoju preferovan\u00fa \u00farove\u0148. Opakovane dob\u00edjate\u013en\u00e1 funkcia jednorazovej e-cigarety ju rob\u00ed udr\u017eate\u013enej\u0161ou v porovnan\u00ed s be\u017en\u00fdmi modelmi.<\/p>\n<h3 data-start=\"1533\" data-end=\"1578\" data-immersive-translate-walked=\"8bc5dd58-1009-4a45-8c02-82898c43c831\">Pre\u010do si vybra\u0165 Bang Box 12000 Puff Jednorazov\u00fa?<\/h3>\n<ul data-start=\"1580\" data-end=\"2005\" data-immersive-translate-walked=\"8bc5dd58-1009-4a45-8c02-82898c43c831\">\n<li data-start=\"1580\" data-end=\"1641\" data-immersive-translate-walked=\"8bc5dd58-1009-4a45-8c02-82898c43c831\">\n<p data-start=\"1582\" data-end=\"1641\" data-immersive-translate-walked=\"8bc5dd58-1009-4a45-8c02-82898c43c831\" data-immersive-translate-paragraph=\"1\">Dob\u00edjate\u013en\u00e1 bat\u00e9ria Type-C pre dlh\u00e9 vapovanie<\/p>\n<\/li>\n<li data-start=\"1642\" data-end=\"1714\" data-immersive-translate-walked=\"8bc5dd58-1009-4a45-8c02-82898c43c831\">\n<p data-start=\"1644\" data-end=\"1714\" data-immersive-translate-walked=\"8bc5dd58-1009-4a45-8c02-82898c43c831\" data-immersive-translate-paragraph=\"1\">Ve\u013ekorys\u00e1 n\u00e1dr\u017e na e-liquid 20ml \u2013 dlh\u00e1 doba pou\u017e\u00edvania bez dop\u013a\u0148ania<\/p>\n<\/li>\n<li data-start=\"1715\" data-end=\"1781\" data-immersive-translate-walked=\"8bc5dd58-1009-4a45-8c02-82898c43c831\">\n<p data-start=\"1717\" data-end=\"1781\" data-immersive-translate-walked=\"8bc5dd58-1009-4a45-8c02-82898c43c831\" data-immersive-translate-paragraph=\"1\">Vysoko kvalitn\u00fd 0,8 Ohm Mesh Coil pre hust\u00fd, aromatick\u00fd dym<\/p>\n<\/li>\n<li data-start=\"1782\" data-end=\"1861\" data-immersive-translate-walked=\"8bc5dd58-1009-4a45-8c02-82898c43c831\">\n<p data-start=\"1784\" data-end=\"1861\" data-immersive-translate-walked=\"8bc5dd58-1009-4a45-8c02-82898c43c831\" data-immersive-translate-paragraph=\"1\">Pr\u00edjemn\u00e1, ovocn\u00e1 ar\u00f3ma Strawberry Kiwi, ktor\u00e1 p\u00f4sob\u00ed svie\u017eo a osvie\u017euj\u00faco<\/p>\n<\/li>\n<li data-start=\"1862\" data-end=\"1925\" data-immersive-translate-walked=\"8bc5dd58-1009-4a45-8c02-82898c43c831\">\n<p data-start=\"1864\" data-end=\"1925\" data-immersive-translate-walked=\"8bc5dd58-1009-4a45-8c02-82898c43c831\" data-immersive-translate-paragraph=\"1\">\u013dahk\u00fd, kompaktn\u00fd dizajn s modern\u00fdm LED farebn\u00fdm osvetlen\u00edm<\/p>\n<\/li>\n<li data-start=\"1926\" data-end=\"2005\" data-immersive-translate-walked=\"8bc5dd58-1009-4a45-8c02-82898c43c831\">\n<p data-start=\"1928\" data-end=\"2005\" data-immersive-translate-walked=\"8bc5dd58-1009-4a45-8c02-82898c43c831\" data-immersive-translate-paragraph=\"1\">Dostupn\u00e1 s 2 % alebo 5 % nikot\u00ednu pre r\u00f4zne potreby vapera<\/p>\n<\/li>\n<\/ul>\n<p data-start=\"2007\" data-end=\"2315\" data-immersive-translate-walked=\"8bc5dd58-1009-4a45-8c02-82898c43c831\" data-immersive-translate-paragraph=\"1\">\u010ci u\u017e na r\u00fdchle pote\u0161enie na cest\u00e1ch alebo na relaxa\u010dn\u00e9 vapovanie doma \u2013 Bang Box 12000 Puff Jednorazov\u00e1 presved\u010d\u00ed jednoduchou obsluhou, spo\u013eahlivos\u0165ou a intenz\u00edvnou chu\u0165ou. Ak h\u013ead\u00e1te kvalitn\u00fa, praktick\u00fa a \u0161t\u00fdlov\u00fa jednorazov\u00fa e-cigaretu, tento model je ide\u00e1lnym rie\u0161en\u00edm.<\/p>","protected":false},"excerpt":{"rendered":"<p>Bang Box 12000 Puff Disposable \u2013 Fruchtiger Genuss mit Strawberry Kiwi Die Bang Box 12000 Puff Disposable pr\u00e4sentiert sich als perfekte Einweg E Zigarette f\u00fcr&#8230;<\/p>","protected":false},"featured_media":6970,"template":"","meta":[],"etheme_brands":[],"product_brand":[101],"product_cat":[88],"product_tag":[],"class_list":{"0":"post-6966","1":"product","2":"type-product","3":"status-publish","4":"has-post-thumbnail","6":"product_brand-bang-king-vape","7":"product_cat-12k-vape","9":"first","10":"instock","11":"shipping-taxable","12":"purchasable","13":"product-type-simple"},"yoast_head":"<!-- This site is optimized with the Yoast SEO plugin v26.5 - https:\/\/yoast.com\/wordpress\/plugins\/seo\/ -->\n<title>Hochwertig dampfen Bang Box 12000 Strawberry Kiwi jetzt testen | Vapingnet.de<\/title>\n<meta name=\"description\" content=\"Entdecke Hochwertig dampfen Bang Box 12000 Strawberry Kiwi jetzt testen bei vapingnet.de, \u25ba Gro\u00dfe Auswahl an Geschmacksrichtungen &amp; super g\u00fcnstig!\" \/>\n<meta name=\"robots\" content=\"index, follow, max-snippet:-1, max-image-preview:large, max-video-preview:-1\" \/>\n<link rel=\"canonical\" href=\"https:\/\/vapingnet.de\/sk\/vape\/hochwertig-dampfen-bang-box-12000-strawberry-kiwi-jetzt-testen\/\" \/>\n<meta property=\"og:locale\" content=\"sk_SK\" \/>\n<meta property=\"og:type\" content=\"article\" \/>\n<meta property=\"og:title\" content=\"Hochwertig dampfen Bang Box 12000 Strawberry Kiwi jetzt testen | Vapingnet.de\" \/>\n<meta property=\"og:description\" content=\"Entdecke Hochwertig dampfen Bang Box 12000 Strawberry Kiwi jetzt testen bei vapingnet.de, \u25ba Gro\u00dfe Auswahl an Geschmacksrichtungen &amp; super g\u00fcnstig!\" \/>\n<meta property=\"og:url\" content=\"https:\/\/vapingnet.de\/sk\/vape\/hochwertig-dampfen-bang-box-12000-strawberry-kiwi-jetzt-testen\/\" \/>\n<meta property=\"og:site_name\" content=\"Vapingnet.de\" \/>\n<meta property=\"article:publisher\" content=\"https:\/\/www.facebook.com\/vapingnetde\/\" \/>\n<meta property=\"article:modified_time\" content=\"2025-06-19T03:39:19+00:00\" \/>\n<meta property=\"og:image\" content=\"https:\/\/vapingnet.de\/wp-content\/uploads\/2025\/05\/Strawberry-Kiwi-.webp\" \/>\n\t<meta property=\"og:image:width\" content=\"1000\" \/>\n\t<meta property=\"og:image:height\" content=\"1000\" \/>\n\t<meta property=\"og:image:type\" content=\"image\/webp\" \/>\n<meta name=\"twitter:card\" content=\"summary_large_image\" \/>\n<meta name=\"twitter:label1\" content=\"Est. reading time\" \/>\n\t<meta name=\"twitter:data1\" content=\"2 minutes\" \/>\n<script type=\"application\/ld+json\" class=\"yoast-schema-graph\">{\"@context\":\"https:\/\/schema.org\",\"@graph\":[{\"@type\":\"WebPage\",\"@id\":\"https:\/\/vapingnet.de\/vape\/hochwertig-dampfen-bang-box-12000-strawberry-kiwi-jetzt-testen\/\",\"url\":\"https:\/\/vapingnet.de\/vape\/hochwertig-dampfen-bang-box-12000-strawberry-kiwi-jetzt-testen\/\",\"name\":\"Hochwertig dampfen Bang Box 12000 Strawberry Kiwi jetzt testen | Vapingnet.de\",\"isPartOf\":{\"@id\":\"https:\/\/vapingnet.de\/#website\"},\"primaryImageOfPage\":{\"@id\":\"https:\/\/vapingnet.de\/vape\/hochwertig-dampfen-bang-box-12000-strawberry-kiwi-jetzt-testen\/#primaryimage\"},\"image\":{\"@id\":\"https:\/\/vapingnet.de\/vape\/hochwertig-dampfen-bang-box-12000-strawberry-kiwi-jetzt-testen\/#primaryimage\"},\"thumbnailUrl\":\"https:\/\/vapingnet.de\/wp-content\/uploads\/2025\/05\/Strawberry-Kiwi-.webp\",\"datePublished\":\"2025-05-26T06:42:36+00:00\",\"dateModified\":\"2025-06-19T03:39:19+00:00\",\"description\":\"Entdecke Hochwertig dampfen Bang Box 12000 Strawberry Kiwi jetzt testen bei vapingnet.de, \u25ba Gro\u00dfe Auswahl an Geschmacksrichtungen & super g\u00fcnstig!\",\"breadcrumb\":{\"@id\":\"https:\/\/vapingnet.de\/vape\/hochwertig-dampfen-bang-box-12000-strawberry-kiwi-jetzt-testen\/#breadcrumb\"},\"inLanguage\":\"sk-SK\",\"potentialAction\":[{\"@type\":\"ReadAction\",\"target\":[\"https:\/\/vapingnet.de\/vape\/hochwertig-dampfen-bang-box-12000-strawberry-kiwi-jetzt-testen\/\"]}]},{\"@type\":\"ImageObject\",\"inLanguage\":\"sk-SK\",\"@id\":\"https:\/\/vapingnet.de\/vape\/hochwertig-dampfen-bang-box-12000-strawberry-kiwi-jetzt-testen\/#primaryimage\",\"url\":\"https:\/\/vapingnet.de\/wp-content\/uploads\/2025\/05\/Strawberry-Kiwi-.webp\",\"contentUrl\":\"https:\/\/vapingnet.de\/wp-content\/uploads\/2025\/05\/Strawberry-Kiwi-.webp\",\"width\":1000,\"height\":1000},{\"@type\":\"BreadcrumbList\",\"@id\":\"https:\/\/vapingnet.de\/vape\/hochwertig-dampfen-bang-box-12000-strawberry-kiwi-jetzt-testen\/#breadcrumb\",\"itemListElement\":[{\"@type\":\"ListItem\",\"position\":1,\"name\":\"Home\",\"item\":\"https:\/\/vapingnet.de\/\"},{\"@type\":\"ListItem\",\"position\":2,\"name\":\"Shop\",\"item\":\"https:\/\/vapingnet.de\/vape\/\"},{\"@type\":\"ListItem\",\"position\":3,\"name\":\"Hochwertig dampfen Bang Box 12000 Strawberry Kiwi jetzt testen\"}]},{\"@type\":\"WebSite\",\"@id\":\"https:\/\/vapingnet.de\/#website\",\"url\":\"https:\/\/vapingnet.de\/\",\"name\":\"Vapingnet.de\",\"description\":\"\",\"publisher\":{\"@id\":\"https:\/\/vapingnet.de\/#organization\"},\"potentialAction\":[{\"@type\":\"SearchAction\",\"target\":{\"@type\":\"EntryPoint\",\"urlTemplate\":\"https:\/\/vapingnet.de\/?s={search_term_string}\"},\"query-input\":{\"@type\":\"PropertyValueSpecification\",\"valueRequired\":true,\"valueName\":\"search_term_string\"}}],\"inLanguage\":\"sk-SK\"},{\"@type\":\"Organization\",\"@id\":\"https:\/\/vapingnet.de\/#organization\",\"name\":\"Vapingnet.de\",\"url\":\"https:\/\/vapingnet.de\/\",\"logo\":{\"@type\":\"ImageObject\",\"inLanguage\":\"sk-SK\",\"@id\":\"https:\/\/vapingnet.de\/#\/schema\/logo\/image\/\",\"url\":\"https:\/\/vapingnet.de\/wp-content\/uploads\/2025\/03\/cropped-vapingnet.de_.jpg\",\"contentUrl\":\"https:\/\/vapingnet.de\/wp-content\/uploads\/2025\/03\/cropped-vapingnet.de_.jpg\",\"width\":512,\"height\":512,\"caption\":\"Vapingnet.de\"},\"image\":{\"@id\":\"https:\/\/vapingnet.de\/#\/schema\/logo\/image\/\"},\"sameAs\":[\"https:\/\/www.facebook.com\/vapingnetde\/\"]}]}<\/script>\n<!-- \/ Yoast SEO plugin. -->","yoast_head_json":{"title":"Hochwertig dampfen Bang Box 12000 Strawberry Kiwi jetzt testen | Vapingnet.de","description":"Entdecke Hochwertig dampfen Bang Box 12000 Strawberry Kiwi jetzt testen bei vapingnet.de, \u25ba Gro\u00dfe Auswahl an Geschmacksrichtungen & super g\u00fcnstig!","robots":{"index":"index","follow":"follow","max-snippet":"max-snippet:-1","max-image-preview":"max-image-preview:large","max-video-preview":"max-video-preview:-1"},"canonical":"https:\/\/vapingnet.de\/sk\/vape\/hochwertig-dampfen-bang-box-12000-strawberry-kiwi-jetzt-testen\/","og_locale":"sk_SK","og_type":"article","og_title":"Hochwertig dampfen Bang Box 12000 Strawberry Kiwi jetzt testen | Vapingnet.de","og_description":"Entdecke Hochwertig dampfen Bang Box 12000 Strawberry Kiwi jetzt testen bei vapingnet.de, \u25ba Gro\u00dfe Auswahl an Geschmacksrichtungen & super g\u00fcnstig!","og_url":"https:\/\/vapingnet.de\/sk\/vape\/hochwertig-dampfen-bang-box-12000-strawberry-kiwi-jetzt-testen\/","og_site_name":"Vapingnet.de","article_publisher":"https:\/\/www.facebook.com\/vapingnetde\/","article_modified_time":"2025-06-19T03:39:19+00:00","og_image":[{"width":1000,"height":1000,"url":"https:\/\/vapingnet.de\/wp-content\/uploads\/2025\/05\/Strawberry-Kiwi-.webp","type":"image\/webp"}],"twitter_card":"summary_large_image","twitter_misc":{"Est. reading time":"2 minutes"},"schema":{"@context":"https:\/\/schema.org","@graph":[{"@type":"WebPage","@id":"https:\/\/vapingnet.de\/vape\/hochwertig-dampfen-bang-box-12000-strawberry-kiwi-jetzt-testen\/","url":"https:\/\/vapingnet.de\/vape\/hochwertig-dampfen-bang-box-12000-strawberry-kiwi-jetzt-testen\/","name":"Hochwertig dampfen Bang Box 12000 Strawberry Kiwi jetzt testen | Vapingnet.de","isPartOf":{"@id":"https:\/\/vapingnet.de\/#website"},"primaryImageOfPage":{"@id":"https:\/\/vapingnet.de\/vape\/hochwertig-dampfen-bang-box-12000-strawberry-kiwi-jetzt-testen\/#primaryimage"},"image":{"@id":"https:\/\/vapingnet.de\/vape\/hochwertig-dampfen-bang-box-12000-strawberry-kiwi-jetzt-testen\/#primaryimage"},"thumbnailUrl":"https:\/\/vapingnet.de\/wp-content\/uploads\/2025\/05\/Strawberry-Kiwi-.webp","datePublished":"2025-05-26T06:42:36+00:00","dateModified":"2025-06-19T03:39:19+00:00","description":"Entdecke Hochwertig dampfen Bang Box 12000 Strawberry Kiwi jetzt testen bei vapingnet.de, \u25ba Gro\u00dfe Auswahl an Geschmacksrichtungen & super g\u00fcnstig!","breadcrumb":{"@id":"https:\/\/vapingnet.de\/vape\/hochwertig-dampfen-bang-box-12000-strawberry-kiwi-jetzt-testen\/#breadcrumb"},"inLanguage":"sk-SK","potentialAction":[{"@type":"ReadAction","target":["https:\/\/vapingnet.de\/vape\/hochwertig-dampfen-bang-box-12000-strawberry-kiwi-jetzt-testen\/"]}]},{"@type":"ImageObject","inLanguage":"sk-SK","@id":"https:\/\/vapingnet.de\/vape\/hochwertig-dampfen-bang-box-12000-strawberry-kiwi-jetzt-testen\/#primaryimage","url":"https:\/\/vapingnet.de\/wp-content\/uploads\/2025\/05\/Strawberry-Kiwi-.webp","contentUrl":"https:\/\/vapingnet.de\/wp-content\/uploads\/2025\/05\/Strawberry-Kiwi-.webp","width":1000,"height":1000},{"@type":"BreadcrumbList","@id":"https:\/\/vapingnet.de\/vape\/hochwertig-dampfen-bang-box-12000-strawberry-kiwi-jetzt-testen\/#breadcrumb","itemListElement":[{"@type":"ListItem","position":1,"name":"Home","item":"https:\/\/vapingnet.de\/"},{"@type":"ListItem","position":2,"name":"Shop","item":"https:\/\/vapingnet.de\/vape\/"},{"@type":"ListItem","position":3,"name":"Hochwertig dampfen Bang Box 12000 Strawberry Kiwi jetzt testen"}]},{"@type":"WebSite","@id":"https:\/\/vapingnet.de\/#website","url":"https:\/\/vapingnet.de\/","name":"Vapingnet.de","description":"","publisher":{"@id":"https:\/\/vapingnet.de\/#organization"},"potentialAction":[{"@type":"SearchAction","target":{"@type":"EntryPoint","urlTemplate":"https:\/\/vapingnet.de\/?s={search_term_string}"},"query-input":{"@type":"PropertyValueSpecification","valueRequired":true,"valueName":"search_term_string"}}],"inLanguage":"sk-SK"},{"@type":"Organization","@id":"https:\/\/vapingnet.de\/#organization","name":"Vapingnet.de","url":"https:\/\/vapingnet.de\/","logo":{"@type":"ImageObject","inLanguage":"sk-SK","@id":"https:\/\/vapingnet.de\/#\/schema\/logo\/image\/","url":"https:\/\/vapingnet.de\/wp-content\/uploads\/2025\/03\/cropped-vapingnet.de_.jpg","contentUrl":"https:\/\/vapingnet.de\/wp-content\/uploads\/2025\/03\/cropped-vapingnet.de_.jpg","width":512,"height":512,"caption":"Vapingnet.de"},"image":{"@id":"https:\/\/vapingnet.de\/#\/schema\/logo\/image\/"},"sameAs":["https:\/\/www.facebook.com\/vapingnetde\/"]}]}},"tiered_pricing_type":"fixed","tiered_pricing_fixed_rules":{"10":"7.31","60":"6.58","110":"5.85","200":"5.12"},"tiered_pricing_product_settings":{"layout":"default","base_unit_name":{"singular":null,"plural":null},"default_variation":null},"tiered_pricing_minimum_quantity":null,"tiered_pricing_roles_data":[],"tiered_pricing_percentage_rules":[],"_links":{"self":[{"href":"https:\/\/vapingnet.de\/sk\/wp-json\/wp\/v2\/product\/6966","targetHints":{"allow":["GET"]}}],"collection":[{"href":"https:\/\/vapingnet.de\/sk\/wp-json\/wp\/v2\/product"}],"about":[{"href":"https:\/\/vapingnet.de\/sk\/wp-json\/wp\/v2\/types\/product"}],"version-history":[{"count":1,"href":"https:\/\/vapingnet.de\/sk\/wp-json\/wp\/v2\/product\/6966\/revisions"}],"predecessor-version":[{"id":6975,"href":"https:\/\/vapingnet.de\/sk\/wp-json\/wp\/v2\/product\/6966\/revisions\/6975"}],"wp:featuredmedia":[{"embeddable":true,"href":"https:\/\/vapingnet.de\/sk\/wp-json\/wp\/v2\/media\/6970"}],"wp:attachment":[{"href":"https:\/\/vapingnet.de\/sk\/wp-json\/wp\/v2\/media?parent=6966"}],"wp:term":[{"taxonomy":"brand","embeddable":true,"href":"https:\/\/vapingnet.de\/sk\/wp-json\/wp\/v2\/etheme_brands?post=6966"},{"taxonomy":"product_brand","embeddable":true,"href":"https:\/\/vapingnet.de\/sk\/wp-json\/wp\/v2\/product_brand?post=6966"},{"taxonomy":"product_cat","embeddable":true,"href":"https:\/\/vapingnet.de\/sk\/wp-json\/wp\/v2\/product_cat?post=6966"},{"taxonomy":"product_tag","embeddable":true,"href":"https:\/\/vapingnet.de\/sk\/wp-json\/wp\/v2\/product_tag?post=6966"}],"curies":[{"name":"wp","href":"https:\/\/api.w.org\/{rel}","templated":true}]}}