{"id":6983,"date":"2025-05-26T07:13:51","date_gmt":"2025-05-26T07:13:51","guid":{"rendered":"https:\/\/vapingnet.de\/?post_type=product&#038;p=6983"},"modified":"2025-06-19T03:39:18","modified_gmt":"2025-06-19T03:39:18","slug":"strawberry-watermelon-bang-box-12000-puffs-original-factory-direct","status":"publish","type":"product","link":"https:\/\/vapingnet.de\/sk\/vape\/strawberry-watermelon-bang-box-12000-puffs-original-factory-direct\/","title":{"rendered":"Jahoda Mel\u00f3n Bang Box 12000 Pufy Origin\u00e1l &amp; Priama v\u00fdroba"},"content":{"rendered":"<h2 data-start=\"80\" data-end=\"135\" data-immersive-translate-walked=\"80607683-e837-4fc8-9cf3-b6afc2673b1c\">Bang Box 12000 \u2013 Ke\u010f sa dizajn stret\u00e1va s v\u00fdkonom<\/h2>\n<p data-start=\"137\" data-end=\"422\" data-immersive-translate-walked=\"80607683-e837-4fc8-9cf3-b6afc2673b1c\" data-immersive-translate-paragraph=\"1\">Hor\u00faci letn\u00fd de\u0148. Slnko sa pomaly zni\u017euje nad horizontom, vzduch je ticho. Op\u00e4\u0165 sa opierate, prv\u00fd \u0165ah: sladk\u00e1 jahoda sa stret\u00e1va s chladnou vodnou mel\u00f3nom \u2013 \u010derstv\u00e9, ovocn\u00e9, pr\u00edjemne m\u00e4kk\u00e9 v hrdle. \u017diadne \u0161krabanie, \u017eiadna n\u00e1maha. Iba \u010dist\u00e1 chu\u0165 a hust\u00fd dym.<\/p>\n<p data-start=\"424\" data-end=\"655\" data-immersive-translate-walked=\"80607683-e837-4fc8-9cf3-b6afc2673b1c\" data-immersive-translate-paragraph=\"1\">Bang Box 12000 je viac ne\u017e jednorazov\u00e1 e-cigareta. Je to premyslen\u00e9 parn\u00e9 zariadenie pre \u013eud\u00ed s n\u00e1rokmi \u2013 na v\u00fdkon, chu\u0165 a \u0161t\u00fdl. Vyvinut\u00e9 pre modern\u00fd ka\u017edodenn\u00fd \u017eivot, v ktorom si p\u00f4\u017eitok jednoducho mus\u00ed n\u00e1js\u0165 svoje miesto.<\/p>\n<h3 data-start=\"657\" data-end=\"692\" data-immersive-translate-walked=\"80607683-e837-4fc8-9cf3-b6afc2673b1c\" data-immersive-translate-paragraph=\"1\">Pre koho je Bang Box 12000?<\/h3>\n<p data-start=\"694\" data-end=\"864\" data-immersive-translate-walked=\"80607683-e837-4fc8-9cf3-b6afc2673b1c\" data-immersive-translate-paragraph=\"1\">T\u00e1to vapovacia zariadenie je ur\u010den\u00e9 v\u0161etk\u00fdm, ktor\u00ed h\u013eadaj\u00fa jasn\u00fa alternat\u00edvu k tradi\u010dn\u00e9mu faj\u010deniu \u2013 bez toho, aby sa museli zaobera\u0165 zlo\u017eit\u00fdmi syst\u00e9mami. Je ide\u00e1lna pre:<\/p>\n<ul data-start=\"866\" data-end=\"1064\" data-immersive-translate-walked=\"80607683-e837-4fc8-9cf3-b6afc2673b1c\">\n<li data-start=\"866\" data-end=\"910\" data-immersive-translate-walked=\"80607683-e837-4fc8-9cf3-b6afc2673b1c\">\n<p data-start=\"868\" data-end=\"910\" data-immersive-translate-walked=\"80607683-e837-4fc8-9cf3-b6afc2673b1c\" data-immersive-translate-paragraph=\"1\">Za\u010diato\u010dn\u00edkov, ktor\u00ed chc\u00fa jednoducho za\u010da\u0165<\/p>\n<\/li>\n<li data-start=\"911\" data-end=\"986\" data-immersive-translate-walked=\"80607683-e837-4fc8-9cf3-b6afc2673b1c\">\n<p data-start=\"913\" data-end=\"986\" data-immersive-translate-walked=\"80607683-e837-4fc8-9cf3-b6afc2673b1c\" data-immersive-translate-paragraph=\"1\">Sk\u00fasen\u00fdch pou\u017e\u00edvate\u013eov, ktor\u00ed potrebuj\u00fa spo\u013eahliv\u00e9 druh\u00e9 rie\u0161enie na cest\u00e1ch<\/p>\n<\/li>\n<li data-start=\"987\" data-end=\"1064\" data-immersive-translate-walked=\"80607683-e837-4fc8-9cf3-b6afc2673b1c\">\n<p data-start=\"989\" data-end=\"1064\" data-immersive-translate-walked=\"80607683-e837-4fc8-9cf3-b6afc2673b1c\" data-immersive-translate-paragraph=\"1\">Esteticky zm\u00fd\u0161\u013eaj\u00facich vapistov, ktor\u00ed oce\u0148uj\u00fa funkciu aj dizajn rovnako<\/p>\n<\/li>\n<\/ul>\n<p data-start=\"1066\" data-end=\"1180\" data-immersive-translate-walked=\"80607683-e837-4fc8-9cf3-b6afc2673b1c\" data-immersive-translate-paragraph=\"1\">\u010ci u\u017e na cest\u00e1ch, po\u010das prest\u00e1vky alebo doma \u2013 Bang Box poskytuje kon\u0161tantn\u00fa siln\u00fa chu\u0165 pri maxim\u00e1lnom pohodl\u00ed.<\/p>\n<h4 data-start=\"1182\" data-end=\"1205\" data-immersive-translate-walked=\"80607683-e837-4fc8-9cf3-b6afc2673b1c\" data-immersive-translate-paragraph=\"1\">\u010co ju odli\u0161uje<\/h4>\n<p data-start=\"1207\" data-end=\"1467\" data-immersive-translate-walked=\"80607683-e837-4fc8-9cf3-b6afc2673b1c\" data-immersive-translate-paragraph=\"1\">Bang Box 12000 pon\u00faka \u00fa\u017easn\u00fa v\u00fddr\u017e: a\u017e 12 000 \u0165ahov s kon\u0161tantn\u00fdm v\u00fdkonom. Vy\u0161\u0161\u00ed kvalitn\u00fd 650-mAh bat\u00e9ria, ktor\u00e1 sa pohodlne nab\u00edja cez modern\u00e9 USB-C pripojenie, zaru\u010duje dlh\u00e9 pou\u017e\u00edvanie bez preru\u0161enia.<\/p>\n<p data-start=\"1469\" data-end=\"1736\" data-immersive-translate-walked=\"80607683-e837-4fc8-9cf3-b6afc2673b1c\" data-immersive-translate-paragraph=\"1\">Vlo\u017een\u00e1 0,8-Ohm Mesh cievka zabezpe\u010duje rovnomern\u00e9 rozlo\u017eenie tepla, efekt\u00edvne odparovanie a pln\u00fa, intenz\u00edvnu chu\u0165 pri ka\u017edom \u0165ahu. V kombin\u00e1cii s ve\u013ek\u00fdm 20 ml objemom n\u00e1dr\u017eky sa tekutina optimalizuje \u2013 bez nutnosti dop\u013a\u0148ania.<\/p>\n<p data-start=\"1738\" data-end=\"1893\" data-immersive-translate-walked=\"80607683-e837-4fc8-9cf3-b6afc2673b1c\" data-immersive-translate-paragraph=\"1\">Obsah nikot\u00ednu je volite\u013en\u00fd: 2 % pre jemn\u00fd z\u00e1\u017eitok, 5 % pre intenz\u00edvnej\u0161ie potreby. Tak si m\u00f4\u017eete prisp\u00f4sobi\u0165 svoj vapovac\u00ed z\u00e1\u017eitok pod\u013ea seba.<\/p>\n<h4 data-start=\"1895\" data-end=\"1919\" data-immersive-translate-walked=\"80607683-e837-4fc8-9cf3-b6afc2673b1c\" data-immersive-translate-paragraph=\"1\">Technick\u00fd preh\u013ead<\/h4>\n<ul data-start=\"1921\" data-end=\"2211\" data-immersive-translate-walked=\"80607683-e837-4fc8-9cf3-b6afc2673b1c\">\n<li data-start=\"1921\" data-end=\"1958\" data-immersive-translate-walked=\"80607683-e837-4fc8-9cf3-b6afc2673b1c\">\n<p data-start=\"1923\" data-end=\"1958\" data-immersive-translate-walked=\"80607683-e837-4fc8-9cf3-b6afc2673b1c\" data-immersive-translate-paragraph=\"1\">Doba pou\u017e\u00edvania: a\u017e 12 000 \u0165ahov<\/p>\n<\/li>\n<li data-start=\"1959\" data-end=\"2004\" data-immersive-translate-walked=\"80607683-e837-4fc8-9cf3-b6afc2673b1c\">\n<p data-start=\"1961\" data-end=\"2004\" data-immersive-translate-walked=\"80607683-e837-4fc8-9cf3-b6afc2673b1c\" data-immersive-translate-paragraph=\"1\">Bat\u00e9ria: 650 mAh (opakovane nab\u00edjate\u013en\u00e1 cez USB-C)<\/p>\n<\/li>\n<li data-start=\"2005\" data-end=\"2037\" data-immersive-translate-walked=\"80607683-e837-4fc8-9cf3-b6afc2673b1c\">\n<p data-start=\"2007\" data-end=\"2037\" data-immersive-translate-walked=\"80607683-e837-4fc8-9cf3-b6afc2673b1c\" data-immersive-translate-paragraph=\"1\">E-liquid: 20 ml (integrovan\u00fd)<\/p>\n<\/li>\n<li data-start=\"2038\" data-end=\"2069\" data-immersive-translate-walked=\"80607683-e837-4fc8-9cf3-b6afc2673b1c\">\n<p data-start=\"2040\" data-end=\"2069\" data-immersive-translate-walked=\"80607683-e837-4fc8-9cf3-b6afc2673b1c\" data-immersive-translate-paragraph=\"1\">Obsah nikot\u00ednu: 2 % alebo 5 %<\/p>\n<\/li>\n<li data-start=\"2070\" data-end=\"2092\" data-immersive-translate-walked=\"80607683-e837-4fc8-9cf3-b6afc2673b1c\">\n<p data-start=\"2072\" data-end=\"2092\" data-immersive-translate-walked=\"80607683-e837-4fc8-9cf3-b6afc2673b1c\" data-immersive-translate-paragraph=\"1\">Cievka: 0,8 Ohm Mesh<\/p>\n<\/li>\n<li data-start=\"2093\" data-end=\"2110\" data-immersive-translate-walked=\"80607683-e837-4fc8-9cf3-b6afc2673b1c\">\n<p data-start=\"2095\" data-end=\"2110\" data-immersive-translate-walked=\"80607683-e837-4fc8-9cf3-b6afc2673b1c\" data-immersive-translate-paragraph=\"1\">Hmotnos\u0165: 85 g<\/p>\n<\/li>\n<li data-start=\"2111\" data-end=\"2145\" data-immersive-translate-walked=\"80607683-e837-4fc8-9cf3-b6afc2673b1c\">\n<p data-start=\"2113\" data-end=\"2145\" data-immersive-translate-walked=\"80607683-e837-4fc8-9cf3-b6afc2673b1c\" data-immersive-translate-paragraph=\"1\">Integrovan\u00fd LED farebn\u00fd efekt<\/p>\n<\/li>\n<li data-start=\"2146\" data-end=\"2211\" data-immersive-translate-walked=\"80607683-e837-4fc8-9cf3-b6afc2673b1c\">\n<p data-start=\"2148\" data-end=\"2211\" data-immersive-translate-walked=\"80607683-e837-4fc8-9cf3-b6afc2673b1c\" data-immersive-translate-paragraph=\"1\">Chu\u0165: Jahoda Mel\u00f3n (sladk\u00e1, osvie\u017euj\u00faca, vyv\u00e1\u017een\u00e1)<\/p>\n<\/li>\n<\/ul>\n<h3><img fetchpriority=\"high\" decoding=\"async\" class=\"size-full wp-image-6949 aligncenter\" src=\"https:\/\/vapingnet.de\/wp-content\/uploads\/2025\/05\/9563b0a8cb8b6cda1f6280cd978d050-scaled.jpg\" alt=\"\" width=\"2045\" height=\"2560\" srcset=\"https:\/\/vapingnet.de\/wp-content\/uploads\/2025\/05\/9563b0a8cb8b6cda1f6280cd978d050-scaled.jpg 2045w, https:\/\/vapingnet.de\/wp-content\/uploads\/2025\/05\/9563b0a8cb8b6cda1f6280cd978d050-240x300.jpg 240w, https:\/\/vapingnet.de\/wp-content\/uploads\/2025\/05\/9563b0a8cb8b6cda1f6280cd978d050-818x1024.jpg 818w, https:\/\/vapingnet.de\/wp-content\/uploads\/2025\/05\/9563b0a8cb8b6cda1f6280cd978d050-768x961.jpg 768w, https:\/\/vapingnet.de\/wp-content\/uploads\/2025\/05\/9563b0a8cb8b6cda1f6280cd978d050-1227x1536.jpg 1227w, https:\/\/vapingnet.de\/wp-content\/uploads\/2025\/05\/9563b0a8cb8b6cda1f6280cd978d050-1636x2048.jpg 1636w, https:\/\/vapingnet.de\/wp-content\/uploads\/2025\/05\/9563b0a8cb8b6cda1f6280cd978d050-600x751.jpg 600w, https:\/\/vapingnet.de\/wp-content\/uploads\/2025\/05\/9563b0a8cb8b6cda1f6280cd978d050-1x1.jpg 1w, https:\/\/vapingnet.de\/wp-content\/uploads\/2025\/05\/9563b0a8cb8b6cda1f6280cd978d050-8x10.jpg 8w\" sizes=\"(max-width: 2045px) 100vw, 2045px\" \/><\/h3>\n<h3>Pre\u010do Bang Box?<\/h3>\n<p data-start=\"2234\" data-end=\"2538\" data-immersive-translate-walked=\"80607683-e837-4fc8-9cf3-b6afc2673b1c\" data-immersive-translate-paragraph=\"1\">Preto\u017ee pon\u00faka bezkompromisn\u00fa jednoduchos\u0165. \u017diadne dop\u013a\u0148anie, \u017eiadna v\u00fdmena cievok, \u017eiadne nastavenie. Mus\u00ed\u0161 len \u0165aha\u0165 a u\u017e\u00edva\u0165 si. A to na vysokej technickej \u00farovni. Bang Box 12000 sp\u00e1ja pou\u017e\u00edvate\u013esk\u00fa pr\u00edvetivos\u0165 s p\u00f4sobiv\u00fdm v\u00fdkonom \u2013 v kompaktnom, elegantnom form\u00e1te.<\/p>\n<p data-start=\"2540\" data-end=\"2721\" data-immersive-translate-walked=\"80607683-e837-4fc8-9cf3-b6afc2673b1c\" data-immersive-translate-paragraph=\"1\">Jasn\u00fd, jednoduch\u00fd dizajn s integrovan\u00fdm LED farebn\u00fdm osvetlen\u00edm pod\u010diarkuje modern\u00fd charakter tohto produktu \u2013 decentn\u00fd, ale dostato\u010dne n\u00e1padn\u00fd na vytvorenie vyhl\u00e1senia.<\/p>\n<p data-start=\"2734\" data-end=\"2967\" data-immersive-translate-walked=\"80607683-e837-4fc8-9cf3-b6afc2673b1c\" data-immersive-translate-paragraph=\"1\">Bang Box 12000 predstavuje nov\u00fa gener\u00e1ciu vapov, ktor\u00e9 nielen funguj\u00fa, ale aj nadch\u00fdnaj\u00fa. Pon\u00faka intenz\u00edvny z\u00e1\u017eitok z chuti, technologick\u00fa presnos\u0165 a modern\u00fd dizajn \u2013 v\u0161etko v jednom zariaden\u00ed.<\/p>\n<p data-start=\"2969\" data-end=\"3137\" data-immersive-translate-walked=\"80607683-e837-4fc8-9cf3-b6afc2673b1c\" data-immersive-translate-paragraph=\"1\">\u010ci ste nov\u00e1\u010dik vo vapovan\u00ed alebo h\u013ead\u00e1te praktick\u00e9, v\u00fdkonn\u00e9 druh\u00e9 zariadenie \u2013 s Bang Box 12000 urob\u00edte rozhodnutie pre kvalitu, komfort a \u0161t\u00fdl.<\/p>","protected":false},"excerpt":{"rendered":"<p>Bang Box 12000 \u2013 Ke\u010f sa dizajn stret\u00e1va s v\u00fdkonom. Hor\u00faci letn\u00fd de\u0148. Slnko sa pomaly zni\u017euje nad horizontom, vzduch je tich\u00fd. Ty...<\/p>","protected":false},"featured_media":6986,"template":"","meta":[],"etheme_brands":[],"product_brand":[101],"product_cat":[88],"product_tag":[],"class_list":{"0":"post-6983","1":"product","2":"type-product","3":"status-publish","4":"has-post-thumbnail","6":"product_brand-bang-king-vape","7":"product_cat-12k-vape","9":"first","10":"instock","11":"shipping-taxable","12":"purchasable","13":"product-type-simple"},"yoast_head":"<!-- This site is optimized with the Yoast SEO plugin v26.5 - https:\/\/yoast.com\/wordpress\/plugins\/seo\/ -->\n<title>Strawberry Watermelon Bang Box 12000 Puffs Original &amp; Factory Direct | Vapingnet.de<\/title>\n<meta name=\"description\" content=\"Entdecke Strawberry Watermelon Bang Box 12000 Puffs Original &amp; Factory Direct bei vapingnet.de, \u25ba Gro\u00dfe Auswahl an Geschmacksrichtungen &amp; super g\u00fcnstig!\" \/>\n<meta name=\"robots\" content=\"index, follow, max-snippet:-1, max-image-preview:large, max-video-preview:-1\" \/>\n<link rel=\"canonical\" href=\"https:\/\/vapingnet.de\/sk\/vape\/strawberry-watermelon-bang-box-12000-puffs-original-factory-direct\/\" \/>\n<meta property=\"og:locale\" content=\"sk_SK\" \/>\n<meta property=\"og:type\" content=\"article\" \/>\n<meta property=\"og:title\" content=\"Strawberry Watermelon Bang Box 12000 Puffs Original &amp; Factory Direct | Vapingnet.de\" \/>\n<meta property=\"og:description\" content=\"Entdecke Strawberry Watermelon Bang Box 12000 Puffs Original &amp; Factory Direct bei vapingnet.de, \u25ba Gro\u00dfe Auswahl an Geschmacksrichtungen &amp; super g\u00fcnstig!\" \/>\n<meta property=\"og:url\" content=\"https:\/\/vapingnet.de\/sk\/vape\/strawberry-watermelon-bang-box-12000-puffs-original-factory-direct\/\" \/>\n<meta property=\"og:site_name\" content=\"Vapingnet.de\" \/>\n<meta property=\"article:publisher\" content=\"https:\/\/www.facebook.com\/vapingnetde\/\" \/>\n<meta property=\"article:modified_time\" content=\"2025-06-19T03:39:18+00:00\" \/>\n<meta property=\"og:image\" content=\"https:\/\/vapingnet.de\/wp-content\/uploads\/2025\/05\/Strawberry-Watermelon-2.webp\" \/>\n\t<meta property=\"og:image:width\" content=\"1000\" \/>\n\t<meta property=\"og:image:height\" content=\"1000\" \/>\n\t<meta property=\"og:image:type\" content=\"image\/webp\" \/>\n<meta name=\"twitter:card\" content=\"summary_large_image\" \/>\n<meta name=\"twitter:label1\" content=\"Est. reading time\" \/>\n\t<meta name=\"twitter:data1\" content=\"3 minutes\" \/>\n<script type=\"application\/ld+json\" class=\"yoast-schema-graph\">{\"@context\":\"https:\/\/schema.org\",\"@graph\":[{\"@type\":\"WebPage\",\"@id\":\"https:\/\/vapingnet.de\/vape\/strawberry-watermelon-bang-box-12000-puffs-original-factory-direct\/\",\"url\":\"https:\/\/vapingnet.de\/vape\/strawberry-watermelon-bang-box-12000-puffs-original-factory-direct\/\",\"name\":\"Strawberry Watermelon Bang Box 12000 Puffs Original & Factory Direct | Vapingnet.de\",\"isPartOf\":{\"@id\":\"https:\/\/vapingnet.de\/#website\"},\"primaryImageOfPage\":{\"@id\":\"https:\/\/vapingnet.de\/vape\/strawberry-watermelon-bang-box-12000-puffs-original-factory-direct\/#primaryimage\"},\"image\":{\"@id\":\"https:\/\/vapingnet.de\/vape\/strawberry-watermelon-bang-box-12000-puffs-original-factory-direct\/#primaryimage\"},\"thumbnailUrl\":\"https:\/\/vapingnet.de\/wp-content\/uploads\/2025\/05\/Strawberry-Watermelon-2.webp\",\"datePublished\":\"2025-05-26T07:13:51+00:00\",\"dateModified\":\"2025-06-19T03:39:18+00:00\",\"description\":\"Entdecke Strawberry Watermelon Bang Box 12000 Puffs Original & Factory Direct bei vapingnet.de, \u25ba Gro\u00dfe Auswahl an Geschmacksrichtungen & super g\u00fcnstig!\",\"breadcrumb\":{\"@id\":\"https:\/\/vapingnet.de\/vape\/strawberry-watermelon-bang-box-12000-puffs-original-factory-direct\/#breadcrumb\"},\"inLanguage\":\"sk-SK\",\"potentialAction\":[{\"@type\":\"ReadAction\",\"target\":[\"https:\/\/vapingnet.de\/vape\/strawberry-watermelon-bang-box-12000-puffs-original-factory-direct\/\"]}]},{\"@type\":\"ImageObject\",\"inLanguage\":\"sk-SK\",\"@id\":\"https:\/\/vapingnet.de\/vape\/strawberry-watermelon-bang-box-12000-puffs-original-factory-direct\/#primaryimage\",\"url\":\"https:\/\/vapingnet.de\/wp-content\/uploads\/2025\/05\/Strawberry-Watermelon-2.webp\",\"contentUrl\":\"https:\/\/vapingnet.de\/wp-content\/uploads\/2025\/05\/Strawberry-Watermelon-2.webp\",\"width\":1000,\"height\":1000},{\"@type\":\"BreadcrumbList\",\"@id\":\"https:\/\/vapingnet.de\/vape\/strawberry-watermelon-bang-box-12000-puffs-original-factory-direct\/#breadcrumb\",\"itemListElement\":[{\"@type\":\"ListItem\",\"position\":1,\"name\":\"Home\",\"item\":\"https:\/\/vapingnet.de\/\"},{\"@type\":\"ListItem\",\"position\":2,\"name\":\"Shop\",\"item\":\"https:\/\/vapingnet.de\/vape\/\"},{\"@type\":\"ListItem\",\"position\":3,\"name\":\"Strawberry Watermelon Bang Box 12000 Puffs Original &#038; Factory Direct\"}]},{\"@type\":\"WebSite\",\"@id\":\"https:\/\/vapingnet.de\/#website\",\"url\":\"https:\/\/vapingnet.de\/\",\"name\":\"Vapingnet.de\",\"description\":\"\",\"publisher\":{\"@id\":\"https:\/\/vapingnet.de\/#organization\"},\"potentialAction\":[{\"@type\":\"SearchAction\",\"target\":{\"@type\":\"EntryPoint\",\"urlTemplate\":\"https:\/\/vapingnet.de\/?s={search_term_string}\"},\"query-input\":{\"@type\":\"PropertyValueSpecification\",\"valueRequired\":true,\"valueName\":\"search_term_string\"}}],\"inLanguage\":\"sk-SK\"},{\"@type\":\"Organization\",\"@id\":\"https:\/\/vapingnet.de\/#organization\",\"name\":\"Vapingnet.de\",\"url\":\"https:\/\/vapingnet.de\/\",\"logo\":{\"@type\":\"ImageObject\",\"inLanguage\":\"sk-SK\",\"@id\":\"https:\/\/vapingnet.de\/#\/schema\/logo\/image\/\",\"url\":\"https:\/\/vapingnet.de\/wp-content\/uploads\/2025\/03\/cropped-vapingnet.de_.jpg\",\"contentUrl\":\"https:\/\/vapingnet.de\/wp-content\/uploads\/2025\/03\/cropped-vapingnet.de_.jpg\",\"width\":512,\"height\":512,\"caption\":\"Vapingnet.de\"},\"image\":{\"@id\":\"https:\/\/vapingnet.de\/#\/schema\/logo\/image\/\"},\"sameAs\":[\"https:\/\/www.facebook.com\/vapingnetde\/\"]}]}<\/script>\n<!-- \/ Yoast SEO plugin. -->","yoast_head_json":{"title":"Strawberry Watermelon Bang Box 12000 Puffs Original & Factory Direct | Vapingnet.de","description":"Entdecke Strawberry Watermelon Bang Box 12000 Puffs Original & Factory Direct bei vapingnet.de, \u25ba Gro\u00dfe Auswahl an Geschmacksrichtungen & super g\u00fcnstig!","robots":{"index":"index","follow":"follow","max-snippet":"max-snippet:-1","max-image-preview":"max-image-preview:large","max-video-preview":"max-video-preview:-1"},"canonical":"https:\/\/vapingnet.de\/sk\/vape\/strawberry-watermelon-bang-box-12000-puffs-original-factory-direct\/","og_locale":"sk_SK","og_type":"article","og_title":"Strawberry Watermelon Bang Box 12000 Puffs Original & Factory Direct | Vapingnet.de","og_description":"Entdecke Strawberry Watermelon Bang Box 12000 Puffs Original & Factory Direct bei vapingnet.de, \u25ba Gro\u00dfe Auswahl an Geschmacksrichtungen & super g\u00fcnstig!","og_url":"https:\/\/vapingnet.de\/sk\/vape\/strawberry-watermelon-bang-box-12000-puffs-original-factory-direct\/","og_site_name":"Vapingnet.de","article_publisher":"https:\/\/www.facebook.com\/vapingnetde\/","article_modified_time":"2025-06-19T03:39:18+00:00","og_image":[{"width":1000,"height":1000,"url":"https:\/\/vapingnet.de\/wp-content\/uploads\/2025\/05\/Strawberry-Watermelon-2.webp","type":"image\/webp"}],"twitter_card":"summary_large_image","twitter_misc":{"Est. reading time":"3 minutes"},"schema":{"@context":"https:\/\/schema.org","@graph":[{"@type":"WebPage","@id":"https:\/\/vapingnet.de\/vape\/strawberry-watermelon-bang-box-12000-puffs-original-factory-direct\/","url":"https:\/\/vapingnet.de\/vape\/strawberry-watermelon-bang-box-12000-puffs-original-factory-direct\/","name":"Strawberry Watermelon Bang Box 12000 Puffs Original & Factory Direct | Vapingnet.de","isPartOf":{"@id":"https:\/\/vapingnet.de\/#website"},"primaryImageOfPage":{"@id":"https:\/\/vapingnet.de\/vape\/strawberry-watermelon-bang-box-12000-puffs-original-factory-direct\/#primaryimage"},"image":{"@id":"https:\/\/vapingnet.de\/vape\/strawberry-watermelon-bang-box-12000-puffs-original-factory-direct\/#primaryimage"},"thumbnailUrl":"https:\/\/vapingnet.de\/wp-content\/uploads\/2025\/05\/Strawberry-Watermelon-2.webp","datePublished":"2025-05-26T07:13:51+00:00","dateModified":"2025-06-19T03:39:18+00:00","description":"Entdecke Strawberry Watermelon Bang Box 12000 Puffs Original & Factory Direct bei vapingnet.de, \u25ba Gro\u00dfe Auswahl an Geschmacksrichtungen & super g\u00fcnstig!","breadcrumb":{"@id":"https:\/\/vapingnet.de\/vape\/strawberry-watermelon-bang-box-12000-puffs-original-factory-direct\/#breadcrumb"},"inLanguage":"sk-SK","potentialAction":[{"@type":"ReadAction","target":["https:\/\/vapingnet.de\/vape\/strawberry-watermelon-bang-box-12000-puffs-original-factory-direct\/"]}]},{"@type":"ImageObject","inLanguage":"sk-SK","@id":"https:\/\/vapingnet.de\/vape\/strawberry-watermelon-bang-box-12000-puffs-original-factory-direct\/#primaryimage","url":"https:\/\/vapingnet.de\/wp-content\/uploads\/2025\/05\/Strawberry-Watermelon-2.webp","contentUrl":"https:\/\/vapingnet.de\/wp-content\/uploads\/2025\/05\/Strawberry-Watermelon-2.webp","width":1000,"height":1000},{"@type":"BreadcrumbList","@id":"https:\/\/vapingnet.de\/vape\/strawberry-watermelon-bang-box-12000-puffs-original-factory-direct\/#breadcrumb","itemListElement":[{"@type":"ListItem","position":1,"name":"Home","item":"https:\/\/vapingnet.de\/"},{"@type":"ListItem","position":2,"name":"Shop","item":"https:\/\/vapingnet.de\/vape\/"},{"@type":"ListItem","position":3,"name":"Strawberry Watermelon Bang Box 12000 Puffs Original &#038; Factory Direct"}]},{"@type":"WebSite","@id":"https:\/\/vapingnet.de\/#website","url":"https:\/\/vapingnet.de\/","name":"Vapingnet.de","description":"","publisher":{"@id":"https:\/\/vapingnet.de\/#organization"},"potentialAction":[{"@type":"SearchAction","target":{"@type":"EntryPoint","urlTemplate":"https:\/\/vapingnet.de\/?s={search_term_string}"},"query-input":{"@type":"PropertyValueSpecification","valueRequired":true,"valueName":"search_term_string"}}],"inLanguage":"sk-SK"},{"@type":"Organization","@id":"https:\/\/vapingnet.de\/#organization","name":"Vapingnet.de","url":"https:\/\/vapingnet.de\/","logo":{"@type":"ImageObject","inLanguage":"sk-SK","@id":"https:\/\/vapingnet.de\/#\/schema\/logo\/image\/","url":"https:\/\/vapingnet.de\/wp-content\/uploads\/2025\/03\/cropped-vapingnet.de_.jpg","contentUrl":"https:\/\/vapingnet.de\/wp-content\/uploads\/2025\/03\/cropped-vapingnet.de_.jpg","width":512,"height":512,"caption":"Vapingnet.de"},"image":{"@id":"https:\/\/vapingnet.de\/#\/schema\/logo\/image\/"},"sameAs":["https:\/\/www.facebook.com\/vapingnetde\/"]}]}},"tiered_pricing_type":"fixed","tiered_pricing_fixed_rules":{"10":"7.31","60":"6.58","110":"5.85","200":"5.12"},"tiered_pricing_product_settings":{"layout":"default","base_unit_name":{"singular":null,"plural":null},"default_variation":null},"tiered_pricing_minimum_quantity":null,"tiered_pricing_roles_data":[],"tiered_pricing_percentage_rules":[],"_links":{"self":[{"href":"https:\/\/vapingnet.de\/sk\/wp-json\/wp\/v2\/product\/6983","targetHints":{"allow":["GET"]}}],"collection":[{"href":"https:\/\/vapingnet.de\/sk\/wp-json\/wp\/v2\/product"}],"about":[{"href":"https:\/\/vapingnet.de\/sk\/wp-json\/wp\/v2\/types\/product"}],"version-history":[{"count":1,"href":"https:\/\/vapingnet.de\/sk\/wp-json\/wp\/v2\/product\/6983\/revisions"}],"predecessor-version":[{"id":6992,"href":"https:\/\/vapingnet.de\/sk\/wp-json\/wp\/v2\/product\/6983\/revisions\/6992"}],"wp:featuredmedia":[{"embeddable":true,"href":"https:\/\/vapingnet.de\/sk\/wp-json\/wp\/v2\/media\/6986"}],"wp:attachment":[{"href":"https:\/\/vapingnet.de\/sk\/wp-json\/wp\/v2\/media?parent=6983"}],"wp:term":[{"taxonomy":"brand","embeddable":true,"href":"https:\/\/vapingnet.de\/sk\/wp-json\/wp\/v2\/etheme_brands?post=6983"},{"taxonomy":"product_brand","embeddable":true,"href":"https:\/\/vapingnet.de\/sk\/wp-json\/wp\/v2\/product_brand?post=6983"},{"taxonomy":"product_cat","embeddable":true,"href":"https:\/\/vapingnet.de\/sk\/wp-json\/wp\/v2\/product_cat?post=6983"},{"taxonomy":"product_tag","embeddable":true,"href":"https:\/\/vapingnet.de\/sk\/wp-json\/wp\/v2\/product_tag?post=6983"}],"curies":[{"name":"wp","href":"https:\/\/api.w.org\/{rel}","templated":true}]}}