{"id":7016,"date":"2025-06-05T07:53:49","date_gmt":"2025-06-05T07:53:49","guid":{"rendered":"https:\/\/vapingnet.de\/?post_type=product&#038;p=7016"},"modified":"2026-01-25T08:56:10","modified_gmt":"2026-01-25T08:56:10","slug":"berries-cool-und-watermelon-sour-peach-bang-blaze-40000-genuss","status":"publish","type":"product","link":"https:\/\/vapingnet.de\/sk\/vape\/berries-cool-und-watermelon-sour-peach-bang-blaze-40000-genuss\/","title":{"rendered":"Berries Cool a Watermelon Sour Peach Bang Blaze 40000 p\u00f4\u017eitok"},"content":{"rendered":"<h2 data-start=\"0\" data-end=\"92\" data-immersive-translate-walked=\"148285a0-017c-433a-b0d5-56807b0b528a\">Jednorazov\u00e1 e-cigareta s dvoma chu\u0165ov\u00fdmi svetmi v jednom zariaden\u00ed<\/h2>\n<p data-start=\"94\" data-end=\"423\" data-immersive-translate-walked=\"148285a0-017c-433a-b0d5-56807b0b528a\" data-immersive-translate-paragraph=\"1\">Bang Blaze 40000 Puffs je inovat\u00edvna jednorazov\u00e1 e-cigareta, ktor\u00e1 v\u00e1s presved\u010d\u00ed svoj\u00edm v\u00fdnimo\u010dn\u00fdm v\u00fdkonom a jedine\u010dn\u00fdm syst\u00e9mom dvojitej chuti. S a\u017e 40 000 potiahnutiami na jedno zariadenie pon\u00faka extr\u00e9mne dlh\u00fd z\u00e1\u017eitok z vapovania \u2013 ide\u00e1lne pre t\u00fdch, ktor\u00ed klad\u00fa d\u00f4raz na kvalitu, rozmanitos\u0165 a pohodlie.<\/p>\n<h3>Hlavn\u00e9 vlastnosti Bang Blaze 40000 Puffs<\/h3>\n<ul data-start=\"468\" data-end=\"1352\" data-immersive-translate-walked=\"148285a0-017c-433a-b0d5-56807b0b528a\">\n<li data-start=\"468\" data-end=\"596\" data-immersive-translate-walked=\"148285a0-017c-433a-b0d5-56807b0b528a\">\n<p data-start=\"470\" data-end=\"596\" data-immersive-translate-walked=\"148285a0-017c-433a-b0d5-56807b0b528a\" data-immersive-translate-paragraph=\"1\">Ve\u013ek\u00e9 mno\u017estvo potiahnut\u00ed: A\u017e 40 000 potiahnut\u00ed na jedno zariadenie znamen\u00e1 dlhodob\u00e9 pote\u0161enie bez neust\u00e1leho dop\u013a\u0148ania alebo v\u00fdmeny.<\/p>\n<\/li>\n<li data-start=\"597\" data-end=\"750\" data-immersive-translate-walked=\"148285a0-017c-433a-b0d5-56807b0b528a\">\n<p data-start=\"599\" data-end=\"750\" data-immersive-translate-walked=\"148285a0-017c-433a-b0d5-56807b0b528a\" data-immersive-translate-paragraph=\"1\">40ML Dual-Flavour Liquid: Predplnen\u00e9 dvoma lahodn\u00fdmi pr\u00edchu\u0165ami, ktor\u00e9 je mo\u017en\u00e9 flexibilne kombinova\u0165 v\u010faka mixovaniu inhal\u00e1ci\u00ed.<\/p>\n<\/li>\n<li data-start=\"751\" data-end=\"998\" data-immersive-translate-walked=\"148285a0-017c-433a-b0d5-56807b0b528a\">\n<p data-start=\"753\" data-end=\"998\" data-immersive-translate-walked=\"148285a0-017c-433a-b0d5-56807b0b528a\" data-immersive-translate-paragraph=\"1\">Jedine\u010dn\u00e1 funkcia chuti: \u201eJedna cigareta, dve chute, prep\u00ednate\u013en\u00e9\u201c \u2013 Sta\u010d\u00ed jeden \u0165ah na prep\u00ednanie medzi Berries Cool a Watermelon Sour Peach alebo na mie\u0161anie oboch pr\u00edchut\u00ed. Za\u017eijete \u00faplne nov\u00fd z\u00e1\u017eitok z vapovania.<\/p>\n<\/li>\n<li data-start=\"999\" data-end=\"1105\" data-immersive-translate-walked=\"148285a0-017c-433a-b0d5-56807b0b528a\">\n<p data-start=\"1001\" data-end=\"1105\" data-immersive-translate-walked=\"148285a0-017c-433a-b0d5-56807b0b528a\" data-immersive-translate-paragraph=\"1\">V\u00fdkonn\u00e1 bat\u00e9ria: 650mAh bat\u00e9ria s r\u00fdchlym nab\u00edjan\u00edm cez Type-C pre r\u00fdchle a pohodln\u00e9 nab\u00edjanie.<\/p>\n<\/li>\n<li data-start=\"1106\" data-end=\"1235\" data-immersive-translate-walked=\"148285a0-017c-433a-b0d5-56807b0b528a\">\n<p data-start=\"1108\" data-end=\"1235\" data-immersive-translate-walked=\"148285a0-017c-433a-b0d5-56807b0b528a\" data-immersive-translate-paragraph=\"1\">Vysoko kvalitn\u00e9 cievky: 0.6\u03a9 Dual Mesh Coil zabezpe\u010duje hust\u00fd, intenz\u00edvny par a ve\u013emi jemn\u00fa chu\u0165.<\/p>\n<\/li>\n<li data-start=\"1236\" data-end=\"1352\" data-immersive-translate-walked=\"148285a0-017c-433a-b0d5-56807b0b528a\">\n<p data-start=\"1238\" data-end=\"1352\" data-immersive-translate-walked=\"148285a0-017c-433a-b0d5-56807b0b528a\" data-immersive-translate-paragraph=\"1\">R\u00f4zne \u00farovne nikot\u00ednu: Dostupn\u00e9 s 0%, 2%, 3% alebo 5% nikot\u00ednu \u2013 ide\u00e1lne pre r\u00f4zne preferencie.<\/p>\n<\/li>\n<\/ul>\n<h4>Pre\u010do si vybra\u0165 Bang Blaze 40000 Puffs?<\/h4>\n<p data-start=\"1393\" data-end=\"1787\" data-immersive-translate-walked=\"148285a0-017c-433a-b0d5-56807b0b528a\" data-immersive-translate-paragraph=\"1\">T\u00e1to jednorazov\u00e1 vapovacia zariadenie kombinuje najmodernej\u0161iu technol\u00f3giu s v\u00fdnimo\u010dn\u00fdm z\u00e1\u017eitkom z chuti. Mo\u017enos\u0165 prep\u00ednania medzi dvoma pr\u00edchu\u0165ami alebo ich mie\u0161ania pomocou len jednej cigarety rob\u00ed Bang Blaze jedine\u010dnou na trhu. Navy\u0161e, v\u00fdkonn\u00e1 bat\u00e9ria zaru\u010duje dlh\u00fa \u017eivotnos\u0165 a v\u010faka r\u00fdchlemu nab\u00edjaniu cez Type-C ste r\u00fdchlo op\u00e4\u0165 pripraven\u00ed na vapovanie.<\/p>\n<h4 data-start=\"1789\" data-end=\"1828\" data-immersive-translate-walked=\"148285a0-017c-433a-b0d5-56807b0b528a\" data-immersive-translate-paragraph=\"1\">Pre koho je Bang Blaze vhodn\u00e1?<\/h4>\n<p data-start=\"1830\" data-end=\"2063\" data-immersive-translate-walked=\"148285a0-017c-433a-b0d5-56807b0b528a\" data-immersive-translate-paragraph=\"1\">\u010ci ste za\u010diato\u010dn\u00edk vo vapovan\u00ed alebo sk\u00fasen\u00fd vap\u00e9r \u2013 Bang Blaze 40000 Puffs pon\u00faka ka\u017ed\u00e9mu pou\u017e\u00edvate\u013eovi jednoduch\u00e9 ovl\u00e1danie a intenz\u00edvny z\u00e1\u017eitok z vapovania. Zariadenie je okam\u017eite pripraven\u00e9 na pou\u017eitie, praktick\u00e9 a ide\u00e1lne na cestovanie alebo domov.<\/p>\n<h4 data-start=\"2065\" data-end=\"2098\" data-immersive-translate-walked=\"148285a0-017c-433a-b0d5-56807b0b528a\" data-immersive-translate-paragraph=\"1\">Va\u0161e v\u00fdhody na jednom mieste<\/h4>\n<ul data-start=\"2100\" data-end=\"2437\" data-immersive-translate-walked=\"148285a0-017c-433a-b0d5-56807b0b528a\">\n<li data-start=\"2100\" data-end=\"2154\" data-immersive-translate-walked=\"148285a0-017c-433a-b0d5-56807b0b528a\">\n<p data-start=\"2102\" data-end=\"2154\" data-immersive-translate-walked=\"148285a0-017c-433a-b0d5-56807b0b528a\" data-immersive-translate-paragraph=\"1\">A\u017e 40 000 potiahnut\u00ed \u2013 pre extra dlh\u00fd z\u00e1\u017eitok z parenia<\/p>\n<\/li>\n<li data-start=\"2155\" data-end=\"2209\" data-immersive-translate-walked=\"148285a0-017c-433a-b0d5-56807b0b528a\">\n<p data-start=\"2157\" data-end=\"2209\" data-immersive-translate-walked=\"148285a0-017c-433a-b0d5-56807b0b528a\" data-immersive-translate-paragraph=\"1\">40ML Dual-Flavour Liquid s dvoma vybran\u00fdmi pr\u00edchu\u0165ami<\/p>\n<\/li>\n<li data-start=\"2210\" data-end=\"2283\" data-immersive-translate-walked=\"148285a0-017c-433a-b0d5-56807b0b528a\">\n<p data-start=\"2212\" data-end=\"2283\" data-immersive-translate-walked=\"148285a0-017c-433a-b0d5-56807b0b528a\" data-immersive-translate-paragraph=\"1\">\u201eJedna cigareta, dve chute, prep\u00ednate\u013en\u00e9\u201c \u2013 flexibiln\u00fd v\u00fdber chuti<\/p>\n<\/li>\n<li data-start=\"2284\" data-end=\"2326\" data-immersive-translate-walked=\"148285a0-017c-433a-b0d5-56807b0b528a\">\n<p data-start=\"2286\" data-end=\"2326\" data-immersive-translate-walked=\"148285a0-017c-433a-b0d5-56807b0b528a\" data-immersive-translate-paragraph=\"1\">650mAh bat\u00e9ria s r\u00fdchlym nab\u00edjan\u00edm cez Type-C<\/p>\n<\/li>\n<li data-start=\"2327\" data-end=\"2380\" data-immersive-translate-walked=\"148285a0-017c-433a-b0d5-56807b0b528a\">\n<p data-start=\"2329\" data-end=\"2380\" data-immersive-translate-walked=\"148285a0-017c-433a-b0d5-56807b0b528a\" data-immersive-translate-paragraph=\"1\">0.6\u03a9 Dual Mesh Coil pre hust\u00fd a jemn\u00fd par<\/p>\n<\/li>\n<li data-start=\"2381\" data-end=\"2437\" data-immersive-translate-walked=\"148285a0-017c-433a-b0d5-56807b0b528a\">\n<p data-start=\"2383\" data-end=\"2437\" data-immersive-translate-walked=\"148285a0-017c-433a-b0d5-56807b0b528a\" data-immersive-translate-paragraph=\"1\">Nikot\u00ednov\u00e9 \u00farovne od 0% do 5% \u2013 individu\u00e1lne nastavite\u013en\u00e9<\/p>\n<\/li>\n<\/ul>\n<p data-start=\"2439\" data-end=\"2630\" data-is-last-node=\"\" data-is-only-node=\"\" data-immersive-translate-walked=\"148285a0-017c-433a-b0d5-56807b0b528a\">Za\u017eite s Bang Blaze 40000 Puffs \u010fal\u0161iu gener\u00e1ciu jednorazov\u00fdch e-cigariet a objednajte si vapovanie s dvoma chu\u0165ov\u00fdmi svetmi \u2013 jednoducho, v\u0161estranne a vysoko kvalitne!<\/p>","protected":false},"excerpt":{"rendered":"<p>Die Einweg E-Zigarette mit zwei Geschmackswelten in einem Ger\u00e4t Die Bang Blaze 40000 Puffs ist eine innovative Einweg E-Zigarette, die mit ihrer au\u00dfergew\u00f6hnlichen Leistung und&#8230;<\/p>","protected":false},"featured_media":7020,"template":"","meta":[],"etheme_brands":[],"product_brand":[101],"product_cat":[65,49,61,87],"product_tag":[],"class_list":{"0":"post-7016","1":"product","2":"type-product","3":"status-publish","4":"has-post-thumbnail","6":"product_brand-bang-king-vape","7":"product_cat-vape-40000-zuege","8":"product_cat-einweg-e-zigarette","9":"product_cat-f","10":"product_cat-v","12":"first","13":"instock","14":"shipping-taxable","15":"purchasable","16":"product-type-simple"},"yoast_head":"<!-- This site is optimized with the Yoast SEO plugin v26.5 - https:\/\/yoast.com\/wordpress\/plugins\/seo\/ -->\n<title>Bang Blaze 40000 Vape | Hybrid-Flavour | 0,6 Ohm Dual Mesh<\/title>\n<meta name=\"description\" content=\"Erlebe pr\u00e4zise Dampf-Performance. Die Bang Blaze 40000 kombiniert 40ml Kapazit\u00e4t mit einem mechanischen Aroma-Switch. 0% bis 5% Nikotin &amp; schnelles USB-C Charging.\" \/>\n<meta name=\"robots\" content=\"index, follow, max-snippet:-1, max-image-preview:large, max-video-preview:-1\" \/>\n<link rel=\"canonical\" href=\"https:\/\/vapingnet.de\/sk\/vape\/berries-cool-und-watermelon-sour-peach-bang-blaze-40000-genuss\/\" \/>\n<meta property=\"og:locale\" content=\"sk_SK\" \/>\n<meta property=\"og:type\" content=\"article\" \/>\n<meta property=\"og:title\" content=\"Bang Blaze 40000 Vape | Hybrid-Flavour | 0,6 Ohm Dual Mesh\" \/>\n<meta property=\"og:description\" content=\"Erlebe pr\u00e4zise Dampf-Performance. Die Bang Blaze 40000 kombiniert 40ml Kapazit\u00e4t mit einem mechanischen Aroma-Switch. 0% bis 5% Nikotin &amp; schnelles USB-C Charging.\" \/>\n<meta property=\"og:url\" content=\"https:\/\/vapingnet.de\/sk\/vape\/berries-cool-und-watermelon-sour-peach-bang-blaze-40000-genuss\/\" \/>\n<meta property=\"og:site_name\" content=\"Vapingnet.de\" \/>\n<meta property=\"article:publisher\" content=\"https:\/\/www.facebook.com\/vapingnetde\/\" \/>\n<meta property=\"article:modified_time\" content=\"2026-01-25T08:56:10+00:00\" \/>\n<meta property=\"og:image\" content=\"https:\/\/vapingnet.de\/wp-content\/uploads\/2025\/06\/Berries-Cool-Watermelon-Sour-Peach.jpg.webp\" \/>\n\t<meta property=\"og:image:width\" content=\"1000\" \/>\n\t<meta property=\"og:image:height\" content=\"1000\" \/>\n\t<meta property=\"og:image:type\" content=\"image\/webp\" \/>\n<meta name=\"twitter:card\" content=\"summary_large_image\" \/>\n<meta name=\"twitter:label1\" content=\"Est. reading time\" \/>\n\t<meta name=\"twitter:data1\" content=\"3 minutes\" \/>\n<script type=\"application\/ld+json\" class=\"yoast-schema-graph\">{\"@context\":\"https:\/\/schema.org\",\"@graph\":[{\"@type\":\"WebPage\",\"@id\":\"https:\/\/vapingnet.de\/vape\/berries-cool-und-watermelon-sour-peach-bang-blaze-40000-genuss\/\",\"url\":\"https:\/\/vapingnet.de\/vape\/berries-cool-und-watermelon-sour-peach-bang-blaze-40000-genuss\/\",\"name\":\"Bang Blaze 40000 Vape | Hybrid-Flavour | 0,6 Ohm Dual Mesh\",\"isPartOf\":{\"@id\":\"https:\/\/vapingnet.de\/#website\"},\"primaryImageOfPage\":{\"@id\":\"https:\/\/vapingnet.de\/vape\/berries-cool-und-watermelon-sour-peach-bang-blaze-40000-genuss\/#primaryimage\"},\"image\":{\"@id\":\"https:\/\/vapingnet.de\/vape\/berries-cool-und-watermelon-sour-peach-bang-blaze-40000-genuss\/#primaryimage\"},\"thumbnailUrl\":\"https:\/\/vapingnet.de\/wp-content\/uploads\/2025\/06\/Berries-Cool-Watermelon-Sour-Peach.jpg.webp\",\"datePublished\":\"2025-06-05T07:53:49+00:00\",\"dateModified\":\"2026-01-25T08:56:10+00:00\",\"description\":\"Erlebe pr\u00e4zise Dampf-Performance. Die Bang Blaze 40000 kombiniert 40ml Kapazit\u00e4t mit einem mechanischen Aroma-Switch. 0% bis 5% Nikotin & schnelles USB-C Charging.\",\"breadcrumb\":{\"@id\":\"https:\/\/vapingnet.de\/vape\/berries-cool-und-watermelon-sour-peach-bang-blaze-40000-genuss\/#breadcrumb\"},\"inLanguage\":\"sk-SK\",\"potentialAction\":[{\"@type\":\"ReadAction\",\"target\":[\"https:\/\/vapingnet.de\/vape\/berries-cool-und-watermelon-sour-peach-bang-blaze-40000-genuss\/\"]}]},{\"@type\":\"ImageObject\",\"inLanguage\":\"sk-SK\",\"@id\":\"https:\/\/vapingnet.de\/vape\/berries-cool-und-watermelon-sour-peach-bang-blaze-40000-genuss\/#primaryimage\",\"url\":\"https:\/\/vapingnet.de\/wp-content\/uploads\/2025\/06\/Berries-Cool-Watermelon-Sour-Peach.jpg.webp\",\"contentUrl\":\"https:\/\/vapingnet.de\/wp-content\/uploads\/2025\/06\/Berries-Cool-Watermelon-Sour-Peach.jpg.webp\",\"width\":1000,\"height\":1000},{\"@type\":\"BreadcrumbList\",\"@id\":\"https:\/\/vapingnet.de\/vape\/berries-cool-und-watermelon-sour-peach-bang-blaze-40000-genuss\/#breadcrumb\",\"itemListElement\":[{\"@type\":\"ListItem\",\"position\":1,\"name\":\"Home\",\"item\":\"https:\/\/vapingnet.de\/\"},{\"@type\":\"ListItem\",\"position\":2,\"name\":\"Shop\",\"item\":\"https:\/\/vapingnet.de\/vape\/\"},{\"@type\":\"ListItem\",\"position\":3,\"name\":\"Berries Cool und Watermelon Sour Peach Bang Blaze 40000 Genuss\"}]},{\"@type\":\"WebSite\",\"@id\":\"https:\/\/vapingnet.de\/#website\",\"url\":\"https:\/\/vapingnet.de\/\",\"name\":\"Vapingnet.de\",\"description\":\"\",\"publisher\":{\"@id\":\"https:\/\/vapingnet.de\/#organization\"},\"potentialAction\":[{\"@type\":\"SearchAction\",\"target\":{\"@type\":\"EntryPoint\",\"urlTemplate\":\"https:\/\/vapingnet.de\/?s={search_term_string}\"},\"query-input\":{\"@type\":\"PropertyValueSpecification\",\"valueRequired\":true,\"valueName\":\"search_term_string\"}}],\"inLanguage\":\"sk-SK\"},{\"@type\":\"Organization\",\"@id\":\"https:\/\/vapingnet.de\/#organization\",\"name\":\"Vapingnet.de\",\"url\":\"https:\/\/vapingnet.de\/\",\"logo\":{\"@type\":\"ImageObject\",\"inLanguage\":\"sk-SK\",\"@id\":\"https:\/\/vapingnet.de\/#\/schema\/logo\/image\/\",\"url\":\"https:\/\/vapingnet.de\/wp-content\/uploads\/2025\/03\/cropped-vapingnet.de_.jpg\",\"contentUrl\":\"https:\/\/vapingnet.de\/wp-content\/uploads\/2025\/03\/cropped-vapingnet.de_.jpg\",\"width\":512,\"height\":512,\"caption\":\"Vapingnet.de\"},\"image\":{\"@id\":\"https:\/\/vapingnet.de\/#\/schema\/logo\/image\/\"},\"sameAs\":[\"https:\/\/www.facebook.com\/vapingnetde\/\"]}]}<\/script>\n<!-- \/ Yoast SEO plugin. -->","yoast_head_json":{"title":"Bang Blaze 40000 Vape | Hybrid-Flavour | 0,6 Ohm Dual Mesh","description":"Erlebe pr\u00e4zise Dampf-Performance. Die Bang Blaze 40000 kombiniert 40ml Kapazit\u00e4t mit einem mechanischen Aroma-Switch. 0% bis 5% Nikotin & schnelles USB-C Charging.","robots":{"index":"index","follow":"follow","max-snippet":"max-snippet:-1","max-image-preview":"max-image-preview:large","max-video-preview":"max-video-preview:-1"},"canonical":"https:\/\/vapingnet.de\/sk\/vape\/berries-cool-und-watermelon-sour-peach-bang-blaze-40000-genuss\/","og_locale":"sk_SK","og_type":"article","og_title":"Bang Blaze 40000 Vape | Hybrid-Flavour | 0,6 Ohm Dual Mesh","og_description":"Erlebe pr\u00e4zise Dampf-Performance. Die Bang Blaze 40000 kombiniert 40ml Kapazit\u00e4t mit einem mechanischen Aroma-Switch. 0% bis 5% Nikotin & schnelles USB-C Charging.","og_url":"https:\/\/vapingnet.de\/sk\/vape\/berries-cool-und-watermelon-sour-peach-bang-blaze-40000-genuss\/","og_site_name":"Vapingnet.de","article_publisher":"https:\/\/www.facebook.com\/vapingnetde\/","article_modified_time":"2026-01-25T08:56:10+00:00","og_image":[{"width":1000,"height":1000,"url":"https:\/\/vapingnet.de\/wp-content\/uploads\/2025\/06\/Berries-Cool-Watermelon-Sour-Peach.jpg.webp","type":"image\/webp"}],"twitter_card":"summary_large_image","twitter_misc":{"Est. reading time":"3 minutes"},"schema":{"@context":"https:\/\/schema.org","@graph":[{"@type":"WebPage","@id":"https:\/\/vapingnet.de\/vape\/berries-cool-und-watermelon-sour-peach-bang-blaze-40000-genuss\/","url":"https:\/\/vapingnet.de\/vape\/berries-cool-und-watermelon-sour-peach-bang-blaze-40000-genuss\/","name":"Bang Blaze 40000 Vape | Hybrid-Flavour | 0,6 Ohm Dual Mesh","isPartOf":{"@id":"https:\/\/vapingnet.de\/#website"},"primaryImageOfPage":{"@id":"https:\/\/vapingnet.de\/vape\/berries-cool-und-watermelon-sour-peach-bang-blaze-40000-genuss\/#primaryimage"},"image":{"@id":"https:\/\/vapingnet.de\/vape\/berries-cool-und-watermelon-sour-peach-bang-blaze-40000-genuss\/#primaryimage"},"thumbnailUrl":"https:\/\/vapingnet.de\/wp-content\/uploads\/2025\/06\/Berries-Cool-Watermelon-Sour-Peach.jpg.webp","datePublished":"2025-06-05T07:53:49+00:00","dateModified":"2026-01-25T08:56:10+00:00","description":"Erlebe pr\u00e4zise Dampf-Performance. Die Bang Blaze 40000 kombiniert 40ml Kapazit\u00e4t mit einem mechanischen Aroma-Switch. 0% bis 5% Nikotin & schnelles USB-C Charging.","breadcrumb":{"@id":"https:\/\/vapingnet.de\/vape\/berries-cool-und-watermelon-sour-peach-bang-blaze-40000-genuss\/#breadcrumb"},"inLanguage":"sk-SK","potentialAction":[{"@type":"ReadAction","target":["https:\/\/vapingnet.de\/vape\/berries-cool-und-watermelon-sour-peach-bang-blaze-40000-genuss\/"]}]},{"@type":"ImageObject","inLanguage":"sk-SK","@id":"https:\/\/vapingnet.de\/vape\/berries-cool-und-watermelon-sour-peach-bang-blaze-40000-genuss\/#primaryimage","url":"https:\/\/vapingnet.de\/wp-content\/uploads\/2025\/06\/Berries-Cool-Watermelon-Sour-Peach.jpg.webp","contentUrl":"https:\/\/vapingnet.de\/wp-content\/uploads\/2025\/06\/Berries-Cool-Watermelon-Sour-Peach.jpg.webp","width":1000,"height":1000},{"@type":"BreadcrumbList","@id":"https:\/\/vapingnet.de\/vape\/berries-cool-und-watermelon-sour-peach-bang-blaze-40000-genuss\/#breadcrumb","itemListElement":[{"@type":"ListItem","position":1,"name":"Home","item":"https:\/\/vapingnet.de\/"},{"@type":"ListItem","position":2,"name":"Shop","item":"https:\/\/vapingnet.de\/vape\/"},{"@type":"ListItem","position":3,"name":"Berries Cool und Watermelon Sour Peach Bang Blaze 40000 Genuss"}]},{"@type":"WebSite","@id":"https:\/\/vapingnet.de\/#website","url":"https:\/\/vapingnet.de\/","name":"Vapingnet.de","description":"","publisher":{"@id":"https:\/\/vapingnet.de\/#organization"},"potentialAction":[{"@type":"SearchAction","target":{"@type":"EntryPoint","urlTemplate":"https:\/\/vapingnet.de\/?s={search_term_string}"},"query-input":{"@type":"PropertyValueSpecification","valueRequired":true,"valueName":"search_term_string"}}],"inLanguage":"sk-SK"},{"@type":"Organization","@id":"https:\/\/vapingnet.de\/#organization","name":"Vapingnet.de","url":"https:\/\/vapingnet.de\/","logo":{"@type":"ImageObject","inLanguage":"sk-SK","@id":"https:\/\/vapingnet.de\/#\/schema\/logo\/image\/","url":"https:\/\/vapingnet.de\/wp-content\/uploads\/2025\/03\/cropped-vapingnet.de_.jpg","contentUrl":"https:\/\/vapingnet.de\/wp-content\/uploads\/2025\/03\/cropped-vapingnet.de_.jpg","width":512,"height":512,"caption":"Vapingnet.de"},"image":{"@id":"https:\/\/vapingnet.de\/#\/schema\/logo\/image\/"},"sameAs":["https:\/\/www.facebook.com\/vapingnetde\/"]}]}},"tiered_pricing_type":"fixed","tiered_pricing_fixed_rules":{"10":"8.35","60":"7.52","110":"6.68","200":"5.85"},"tiered_pricing_product_settings":{"layout":"default","base_unit_name":{"singular":null,"plural":null},"default_variation":null},"tiered_pricing_minimum_quantity":null,"tiered_pricing_roles_data":[],"tiered_pricing_percentage_rules":[],"_links":{"self":[{"href":"https:\/\/vapingnet.de\/sk\/wp-json\/wp\/v2\/product\/7016","targetHints":{"allow":["GET"]}}],"collection":[{"href":"https:\/\/vapingnet.de\/sk\/wp-json\/wp\/v2\/product"}],"about":[{"href":"https:\/\/vapingnet.de\/sk\/wp-json\/wp\/v2\/types\/product"}],"version-history":[{"count":1,"href":"https:\/\/vapingnet.de\/sk\/wp-json\/wp\/v2\/product\/7016\/revisions"}],"predecessor-version":[{"id":7025,"href":"https:\/\/vapingnet.de\/sk\/wp-json\/wp\/v2\/product\/7016\/revisions\/7025"}],"wp:featuredmedia":[{"embeddable":true,"href":"https:\/\/vapingnet.de\/sk\/wp-json\/wp\/v2\/media\/7020"}],"wp:attachment":[{"href":"https:\/\/vapingnet.de\/sk\/wp-json\/wp\/v2\/media?parent=7016"}],"wp:term":[{"taxonomy":"brand","embeddable":true,"href":"https:\/\/vapingnet.de\/sk\/wp-json\/wp\/v2\/etheme_brands?post=7016"},{"taxonomy":"product_brand","embeddable":true,"href":"https:\/\/vapingnet.de\/sk\/wp-json\/wp\/v2\/product_brand?post=7016"},{"taxonomy":"product_cat","embeddable":true,"href":"https:\/\/vapingnet.de\/sk\/wp-json\/wp\/v2\/product_cat?post=7016"},{"taxonomy":"product_tag","embeddable":true,"href":"https:\/\/vapingnet.de\/sk\/wp-json\/wp\/v2\/product_tag?post=7016"}],"curies":[{"name":"wp","href":"https:\/\/api.w.org\/{rel}","templated":true}]}}