{"id":7017,"date":"2025-06-05T07:54:06","date_gmt":"2025-06-05T07:54:06","guid":{"rendered":"https:\/\/vapingnet.de\/?post_type=product&#038;p=7017"},"modified":"2026-01-25T08:51:41","modified_gmt":"2026-01-25T08:51:41","slug":"bang-blaze-40000-puffs-fruchtiger-doppelter-geschmack-pur","status":"publish","type":"product","link":"https:\/\/vapingnet.de\/sk\/vape\/bang-blaze-40000-puffs-fruchtiger-doppelter-geschmack-pur\/","title":{"rendered":"Bang Blaze 40000 potiahnut\u00ed Ovocn\u00e1 dvojit\u00e1 chu\u0165 \u010dist\u00e1"},"content":{"rendered":"<h2>Bang Blaze 40000 Puffs \u2013 Inov\u00e1cia stret\u00e1va chu\u0165 v dokonalosti<\/h2>\n<p data-start=\"128\" data-end=\"468\" data-immersive-translate-walked=\"19daa0de-9d0e-4a75-be0d-fbd54be92708\" data-immersive-translate-paragraph=\"1\">Bang Blaze 40000 Puffs nie je len jednoduch\u00e9 <a href=\"https:\/\/vapingnet.de\/sk\/k\/einweg-e-zigarette\/\" target=\"_blank\" rel=\"noopener\"><strong>Jednorazov\u00e1 e-cigareta<\/strong><\/a> \u2013 je to skuto\u010dn\u00fd hit pre v\u0161etk\u00fdch, ktor\u00ed klad\u00fa d\u00f4raz na kvalitu, v\u0161estrannos\u0165 a dlhodob\u00fd p\u00f4\u017eitok. S obrovsk\u00fdm dosahom a\u017e 40 000 potiahnut\u00ed v\u00e1s spo\u013eahlivo sprev\u00e1dza t\u00fd\u017edne \u2013 bez nepr\u00edjemn\u00e9ho dop\u013a\u0148ania alebo v\u00fdmeny bat\u00e9rie.<\/p>\n<p data-start=\"470\" data-end=\"744\" data-immersive-translate-walked=\"19daa0de-9d0e-4a75-be0d-fbd54be92708\" data-immersive-translate-paragraph=\"1\">Ale skuto\u010dn\u00fdm vrcholom je inovat\u00edvny Triple Taste Experience: Vychutnajte si tri r\u00f4zne chu\u0165ov\u00e9 svety v jednom zariaden\u00ed \u2013 v\u010faka chytr\u00e9mu Dual-Flavour syst\u00e9mu, ktor\u00fd v\u00e1m umo\u017e\u0148uje prep\u00edna\u0165 medzi dvoma intenz\u00edvnymi ar\u00f3mami alebo ich dokonca mie\u0161a\u0165.<\/p>\n<h3 data-start=\"751\" data-end=\"805\" data-immersive-translate-walked=\"19daa0de-9d0e-4a75-be0d-fbd54be92708\" data-immersive-translate-paragraph=\"1\">\u010casto kladen\u00e9 ot\u00e1zky o Bang Blaze 40000 Puffs<\/h3>\n<p data-start=\"807\" data-end=\"1065\" data-immersive-translate-walked=\"19daa0de-9d0e-4a75-be0d-fbd54be92708\" data-immersive-translate-paragraph=\"1\">Ako dlho vydr\u017e\u00ed Bang Blaze 40000 Puffs?<br data-start=\"854\" data-end=\"857\" data-immersive-translate-walked=\"19daa0de-9d0e-4a75-be0d-fbd54be92708\" \/>S a\u017e 40 000 pufmi toto zariadenie pon\u00faka mimoriadnu \u017eivotnos\u0165, ktor\u00e1 v\u00fdrazne prevy\u0161uje be\u017en\u00e9. To znamen\u00e1 menej starost\u00ed a viac p\u00f4\u017eitku \u2013 ide\u00e1lne na ka\u017ed\u00fd de\u0148 alebo na cest\u00e1ch.<\/p>\n<p data-start=\"1067\" data-end=\"1427\" data-immersive-translate-walked=\"19daa0de-9d0e-4a75-be0d-fbd54be92708\" data-immersive-translate-paragraph=\"1\">\u010co presne znamen\u00e1 \u201eTriple Taste Experience\u201c?<br data-start=\"1116\" data-end=\"1119\" data-immersive-translate-walked=\"19daa0de-9d0e-4a75-be0d-fbd54be92708\" \/>Bang Blaze obsahuje dve predplnen\u00e9 ar\u00f3my: Blueberry Cranberry Cherry a Watermelon Cherry. V\u010faka chytr\u00e9mu syst\u00e9mu m\u00f4\u017eete d\u00fdcha\u0165 ar\u00f3mu A, ar\u00f3mu B alebo vzru\u0161uj\u00facu zmes oboch ar\u00f3m. Tak za\u017eijete tri odli\u0161n\u00e9 chu\u0165ov\u00e9 z\u00e1\u017eitky v jednom vape.<\/p>\n<p data-start=\"1429\" data-end=\"1748\" data-immersive-translate-walked=\"19daa0de-9d0e-4a75-be0d-fbd54be92708\" data-immersive-translate-paragraph=\"1\">Ako je na tom technika?<br data-start=\"1457\" data-end=\"1460\" data-immersive-translate-walked=\"19daa0de-9d0e-4a75-be0d-fbd54be92708\" \/>Integrovan\u00e1 bat\u00e9ria s kapacitou 650mAh je dob\u00edjate\u013en\u00e1 a podporuje modern\u00e9 r\u00fdchle nab\u00edjanie Type-C \u2013 tak\u017ee va\u0161a Bang Blaze je r\u00fdchlo op\u00e4\u0165 pripraven\u00e1 na pou\u017eitie. 0.6\u03a9 Dual Mesh Coil zabezpe\u010duje hust\u00fd, chutn\u00fd dym a mimoriadne jemn\u00fd \u0165ah, ktor\u00fd v\u00e1s nadchne.<\/p>\n<p data-start=\"1750\" data-end=\"1962\" data-immersive-translate-walked=\"19daa0de-9d0e-4a75-be0d-fbd54be92708\" data-immersive-translate-paragraph=\"1\">Ak\u00e9 nikot\u00ednov\u00e9 koncentr\u00e1cie s\u00fa dostupn\u00e9?<br data-start=\"1791\" data-end=\"1794\" data-immersive-translate-walked=\"19daa0de-9d0e-4a75-be0d-fbd54be92708\" \/>M\u00f4\u017eete si vybra\u0165 zo \u0161tyroch \u00farovn\u00ed nikot\u00ednu: 0% (bez nikot\u00ednu), 2%, 3% a 5%. Tak si ur\u010dite n\u00e1jdete spr\u00e1vnu silu, ktor\u00e1 zodpoved\u00e1 v\u00e1\u0161mu individu\u00e1lnemu z\u00e1\u017eitku z vapovania.<\/p>\n<p data-start=\"1964\" data-end=\"2219\" data-immersive-translate-walked=\"19daa0de-9d0e-4a75-be0d-fbd54be92708\" data-immersive-translate-paragraph=\"1\">Pre koho je Bang Blaze vhodn\u00e1?<br data-start=\"2004\" data-end=\"2007\" data-immersive-translate-walked=\"19daa0de-9d0e-4a75-be0d-fbd54be92708\" \/>Nez\u00e1le\u017e\u00ed, \u010di ste za\u010diato\u010dn\u00edk alebo u\u017e sk\u00fasen\u00fd vap\u00e9r \u2013 Bang Blaze 40000 Puffs pon\u00faka jednoduch\u00e9 ovl\u00e1danie, ve\u013ek\u00fa kapacitu pufov a flexibiln\u00e9 mo\u017enosti chuti pre ka\u017ed\u00e9ho z\u00e1\u017eitok z vapovania.<\/p>\n<h3>Pre\u010do by ste mali vysk\u00fa\u0161a\u0165 Bang Blaze 40000 Puffs teraz<\/h3>\n<ul data-start=\"2295\" data-end=\"2879\" data-immersive-translate-walked=\"19daa0de-9d0e-4a75-be0d-fbd54be92708\">\n<li data-start=\"2295\" data-end=\"2404\" data-immersive-translate-walked=\"19daa0de-9d0e-4a75-be0d-fbd54be92708\">\n<p data-start=\"2297\" data-end=\"2404\" data-immersive-translate-walked=\"19daa0de-9d0e-4a75-be0d-fbd54be92708\" data-immersive-translate-paragraph=\"1\">Najvy\u0161\u0161\u00ed komfort: \u017diadne dop\u013a\u0148anie alebo zlo\u017eit\u00e9 ovl\u00e1danie \u2013 len vybal\u00edte a za\u010dnete vapova\u0165.<\/p>\n<\/li>\n<li data-start=\"2405\" data-end=\"2520\" data-immersive-translate-walked=\"19daa0de-9d0e-4a75-be0d-fbd54be92708\">\n<p data-start=\"2407\" data-end=\"2520\" data-immersive-translate-walked=\"19daa0de-9d0e-4a75-be0d-fbd54be92708\" data-immersive-translate-paragraph=\"1\">Dlhodob\u00fd p\u00f4\u017eitok: A\u017e do <a href=\"https:\/\/vapingnet.de\/sk\/k\/vape-40000-zuege\/\" target=\"_blank\" rel=\"noopener\"><strong>40 000 \u0165ahov<\/strong> <\/a>rob\u00ed z Bang Blaze ide\u00e1lneho spolo\u010dn\u00edka pre ka\u017ed\u00fa situ\u00e1ciu.<\/p>\n<\/li>\n<li data-start=\"2521\" data-end=\"2646\" data-immersive-translate-walked=\"19daa0de-9d0e-4a75-be0d-fbd54be92708\">\n<p data-start=\"2523\" data-end=\"2646\" data-immersive-translate-walked=\"19daa0de-9d0e-4a75-be0d-fbd54be92708\" data-immersive-translate-paragraph=\"1\">Inovat\u00edvny chu\u0165ov\u00fd z\u00e1\u017eitok: Tri pr\u00edchute v jednom zariaden\u00ed pon\u00fakaj\u00fa maxim\u00e1lnu rozmanitos\u0165 a \u010dist\u00fa rados\u0165.<\/p>\n<\/li>\n<li data-start=\"2647\" data-end=\"2780\" data-immersive-translate-walked=\"19daa0de-9d0e-4a75-be0d-fbd54be92708\">\n<p data-start=\"2649\" data-end=\"2780\" data-immersive-translate-walked=\"19daa0de-9d0e-4a75-be0d-fbd54be92708\" data-immersive-translate-paragraph=\"1\">Modern\u00e1 technika: Dob\u00edjate\u013en\u00e1 bat\u00e9ria s r\u00fdchlym nab\u00edjan\u00edm Type-C a kvalitn\u00fd Mesh-Coil pre dokonal\u00fd z\u00e1\u017eitok z vapovania.<\/p>\n<\/li>\n<li data-start=\"2781\" data-end=\"2879\" data-immersive-translate-walked=\"19daa0de-9d0e-4a75-be0d-fbd54be92708\">\n<p data-start=\"2783\" data-end=\"2879\" data-immersive-translate-walked=\"19daa0de-9d0e-4a75-be0d-fbd54be92708\" data-immersive-translate-paragraph=\"1\">Flexibiln\u00e1 vo\u013eba nikot\u00ednu: Pre ka\u017ed\u00e9ho spr\u00e1vna sila nikot\u00ednu \u2013 od beznikot\u00ednov\u00fdch po siln\u00e9.<\/p>\n<\/li>\n<\/ul>\n<h4 data-start=\"2886\" data-end=\"2959\" data-immersive-translate-walked=\"19daa0de-9d0e-4a75-be0d-fbd54be92708\" data-immersive-translate-paragraph=\"1\">Bang Blaze 40000 Puffs je va\u0161a nov\u00e1 ob\u013e\u00faben\u00e1 jednorazov\u00e1 vape<\/h4>\n<p data-start=\"2961\" data-end=\"3297\" data-immersive-translate-walked=\"19daa0de-9d0e-4a75-be0d-fbd54be92708\" data-immersive-translate-paragraph=\"1\">\u010ci u\u017e ste doma, na cest\u00e1ch alebo na stretnut\u00ed s priate\u013emi \u2013 Bang Blaze presved\u010d\u00ed svojou kombin\u00e1ciou v\u00fdkonu, pohodlia a jedine\u010dnej chuti. Vyu\u017eite teraz pr\u00edle\u017eitos\u0165 objavi\u0165 \u010fal\u0161iu \u00farove\u0148 vapovania a objednajte si svoju Bang Blaze 40000 Puffs \u2013 jednorazov\u00fa e-cigaretu s trojit\u00fdm z\u00e1\u017eitkom z chuti!<\/p>","protected":false},"excerpt":{"rendered":"<p>Bang Blaze 40000 Puffs \u2013 Innovation trifft Geschmack in Perfektion Die Bang Blaze 40000 Puffs ist nicht einfach nur eine Einweg E-Zigarette \u2013 sie ist&#8230;<\/p>","protected":false},"featured_media":7021,"template":"","meta":[],"etheme_brands":[],"product_brand":[101],"product_cat":[65,49,61,87],"product_tag":[],"class_list":{"0":"post-7017","1":"product","2":"type-product","3":"status-publish","4":"has-post-thumbnail","6":"product_brand-bang-king-vape","7":"product_cat-vape-40000-zuege","8":"product_cat-einweg-e-zigarette","9":"product_cat-f","10":"product_cat-v","12":"first","13":"instock","14":"shipping-taxable","15":"purchasable","16":"product-type-simple"},"yoast_head":"<!-- This site is optimized with the Yoast SEO plugin v26.5 - https:\/\/yoast.com\/wordpress\/plugins\/seo\/ -->\n<title>Bang Blaze 40000 Vape | Umschaltbares Aroma-Management<\/title>\n<meta name=\"description\" content=\"Warum nur ein Flavour? Steuere dein Dampferlebnis individuell. Die Bang Blaze kombiniert ein massives Reservoir mit pr\u00e4ziser Dual-Mesh-Verdampfung. 40.000 Einheiten purer Genuss.\" \/>\n<meta name=\"robots\" content=\"index, follow, max-snippet:-1, max-image-preview:large, max-video-preview:-1\" \/>\n<link rel=\"canonical\" href=\"https:\/\/vapingnet.de\/sk\/vape\/bang-blaze-40000-puffs-fruchtiger-doppelter-geschmack-pur\/\" \/>\n<meta property=\"og:locale\" content=\"sk_SK\" \/>\n<meta property=\"og:type\" content=\"article\" \/>\n<meta property=\"og:title\" content=\"Bang Blaze 40000 Vape | Umschaltbares Aroma-Management\" \/>\n<meta property=\"og:description\" content=\"Warum nur ein Flavour? Steuere dein Dampferlebnis individuell. Die Bang Blaze kombiniert ein massives Reservoir mit pr\u00e4ziser Dual-Mesh-Verdampfung. 40.000 Einheiten purer Genuss.\" \/>\n<meta property=\"og:url\" content=\"https:\/\/vapingnet.de\/sk\/vape\/bang-blaze-40000-puffs-fruchtiger-doppelter-geschmack-pur\/\" \/>\n<meta property=\"og:site_name\" content=\"Vapingnet.de\" \/>\n<meta property=\"article:publisher\" content=\"https:\/\/www.facebook.com\/vapingnetde\/\" \/>\n<meta property=\"article:modified_time\" content=\"2026-01-25T08:51:41+00:00\" \/>\n<meta property=\"og:image\" content=\"https:\/\/vapingnet.de\/wp-content\/uploads\/2025\/06\/Blueberry-Cranberry-Cherry-Watermelon-Cherry.jpg.webp\" \/>\n\t<meta property=\"og:image:width\" content=\"1000\" \/>\n\t<meta property=\"og:image:height\" content=\"1000\" \/>\n\t<meta property=\"og:image:type\" content=\"image\/webp\" \/>\n<meta name=\"twitter:card\" content=\"summary_large_image\" \/>\n<meta name=\"twitter:label1\" content=\"Est. reading time\" \/>\n\t<meta name=\"twitter:data1\" content=\"3 minutes\" \/>\n<script type=\"application\/ld+json\" class=\"yoast-schema-graph\">{\"@context\":\"https:\/\/schema.org\",\"@graph\":[{\"@type\":\"WebPage\",\"@id\":\"https:\/\/vapingnet.de\/vape\/bang-blaze-40000-puffs-fruchtiger-doppelter-geschmack-pur\/\",\"url\":\"https:\/\/vapingnet.de\/vape\/bang-blaze-40000-puffs-fruchtiger-doppelter-geschmack-pur\/\",\"name\":\"Bang Blaze 40000 Vape | Umschaltbares Aroma-Management\",\"isPartOf\":{\"@id\":\"https:\/\/vapingnet.de\/#website\"},\"primaryImageOfPage\":{\"@id\":\"https:\/\/vapingnet.de\/vape\/bang-blaze-40000-puffs-fruchtiger-doppelter-geschmack-pur\/#primaryimage\"},\"image\":{\"@id\":\"https:\/\/vapingnet.de\/vape\/bang-blaze-40000-puffs-fruchtiger-doppelter-geschmack-pur\/#primaryimage\"},\"thumbnailUrl\":\"https:\/\/vapingnet.de\/wp-content\/uploads\/2025\/06\/Blueberry-Cranberry-Cherry-Watermelon-Cherry.jpg.webp\",\"datePublished\":\"2025-06-05T07:54:06+00:00\",\"dateModified\":\"2026-01-25T08:51:41+00:00\",\"description\":\"Warum nur ein Flavour? Steuere dein Dampferlebnis individuell. Die Bang Blaze kombiniert ein massives Reservoir mit pr\u00e4ziser Dual-Mesh-Verdampfung. 40.000 Einheiten purer Genuss.\",\"breadcrumb\":{\"@id\":\"https:\/\/vapingnet.de\/vape\/bang-blaze-40000-puffs-fruchtiger-doppelter-geschmack-pur\/#breadcrumb\"},\"inLanguage\":\"sk-SK\",\"potentialAction\":[{\"@type\":\"ReadAction\",\"target\":[\"https:\/\/vapingnet.de\/vape\/bang-blaze-40000-puffs-fruchtiger-doppelter-geschmack-pur\/\"]}]},{\"@type\":\"ImageObject\",\"inLanguage\":\"sk-SK\",\"@id\":\"https:\/\/vapingnet.de\/vape\/bang-blaze-40000-puffs-fruchtiger-doppelter-geschmack-pur\/#primaryimage\",\"url\":\"https:\/\/vapingnet.de\/wp-content\/uploads\/2025\/06\/Blueberry-Cranberry-Cherry-Watermelon-Cherry.jpg.webp\",\"contentUrl\":\"https:\/\/vapingnet.de\/wp-content\/uploads\/2025\/06\/Blueberry-Cranberry-Cherry-Watermelon-Cherry.jpg.webp\",\"width\":1000,\"height\":1000},{\"@type\":\"BreadcrumbList\",\"@id\":\"https:\/\/vapingnet.de\/vape\/bang-blaze-40000-puffs-fruchtiger-doppelter-geschmack-pur\/#breadcrumb\",\"itemListElement\":[{\"@type\":\"ListItem\",\"position\":1,\"name\":\"Home\",\"item\":\"https:\/\/vapingnet.de\/\"},{\"@type\":\"ListItem\",\"position\":2,\"name\":\"Shop\",\"item\":\"https:\/\/vapingnet.de\/vape\/\"},{\"@type\":\"ListItem\",\"position\":3,\"name\":\"Bang Blaze 40000 Puffs Fruchtiger doppelter Geschmack pur\"}]},{\"@type\":\"WebSite\",\"@id\":\"https:\/\/vapingnet.de\/#website\",\"url\":\"https:\/\/vapingnet.de\/\",\"name\":\"Vapingnet.de\",\"description\":\"\",\"publisher\":{\"@id\":\"https:\/\/vapingnet.de\/#organization\"},\"potentialAction\":[{\"@type\":\"SearchAction\",\"target\":{\"@type\":\"EntryPoint\",\"urlTemplate\":\"https:\/\/vapingnet.de\/?s={search_term_string}\"},\"query-input\":{\"@type\":\"PropertyValueSpecification\",\"valueRequired\":true,\"valueName\":\"search_term_string\"}}],\"inLanguage\":\"sk-SK\"},{\"@type\":\"Organization\",\"@id\":\"https:\/\/vapingnet.de\/#organization\",\"name\":\"Vapingnet.de\",\"url\":\"https:\/\/vapingnet.de\/\",\"logo\":{\"@type\":\"ImageObject\",\"inLanguage\":\"sk-SK\",\"@id\":\"https:\/\/vapingnet.de\/#\/schema\/logo\/image\/\",\"url\":\"https:\/\/vapingnet.de\/wp-content\/uploads\/2025\/03\/cropped-vapingnet.de_.jpg\",\"contentUrl\":\"https:\/\/vapingnet.de\/wp-content\/uploads\/2025\/03\/cropped-vapingnet.de_.jpg\",\"width\":512,\"height\":512,\"caption\":\"Vapingnet.de\"},\"image\":{\"@id\":\"https:\/\/vapingnet.de\/#\/schema\/logo\/image\/\"},\"sameAs\":[\"https:\/\/www.facebook.com\/vapingnetde\/\"]}]}<\/script>\n<!-- \/ Yoast SEO plugin. -->","yoast_head_json":{"title":"Bang Blaze 40000 Vape | Umschaltbares Aroma-Management","description":"Warum nur ein Flavour? Steuere dein Dampferlebnis individuell. Die Bang Blaze kombiniert ein massives Reservoir mit pr\u00e4ziser Dual-Mesh-Verdampfung. 40.000 Einheiten purer Genuss.","robots":{"index":"index","follow":"follow","max-snippet":"max-snippet:-1","max-image-preview":"max-image-preview:large","max-video-preview":"max-video-preview:-1"},"canonical":"https:\/\/vapingnet.de\/sk\/vape\/bang-blaze-40000-puffs-fruchtiger-doppelter-geschmack-pur\/","og_locale":"sk_SK","og_type":"article","og_title":"Bang Blaze 40000 Vape | Umschaltbares Aroma-Management","og_description":"Warum nur ein Flavour? Steuere dein Dampferlebnis individuell. Die Bang Blaze kombiniert ein massives Reservoir mit pr\u00e4ziser Dual-Mesh-Verdampfung. 40.000 Einheiten purer Genuss.","og_url":"https:\/\/vapingnet.de\/sk\/vape\/bang-blaze-40000-puffs-fruchtiger-doppelter-geschmack-pur\/","og_site_name":"Vapingnet.de","article_publisher":"https:\/\/www.facebook.com\/vapingnetde\/","article_modified_time":"2026-01-25T08:51:41+00:00","og_image":[{"width":1000,"height":1000,"url":"https:\/\/vapingnet.de\/wp-content\/uploads\/2025\/06\/Blueberry-Cranberry-Cherry-Watermelon-Cherry.jpg.webp","type":"image\/webp"}],"twitter_card":"summary_large_image","twitter_misc":{"Est. reading time":"3 minutes"},"schema":{"@context":"https:\/\/schema.org","@graph":[{"@type":"WebPage","@id":"https:\/\/vapingnet.de\/vape\/bang-blaze-40000-puffs-fruchtiger-doppelter-geschmack-pur\/","url":"https:\/\/vapingnet.de\/vape\/bang-blaze-40000-puffs-fruchtiger-doppelter-geschmack-pur\/","name":"Bang Blaze 40000 Vape | Umschaltbares Aroma-Management","isPartOf":{"@id":"https:\/\/vapingnet.de\/#website"},"primaryImageOfPage":{"@id":"https:\/\/vapingnet.de\/vape\/bang-blaze-40000-puffs-fruchtiger-doppelter-geschmack-pur\/#primaryimage"},"image":{"@id":"https:\/\/vapingnet.de\/vape\/bang-blaze-40000-puffs-fruchtiger-doppelter-geschmack-pur\/#primaryimage"},"thumbnailUrl":"https:\/\/vapingnet.de\/wp-content\/uploads\/2025\/06\/Blueberry-Cranberry-Cherry-Watermelon-Cherry.jpg.webp","datePublished":"2025-06-05T07:54:06+00:00","dateModified":"2026-01-25T08:51:41+00:00","description":"Warum nur ein Flavour? Steuere dein Dampferlebnis individuell. Die Bang Blaze kombiniert ein massives Reservoir mit pr\u00e4ziser Dual-Mesh-Verdampfung. 40.000 Einheiten purer Genuss.","breadcrumb":{"@id":"https:\/\/vapingnet.de\/vape\/bang-blaze-40000-puffs-fruchtiger-doppelter-geschmack-pur\/#breadcrumb"},"inLanguage":"sk-SK","potentialAction":[{"@type":"ReadAction","target":["https:\/\/vapingnet.de\/vape\/bang-blaze-40000-puffs-fruchtiger-doppelter-geschmack-pur\/"]}]},{"@type":"ImageObject","inLanguage":"sk-SK","@id":"https:\/\/vapingnet.de\/vape\/bang-blaze-40000-puffs-fruchtiger-doppelter-geschmack-pur\/#primaryimage","url":"https:\/\/vapingnet.de\/wp-content\/uploads\/2025\/06\/Blueberry-Cranberry-Cherry-Watermelon-Cherry.jpg.webp","contentUrl":"https:\/\/vapingnet.de\/wp-content\/uploads\/2025\/06\/Blueberry-Cranberry-Cherry-Watermelon-Cherry.jpg.webp","width":1000,"height":1000},{"@type":"BreadcrumbList","@id":"https:\/\/vapingnet.de\/vape\/bang-blaze-40000-puffs-fruchtiger-doppelter-geschmack-pur\/#breadcrumb","itemListElement":[{"@type":"ListItem","position":1,"name":"Home","item":"https:\/\/vapingnet.de\/"},{"@type":"ListItem","position":2,"name":"Shop","item":"https:\/\/vapingnet.de\/vape\/"},{"@type":"ListItem","position":3,"name":"Bang Blaze 40000 Puffs Fruchtiger doppelter Geschmack pur"}]},{"@type":"WebSite","@id":"https:\/\/vapingnet.de\/#website","url":"https:\/\/vapingnet.de\/","name":"Vapingnet.de","description":"","publisher":{"@id":"https:\/\/vapingnet.de\/#organization"},"potentialAction":[{"@type":"SearchAction","target":{"@type":"EntryPoint","urlTemplate":"https:\/\/vapingnet.de\/?s={search_term_string}"},"query-input":{"@type":"PropertyValueSpecification","valueRequired":true,"valueName":"search_term_string"}}],"inLanguage":"sk-SK"},{"@type":"Organization","@id":"https:\/\/vapingnet.de\/#organization","name":"Vapingnet.de","url":"https:\/\/vapingnet.de\/","logo":{"@type":"ImageObject","inLanguage":"sk-SK","@id":"https:\/\/vapingnet.de\/#\/schema\/logo\/image\/","url":"https:\/\/vapingnet.de\/wp-content\/uploads\/2025\/03\/cropped-vapingnet.de_.jpg","contentUrl":"https:\/\/vapingnet.de\/wp-content\/uploads\/2025\/03\/cropped-vapingnet.de_.jpg","width":512,"height":512,"caption":"Vapingnet.de"},"image":{"@id":"https:\/\/vapingnet.de\/#\/schema\/logo\/image\/"},"sameAs":["https:\/\/www.facebook.com\/vapingnetde\/"]}]}},"tiered_pricing_type":"fixed","tiered_pricing_fixed_rules":{"10":"8.35","60":"7.52","110":"6.68","200":"5.85"},"tiered_pricing_product_settings":{"layout":"default","base_unit_name":{"singular":null,"plural":null},"default_variation":null},"tiered_pricing_minimum_quantity":null,"tiered_pricing_roles_data":[],"tiered_pricing_percentage_rules":[],"_links":{"self":[{"href":"https:\/\/vapingnet.de\/sk\/wp-json\/wp\/v2\/product\/7017","targetHints":{"allow":["GET"]}}],"collection":[{"href":"https:\/\/vapingnet.de\/sk\/wp-json\/wp\/v2\/product"}],"about":[{"href":"https:\/\/vapingnet.de\/sk\/wp-json\/wp\/v2\/types\/product"}],"version-history":[{"count":3,"href":"https:\/\/vapingnet.de\/sk\/wp-json\/wp\/v2\/product\/7017\/revisions"}],"predecessor-version":[{"id":7532,"href":"https:\/\/vapingnet.de\/sk\/wp-json\/wp\/v2\/product\/7017\/revisions\/7532"}],"wp:featuredmedia":[{"embeddable":true,"href":"https:\/\/vapingnet.de\/sk\/wp-json\/wp\/v2\/media\/7021"}],"wp:attachment":[{"href":"https:\/\/vapingnet.de\/sk\/wp-json\/wp\/v2\/media?parent=7017"}],"wp:term":[{"taxonomy":"brand","embeddable":true,"href":"https:\/\/vapingnet.de\/sk\/wp-json\/wp\/v2\/etheme_brands?post=7017"},{"taxonomy":"product_brand","embeddable":true,"href":"https:\/\/vapingnet.de\/sk\/wp-json\/wp\/v2\/product_brand?post=7017"},{"taxonomy":"product_cat","embeddable":true,"href":"https:\/\/vapingnet.de\/sk\/wp-json\/wp\/v2\/product_cat?post=7017"},{"taxonomy":"product_tag","embeddable":true,"href":"https:\/\/vapingnet.de\/sk\/wp-json\/wp\/v2\/product_tag?post=7017"}],"curies":[{"name":"wp","href":"https:\/\/api.w.org\/{rel}","templated":true}]}}