{"id":7018,"date":"2025-06-05T07:54:08","date_gmt":"2025-06-05T07:54:08","guid":{"rendered":"https:\/\/vapingnet.de\/?post_type=product&#038;p=7018"},"modified":"2026-01-25T08:48:25","modified_gmt":"2026-01-25T08:48:25","slug":"einweg-e-zigarette-bang-blaze-40000-puffs-original-qualitaet","status":"publish","type":"product","link":"https:\/\/vapingnet.de\/sk\/vape\/einweg-e-zigarette-bang-blaze-40000-puffs-original-qualitaet\/","title":{"rendered":"Jednorazov\u00e1 e-cigareta Bang Blaze 40000 Puffs Origin\u00e1l kvality"},"content":{"rendered":"<h2 data-start=\"49\" data-end=\"121\">Bang Blaze 40000 Puffs \u2013 Tvoj ultim\u00e1tny spolo\u010dn\u00edk na cel\u00fd de\u0148<\/h2>\n<p data-start=\"123\" data-end=\"391\" data-immersive-translate-walked=\"ca570db7-cda9-4880-a734-646222dda2a9\" data-immersive-translate-paragraph=\"1\">Predstav si: m\u00e1\u0161 vape, ktor\u00fd \u0165a sprev\u00e1dza cel\u00fd de\u0148 \u2013 bez otravn\u00e9ho dop\u013a\u0148ania, bez starost\u00ed o bat\u00e9riu. Presne to ti pon\u00faka Bang Blaze 40000 Puffs, jednorazov\u00e1 e-cigareta, ktor\u00e1 nastavuje nov\u00e9 \u0161tandardy v oblasti v\u00fddr\u017ee, chuti a pohodlia.<\/p>\n<h3>\u010co ju rob\u00ed takou v\u00fdnimo\u010dnou?<\/h3>\n<ul data-start=\"426\" data-end=\"1567\" data-immersive-translate-walked=\"ca570db7-cda9-4880-a734-646222dda2a9\">\n<li data-start=\"426\" data-end=\"676\" data-immersive-translate-walked=\"ca570db7-cda9-4880-a734-646222dda2a9\">\n<p data-start=\"428\" data-end=\"676\" data-immersive-translate-walked=\"ca570db7-cda9-4880-a734-646222dda2a9\" data-immersive-translate-paragraph=\"1\">Mega dlhotrvaj\u00faca: S a\u017e neuverite\u013en\u00fdmi 40 000 potiahnutiami si bude\u0161 dobre vybaven\u00fd, \u010di u\u017e si na cest\u00e1ch, v kancel\u00e1rii alebo pri uvo\u013enenom ve\u010deri s priate\u013emi. \u017diadne neust\u00e1le dop\u013a\u0148anie, \u017eiadne prest\u00e1vky na nab\u00edjanie \u2013 \u010dist\u00e1 sloboda pre tvoj z\u00e1\u017eitok s vapovan\u00edm.<\/p>\n<\/li>\n<li data-start=\"678\" data-end=\"1032\" data-immersive-translate-walked=\"ca570db7-cda9-4880-a734-646222dda2a9\">\n<p data-start=\"680\" data-end=\"1032\" data-immersive-translate-walked=\"ca570db7-cda9-4880-a734-646222dda2a9\" data-immersive-translate-paragraph=\"1\">Dvojit\u00e1 v\u00fdkonnos\u0165 \u2013 Triple Taste Experience: Dve kvalitn\u00e9 ar\u00f3my s\u00fa u\u017e dokonale zmie\u0161an\u00e9 v 40 ml predplnenom e-liquide. Jednoducho m\u00f4\u017ee\u0161 prep\u00edna\u0165 medzi chu\u0165ou A, chu\u0165ou B \u2013 alebo dokonca mie\u0161a\u0165 obe a tak si vychutna\u0165 \u00faplne nov\u00fd, individu\u00e1lny z\u00e1\u017eitok z chuti. S jedn\u00fdm zariaden\u00edm tak z\u00edska\u0161 tri r\u00f4zne chu\u0165ov\u00e9 z\u00e1\u017eitky!<\/p>\n<\/li>\n<li data-start=\"1034\" data-end=\"1353\" data-immersive-translate-walked=\"ca570db7-cda9-4880-a734-646222dda2a9\">\n<p data-start=\"1036\" data-end=\"1353\" data-immersive-translate-walked=\"ca570db7-cda9-4880-a734-646222dda2a9\" data-immersive-translate-paragraph=\"1\">Hightech pre dokonal\u00fd dym: 0,6\u03a9 Dual Mesh Coil vytv\u00e1ra hust\u00fd, aromatick\u00fd dym, ktor\u00fd rozmazn\u00e1va tvoje chu\u0165ov\u00e9 poh\u00e1riky. S\u00fa\u010dasne spo\u013eahliv\u00e1 650mAh bat\u00e9ria s modern\u00fdm r\u00fdchlym nab\u00edjan\u00edm cez Type-C zabezpe\u010d\u00ed, \u017ee bude\u0161 r\u00fdchlo op\u00e4\u0165 pripraven\u00fd na pou\u017eitie v pr\u00edpade potreby.<\/p>\n<\/li>\n<li data-start=\"1355\" data-end=\"1567\" data-immersive-translate-walked=\"ca570db7-cda9-4880-a734-646222dda2a9\">\n<p data-start=\"1357\" data-end=\"1567\" data-immersive-translate-walked=\"ca570db7-cda9-4880-a734-646222dda2a9\" data-immersive-translate-paragraph=\"1\">Flexibiln\u00e9 v nikot\u00ednovej sile: \u010ci chce\u0161 vapova\u0165 bez nikot\u00ednu alebo s vy\u0161\u0161\u00edm obsahom nikot\u00ednu a\u017e do 5% \u2013 v Bang Blaze n\u00e1jde\u0161 vhodn\u00fa variantu pre svoj individu\u00e1lny z\u00e1\u017eitok z vapovania.<\/p>\n<\/li>\n<\/ul>\n<h4 data-start=\"1569\" data-end=\"1595\" data-immersive-translate-walked=\"ca570db7-cda9-4880-a734-646222dda2a9\" data-immersive-translate-paragraph=\"1\">Hviezdy chuti:<\/h4>\n<ul data-start=\"1596\" data-end=\"1923\" data-immersive-translate-walked=\"ca570db7-cda9-4880-a734-646222dda2a9\">\n<li data-start=\"1596\" data-end=\"1722\" data-immersive-translate-walked=\"ca570db7-cda9-4880-a734-646222dda2a9\">\n<p data-start=\"1598\" data-end=\"1722\" data-immersive-translate-walked=\"ca570db7-cda9-4880-a734-646222dda2a9\" data-immersive-translate-paragraph=\"1\">Gummy Bear: Ovocn\u00e1, sladk\u00e1 klasika, ktor\u00e1 ti pripomenie tvoje ob\u013e\u00faben\u00e9 cukr\u00edky \u2013 jemn\u00e1, sladk\u00e1 a jednoducho chutn\u00e1.<\/p>\n<\/li>\n<li data-start=\"1723\" data-end=\"1923\" data-immersive-translate-walked=\"ca570db7-cda9-4880-a734-646222dda2a9\">\n<p data-start=\"1725\" data-end=\"1923\" data-immersive-translate-walked=\"ca570db7-cda9-4880-a734-646222dda2a9\" data-immersive-translate-paragraph=\"1\">Raspberry Black Glitter: Vzru\u0161uj\u00faca, tajomn\u00e1 ar\u00f3ma, ktor\u00e1 sp\u00e1ja \u010derstv\u00fa kyslos\u0165 maliny s n\u00e1dychom \u201eBlack Glitter\u201c \u2013 chu\u0165, ktor\u00e1 vzbudzuje zvedavos\u0165 a zost\u00e1va v pam\u00e4ti.<\/p>\n<\/li>\n<\/ul>\n<h4 data-start=\"1930\" data-end=\"1958\" data-immersive-translate-walked=\"ca570db7-cda9-4880-a734-646222dda2a9\" data-immersive-translate-paragraph=\"1\">Pre\u010do pr\u00e1ve Bang Blaze?<\/h4>\n<p data-start=\"1960\" data-end=\"2423\" data-immersive-translate-walked=\"ca570db7-cda9-4880-a734-646222dda2a9\" data-immersive-translate-paragraph=\"1\">Preto\u017ee t\u00e1to jednorazov\u00e1 e-cigareta dok\u00e1\u017ee viac ne\u017e len dymenie: sp\u00e1ja inovat\u00edvnu technol\u00f3giu s maxim\u00e1lnou pou\u017e\u00edvate\u013eskou priate\u013eskos\u0165ou a v\u00fdberom chut\u00ed, ktor\u00e9 pote\u0161\u00ed ka\u017ed\u00e9ho. Kompaktn\u00fd, praktick\u00fd tvar ju rob\u00ed ide\u00e1lnym spolo\u010dn\u00edkom na cest\u00e1ch \u2013 \u010di u\u017e na v\u00fdletoch, pri \u0161porte alebo na relax. A v\u010faka ve\u013ek\u00e9mu objemu liquidu a v\u00fdkonn\u00e9mu ohrevu si u\u017eije\u0161 dlh\u00e9, intenz\u00edvne vapovanie bez kompromisov.<\/p>\n<p data-start=\"2430\" data-end=\"2628\" data-immersive-translate-walked=\"ca570db7-cda9-4880-a734-646222dda2a9\" data-immersive-translate-paragraph=\"1\">Na \u010do \u010dak\u00e1\u0161? Z\u00edskaj teraz Bang Blaze 40000 Puffs a za\u017ei, ak\u00e9 jednoduch\u00e9 a v\u0161estrann\u00e9 m\u00f4\u017ee by\u0165 vapovanie \u2013 s a\u017e 40 000 potiahnutiami a tromi jedine\u010dn\u00fdmi chu\u0165ami v jednom zariaden\u00ed!<\/p>","protected":false},"excerpt":{"rendered":"<p>Bang Blaze 40000 Puffs \u2013 Tvoj ultim\u00e1tny spolo\u010dn\u00edk na cel\u00fd de\u0148 Predstav si: m\u00e1\u0161 vape, ktor\u00fd \u0165a sprev\u00e1dza cel\u00fd de\u0148...<\/p>","protected":false},"featured_media":7022,"template":"","meta":[],"etheme_brands":[],"product_brand":[101],"product_cat":[65,49,61,87],"product_tag":[],"class_list":{"0":"post-7018","1":"product","2":"type-product","3":"status-publish","4":"has-post-thumbnail","6":"product_brand-bang-king-vape","7":"product_cat-vape-40000-zuege","8":"product_cat-einweg-e-zigarette","9":"product_cat-f","10":"product_cat-v","12":"first","13":"instock","14":"shipping-taxable","15":"purchasable","16":"product-type-simple"},"yoast_head":"<!-- This site is optimized with the Yoast SEO plugin v26.5 - https:\/\/yoast.com\/wordpress\/plugins\/seo\/ -->\n<title>Bang Blaze 40000 Puffs: 0,6\u03a9 Sub-Ohm Dual Mesh Innovation<\/title>\n<meta name=\"description\" content=\"40.000 Z\u00fcge pure Leistung. Die Bang Blaze bietet ein Triple-Taste-System mit 40ml E-Liquid &amp; Fast Charging. W\u00e4hle dein Level von 0% bis 5% Nikotin. Jetzt testen!\" \/>\n<meta name=\"robots\" content=\"index, follow, max-snippet:-1, max-image-preview:large, max-video-preview:-1\" \/>\n<link rel=\"canonical\" href=\"https:\/\/vapingnet.de\/sk\/vape\/einweg-e-zigarette-bang-blaze-40000-puffs-original-qualitaet\/\" \/>\n<meta property=\"og:locale\" content=\"sk_SK\" \/>\n<meta property=\"og:type\" content=\"article\" \/>\n<meta property=\"og:title\" content=\"Bang Blaze 40000 Puffs: 0,6\u03a9 Sub-Ohm Dual Mesh Innovation\" \/>\n<meta property=\"og:description\" content=\"40.000 Z\u00fcge pure Leistung. Die Bang Blaze bietet ein Triple-Taste-System mit 40ml E-Liquid &amp; Fast Charging. W\u00e4hle dein Level von 0% bis 5% Nikotin. Jetzt testen!\" \/>\n<meta property=\"og:url\" content=\"https:\/\/vapingnet.de\/sk\/vape\/einweg-e-zigarette-bang-blaze-40000-puffs-original-qualitaet\/\" \/>\n<meta property=\"og:site_name\" content=\"Vapingnet.de\" \/>\n<meta property=\"article:publisher\" content=\"https:\/\/www.facebook.com\/vapingnetde\/\" \/>\n<meta property=\"article:modified_time\" content=\"2026-01-25T08:48:25+00:00\" \/>\n<meta property=\"og:image\" content=\"https:\/\/vapingnet.de\/wp-content\/uploads\/2025\/06\/Gummy-Bear-Raspberry-Black-Glitter-900x900.jpg.webp\" \/>\n\t<meta property=\"og:image:width\" content=\"1000\" \/>\n\t<meta property=\"og:image:height\" content=\"1000\" \/>\n\t<meta property=\"og:image:type\" content=\"image\/webp\" \/>\n<meta name=\"twitter:card\" content=\"summary_large_image\" \/>\n<meta name=\"twitter:label1\" content=\"Est. reading time\" \/>\n\t<meta name=\"twitter:data1\" content=\"3 minutes\" \/>\n<script type=\"application\/ld+json\" class=\"yoast-schema-graph\">{\"@context\":\"https:\/\/schema.org\",\"@graph\":[{\"@type\":\"WebPage\",\"@id\":\"https:\/\/vapingnet.de\/vape\/einweg-e-zigarette-bang-blaze-40000-puffs-original-qualitaet\/\",\"url\":\"https:\/\/vapingnet.de\/vape\/einweg-e-zigarette-bang-blaze-40000-puffs-original-qualitaet\/\",\"name\":\"Bang Blaze 40000 Puffs: 0,6\u03a9 Sub-Ohm Dual Mesh Innovation\",\"isPartOf\":{\"@id\":\"https:\/\/vapingnet.de\/#website\"},\"primaryImageOfPage\":{\"@id\":\"https:\/\/vapingnet.de\/vape\/einweg-e-zigarette-bang-blaze-40000-puffs-original-qualitaet\/#primaryimage\"},\"image\":{\"@id\":\"https:\/\/vapingnet.de\/vape\/einweg-e-zigarette-bang-blaze-40000-puffs-original-qualitaet\/#primaryimage\"},\"thumbnailUrl\":\"https:\/\/vapingnet.de\/wp-content\/uploads\/2025\/06\/Gummy-Bear-Raspberry-Black-Glitter-900x900.jpg.webp\",\"datePublished\":\"2025-06-05T07:54:08+00:00\",\"dateModified\":\"2026-01-25T08:48:25+00:00\",\"description\":\"40.000 Z\u00fcge pure Leistung. Die Bang Blaze bietet ein Triple-Taste-System mit 40ml E-Liquid & Fast Charging. W\u00e4hle dein Level von 0% bis 5% Nikotin. Jetzt testen!\",\"breadcrumb\":{\"@id\":\"https:\/\/vapingnet.de\/vape\/einweg-e-zigarette-bang-blaze-40000-puffs-original-qualitaet\/#breadcrumb\"},\"inLanguage\":\"sk-SK\",\"potentialAction\":[{\"@type\":\"ReadAction\",\"target\":[\"https:\/\/vapingnet.de\/vape\/einweg-e-zigarette-bang-blaze-40000-puffs-original-qualitaet\/\"]}]},{\"@type\":\"ImageObject\",\"inLanguage\":\"sk-SK\",\"@id\":\"https:\/\/vapingnet.de\/vape\/einweg-e-zigarette-bang-blaze-40000-puffs-original-qualitaet\/#primaryimage\",\"url\":\"https:\/\/vapingnet.de\/wp-content\/uploads\/2025\/06\/Gummy-Bear-Raspberry-Black-Glitter-900x900.jpg.webp\",\"contentUrl\":\"https:\/\/vapingnet.de\/wp-content\/uploads\/2025\/06\/Gummy-Bear-Raspberry-Black-Glitter-900x900.jpg.webp\",\"width\":1000,\"height\":1000},{\"@type\":\"BreadcrumbList\",\"@id\":\"https:\/\/vapingnet.de\/vape\/einweg-e-zigarette-bang-blaze-40000-puffs-original-qualitaet\/#breadcrumb\",\"itemListElement\":[{\"@type\":\"ListItem\",\"position\":1,\"name\":\"Home\",\"item\":\"https:\/\/vapingnet.de\/\"},{\"@type\":\"ListItem\",\"position\":2,\"name\":\"Shop\",\"item\":\"https:\/\/vapingnet.de\/vape\/\"},{\"@type\":\"ListItem\",\"position\":3,\"name\":\"Einweg E Zigarette Bang Blaze 40000 Puffs Original Qualit\u00e4t\"}]},{\"@type\":\"WebSite\",\"@id\":\"https:\/\/vapingnet.de\/#website\",\"url\":\"https:\/\/vapingnet.de\/\",\"name\":\"Vapingnet.de\",\"description\":\"\",\"publisher\":{\"@id\":\"https:\/\/vapingnet.de\/#organization\"},\"potentialAction\":[{\"@type\":\"SearchAction\",\"target\":{\"@type\":\"EntryPoint\",\"urlTemplate\":\"https:\/\/vapingnet.de\/?s={search_term_string}\"},\"query-input\":{\"@type\":\"PropertyValueSpecification\",\"valueRequired\":true,\"valueName\":\"search_term_string\"}}],\"inLanguage\":\"sk-SK\"},{\"@type\":\"Organization\",\"@id\":\"https:\/\/vapingnet.de\/#organization\",\"name\":\"Vapingnet.de\",\"url\":\"https:\/\/vapingnet.de\/\",\"logo\":{\"@type\":\"ImageObject\",\"inLanguage\":\"sk-SK\",\"@id\":\"https:\/\/vapingnet.de\/#\/schema\/logo\/image\/\",\"url\":\"https:\/\/vapingnet.de\/wp-content\/uploads\/2025\/03\/cropped-vapingnet.de_.jpg\",\"contentUrl\":\"https:\/\/vapingnet.de\/wp-content\/uploads\/2025\/03\/cropped-vapingnet.de_.jpg\",\"width\":512,\"height\":512,\"caption\":\"Vapingnet.de\"},\"image\":{\"@id\":\"https:\/\/vapingnet.de\/#\/schema\/logo\/image\/\"},\"sameAs\":[\"https:\/\/www.facebook.com\/vapingnetde\/\"]}]}<\/script>\n<!-- \/ Yoast SEO plugin. -->","yoast_head_json":{"title":"Bang Blaze 40000 Puffs: 0,6\u03a9 Sub-Ohm Dual Mesh Innovation","description":"40.000 Z\u00fcge pure Leistung. Die Bang Blaze bietet ein Triple-Taste-System mit 40ml E-Liquid & Fast Charging. W\u00e4hle dein Level von 0% bis 5% Nikotin. Jetzt testen!","robots":{"index":"index","follow":"follow","max-snippet":"max-snippet:-1","max-image-preview":"max-image-preview:large","max-video-preview":"max-video-preview:-1"},"canonical":"https:\/\/vapingnet.de\/sk\/vape\/einweg-e-zigarette-bang-blaze-40000-puffs-original-qualitaet\/","og_locale":"sk_SK","og_type":"article","og_title":"Bang Blaze 40000 Puffs: 0,6\u03a9 Sub-Ohm Dual Mesh Innovation","og_description":"40.000 Z\u00fcge pure Leistung. Die Bang Blaze bietet ein Triple-Taste-System mit 40ml E-Liquid & Fast Charging. W\u00e4hle dein Level von 0% bis 5% Nikotin. Jetzt testen!","og_url":"https:\/\/vapingnet.de\/sk\/vape\/einweg-e-zigarette-bang-blaze-40000-puffs-original-qualitaet\/","og_site_name":"Vapingnet.de","article_publisher":"https:\/\/www.facebook.com\/vapingnetde\/","article_modified_time":"2026-01-25T08:48:25+00:00","og_image":[{"width":1000,"height":1000,"url":"https:\/\/vapingnet.de\/wp-content\/uploads\/2025\/06\/Gummy-Bear-Raspberry-Black-Glitter-900x900.jpg.webp","type":"image\/webp"}],"twitter_card":"summary_large_image","twitter_misc":{"Est. reading time":"3 minutes"},"schema":{"@context":"https:\/\/schema.org","@graph":[{"@type":"WebPage","@id":"https:\/\/vapingnet.de\/vape\/einweg-e-zigarette-bang-blaze-40000-puffs-original-qualitaet\/","url":"https:\/\/vapingnet.de\/vape\/einweg-e-zigarette-bang-blaze-40000-puffs-original-qualitaet\/","name":"Bang Blaze 40000 Puffs: 0,6\u03a9 Sub-Ohm Dual Mesh Innovation","isPartOf":{"@id":"https:\/\/vapingnet.de\/#website"},"primaryImageOfPage":{"@id":"https:\/\/vapingnet.de\/vape\/einweg-e-zigarette-bang-blaze-40000-puffs-original-qualitaet\/#primaryimage"},"image":{"@id":"https:\/\/vapingnet.de\/vape\/einweg-e-zigarette-bang-blaze-40000-puffs-original-qualitaet\/#primaryimage"},"thumbnailUrl":"https:\/\/vapingnet.de\/wp-content\/uploads\/2025\/06\/Gummy-Bear-Raspberry-Black-Glitter-900x900.jpg.webp","datePublished":"2025-06-05T07:54:08+00:00","dateModified":"2026-01-25T08:48:25+00:00","description":"40.000 Z\u00fcge pure Leistung. Die Bang Blaze bietet ein Triple-Taste-System mit 40ml E-Liquid & Fast Charging. W\u00e4hle dein Level von 0% bis 5% Nikotin. Jetzt testen!","breadcrumb":{"@id":"https:\/\/vapingnet.de\/vape\/einweg-e-zigarette-bang-blaze-40000-puffs-original-qualitaet\/#breadcrumb"},"inLanguage":"sk-SK","potentialAction":[{"@type":"ReadAction","target":["https:\/\/vapingnet.de\/vape\/einweg-e-zigarette-bang-blaze-40000-puffs-original-qualitaet\/"]}]},{"@type":"ImageObject","inLanguage":"sk-SK","@id":"https:\/\/vapingnet.de\/vape\/einweg-e-zigarette-bang-blaze-40000-puffs-original-qualitaet\/#primaryimage","url":"https:\/\/vapingnet.de\/wp-content\/uploads\/2025\/06\/Gummy-Bear-Raspberry-Black-Glitter-900x900.jpg.webp","contentUrl":"https:\/\/vapingnet.de\/wp-content\/uploads\/2025\/06\/Gummy-Bear-Raspberry-Black-Glitter-900x900.jpg.webp","width":1000,"height":1000},{"@type":"BreadcrumbList","@id":"https:\/\/vapingnet.de\/vape\/einweg-e-zigarette-bang-blaze-40000-puffs-original-qualitaet\/#breadcrumb","itemListElement":[{"@type":"ListItem","position":1,"name":"Home","item":"https:\/\/vapingnet.de\/"},{"@type":"ListItem","position":2,"name":"Shop","item":"https:\/\/vapingnet.de\/vape\/"},{"@type":"ListItem","position":3,"name":"Einweg E Zigarette Bang Blaze 40000 Puffs Original Qualit\u00e4t"}]},{"@type":"WebSite","@id":"https:\/\/vapingnet.de\/#website","url":"https:\/\/vapingnet.de\/","name":"Vapingnet.de","description":"","publisher":{"@id":"https:\/\/vapingnet.de\/#organization"},"potentialAction":[{"@type":"SearchAction","target":{"@type":"EntryPoint","urlTemplate":"https:\/\/vapingnet.de\/?s={search_term_string}"},"query-input":{"@type":"PropertyValueSpecification","valueRequired":true,"valueName":"search_term_string"}}],"inLanguage":"sk-SK"},{"@type":"Organization","@id":"https:\/\/vapingnet.de\/#organization","name":"Vapingnet.de","url":"https:\/\/vapingnet.de\/","logo":{"@type":"ImageObject","inLanguage":"sk-SK","@id":"https:\/\/vapingnet.de\/#\/schema\/logo\/image\/","url":"https:\/\/vapingnet.de\/wp-content\/uploads\/2025\/03\/cropped-vapingnet.de_.jpg","contentUrl":"https:\/\/vapingnet.de\/wp-content\/uploads\/2025\/03\/cropped-vapingnet.de_.jpg","width":512,"height":512,"caption":"Vapingnet.de"},"image":{"@id":"https:\/\/vapingnet.de\/#\/schema\/logo\/image\/"},"sameAs":["https:\/\/www.facebook.com\/vapingnetde\/"]}]}},"tiered_pricing_type":"fixed","tiered_pricing_fixed_rules":{"10":"8.35","60":"7.52","110":"6.68","200":"5.85"},"tiered_pricing_product_settings":{"layout":"default","base_unit_name":{"singular":null,"plural":null},"default_variation":null},"tiered_pricing_minimum_quantity":null,"tiered_pricing_roles_data":[],"tiered_pricing_percentage_rules":[],"_links":{"self":[{"href":"https:\/\/vapingnet.de\/sk\/wp-json\/wp\/v2\/product\/7018","targetHints":{"allow":["GET"]}}],"collection":[{"href":"https:\/\/vapingnet.de\/sk\/wp-json\/wp\/v2\/product"}],"about":[{"href":"https:\/\/vapingnet.de\/sk\/wp-json\/wp\/v2\/types\/product"}],"version-history":[{"count":1,"href":"https:\/\/vapingnet.de\/sk\/wp-json\/wp\/v2\/product\/7018\/revisions"}],"predecessor-version":[{"id":7027,"href":"https:\/\/vapingnet.de\/sk\/wp-json\/wp\/v2\/product\/7018\/revisions\/7027"}],"wp:featuredmedia":[{"embeddable":true,"href":"https:\/\/vapingnet.de\/sk\/wp-json\/wp\/v2\/media\/7022"}],"wp:attachment":[{"href":"https:\/\/vapingnet.de\/sk\/wp-json\/wp\/v2\/media?parent=7018"}],"wp:term":[{"taxonomy":"brand","embeddable":true,"href":"https:\/\/vapingnet.de\/sk\/wp-json\/wp\/v2\/etheme_brands?post=7018"},{"taxonomy":"product_brand","embeddable":true,"href":"https:\/\/vapingnet.de\/sk\/wp-json\/wp\/v2\/product_brand?post=7018"},{"taxonomy":"product_cat","embeddable":true,"href":"https:\/\/vapingnet.de\/sk\/wp-json\/wp\/v2\/product_cat?post=7018"},{"taxonomy":"product_tag","embeddable":true,"href":"https:\/\/vapingnet.de\/sk\/wp-json\/wp\/v2\/product_tag?post=7018"}],"curies":[{"name":"wp","href":"https:\/\/api.w.org\/{rel}","templated":true}]}}