{"id":7029,"date":"2025-06-05T09:46:32","date_gmt":"2025-06-05T09:46:32","guid":{"rendered":"https:\/\/vapingnet.de\/?post_type=product&#038;p=7029"},"modified":"2026-01-25T08:59:47","modified_gmt":"2026-01-25T08:59:47","slug":"fruchtige-einweg-e-zigarette-bang-blaze-40000-puffs-original","status":"publish","type":"product","link":"https:\/\/vapingnet.de\/sk\/vape\/fruchtige-einweg-e-zigarette-bang-blaze-40000-puffs-original\/","title":{"rendered":"Ovocn\u00e1 jednorazov\u00e1 E cigareta Bang Blaze 40000 potiahnut\u00ed Origin\u00e1l"},"content":{"rendered":"<h2>Pr\u00edli\u0161 ve\u013ea zariaden\u00ed, pr\u00edli\u0161 m\u00e1lo chuti? Bang Blaze prin\u00e1\u0161a rie\u0161enie.<\/h2>\n<p data-start=\"254\" data-end=\"486\" data-immersive-translate-walked=\"8513bf81-13de-451e-9e1e-3f56a5fc3827\" data-immersive-translate-paragraph=\"1\">Mnoh\u00e9 jednorazov\u00e9 e-cigaretky sklam\u00fa \u2013 m\u00e1lo pary, obmedzen\u00fd v\u00fdber chut\u00ed, n\u00edzka v\u00fddr\u017e bat\u00e9rie a neust\u00e1le n\u00e1kupy. H\u013ead\u00e1\u0161 rie\u0161enie, ktor\u00e9 vydr\u017e\u00ed dlh\u0161ie, lep\u0161ie chut\u00ed a vie viac?<\/p>\n<p data-start=\"488\" data-end=\"741\" data-immersive-translate-walked=\"8513bf81-13de-451e-9e1e-3f56a5fc3827\" data-immersive-translate-paragraph=\"1\">Rie\u0161enie sa vol\u00e1: Bang Blaze 40000 Pufov<br data-start=\"532\" data-end=\"535\" data-immersive-translate-walked=\"8513bf81-13de-451e-9e1e-3f56a5fc3827\" \/>T\u00e1to vape redefinuje kateg\u00f3riu <a href=\"https:\/\/vapingnet.de\/sk\/k\/einweg-e-zigarette\/\" target=\"_blank\" rel=\"noopener\"><strong>Jednorazov\u00e1 e-cigareta<\/strong> <\/a>\u2013 s maxim\u00e1lnou v\u00fddr\u017eou, najmodernej\u0161ou technol\u00f3giou a expl\u00f3ziou chut\u00ed v troch variantoch. U\u017e \u017eiadne kompromisy medzi v\u00fdkonom a p\u00f4\u017eitkom.<\/p>\n<h3 data-start=\"748\" data-end=\"791\" data-immersive-translate-walked=\"8513bf81-13de-451e-9e1e-3f56a5fc3827\" data-immersive-translate-paragraph=\"1\">\u010co rob\u00ed Bang Blaze 40000 Pufov in\u00fdm?<\/h3>\n<p data-start=\"793\" data-end=\"1027\" data-immersive-translate-walked=\"8513bf81-13de-451e-9e1e-3f56a5fc3827\" data-immersive-translate-paragraph=\"1\">1. Trojn\u00e1sobn\u00e1 chu\u0165 v jednom zariaden\u00ed<br data-start=\"835\" data-end=\"838\" data-immersive-translate-walked=\"8513bf81-13de-451e-9e1e-3f56a5fc3827\" \/>V\u010faka inovat\u00edvnej Triple Taste Experience si m\u00f4\u017ee\u0161 vybra\u0165 medzi dvoma intenz\u00edvnymi ar\u00f3mami \u2013 alebo ich kombinova\u0165 naraz pre \u00faplne nov\u00fa, individu\u00e1lne namie\u0161an\u00fa chu\u0165.<\/p>\n<p data-start=\"1029\" data-end=\"1219\" data-immersive-translate-walked=\"8513bf81-13de-451e-9e1e-3f56a5fc3827\" data-immersive-translate-paragraph=\"1\">2. Obrovsk\u00e1 v\u00fddr\u017e<br data-start=\"1051\" data-end=\"1054\" data-immersive-translate-walked=\"8513bf81-13de-451e-9e1e-3f56a5fc3827\" \/>A\u017e 40 000 \u0165ahov na jedno zariadenie \u2013 v\u00fdrazne viac ako be\u017en\u00e9 vape. Ide\u00e1lne pre dlhodob\u00fdch pou\u017e\u00edvate\u013eov, cestovate\u013eov alebo v\u0161etk\u00fdch, ktor\u00ed ocenia kvalitu a efekt\u00edvnos\u0165.<\/p>\n<p data-start=\"1221\" data-end=\"1259\" data-immersive-translate-walked=\"8513bf81-13de-451e-9e1e-3f56a5fc3827\">3. Jasn\u00e1 technol\u00f3gia \u2013 skuto\u010dn\u00fd p\u00f4\u017eitok<\/p>\n<ul data-start=\"1260\" data-end=\"1501\" data-immersive-translate-walked=\"8513bf81-13de-451e-9e1e-3f56a5fc3827\">\n<li data-start=\"1260\" data-end=\"1327\" data-immersive-translate-walked=\"8513bf81-13de-451e-9e1e-3f56a5fc3827\">\n<p data-start=\"1262\" data-end=\"1327\" data-immersive-translate-walked=\"8513bf81-13de-451e-9e1e-3f56a5fc3827\" data-immersive-translate-paragraph=\"1\">40 ml dual-flavour e-liquid (Lychee Ice &amp; Strawberry Lychee)<\/p>\n<\/li>\n<li data-start=\"1328\" data-end=\"1393\" data-immersive-translate-walked=\"8513bf81-13de-451e-9e1e-3f56a5fc3827\">\n<p data-start=\"1330\" data-end=\"1393\" data-immersive-translate-walked=\"8513bf81-13de-451e-9e1e-3f56a5fc3827\" data-immersive-translate-paragraph=\"1\">650 mAh bat\u00e9ria, dob\u00edjate\u013en\u00e1 cez Type-C r\u00fdchle nab\u00edjanie<\/p>\n<\/li>\n<li data-start=\"1394\" data-end=\"1453\" data-immersive-translate-walked=\"8513bf81-13de-451e-9e1e-3f56a5fc3827\">\n<p data-start=\"1396\" data-end=\"1453\" data-immersive-translate-walked=\"8513bf81-13de-451e-9e1e-3f56a5fc3827\" data-immersive-translate-paragraph=\"1\">0,6\u03a9 dual mesh cievka pre hust\u00fd, aromatick\u00fd p\u00e1r<\/p>\n<\/li>\n<li data-start=\"1454\" data-end=\"1501\" data-immersive-translate-walked=\"8513bf81-13de-451e-9e1e-3f56a5fc3827\">\n<p data-start=\"1456\" data-end=\"1501\" data-immersive-translate-walked=\"8513bf81-13de-451e-9e1e-3f56a5fc3827\" data-immersive-translate-paragraph=\"1\">Dostupn\u00e9 nikot\u00ednov\u00e9 koncentr\u00e1cie: 0%, 2%, 3%, 5%<\/p>\n<\/li>\n<\/ul>\n<p data-start=\"1503\" data-end=\"1720\" data-immersive-translate-walked=\"8513bf81-13de-451e-9e1e-3f56a5fc3827\" data-immersive-translate-paragraph=\"1\">4. Jednorazov\u00e9, ale kvalitn\u00e9<br data-start=\"1533\" data-end=\"1536\" data-immersive-translate-walked=\"8513bf81-13de-451e-9e1e-3f56a5fc3827\" \/>Napriek dizajnu na jedno pou\u017eitie presved\u010d\u00ed <a href=\"https:\/\/vapingnet.de\/sk\/Brands\/bang-king-vape\/\" target=\"_blank\" rel=\"noopener\"><strong>Bang Blaze<\/strong><\/a> modern\u00fdm ovl\u00e1dan\u00edm, jasnou funk\u010dnos\u0165ou a vynikaj\u00facou kvalitou chuti. \u017diadne zlo\u017eit\u00e9 nastavenia \u2013 sta\u010d\u00ed rozbali\u0165 a u\u017e\u00edva\u0165 si.<\/p>\n<h3 data-start=\"1727\" data-end=\"1761\" data-immersive-translate-walked=\"8513bf81-13de-451e-9e1e-3f56a5fc3827\" data-immersive-translate-paragraph=\"1\">Pre koho je Bang Blaze ur\u010den\u00e9?<\/h3>\n<ul data-start=\"1763\" data-end=\"1938\" data-immersive-translate-walked=\"8513bf81-13de-451e-9e1e-3f56a5fc3827\">\n<li data-start=\"1763\" data-end=\"1818\" data-immersive-translate-walked=\"8513bf81-13de-451e-9e1e-3f56a5fc3827\">\n<p data-start=\"1765\" data-end=\"1818\" data-immersive-translate-walked=\"8513bf81-13de-451e-9e1e-3f56a5fc3827\" data-immersive-translate-paragraph=\"1\">Pre gurm\u00e1nov, ktor\u00ed miluj\u00fa rozmanitos\u0165 chut\u00ed<\/p>\n<\/li>\n<li data-start=\"1819\" data-end=\"1873\" data-immersive-translate-walked=\"8513bf81-13de-451e-9e1e-3f56a5fc3827\">\n<p data-start=\"1821\" data-end=\"1873\" data-immersive-translate-walked=\"8513bf81-13de-451e-9e1e-3f56a5fc3827\" data-immersive-translate-paragraph=\"1\">Pre t\u00fdch, \u010do prech\u00e1dzaj\u00fa z in\u00fdch syst\u00e9mov a h\u013eadaj\u00fa spo\u013eahliv\u00e9 rie\u0161enie<\/p>\n<\/li>\n<li data-start=\"1874\" data-end=\"1938\" data-immersive-translate-walked=\"8513bf81-13de-451e-9e1e-3f56a5fc3827\">\n<p data-start=\"1876\" data-end=\"1938\" data-immersive-translate-walked=\"8513bf81-13de-451e-9e1e-3f56a5fc3827\" data-immersive-translate-paragraph=\"1\">Pre v\u0161etk\u00fdch, ktor\u00ed chc\u00fa maxim\u00e1lny v\u00fdkon v jednom zariaden\u00ed<\/p>\n<\/li>\n<\/ul>\n<h4 data-start=\"1945\" data-end=\"1977\" data-immersive-translate-walked=\"8513bf81-13de-451e-9e1e-3f56a5fc3827\" data-immersive-translate-paragraph=\"1\">Teraz vysk\u00fa\u0161ajte a znova si vychutnajte<\/h4>\n<p data-start=\"1979\" data-end=\"2135\" data-immersive-translate-walked=\"8513bf81-13de-451e-9e1e-3f56a5fc3827\" data-immersive-translate-paragraph=\"1\">Za\u017eite, ako m\u00f4\u017eu dnes chuti\u0165 jednorazov\u00e9 e-cigarety.<br data-start=\"2038\" data-end=\"2041\" data-immersive-translate-walked=\"8513bf81-13de-451e-9e1e-3f56a5fc3827\" \/>Bang Blaze 40000 Pufov \u2013 Tri chu\u0165ov\u00e9 mo\u017enosti, siln\u00e1 technol\u00f3gia, bezkompromisn\u00e1 kvalita.<\/p>\n<p data-start=\"2137\" data-end=\"2204\" data-immersive-translate-walked=\"8513bf81-13de-451e-9e1e-3f56a5fc3827\">Zabezpe\u010dte si svoje zariadenie teraz \u2013 a faj\u010dite na novej \u00farovni.<\/p>","protected":false},"excerpt":{"rendered":"<p>Pr\u00edli\u0161 ve\u013ea zariaden\u00ed, pr\u00edli\u0161 m\u00e1lo chuti? Bang Blaze prin\u00e1\u0161a rie\u0161enie. Mnoh\u00e9 jednorazov\u00e9 e-cigarety sklam\u00fa \u2013 m\u00e1lo pary, obmedzen\u00fd v\u00fdber chut\u00ed, n\u00edzka kapacita bat\u00e9rie a neust\u00e1le...<\/p>","protected":false},"featured_media":7030,"template":"","meta":[],"etheme_brands":[],"product_brand":[101],"product_cat":[65,49,61,87],"product_tag":[],"class_list":{"0":"post-7029","1":"product","2":"type-product","3":"status-publish","4":"has-post-thumbnail","6":"product_brand-bang-king-vape","7":"product_cat-vape-40000-zuege","8":"product_cat-einweg-e-zigarette","9":"product_cat-f","10":"product_cat-v","12":"first","13":"instock","14":"shipping-taxable","15":"purchasable","16":"product-type-simple"},"yoast_head":"<!-- This site is optimized with the Yoast SEO plugin v26.5 - https:\/\/yoast.com\/wordpress\/plugins\/seo\/ -->\n<title>Bang Blaze 40000: Das umschaltbare 40.000 Einheiten System<\/title>\n<meta name=\"description\" content=\"Optimiere dein Aroma-Management. Die Bang Blaze 40000 nutzt ein duales System f\u00fcr Lychee Ice &amp; Strawberry Lychee. 0,6\u03a9 Sub-Ohm Power trifft auf 40.000 Einheiten Kapazit\u00e4t.\" \/>\n<meta name=\"robots\" content=\"index, follow, max-snippet:-1, max-image-preview:large, max-video-preview:-1\" \/>\n<link rel=\"canonical\" href=\"https:\/\/vapingnet.de\/sk\/vape\/fruchtige-einweg-e-zigarette-bang-blaze-40000-puffs-original\/\" \/>\n<meta property=\"og:locale\" content=\"sk_SK\" \/>\n<meta property=\"og:type\" content=\"article\" \/>\n<meta property=\"og:title\" content=\"Bang Blaze 40000: Das umschaltbare 40.000 Einheiten System\" \/>\n<meta property=\"og:description\" content=\"Optimiere dein Aroma-Management. Die Bang Blaze 40000 nutzt ein duales System f\u00fcr Lychee Ice &amp; Strawberry Lychee. 0,6\u03a9 Sub-Ohm Power trifft auf 40.000 Einheiten Kapazit\u00e4t.\" \/>\n<meta property=\"og:url\" content=\"https:\/\/vapingnet.de\/sk\/vape\/fruchtige-einweg-e-zigarette-bang-blaze-40000-puffs-original\/\" \/>\n<meta property=\"og:site_name\" content=\"Vapingnet.de\" \/>\n<meta property=\"article:publisher\" content=\"https:\/\/www.facebook.com\/vapingnetde\/\" \/>\n<meta property=\"article:modified_time\" content=\"2026-01-25T08:59:47+00:00\" \/>\n<meta property=\"og:image\" content=\"https:\/\/vapingnet.de\/wp-content\/uploads\/2025\/06\/Lychee-Ice-Strawberry-Lychee.webp\" \/>\n\t<meta property=\"og:image:width\" content=\"1000\" \/>\n\t<meta property=\"og:image:height\" content=\"1000\" \/>\n\t<meta property=\"og:image:type\" content=\"image\/webp\" \/>\n<meta name=\"twitter:card\" content=\"summary_large_image\" \/>\n<meta name=\"twitter:label1\" content=\"Est. reading time\" \/>\n\t<meta name=\"twitter:data1\" content=\"2 minutes\" \/>\n<script type=\"application\/ld+json\" class=\"yoast-schema-graph\">{\"@context\":\"https:\/\/schema.org\",\"@graph\":[{\"@type\":\"WebPage\",\"@id\":\"https:\/\/vapingnet.de\/vape\/fruchtige-einweg-e-zigarette-bang-blaze-40000-puffs-original\/\",\"url\":\"https:\/\/vapingnet.de\/vape\/fruchtige-einweg-e-zigarette-bang-blaze-40000-puffs-original\/\",\"name\":\"Bang Blaze 40000: Das umschaltbare 40.000 Einheiten System\",\"isPartOf\":{\"@id\":\"https:\/\/vapingnet.de\/#website\"},\"primaryImageOfPage\":{\"@id\":\"https:\/\/vapingnet.de\/vape\/fruchtige-einweg-e-zigarette-bang-blaze-40000-puffs-original\/#primaryimage\"},\"image\":{\"@id\":\"https:\/\/vapingnet.de\/vape\/fruchtige-einweg-e-zigarette-bang-blaze-40000-puffs-original\/#primaryimage\"},\"thumbnailUrl\":\"https:\/\/vapingnet.de\/wp-content\/uploads\/2025\/06\/Lychee-Ice-Strawberry-Lychee.webp\",\"datePublished\":\"2025-06-05T09:46:32+00:00\",\"dateModified\":\"2026-01-25T08:59:47+00:00\",\"description\":\"Optimiere dein Aroma-Management. Die Bang Blaze 40000 nutzt ein duales System f\u00fcr Lychee Ice & Strawberry Lychee. 0,6\u03a9 Sub-Ohm Power trifft auf 40.000 Einheiten Kapazit\u00e4t.\",\"breadcrumb\":{\"@id\":\"https:\/\/vapingnet.de\/vape\/fruchtige-einweg-e-zigarette-bang-blaze-40000-puffs-original\/#breadcrumb\"},\"inLanguage\":\"sk-SK\",\"potentialAction\":[{\"@type\":\"ReadAction\",\"target\":[\"https:\/\/vapingnet.de\/vape\/fruchtige-einweg-e-zigarette-bang-blaze-40000-puffs-original\/\"]}]},{\"@type\":\"ImageObject\",\"inLanguage\":\"sk-SK\",\"@id\":\"https:\/\/vapingnet.de\/vape\/fruchtige-einweg-e-zigarette-bang-blaze-40000-puffs-original\/#primaryimage\",\"url\":\"https:\/\/vapingnet.de\/wp-content\/uploads\/2025\/06\/Lychee-Ice-Strawberry-Lychee.webp\",\"contentUrl\":\"https:\/\/vapingnet.de\/wp-content\/uploads\/2025\/06\/Lychee-Ice-Strawberry-Lychee.webp\",\"width\":1000,\"height\":1000},{\"@type\":\"BreadcrumbList\",\"@id\":\"https:\/\/vapingnet.de\/vape\/fruchtige-einweg-e-zigarette-bang-blaze-40000-puffs-original\/#breadcrumb\",\"itemListElement\":[{\"@type\":\"ListItem\",\"position\":1,\"name\":\"Home\",\"item\":\"https:\/\/vapingnet.de\/\"},{\"@type\":\"ListItem\",\"position\":2,\"name\":\"Shop\",\"item\":\"https:\/\/vapingnet.de\/vape\/\"},{\"@type\":\"ListItem\",\"position\":3,\"name\":\"Fruchtige Einweg E Zigarette Bang Blaze 40000 Puffs Original\"}]},{\"@type\":\"WebSite\",\"@id\":\"https:\/\/vapingnet.de\/#website\",\"url\":\"https:\/\/vapingnet.de\/\",\"name\":\"Vapingnet.de\",\"description\":\"\",\"publisher\":{\"@id\":\"https:\/\/vapingnet.de\/#organization\"},\"potentialAction\":[{\"@type\":\"SearchAction\",\"target\":{\"@type\":\"EntryPoint\",\"urlTemplate\":\"https:\/\/vapingnet.de\/?s={search_term_string}\"},\"query-input\":{\"@type\":\"PropertyValueSpecification\",\"valueRequired\":true,\"valueName\":\"search_term_string\"}}],\"inLanguage\":\"sk-SK\"},{\"@type\":\"Organization\",\"@id\":\"https:\/\/vapingnet.de\/#organization\",\"name\":\"Vapingnet.de\",\"url\":\"https:\/\/vapingnet.de\/\",\"logo\":{\"@type\":\"ImageObject\",\"inLanguage\":\"sk-SK\",\"@id\":\"https:\/\/vapingnet.de\/#\/schema\/logo\/image\/\",\"url\":\"https:\/\/vapingnet.de\/wp-content\/uploads\/2025\/03\/cropped-vapingnet.de_.jpg\",\"contentUrl\":\"https:\/\/vapingnet.de\/wp-content\/uploads\/2025\/03\/cropped-vapingnet.de_.jpg\",\"width\":512,\"height\":512,\"caption\":\"Vapingnet.de\"},\"image\":{\"@id\":\"https:\/\/vapingnet.de\/#\/schema\/logo\/image\/\"},\"sameAs\":[\"https:\/\/www.facebook.com\/vapingnetde\/\"]}]}<\/script>\n<!-- \/ Yoast SEO plugin. -->","yoast_head_json":{"title":"Bang Blaze 40000: Das umschaltbare 40.000 Einheiten System","description":"Optimiere dein Aroma-Management. Die Bang Blaze 40000 nutzt ein duales System f\u00fcr Lychee Ice & Strawberry Lychee. 0,6\u03a9 Sub-Ohm Power trifft auf 40.000 Einheiten Kapazit\u00e4t.","robots":{"index":"index","follow":"follow","max-snippet":"max-snippet:-1","max-image-preview":"max-image-preview:large","max-video-preview":"max-video-preview:-1"},"canonical":"https:\/\/vapingnet.de\/sk\/vape\/fruchtige-einweg-e-zigarette-bang-blaze-40000-puffs-original\/","og_locale":"sk_SK","og_type":"article","og_title":"Bang Blaze 40000: Das umschaltbare 40.000 Einheiten System","og_description":"Optimiere dein Aroma-Management. Die Bang Blaze 40000 nutzt ein duales System f\u00fcr Lychee Ice & Strawberry Lychee. 0,6\u03a9 Sub-Ohm Power trifft auf 40.000 Einheiten Kapazit\u00e4t.","og_url":"https:\/\/vapingnet.de\/sk\/vape\/fruchtige-einweg-e-zigarette-bang-blaze-40000-puffs-original\/","og_site_name":"Vapingnet.de","article_publisher":"https:\/\/www.facebook.com\/vapingnetde\/","article_modified_time":"2026-01-25T08:59:47+00:00","og_image":[{"width":1000,"height":1000,"url":"https:\/\/vapingnet.de\/wp-content\/uploads\/2025\/06\/Lychee-Ice-Strawberry-Lychee.webp","type":"image\/webp"}],"twitter_card":"summary_large_image","twitter_misc":{"Est. reading time":"2 minutes"},"schema":{"@context":"https:\/\/schema.org","@graph":[{"@type":"WebPage","@id":"https:\/\/vapingnet.de\/vape\/fruchtige-einweg-e-zigarette-bang-blaze-40000-puffs-original\/","url":"https:\/\/vapingnet.de\/vape\/fruchtige-einweg-e-zigarette-bang-blaze-40000-puffs-original\/","name":"Bang Blaze 40000: Das umschaltbare 40.000 Einheiten System","isPartOf":{"@id":"https:\/\/vapingnet.de\/#website"},"primaryImageOfPage":{"@id":"https:\/\/vapingnet.de\/vape\/fruchtige-einweg-e-zigarette-bang-blaze-40000-puffs-original\/#primaryimage"},"image":{"@id":"https:\/\/vapingnet.de\/vape\/fruchtige-einweg-e-zigarette-bang-blaze-40000-puffs-original\/#primaryimage"},"thumbnailUrl":"https:\/\/vapingnet.de\/wp-content\/uploads\/2025\/06\/Lychee-Ice-Strawberry-Lychee.webp","datePublished":"2025-06-05T09:46:32+00:00","dateModified":"2026-01-25T08:59:47+00:00","description":"Optimiere dein Aroma-Management. Die Bang Blaze 40000 nutzt ein duales System f\u00fcr Lychee Ice & Strawberry Lychee. 0,6\u03a9 Sub-Ohm Power trifft auf 40.000 Einheiten Kapazit\u00e4t.","breadcrumb":{"@id":"https:\/\/vapingnet.de\/vape\/fruchtige-einweg-e-zigarette-bang-blaze-40000-puffs-original\/#breadcrumb"},"inLanguage":"sk-SK","potentialAction":[{"@type":"ReadAction","target":["https:\/\/vapingnet.de\/vape\/fruchtige-einweg-e-zigarette-bang-blaze-40000-puffs-original\/"]}]},{"@type":"ImageObject","inLanguage":"sk-SK","@id":"https:\/\/vapingnet.de\/vape\/fruchtige-einweg-e-zigarette-bang-blaze-40000-puffs-original\/#primaryimage","url":"https:\/\/vapingnet.de\/wp-content\/uploads\/2025\/06\/Lychee-Ice-Strawberry-Lychee.webp","contentUrl":"https:\/\/vapingnet.de\/wp-content\/uploads\/2025\/06\/Lychee-Ice-Strawberry-Lychee.webp","width":1000,"height":1000},{"@type":"BreadcrumbList","@id":"https:\/\/vapingnet.de\/vape\/fruchtige-einweg-e-zigarette-bang-blaze-40000-puffs-original\/#breadcrumb","itemListElement":[{"@type":"ListItem","position":1,"name":"Home","item":"https:\/\/vapingnet.de\/"},{"@type":"ListItem","position":2,"name":"Shop","item":"https:\/\/vapingnet.de\/vape\/"},{"@type":"ListItem","position":3,"name":"Fruchtige Einweg E Zigarette Bang Blaze 40000 Puffs Original"}]},{"@type":"WebSite","@id":"https:\/\/vapingnet.de\/#website","url":"https:\/\/vapingnet.de\/","name":"Vapingnet.de","description":"","publisher":{"@id":"https:\/\/vapingnet.de\/#organization"},"potentialAction":[{"@type":"SearchAction","target":{"@type":"EntryPoint","urlTemplate":"https:\/\/vapingnet.de\/?s={search_term_string}"},"query-input":{"@type":"PropertyValueSpecification","valueRequired":true,"valueName":"search_term_string"}}],"inLanguage":"sk-SK"},{"@type":"Organization","@id":"https:\/\/vapingnet.de\/#organization","name":"Vapingnet.de","url":"https:\/\/vapingnet.de\/","logo":{"@type":"ImageObject","inLanguage":"sk-SK","@id":"https:\/\/vapingnet.de\/#\/schema\/logo\/image\/","url":"https:\/\/vapingnet.de\/wp-content\/uploads\/2025\/03\/cropped-vapingnet.de_.jpg","contentUrl":"https:\/\/vapingnet.de\/wp-content\/uploads\/2025\/03\/cropped-vapingnet.de_.jpg","width":512,"height":512,"caption":"Vapingnet.de"},"image":{"@id":"https:\/\/vapingnet.de\/#\/schema\/logo\/image\/"},"sameAs":["https:\/\/www.facebook.com\/vapingnetde\/"]}]}},"tiered_pricing_type":"fixed","tiered_pricing_fixed_rules":{"10":"8.35","60":"7.52","110":"6.68","200":"5.85"},"tiered_pricing_product_settings":{"layout":"default","base_unit_name":{"singular":null,"plural":null},"default_variation":null},"tiered_pricing_minimum_quantity":null,"tiered_pricing_roles_data":[],"tiered_pricing_percentage_rules":[],"_links":{"self":[{"href":"https:\/\/vapingnet.de\/sk\/wp-json\/wp\/v2\/product\/7029","targetHints":{"allow":["GET"]}}],"collection":[{"href":"https:\/\/vapingnet.de\/sk\/wp-json\/wp\/v2\/product"}],"about":[{"href":"https:\/\/vapingnet.de\/sk\/wp-json\/wp\/v2\/types\/product"}],"version-history":[{"count":3,"href":"https:\/\/vapingnet.de\/sk\/wp-json\/wp\/v2\/product\/7029\/revisions"}],"predecessor-version":[{"id":7535,"href":"https:\/\/vapingnet.de\/sk\/wp-json\/wp\/v2\/product\/7029\/revisions\/7535"}],"wp:featuredmedia":[{"embeddable":true,"href":"https:\/\/vapingnet.de\/sk\/wp-json\/wp\/v2\/media\/7030"}],"wp:attachment":[{"href":"https:\/\/vapingnet.de\/sk\/wp-json\/wp\/v2\/media?parent=7029"}],"wp:term":[{"taxonomy":"brand","embeddable":true,"href":"https:\/\/vapingnet.de\/sk\/wp-json\/wp\/v2\/etheme_brands?post=7029"},{"taxonomy":"product_brand","embeddable":true,"href":"https:\/\/vapingnet.de\/sk\/wp-json\/wp\/v2\/product_brand?post=7029"},{"taxonomy":"product_cat","embeddable":true,"href":"https:\/\/vapingnet.de\/sk\/wp-json\/wp\/v2\/product_cat?post=7029"},{"taxonomy":"product_tag","embeddable":true,"href":"https:\/\/vapingnet.de\/sk\/wp-json\/wp\/v2\/product_tag?post=7029"}],"curies":[{"name":"wp","href":"https:\/\/api.w.org\/{rel}","templated":true}]}}